{"id":36,"date":"2026-01-14T01:43:26","date_gmt":"2026-01-14T01:43:26","guid":{"rendered":"https:\/\/www.fenxifiber.com\/?page_id=36"},"modified":"2026-01-15T02:17:36","modified_gmt":"2026-01-15T02:17:36","slug":"uber-uns","status":"publish","type":"page","link":"https:\/\/www.fenxifiber.com\/de\/about-us\/","title":{"rendered":"\u00dcber uns"},"content":{"rendered":"<div data-elementor-type=\"wp-page\" data-elementor-id=\"36\" class=\"elementor elementor-36\" data-elementor-post-type=\"page\">\n\t\t\t\t<div class=\"elementor-element elementor-element-3b2907d5 e-flex e-con-boxed e-con e-parent\" data-id=\"3b2907d5\" data-element_type=\"container\" data-e-type=\"container\" data-settings=\"{&quot;background_background&quot;:&quot;classic&quot;}\">\n\t\t\t\t\t<div class=\"e-con-inner\">\n\t\t\t\t<div class=\"elementor-element elementor-element-fb6968 animated-slow elementor-invisible elementor-widget elementor-widget-heading\" data-id=\"fb6968\" data-element_type=\"widget\" data-e-type=\"widget\" data-settings=\"{&quot;_animation&quot;:&quot;slideInUp&quot;}\" data-widget_type=\"heading.default\">\n\t\t\t\t\t<h2 class=\"elementor-heading-title elementor-size-default\">Verbindungen f\u00fcr die Zukunft<\/h2>\t\t\t\t<\/div>\n\t\t\t\t<div class=\"elementor-element elementor-element-1e984b01 animated-slow elementor-invisible elementor-widget elementor-widget-heading\" data-id=\"1e984b01\" data-element_type=\"widget\" data-e-type=\"widget\" data-settings=\"{&quot;_animation&quot;:&quot;slideInUp&quot;}\" data-widget_type=\"heading.default\">\n\t\t\t\t\t<h1 class=\"elementor-heading-title elementor-size-default\">\u00fcber uns<\/h1>\t\t\t\t<\/div>\n\t\t<div class=\"elementor-element elementor-element-5885960f e-con-full e-flex e-con e-child\" data-id=\"5885960f\" data-element_type=\"container\" data-e-type=\"container\">\n\t\t<div class=\"elementor-element elementor-element-65f1be24 e-con-full e-flex e-con e-child\" data-id=\"65f1be24\" data-element_type=\"container\" data-e-type=\"container\">\n\t\t\t\t<div class=\"elementor-element elementor-element-7e2d2775 elementor-blockquote--skin-quotation elementor-blockquote--align-center elementor-widget elementor-widget-blockquote\" data-id=\"7e2d2775\" data-element_type=\"widget\" data-e-type=\"widget\" data-widget_type=\"blockquote.default\">\n\t\t\t\t\t\t\t<blockquote class=\"elementor-blockquote\">\n\t\t\t<p class=\"elementor-blockquote__content\">\n\t\t\t\tChangzhou Fenxi Optoelectronics Technology Co, Ltd.\t\t\t<\/p>\n\t\t\t\t\t<\/blockquote>\n\t\t\t\t\t\t<\/div>\n\t\t\t\t<div class=\"elementor-element elementor-element-174a5941 elementor-widget elementor-widget-text-editor\" data-id=\"174a5941\" data-element_type=\"widget\" data-e-type=\"widget\" data-widget_type=\"text-editor.default\">\n\t\t\t\t\t\t\t\t\t<p>Changzhou Fenxi Optoelectronics Technology Co., Ltd. ist ein aufstrebendes Unternehmen in der optischen Kommunikationsbranche. Es hat eine Gruppe erfahrener Produkt- und Forschungs- und Entwicklungsexperten sowie erfahrenes Produktions- und Qualit\u00e4tsmanagement-Personal aus dem In- und Ausland zusammengebracht, die sich auf die Forschung und Entwicklung, die Produktion und den Vertrieb von optischen Kommunikationsprodukten konzentrieren.<\/p><p>Das Unternehmen ist haupts\u00e4chlich in den Bereichen Telekommunikation, Systemintegration, Fiber to the Home, Glasfaser\u00fcbertragung und anderen Bereichen t\u00e4tig. Es stellt haupts\u00e4chlich verschiedene Spezifikationen und Modelle optischer Kommunikationsprodukte her, darunter Glasfaser-Steckerkomponenten, Glasfaser-Patchkabel, Glasfaser-Pigtails, Ribbon-Pigtails, gepanzerte Glasfaser-Patchkabel, Glasfaser-Adapter, Glasfaser-Schnellverbinder, PLC-Glasfaser-Splitter, FBT-Glasfaser-Splitter, 12-Kern-Glasfaserkassetten, ODF-Glasfaser-Verteiler, Glasfaser-Abschlussdosen, Glasfaser-Splei\u00dfverschl\u00fcsse und Netzwerk-Patchkabel.<\/p><p>Changzhou Fenxi Optoelectronics Technology Co. Ltd. h\u00e4lt sich an den Grundsatz hochwertiger Produkte, g\u00fcnstiger Preise und hervorragender Dienstleistungen und ist bereit, aufrichtig mit allen Sektoren zusammenzuarbeiten, um eine gemeinsame Entwicklung anzustreben und gemeinsam gl\u00e4nzende Perspektiven zu schaffen.<\/p>\t\t\t\t\t\t\t\t<\/div>\n\t\t\t\t<\/div>\n\t\t\t\t<\/div>\n\t\t\t\t\t<\/div>\n\t\t\t\t<\/div>\n\t\t\t\t<\/div>","protected":false},"excerpt":{"rendered":"<p>Connecting the Future about us Changzhou Fenxi Optoelectronics Technology Co., Ltd. Changzhou Fenxi Optoelectronics Technology Co., Ltd. is an emerging enterprise in the optical communication industry. It has brought together a group of senior product R&amp;D professionals as well as experienced production and quality management personnel from home and abroad, focusing on the R&amp;D, production [&hellip;]<\/p>\n","protected":false},"author":1,"featured_media":0,"parent":0,"menu_order":0,"comment_status":"closed","ping_status":"closed","template":"","meta":{"footnotes":""},"class_list":["post-36","page","type-page","status-publish","hentry"],"_links":{"self":[{"href":"https:\/\/www.fenxifiber.com\/de\/wp-json\/wp\/v2\/pages\/36","targetHints":{"allow":["GET"]}}],"collection":[{"href":"https:\/\/www.fenxifiber.com\/de\/wp-json\/wp\/v2\/pages"}],"about":[{"href":"https:\/\/www.fenxifiber.com\/de\/wp-json\/wp\/v2\/types\/page"}],"author":[{"embeddable":true,"href":"https:\/\/www.fenxifiber.com\/de\/wp-json\/wp\/v2\/users\/1"}],"replies":[{"embeddable":true,"href":"https:\/\/www.fenxifiber.com\/de\/wp-json\/wp\/v2\/comments?post=36"}],"version-history":[{"count":16,"href":"https:\/\/www.fenxifiber.com\/de\/wp-json\/wp\/v2\/pages\/36\/revisions"}],"predecessor-version":[{"id":197,"href":"https:\/\/www.fenxifiber.com\/de\/wp-json\/wp\/v2\/pages\/36\/revisions\/197"}],"wp:attachment":[{"href":"https:\/\/www.fenxifiber.com\/de\/wp-json\/wp\/v2\/media?parent=36"}],"curies":[{"name":"wp","href":"https:\/\/api.w.org\/{rel}","templated":true}]}}