{"id":339,"date":"2026-01-26T02:22:35","date_gmt":"2026-01-26T02:22:35","guid":{"rendered":"https:\/\/www.fenxifiber.com\/?post_type=product&#038;p=339"},"modified":"2026-01-26T02:54:07","modified_gmt":"2026-01-26T02:54:07","slug":"netzwerk-patch-cord-ftp-cat5e-lieferant-fur-lan-verkabelung","status":"publish","type":"product","link":"https:\/\/www.fenxifiber.com\/de\/product\/network-patch-cord-ftp-cat5e-supplier-for-lan-cabling\/","title":{"rendered":"Netzwerk-Patchkabel FTP-CAT5E Lieferant f\u00fcr LAN-Verkabelung"},"content":{"rendered":"<h2>Produkt\u00fcbersicht<\/h2>\n<p>Fenxi Optoelectronics Technology bietet verl\u00e4ssliche\u00a0<strong>Netzwerk-Patchkabel FTP-CAT5E<\/strong>\u00a0L\u00f6sungen f\u00fcr kosteng\u00fcnstige Ethernet-Konnektivit\u00e4t in Unternehmens-LANs, FTTH-Indoor-Netzwerken, Telekommunikationsr\u00e4umen und kommerziellen Verkabelungsprojekten. Mit erfahrenen F&amp;E-Fachleuten und einem gut etablierten Produktions- und Qualit\u00e4tsmanagementsystem stellen wir CAT5E-FTP-Patchkabel her, die eine stabile \u00dcbertragung und erh\u00f6hte Widerstandsf\u00e4higkeit gegen elektromagnetische St\u00f6rungen bieten.<\/p>\n<p>Die Konstruktion des FTP-CAT5E verwendet\u00a0<strong>Gesamtfolienabschirmung<\/strong>, Dadurch werden externes Rauschen und \u00dcbersprechen im Vergleich zu Standard-UTP-Kabeln reduziert, wodurch es sich f\u00fcr Umgebungen mit m\u00e4\u00dfigen elektrischen St\u00f6rungen eignet.<\/p>\n<h2>Technische Daten<\/h2>\n<table>\n<thead>\n<tr>\n<th>Artikel<\/th>\n<th>Spezifikation (typisch)<\/th>\n<\/tr>\n<\/thead>\n<tbody>\n<tr>\n<td>Produktname<\/td>\n<td>Netzwerk-Patchkabel FTP-CAT5E<\/td>\n<\/tr>\n<tr>\n<td>Kabel Typ<\/td>\n<td>CAT5E Folie verdrilltes Paar (FTP)<\/td>\n<\/tr>\n<tr>\n<td>Material des Leiters<\/td>\n<td>Hochreines Kupfer<\/td>\n<\/tr>\n<tr>\n<td>Drahtst\u00e4rke<\/td>\n<td>24AWG<\/td>\n<\/tr>\n<tr>\n<td>Abschirmung<\/td>\n<td>Allgemeine Aluminiumfolie<\/td>\n<\/tr>\n<tr>\n<td>Stecker Typ<\/td>\n<td>RJ45 (8P8C)<\/td>\n<\/tr>\n<tr>\n<td>Kontakt Beschichtung<\/td>\n<td>Vergoldete Kontakte (Industriestandard)<\/td>\n<\/tr>\n<tr>\n<td>Bandbreite<\/td>\n<td>100 MHz<\/td>\n<\/tr>\n<tr>\n<td>\u00dcbertragungsgeschwindigkeit<\/td>\n<td>Bis zu 1 Gbit\/s<\/td>\n<\/tr>\n<tr>\n<td>Maximale Kanall\u00e4nge<\/td>\n<td>100 m (Standard f\u00fcr strukturierte Verkabelung)<\/td>\n<\/tr>\n<tr>\n<td>Material der Jacke<\/td>\n<td>PVC \/ LSZH (wahlweise)<\/td>\n<\/tr>\n<tr>\n<td>Betriebstemperatur<\/td>\n<td>-20\u00b0C bis +60\u00b0C<\/td>\n<\/tr>\n<tr>\n<td>Referenzstandards<\/td>\n<td>ISO\/IEC 11801, ANSI\/TIA-568.2-D<\/td>\n<\/tr>\n<tr>\n<td>L\u00e4nge Optionen<\/td>\n<td>0,5 m - 30 m (kundenspezifische L\u00e4ngen verf\u00fcgbar)<\/td>\n<\/tr>\n<\/tbody>\n<\/table>\n<p><em>Die Spezifikationen k\u00f6nnen je nach Kunden- und Projektanforderungen angepasst werden.<\/em><\/p>\n<h2>Anwendungsszenarien<\/h2>\n<ul>\n<li>LAN-Verkabelung in B\u00fcro- und Gesch\u00e4ftsgeb\u00e4uden<\/li>\n<li>FTTH-Innenverkabelung und Wohnungsnetze<\/li>\n<li>Telekommunikationsr\u00e4ume und Netzwerkschr\u00e4nke<\/li>\n<li>Netzwerksysteme im Bildungs-, Gesundheits- und Einzelhandel<\/li>\n<li>Netzwerkumgebungen mit moderaten EMI-Bedingungen<\/li>\n<\/ul>\n<p>FTP-CAT5E Patchkabel bieten ein praktisches Gleichgewicht zwischen Kosten, Abschirmungsleistung und einfacher Installation.<\/p>\n<h2>Qualit\u00e4tskontrolle und Fertigung<\/h2>\n<p>Fenxi Optoelectronics Technology wendet w\u00e4hrend des gesamten Herstellungsprozesses eine strenge Qualit\u00e4tskontrolle an, einschlie\u00dflich der Pr\u00fcfung des Rohmaterials, der Montagekontrolle und der Pr\u00fcfung des fertigen Produkts. Jedes CAT5E-FTP-Patchkabel wird auf Kontinuit\u00e4t und Kabelzuordnung getestet, um eine stabile Leistung bei der Massenlieferung zu gew\u00e4hrleisten.<\/p>\n<h2>Unterst\u00fctzung f\u00fcr OEM\/ODM und Gro\u00dfauftr\u00e4ge<\/h2>\n<ul>\n<li>OEM\/ODM-Anpassung: Kabell\u00e4nge, Manteltyp, Farbe, Logokennzeichnung und Verpackung<\/li>\n<li>Flexibles MOQ zur Unterst\u00fctzung von Testbestellungen und gro\u00df angelegten Eins\u00e4tzen<\/li>\n<li>Stabile Massenproduktionskapazit\u00e4ten f\u00fcr Systemintegratoren, Vertriebsh\u00e4ndler und Beschaffungspartner<\/li>\n<li>Integrierte Versorgung mit faseroptischen Produkten, ODFs und Abschlussl\u00f6sungen<\/li>\n<\/ul>","protected":false},"excerpt":{"rendered":"<h2>Wesentliche Merkmale<\/h2>\n<ul>\n<li>Kategorie 5e Leistung unterst\u00fctzend\u00a0<strong>10\/100\/1000 Mbit\/s Ethernet<\/strong><\/li>\n<li>FTP-Struktur mit Gesamtabschirmung aus Aluminiumfolie f\u00fcr verbesserten EMI-Schutz<\/li>\n<li>Hochreine Kupferleiter f\u00fcr konsistente Signal\u00fcbertragung<\/li>\n<li>RJ45-Stecker mit vergoldeten Pr\u00e4zisionskontakten<\/li>\n<li>Geformte Zugentlastungsmanschetten zur Verbesserung der Haltbarkeit und Flexibilit\u00e4t<\/li>\n<li>PVC- oder LSZH-Manteloptionen f\u00fcr unterschiedliche Installations- und Brandschutzanforderungen<\/li>\n<li>Mehrere Standardl\u00e4ngen und -farben f\u00fcr strukturiertes Verkabelungsmanagement<\/li>\n<\/ul>","protected":false},"featured_media":340,"comment_status":"open","ping_status":"closed","template":"","meta":[],"product_brand":[],"product_cat":[22],"product_tag":[],"class_list":{"0":"post-339","1":"product","2":"type-product","3":"status-publish","4":"has-post-thumbnail","6":"product_cat-network-patch-cord","8":"first","9":"instock","10":"shipping-taxable","11":"product-type-simple"},"_links":{"self":[{"href":"https:\/\/www.fenxifiber.com\/de\/wp-json\/wp\/v2\/product\/339","targetHints":{"allow":["GET"]}}],"collection":[{"href":"https:\/\/www.fenxifiber.com\/de\/wp-json\/wp\/v2\/product"}],"about":[{"href":"https:\/\/www.fenxifiber.com\/de\/wp-json\/wp\/v2\/types\/product"}],"replies":[{"embeddable":true,"href":"https:\/\/www.fenxifiber.com\/de\/wp-json\/wp\/v2\/comments?post=339"}],"wp:featuredmedia":[{"embeddable":true,"href":"https:\/\/www.fenxifiber.com\/de\/wp-json\/wp\/v2\/media\/340"}],"wp:attachment":[{"href":"https:\/\/www.fenxifiber.com\/de\/wp-json\/wp\/v2\/media?parent=339"}],"wp:term":[{"taxonomy":"product_brand","embeddable":true,"href":"https:\/\/www.fenxifiber.com\/de\/wp-json\/wp\/v2\/product_brand?post=339"},{"taxonomy":"product_cat","embeddable":true,"href":"https:\/\/www.fenxifiber.com\/de\/wp-json\/wp\/v2\/product_cat?post=339"},{"taxonomy":"product_tag","embeddable":true,"href":"https:\/\/www.fenxifiber.com\/de\/wp-json\/wp\/v2\/product_tag?post=339"}],"curies":[{"name":"wp","href":"https:\/\/api.w.org\/{rel}","templated":true}]}}