{"id":351,"date":"2026-01-26T05:33:30","date_gmt":"2026-01-26T05:33:30","guid":{"rendered":"https:\/\/www.fenxifiber.com\/?post_type=product&#038;p=351"},"modified":"2026-01-26T05:33:30","modified_gmt":"2026-01-26T05:33:30","slug":"faserabschlussdose-lc-96core-hersteller","status":"publish","type":"product","link":"https:\/\/www.fenxifiber.com\/de\/product\/fiber-termination-box-lc-96core-manufacturer\/","title":{"rendered":"Fiber Termination Box LC-96core Hersteller"},"content":{"rendered":"<p><strong>High-Density-Konnektivit\u00e4t und Design<\/strong><\/p>\n<p>Die Optimierung des Platzbedarfs ist in der heutigen Netzwerkinfrastruktur entscheidend. Unsere LC-96core-Terminierungsbox zeichnet sich durch ein kompaktes, modulares Design aus, das Platz f\u00fcr 96 LC-Verbindungen bietet (in der Regel mit LC-Duplex-Adaptern). Die interne Struktur ist sorgf\u00e4ltig mit Splei\u00dff\u00e4chern organisiert, die sicherstellen, dass der Biegeradius der Fasern 30 mm \u00fcbersteigt, um Signalverluste und physische Sch\u00e4den zu vermeiden. Dieses Design erm\u00f6glicht einen einfachen Zugang f\u00fcr die Installation, Wartung und zuk\u00fcnftige Kapazit\u00e4tserweiterungen, ohne dass bestehende Verbindungen unterbrochen werden m\u00fcssen.<\/p>\n<p><strong>Langlebigkeit und Umweltschutz<\/strong><\/p>\n<p>Die aus hochwertigem, kaltgewalztem Stahl (SPCC) oder sto\u00dffestem ABS-Material (auf Anfrage anpassbar) gefertigte Anschlussdose bietet robusten Schutz gegen physische St\u00f6\u00dfe und Umwelteinfl\u00fcsse. Die elektrostatisch gespritzte Oberfl\u00e4che ist glatt und korrosionsbest\u00e4ndig und eignet sich f\u00fcr verschiedene Einsatzszenarien, einschlie\u00dflich Wandmontage im Innenbereich und 19-Zoll-Standard-Rackmontage. Das Ger\u00e4t sch\u00fctzt die empfindlichen Glasfasersplei\u00dfstellen effektiv vor Staub, Feuchtigkeit und mechanischer Belastung und gew\u00e4hrleistet so eine lange Betriebslebensdauer.<\/p>\n<p><strong>Technische Daten<\/strong><\/p>\n<p>Zum besseren Verst\u00e4ndnis der Leistungsmerkmale unserer Fiber Termination Box LC-96core beachten Sie bitte die nachstehenden technischen Standardparameter:<\/p>\n<table>\n<thead>\n<tr>\n<th>Merkmal<\/th>\n<th>Spezifikation<\/th>\n<\/tr>\n<\/thead>\n<tbody>\n<tr>\n<td><strong>Produktname<\/strong><\/td>\n<td>Glasfaser-Abschlussbox LC-96core<\/td>\n<\/tr>\n<tr>\n<td><strong>Maximale Kapazit\u00e4t<\/strong><\/td>\n<td>96 Kerne<\/td>\n<\/tr>\n<tr>\n<td><strong>Adapter Typ<\/strong><\/td>\n<td>LC (Duplex\/Quad)<\/td>\n<\/tr>\n<tr>\n<td><strong>Material<\/strong><\/td>\n<td>SPCC Kaltgewalzter Stahl \/ Hochwertiges ABS<\/td>\n<\/tr>\n<tr>\n<td><strong>Einf\u00fcged\u00e4mpfung<\/strong><\/td>\n<td>\u2264 0,3dB<\/td>\n<\/tr>\n<tr>\n<td><strong>R\u00fcckflussd\u00e4mpfung<\/strong><\/td>\n<td>\u2265 50dB (UPC) \/ \u2265 60dB (APC)<\/td>\n<\/tr>\n<tr>\n<td><strong>Betriebstemperatur<\/strong><\/td>\n<td>-40\u00b0C bis +85\u00b0C<\/td>\n<\/tr>\n<tr>\n<td><strong>Installationsmodus<\/strong><\/td>\n<td>Wandmontage \/ Rackmontage (19-Zoll)<\/td>\n<\/tr>\n<tr>\n<td><strong>Lebensspanne<\/strong><\/td>\n<td>&gt; 20 Jahre<\/td>\n<\/tr>\n<\/tbody>\n<\/table>\n<p><strong>Anwendungen und Qualit\u00e4tssicherung<\/strong><\/p>\n<p>Dieses Produkt wird h\u00e4ufig in lokalen Netzwerken (LAN), Wide Area Networks (WAN), CATV-Systemen und bei der Integration von Telekommunikationsnetzen eingesetzt. Bei Fenxi Optoelectronics Technology vereinen wir hohe F&amp;E-Kompetenz mit strengem Qualit\u00e4tsmanagement. Jede Fiber Termination Box LC-96core wird vor dem Versand strengen optischen Tests unterzogen, um sicherzustellen, dass sie den internationalen Standards entspricht. Ob f\u00fcr ein gro\u00dfes Telekommunikationsprojekt oder eine spezifische Systemintegrationsaufgabe, Fenxi bietet zuverl\u00e4ssige OEM\/ODM-Dienstleistungen, um Ihr Gesch\u00e4ftswachstum zu unterst\u00fctzen.<\/p>","protected":false},"excerpt":{"rendered":"<p><strong>Produkt\u00fcbersicht<\/strong><\/p>\n<p>Die\u00a0<strong>Glasfaser-Abschlussbox LC-96core<\/strong>\u00a0ist eine optische Verteilerl\u00f6sung mit hoher Dichte, die f\u00fcr die strengen Anforderungen moderner FTTH- (Fiber to the Home) und Telekommunikationsnetzwerke entwickelt wurde. Das von Fenxi Optoelectronics Technology entwickelte Ger\u00e4t bietet effizientes Kabelmanagement, sicheres Fusionssplei\u00dfen und zuverl\u00e4ssige Konnektivit\u00e4t f\u00fcr bis zu 96 Glasfaserkerne. Es ist die ideale Wahl zur Maximierung der Platzausnutzung in Serverr\u00e4umen und Rechenzentren und gew\u00e4hrleistet gleichzeitig eine hervorragende Signal\u00fcbertragung.<\/p>","protected":false},"featured_media":352,"comment_status":"open","ping_status":"closed","template":"","meta":[],"product_brand":[],"product_cat":[23],"product_tag":[],"class_list":{"0":"post-351","1":"product","2":"type-product","3":"status-publish","4":"has-post-thumbnail","6":"product_cat-fiber-termination-box","8":"first","9":"instock","10":"shipping-taxable","11":"product-type-simple"},"_links":{"self":[{"href":"https:\/\/www.fenxifiber.com\/de\/wp-json\/wp\/v2\/product\/351","targetHints":{"allow":["GET"]}}],"collection":[{"href":"https:\/\/www.fenxifiber.com\/de\/wp-json\/wp\/v2\/product"}],"about":[{"href":"https:\/\/www.fenxifiber.com\/de\/wp-json\/wp\/v2\/types\/product"}],"replies":[{"embeddable":true,"href":"https:\/\/www.fenxifiber.com\/de\/wp-json\/wp\/v2\/comments?post=351"}],"wp:featuredmedia":[{"embeddable":true,"href":"https:\/\/www.fenxifiber.com\/de\/wp-json\/wp\/v2\/media\/352"}],"wp:attachment":[{"href":"https:\/\/www.fenxifiber.com\/de\/wp-json\/wp\/v2\/media?parent=351"}],"wp:term":[{"taxonomy":"product_brand","embeddable":true,"href":"https:\/\/www.fenxifiber.com\/de\/wp-json\/wp\/v2\/product_brand?post=351"},{"taxonomy":"product_cat","embeddable":true,"href":"https:\/\/www.fenxifiber.com\/de\/wp-json\/wp\/v2\/product_cat?post=351"},{"taxonomy":"product_tag","embeddable":true,"href":"https:\/\/www.fenxifiber.com\/de\/wp-json\/wp\/v2\/product_tag?post=351"}],"curies":[{"name":"wp","href":"https:\/\/api.w.org\/{rel}","templated":true}]}}