{"id":353,"date":"2026-01-26T05:39:22","date_gmt":"2026-01-26T05:39:22","guid":{"rendered":"https:\/\/www.fenxifiber.com\/?post_type=product&#038;p=353"},"modified":"2026-01-26T05:39:22","modified_gmt":"2026-01-26T05:39:22","slug":"faserabschlussdose-sc-upc-24core-lieferant","status":"publish","type":"product","link":"https:\/\/www.fenxifiber.com\/de\/product\/fiber-termination-box-sc-upc-24core-supplier\/","title":{"rendered":"Faseranschlussdose SC\/UPC-24core Lieferant"},"content":{"rendered":"<p><strong>Pr\u00e4zisions-SC\/UPC-Verbindungen<\/strong><\/p>\n<p>Diese Terminierungsbox ist speziell f\u00fcr SC\/UPC-Stecker (Ultra Physical Contact) optimiert, die f\u00fcr ihre Zuverl\u00e4ssigkeit bei der Daten\u00fcbertragung bekannt sind. Das interne Layout bietet ein benutzerfreundliches Design mit speziellen Splei\u00dff\u00e4chern und Kabelf\u00fchrungspfaden, die sicherstellen, dass der Biegeradius der Glasfaser \u00fcber 30 mm bleibt. Dieses sorgf\u00e4ltige Design minimiert die Signald\u00e4mpfung und vereinfacht die Installation von SC-Adaptern und Pigtails, wodurch es sich ideal f\u00fcr die Wand- oder Mastmontage in Fluren, Kellern und Telekommunikationsschr\u00e4nken eignet.<\/p>\n<p><strong>Technische Standardparameter<\/strong><\/p>\n<p>Um Beschaffungsteams und Ingenieure bei der Bewertung der Produktkompatibilit\u00e4t zu unterst\u00fctzen, stellen wir im Folgenden Echtzeit-Industriestandarddaten f\u00fcr die Fiber Termination Box SC\/UPC-24core zur Verf\u00fcgung:<\/p>\n<table>\n<thead>\n<tr>\n<th>Technisches Attribut<\/th>\n<th>Details zur Spezifikation<\/th>\n<\/tr>\n<\/thead>\n<tbody>\n<tr>\n<td><strong>Name des Modells<\/strong><\/td>\n<td>Faseranschlussdose SC\/UPC-24core<\/td>\n<\/tr>\n<tr>\n<td><strong>Hafenkapazit\u00e4t<\/strong><\/td>\n<td>24 Anschl\u00fcsse (SC Simplex)<\/td>\n<\/tr>\n<tr>\n<td><strong>Stecker Typ<\/strong><\/td>\n<td>SC\/UPC (Blaues Geh\u00e4use)<\/td>\n<\/tr>\n<tr>\n<td><strong>Material Konstruktion<\/strong><\/td>\n<td>Hochschlagfestes ABS oder PC+ABS-Legierung<\/td>\n<\/tr>\n<tr>\n<td><strong>Einf\u00fcged\u00e4mpfung<\/strong><\/td>\n<td>\u2264 0,3 dB<\/td>\n<\/tr>\n<tr>\n<td><strong>R\u00fcckflussd\u00e4mpfung<\/strong><\/td>\n<td>\u2265 50 dB (UPC-Norm)<\/td>\n<\/tr>\n<tr>\n<td><strong>Schutzniveau<\/strong><\/td>\n<td>IP55 \/ IP65 (w\u00e4hlbar f\u00fcr Innen-\/Au\u00dfenbereich)<\/td>\n<\/tr>\n<tr>\n<td><strong>Betriebstemperatur<\/strong><\/td>\n<td>-40\u00b0C bis +75\u00b0C<\/td>\n<\/tr>\n<tr>\n<td><strong>Einbauverfahren<\/strong><\/td>\n<td>Wandbefestigung \/ Mastenbefestigung<\/td>\n<\/tr>\n<\/tbody>\n<\/table>\n<p><strong>Exzellente Forschung und Entwicklung und Qualit\u00e4tskontrolle<\/strong><\/p>\n<p>Fenxi Optoelectronics Technology hat es sich zur Aufgabe gemacht, leistungsstarke optische Kommunikationsprodukte zu liefern. Durch den Einsatz unseres Teams aus leitenden F&amp;E-Experten und erfahrenem Qualit\u00e4tsmanagement-Personal stellen wir sicher, dass jede 24-adrige Anschlussdose rauen Umweltbedingungen und mechanischen Belastungen standh\u00e4lt. Unsere Produkte unterst\u00fctzen die nahtlose Integration in Glasfaser\u00fcbertragungssysteme und k\u00f6nnen kundenspezifisch (OEM\/ODM) angepasst werden, um spezifische Projektanforderungen zu erf\u00fcllen und eine stabile Netzwerkleistung f\u00fcr globale Kunden zu gew\u00e4hrleisten.<\/p>","protected":false},"excerpt":{"rendered":"<p><strong>Fortschrittliche Glasfaserverteilungsl\u00f6sung<\/strong><\/p>\n<p>Die\u00a0<strong>Faseranschlussdose SC\/UPC-24core<\/strong>\u00a0ist ein kompaktes und robustes Schnittstellenger\u00e4t, das zur \u00dcberbr\u00fcckung der L\u00fccke zwischen Zuleitungskabeln und Verteilerkabeln in FTTx-Netzen (Fiber to the x) entwickelt wurde. Dieses von Fenxi Optoelectronics Technology hergestellte Ger\u00e4t unterst\u00fctzt den Abschluss, das Splei\u00dfen und die Verteilung von bis zu 24 Glasfasern. Es wurde entwickelt, um die Netzwerkimplementierung f\u00fcr Telekommunikationsbetriebe und die Integration von Geb\u00e4udesystemen zu vereinfachen, und bietet eine sichere Umgebung zum Schutz empfindlicher Glasfaserverbindungen.<\/p>","protected":false},"featured_media":354,"comment_status":"open","ping_status":"closed","template":"","meta":[],"product_brand":[],"product_cat":[23],"product_tag":[],"class_list":{"0":"post-353","1":"product","2":"type-product","3":"status-publish","4":"has-post-thumbnail","6":"product_cat-fiber-termination-box","8":"first","9":"instock","10":"shipping-taxable","11":"product-type-simple"},"_links":{"self":[{"href":"https:\/\/www.fenxifiber.com\/de\/wp-json\/wp\/v2\/product\/353","targetHints":{"allow":["GET"]}}],"collection":[{"href":"https:\/\/www.fenxifiber.com\/de\/wp-json\/wp\/v2\/product"}],"about":[{"href":"https:\/\/www.fenxifiber.com\/de\/wp-json\/wp\/v2\/types\/product"}],"replies":[{"embeddable":true,"href":"https:\/\/www.fenxifiber.com\/de\/wp-json\/wp\/v2\/comments?post=353"}],"wp:featuredmedia":[{"embeddable":true,"href":"https:\/\/www.fenxifiber.com\/de\/wp-json\/wp\/v2\/media\/354"}],"wp:attachment":[{"href":"https:\/\/www.fenxifiber.com\/de\/wp-json\/wp\/v2\/media?parent=353"}],"wp:term":[{"taxonomy":"product_brand","embeddable":true,"href":"https:\/\/www.fenxifiber.com\/de\/wp-json\/wp\/v2\/product_brand?post=353"},{"taxonomy":"product_cat","embeddable":true,"href":"https:\/\/www.fenxifiber.com\/de\/wp-json\/wp\/v2\/product_cat?post=353"},{"taxonomy":"product_tag","embeddable":true,"href":"https:\/\/www.fenxifiber.com\/de\/wp-json\/wp\/v2\/product_tag?post=353"}],"curies":[{"name":"wp","href":"https:\/\/api.w.org\/{rel}","templated":true}]}}