{"id":355,"date":"2026-01-26T05:45:39","date_gmt":"2026-01-26T05:45:39","guid":{"rendered":"https:\/\/www.fenxifiber.com\/?post_type=product&#038;p=355"},"modified":"2026-01-26T05:45:39","modified_gmt":"2026-01-26T05:45:39","slug":"glasfaseranschlussdose-st-8core-fabrik","status":"publish","type":"product","link":"https:\/\/www.fenxifiber.com\/de\/product\/fiber-termination-box-st-8core-factory\/","title":{"rendered":"Faseranschlussdose ST-8core Fabrik"},"content":{"rendered":"<p><strong>Robustes Design f\u00fcr ST-Konnektivit\u00e4t<\/strong><\/p>\n<p>Im Gegensatz zu Standard-Kunststoff-Schnappsteckern ben\u00f6tigen ST-Adapter aufgrund ihrer Metallkonstruktion und ihrer Verdrehung eine stabile Montageplattform. Unsere ST-8core-Anschlussbox ist aus hochwertigem kaltgewalztem Stahl (SPCC) oder strapazierf\u00e4higem ABS-Material gefertigt, um den mechanischen Belastungen beim Anschlie\u00dfen und Trennen von Kabeln standzuhalten. Das Innendesign umfasst ein spezielles Splei\u00dffach, das die Lagerung von Pigtails und das Fusionssplei\u00dfen effektiv verwaltet und sicherstellt, dass der Biegeradius innerhalb sicherer Grenzen bleibt, um eine Beeintr\u00e4chtigung des Signals zu verhindern.<\/p>\n<p><strong>Technische Spezifikationen Daten<\/strong><\/p>\n<p>Um die Eignung dieses Produkts f\u00fcr Ihre Netzwerkinfrastruktur zu \u00fcberpr\u00fcfen, sehen Sie sich bitte die nachstehenden Standard-Herstellungsspezifikationen an. Diese Parameter spiegeln unser Engagement f\u00fcr Pr\u00e4zision und Langlebigkeit wider:<\/p>\n<table>\n<thead>\n<tr>\n<th>Merkmal<\/th>\n<th>Technische Spezifikation<\/th>\n<\/tr>\n<\/thead>\n<tbody>\n<tr>\n<td><strong>Produkt Artikel<\/strong><\/td>\n<td>Glasfaser-Abschlussdose ST-8core<\/td>\n<\/tr>\n<tr>\n<td><strong>Maximale Kapazit\u00e4t<\/strong><\/td>\n<td>8 Kerne<\/td>\n<\/tr>\n<tr>\n<td><strong>Adapter Schnittstelle<\/strong><\/td>\n<td>ST (Simplex)<\/td>\n<\/tr>\n<tr>\n<td><strong>Material-Optionen<\/strong><\/td>\n<td>Elektrostatisches SPCC Stahl \/ ABS<\/td>\n<\/tr>\n<tr>\n<td><strong>Langlebigkeit der Stecker<\/strong><\/td>\n<td>&gt; 1000 Paarungszyklen<\/td>\n<\/tr>\n<tr>\n<td><strong>Einf\u00fcged\u00e4mpfung<\/strong><\/td>\n<td>\u2264 0,3 dB<\/td>\n<\/tr>\n<tr>\n<td><strong>R\u00fcckflussd\u00e4mpfung<\/strong><\/td>\n<td>\u2265 50 dB (UPC) \/ \u2265 60 dB (APC)<\/td>\n<\/tr>\n<tr>\n<td><strong>Betriebstemperatur<\/strong><\/td>\n<td>-40\u00b0C ~ +85\u00b0C<\/td>\n<\/tr>\n<tr>\n<td><strong>Einrichtung<\/strong><\/td>\n<td>Wandmontage \/ Tischmontage \/ DIN-Schiene<\/td>\n<\/tr>\n<\/tbody>\n<\/table>\n<p><strong>Produktionskompetenz und Service<\/strong><\/p>\n<p>Fenxi Optoelectronics Technology verf\u00fcgt \u00fcber jahrelange Erfahrung in der Branche und ein Team von erfahrenen Forschungs- und Entwicklungsexperten, die hervorragende optische Kommunikationsprodukte liefern. Wir kennen die spezifischen Anforderungen von alten und industriellen Netzwerken, in denen ST-Stecker weit verbreitet sind. Unser Werk wendet strenge Qualit\u00e4tsmanagementprotokolle an, um sicherzustellen, dass jede Fiber Termination Box ST-8core den globalen Leistungsstandards entspricht. Wir bieten flexible OEM-Dienstleistungen zur Unterst\u00fctzung von Telekommunikationsbetreibern und Systemintegratoren weltweit.<\/p>","protected":false},"excerpt":{"rendered":"<p><strong>Kompakte optische Verteilereinheit<\/strong><\/p>\n<p>Die\u00a0<strong>Glasfaser-Abschlussdose ST-8core<\/strong>\u00a0ist ein robuster und kompakter Anschlusskasten, der f\u00fcr kleine Glasfasernetzabschl\u00fcsse entwickelt wurde. Das von Fenxi Optoelectronics Technology hergestellte Ger\u00e4t ist f\u00fcr die Aufnahme folgender Komponenten ausgelegt\u00a0<strong>ST (Gerade Spitze)<\/strong>\u00a0Steckern, die einen Drehverschluss im Bajonett-Stil f\u00fcr sichere Verbindungen verwenden. Diese Box eignet sich ideal f\u00fcr Fiber-to-the-Desk (FTTD)-Anwendungen, lokale Industriesteuerungssysteme und die Integration von \u00dcberwachungssystemen und gew\u00e4hrleistet ein organisiertes Fasermanagement und den Schutz von bis zu 8 optischen Adern.<\/p>","protected":false},"featured_media":356,"comment_status":"open","ping_status":"closed","template":"","meta":[],"product_brand":[],"product_cat":[23],"product_tag":[],"class_list":{"0":"post-355","1":"product","2":"type-product","3":"status-publish","4":"has-post-thumbnail","6":"product_cat-fiber-termination-box","8":"first","9":"instock","10":"shipping-taxable","11":"product-type-simple"},"_links":{"self":[{"href":"https:\/\/www.fenxifiber.com\/de\/wp-json\/wp\/v2\/product\/355","targetHints":{"allow":["GET"]}}],"collection":[{"href":"https:\/\/www.fenxifiber.com\/de\/wp-json\/wp\/v2\/product"}],"about":[{"href":"https:\/\/www.fenxifiber.com\/de\/wp-json\/wp\/v2\/types\/product"}],"replies":[{"embeddable":true,"href":"https:\/\/www.fenxifiber.com\/de\/wp-json\/wp\/v2\/comments?post=355"}],"wp:featuredmedia":[{"embeddable":true,"href":"https:\/\/www.fenxifiber.com\/de\/wp-json\/wp\/v2\/media\/356"}],"wp:attachment":[{"href":"https:\/\/www.fenxifiber.com\/de\/wp-json\/wp\/v2\/media?parent=355"}],"wp:term":[{"taxonomy":"product_brand","embeddable":true,"href":"https:\/\/www.fenxifiber.com\/de\/wp-json\/wp\/v2\/product_brand?post=355"},{"taxonomy":"product_cat","embeddable":true,"href":"https:\/\/www.fenxifiber.com\/de\/wp-json\/wp\/v2\/product_cat?post=355"},{"taxonomy":"product_tag","embeddable":true,"href":"https:\/\/www.fenxifiber.com\/de\/wp-json\/wp\/v2\/product_tag?post=355"}],"curies":[{"name":"wp","href":"https:\/\/api.w.org\/{rel}","templated":true}]}}