{"id":357,"date":"2026-01-26T05:54:01","date_gmt":"2026-01-26T05:54:01","guid":{"rendered":"https:\/\/www.fenxifiber.com\/?post_type=product&#038;p=357"},"modified":"2026-01-26T05:54:01","modified_gmt":"2026-01-26T05:54:01","slug":"glasfaseranschlussdose-sc-2u-48core-groshandler","status":"publish","type":"product","link":"https:\/\/www.fenxifiber.com\/de\/product\/fiber-termination-box-sc-2u-48core-wholesaler\/","title":{"rendered":"Glasfaser-Abschlussdose SC-2U-48core Gro\u00dfh\u00e4ndler"},"content":{"rendered":"<p><strong>Optimiertes Platz- und Kabelmanagement<\/strong><\/p>\n<p>Im Gegensatz zu 1U-Panels mit hoher Dichte ist die\u00a0<strong>2U-H\u00f6henausf\u00fchrung<\/strong>\u00a0bietet Ingenieuren eine bessere Zug\u00e4nglichkeit und einen gr\u00f6\u00dferen Abstand. Dieser zus\u00e4tzliche Platz ist entscheidend f\u00fcr die Verwaltung von Glasfaserbiegeradien und die Verringerung der physischen \u00dcberlastung bei der Verwendung von SC-Adaptern. Die Box verf\u00fcgt \u00fcber einen robusten Schubladenmechanismus oder eine abnehmbare Frontabdeckung, die den Technikern einen einfachen Zugang zu den internen Splei\u00dff\u00e4chern f\u00fcr Wartung und Erweiterung erm\u00f6glicht. Das interne Layout ist sorgf\u00e4ltig organisiert, um sicherzustellen, dass Patchkabel und Pigtails sicher verlegt sind und Signalverluste durch Mikroknicke vermieden werden.<\/p>\n<p><strong>Technische Daten<\/strong><\/p>\n<p>F\u00fcr Systemintegratoren und Netzbetreiber, die ihren Platz im Rack planen, sind genaue Abmessungen und Leistungskennzahlen von entscheidender Bedeutung. Nachfolgend finden Sie die wichtigsten technischen Daten f\u00fcr unsere 48-Core-2U-Abschlusseinheit:<\/p>\n<table>\n<thead>\n<tr>\n<th>Parameter<\/th>\n<th>Details zur Spezifikation<\/th>\n<\/tr>\n<\/thead>\n<tbody>\n<tr>\n<td><strong>Produktmodell<\/strong><\/td>\n<td>Glasfaser-Abschlussdose SC-2U-48core<\/td>\n<\/tr>\n<tr>\n<td><strong>H\u00f6he des Gestells<\/strong><\/td>\n<td>2U (Standard 88,9mm)<\/td>\n<\/tr>\n<tr>\n<td><strong>Montage Standard<\/strong><\/td>\n<td>19-Zoll-Rackmontage (EIA-310)<\/td>\n<\/tr>\n<tr>\n<td><strong>Kapazit\u00e4t<\/strong><\/td>\n<td>48 Kerne<\/td>\n<\/tr>\n<tr>\n<td><strong>Adapter Schnittstelle<\/strong><\/td>\n<td>48 x SC Simplex (oder 24 x SC Duplex)<\/td>\n<\/tr>\n<tr>\n<td><strong>Material<\/strong><\/td>\n<td>Kaltgewalzter Stahl (SPCC) mit Pulverbeschichtung<\/td>\n<\/tr>\n<tr>\n<td><strong>Blechdicke<\/strong><\/td>\n<td>1,2mm \/ 1,5mm (Robuste Konstruktion)<\/td>\n<\/tr>\n<tr>\n<td><strong>Einf\u00fcged\u00e4mpfung<\/strong><\/td>\n<td>\u2264 0,3 dB<\/td>\n<\/tr>\n<tr>\n<td><strong>Betriebstemperatur<\/strong><\/td>\n<td>-25\u00b0C bis +55\u00b0C<\/td>\n<\/tr>\n<\/tbody>\n<\/table>\n<p><strong>Zuverl\u00e4ssige Versorgung f\u00fcr Gro\u00dfprojekte<\/strong><\/p>\n<p>Fenxi Optoelectronics Technology ist sich der kritischen Natur der Kernnetzinfrastruktur bewusst. Unsere Produktionslinien sind so ausgestattet, dass sie gro\u00dfe Mengen an Auftr\u00e4gen mit gleichbleibender Qualit\u00e4t verarbeiten k\u00f6nnen. Jede Fiber Termination Box SC-2U-48core wird einer strengen mechanischen und optischen Pr\u00fcfung unterzogen, bevor sie unser Werk verl\u00e4sst. Ob f\u00fcr die Fiber to the Home (FTTH) OLT-Aggregation oder die Integration von Unternehmenssystemen, Fenxi agiert als Ihr zuverl\u00e4ssiger Gro\u00dfh\u00e4ndler und bietet wettbewerbsf\u00e4hige Preise und professionellen technischen Support.<\/p>","protected":false},"excerpt":{"rendered":"<p><strong>Optische Verteilerl\u00f6sung f\u00fcr die Rack-Montage<\/strong><\/p>\n<p>Die\u00a0<strong>Glasfaser-Abschlussdose SC-2U-48core<\/strong>\u00a0ist eine standardisierte optische Verteilereinheit, die f\u00fcr leistungsstarke Telekommunikationsnetze und Rechenzentren entwickelt wurde. Die von Fenxi Optoelectronics Technology hergestellte Einheit entspricht dem 19-Zoll-Rackmount-Standard und nimmt 2 HE Platz im vertikalen Rack ein. Sie dient als wichtiger zentraler Punkt f\u00fcr das Splei\u00dfen von Glasfasern, den Abschluss und das Kabelmanagement und unterst\u00fctzt bis zu 48 Glasfasern, die speziell f\u00fcr SC-Stecker konfiguriert sind.<\/p>","protected":false},"featured_media":358,"comment_status":"open","ping_status":"closed","template":"","meta":[],"product_brand":[],"product_cat":[23],"product_tag":[],"class_list":{"0":"post-357","1":"product","2":"type-product","3":"status-publish","4":"has-post-thumbnail","6":"product_cat-fiber-termination-box","8":"first","9":"instock","10":"shipping-taxable","11":"product-type-simple"},"_links":{"self":[{"href":"https:\/\/www.fenxifiber.com\/de\/wp-json\/wp\/v2\/product\/357","targetHints":{"allow":["GET"]}}],"collection":[{"href":"https:\/\/www.fenxifiber.com\/de\/wp-json\/wp\/v2\/product"}],"about":[{"href":"https:\/\/www.fenxifiber.com\/de\/wp-json\/wp\/v2\/types\/product"}],"replies":[{"embeddable":true,"href":"https:\/\/www.fenxifiber.com\/de\/wp-json\/wp\/v2\/comments?post=357"}],"wp:featuredmedia":[{"embeddable":true,"href":"https:\/\/www.fenxifiber.com\/de\/wp-json\/wp\/v2\/media\/358"}],"wp:attachment":[{"href":"https:\/\/www.fenxifiber.com\/de\/wp-json\/wp\/v2\/media?parent=357"}],"wp:term":[{"taxonomy":"product_brand","embeddable":true,"href":"https:\/\/www.fenxifiber.com\/de\/wp-json\/wp\/v2\/product_brand?post=357"},{"taxonomy":"product_cat","embeddable":true,"href":"https:\/\/www.fenxifiber.com\/de\/wp-json\/wp\/v2\/product_cat?post=357"},{"taxonomy":"product_tag","embeddable":true,"href":"https:\/\/www.fenxifiber.com\/de\/wp-json\/wp\/v2\/product_tag?post=357"}],"curies":[{"name":"wp","href":"https:\/\/api.w.org\/{rel}","templated":true}]}}