{"id":362,"date":"2026-01-26T06:13:33","date_gmt":"2026-01-26T06:13:33","guid":{"rendered":"https:\/\/www.fenxifiber.com\/?post_type=product&#038;p=362"},"modified":"2026-01-26T06:13:33","modified_gmt":"2026-01-26T06:13:33","slug":"glasfaseranschlussdose-lc-24core-groshandler","status":"publish","type":"product","link":"https:\/\/www.fenxifiber.com\/de\/product\/fiber-termination-box-lc-24core-wholesaler\/","title":{"rendered":"Faseranschlussdose LC-24core Gro\u00dfh\u00e4ndler"},"content":{"rendered":"<p><strong>High-Density LC-Design und Vielseitigkeit<\/strong><\/p>\n<p>In modernen Netzwerkumgebungen ist Platz ein wichtiges Gut. Unsere LC-24core-Terminierungsbox wurde entwickelt, um Konnektivit\u00e4t mit hoher Dichte zu bieten, ohne den einfachen Zugang zu beeintr\u00e4chtigen. Das Ger\u00e4t verf\u00fcgt \u00fcber eine modulare interne Struktur, die ein sicheres Splei\u00dfen, Speichern und Verteilen von Glasfasern erm\u00f6glicht. Sie ist kompatibel mit\u00a0<strong>LC-Duplex-Adapter<\/strong>, und erm\u00f6glicht eine doppelt so hohe Anschlussdichte wie herk\u00f6mmliche SC- oder ST-Stecker. Dies macht ihn zu einer hervorragenden Wahl f\u00fcr die Erweiterung der Netzwerkkapazit\u00e4t bei begrenztem Platzangebot, z. B. in wandmontierten Telekommunikationsschr\u00e4nken oder \u00fcberf\u00fcllten Racksystemen.<\/p>\n<p><strong>Wichtige technische Spezifikationen<\/strong><\/p>\n<p>Um eine nahtlose Integration in Ihre bestehende Infrastruktur zu gew\u00e4hrleisten, stellen wir Ihnen die folgenden technischen Daten in Echtzeit zur Verf\u00fcgung. Diese Spezifikationen spiegeln die strengen Standards wider, die von unseren Produktions- und Qualit\u00e4tsmanagement-Teams eingehalten werden:<\/p>\n<table>\n<thead>\n<tr>\n<th>Technische Parameter<\/th>\n<th>Spezifikationsdaten<\/th>\n<\/tr>\n<\/thead>\n<tbody>\n<tr>\n<td><strong>Produktmodell<\/strong><\/td>\n<td>Glasfaser-Abschlussdose LC-24core<\/td>\n<\/tr>\n<tr>\n<td><strong>Maximale Faserkapazit\u00e4t<\/strong><\/td>\n<td>24 Kerne<\/td>\n<\/tr>\n<tr>\n<td><strong>Adapter-Konfiguration<\/strong><\/td>\n<td>12x LC-Duplex-Adapter<\/td>\n<\/tr>\n<tr>\n<td><strong>Material<\/strong><\/td>\n<td>SPCC Kaltgewalzter Stahl oder ABS-Kunststoff<\/td>\n<\/tr>\n<tr>\n<td><strong>Einf\u00fcged\u00e4mpfung<\/strong><\/td>\n<td>\u2264 0,2 dB (typisch) \/ \u2264 0,3 dB (maximal)<\/td>\n<\/tr>\n<tr>\n<td><strong>R\u00fcckflussd\u00e4mpfung<\/strong><\/td>\n<td>\u2265 50 dB (UPC) \/ \u2265 60 dB (APC)<\/td>\n<\/tr>\n<tr>\n<td><strong>Faser-Biegeradius<\/strong><\/td>\n<td>\u2265 30 mm<\/td>\n<\/tr>\n<tr>\n<td><strong>Betriebstemperatur<\/strong><\/td>\n<td>-40\u00b0C bis +85\u00b0C<\/td>\n<\/tr>\n<tr>\n<td><strong>Installationsoptionen<\/strong><\/td>\n<td>Wandmontage \/ 19\u2033-Rack-Montage-kompatibel<\/td>\n<\/tr>\n<\/tbody>\n<\/table>\n<p><strong>Engagement f\u00fcr Qualit\u00e4t und Innovation<\/strong><\/p>\n<p>Fenxi Optoelectronics Technology hebt sich in der optischen Kommunikationsbranche durch die Kombination des Fachwissens erfahrener F&amp;E-Experten mit fortschrittlichen Fertigungsverfahren ab. Jede Fiber Termination Box LC-24core wird umfassenden optischen Leistungstests unterzogen, um Einf\u00fcgungsd\u00e4mpfung zu minimieren und langfristige Zuverl\u00e4ssigkeit zu gew\u00e4hrleisten. Ganz gleich, ob Sie Standard-Gro\u00dfauftr\u00e4ge oder kundenspezifische L\u00f6sungen f\u00fcr spezielle Systemintegrationsprojekte ben\u00f6tigen, unser Team ist in der Lage, Ihre globalen Gesch\u00e4ftsanforderungen schnell und pr\u00e4zise zu erf\u00fcllen.<\/p>","protected":false},"excerpt":{"rendered":"<p><strong>Produkt-Einf\u00fchrung<\/strong><\/p>\n<p>Die\u00a0<strong>Glasfaser-Abschlussdose LC-24core<\/strong>\u00a0ist eine hocheffiziente optische Verteilereinheit, die entwickelt wurde, um die Platzausnutzung in Rechenzentren und Telekommunikationsnetzwerken zu maximieren. Diese von Fenxi Optoelectronics Technology auf den Markt gebrachte Abschlussbox nutzt die Small Form Factor (SFF) LC-Steckerschnittstelle. Sie bietet Platz f\u00fcr 24 Glasfaserkerne auf kleinstem Raum (typischerweise \u00fcber 12 LC-Duplex-Adapter) und ist damit die erste L\u00f6sung f\u00fcr die Verwaltung von Glasfasern mit hoher Dichte in Serverr\u00e4umen, FTTH (Fiber to the Home)-Einrichtungen und LAN-Systemintegration.<\/p>","protected":false},"featured_media":363,"comment_status":"open","ping_status":"closed","template":"","meta":[],"product_brand":[],"product_cat":[23],"product_tag":[],"class_list":{"0":"post-362","1":"product","2":"type-product","3":"status-publish","4":"has-post-thumbnail","6":"product_cat-fiber-termination-box","8":"first","9":"instock","10":"shipping-taxable","11":"product-type-simple"},"_links":{"self":[{"href":"https:\/\/www.fenxifiber.com\/de\/wp-json\/wp\/v2\/product\/362","targetHints":{"allow":["GET"]}}],"collection":[{"href":"https:\/\/www.fenxifiber.com\/de\/wp-json\/wp\/v2\/product"}],"about":[{"href":"https:\/\/www.fenxifiber.com\/de\/wp-json\/wp\/v2\/types\/product"}],"replies":[{"embeddable":true,"href":"https:\/\/www.fenxifiber.com\/de\/wp-json\/wp\/v2\/comments?post=362"}],"wp:featuredmedia":[{"embeddable":true,"href":"https:\/\/www.fenxifiber.com\/de\/wp-json\/wp\/v2\/media\/363"}],"wp:attachment":[{"href":"https:\/\/www.fenxifiber.com\/de\/wp-json\/wp\/v2\/media?parent=362"}],"wp:term":[{"taxonomy":"product_brand","embeddable":true,"href":"https:\/\/www.fenxifiber.com\/de\/wp-json\/wp\/v2\/product_brand?post=362"},{"taxonomy":"product_cat","embeddable":true,"href":"https:\/\/www.fenxifiber.com\/de\/wp-json\/wp\/v2\/product_cat?post=362"},{"taxonomy":"product_tag","embeddable":true,"href":"https:\/\/www.fenxifiber.com\/de\/wp-json\/wp\/v2\/product_tag?post=362"}],"curies":[{"name":"wp","href":"https:\/\/api.w.org\/{rel}","templated":true}]}}