{"id":366,"date":"2026-01-26T06:32:13","date_gmt":"2026-01-26T06:32:13","guid":{"rendered":"https:\/\/www.fenxifiber.com\/?post_type=product&#038;p=366"},"modified":"2026-01-26T06:32:13","modified_gmt":"2026-01-26T06:32:13","slug":"glasfaseranschlussdose-sc-12core-fur-ftth-zugang","status":"publish","type":"product","link":"https:\/\/www.fenxifiber.com\/de\/product\/fiber-termination-box-sc-12core-for-ftth-access\/","title":{"rendered":"Fiber Termination Box SC-12core f\u00fcr FTTH-Zugang"},"content":{"rendered":"<p><strong>Kompaktes Design und Langlebigkeit<\/strong><\/p>\n<p>Unsere SC-12core-Abschlussdose ist sowohl f\u00fcr den Installateur als auch f\u00fcr die Langlebigkeit des Netzes konzipiert. Das Geh\u00e4use wird in der Regel aus hochwertigem PC (Polycarbonat) oder einer ABS-Legierung hergestellt und bietet eine hohe Best\u00e4ndigkeit gegen UV-Strahlung, Feuchtigkeit und physische St\u00f6\u00dfe.<\/p>\n<ul>\n<li><strong>SC Adapter Schnittstelle:<\/strong>\u00a0Speziell f\u00fcr die Aufnahme von 12 SC-Simplex-Adaptern konzipiert. Der Push-Pull-Mechanismus des SC-Steckers sorgt f\u00fcr schnelles Patchen und eine hohe Packungsdichte.<\/li>\n<li><strong>Zweischichtige Struktur:<\/strong>\u00a0Viele unserer Designs verf\u00fcgen \u00fcber eine Doppelschichtstruktur - die obere Schicht f\u00fcr die optische Aufteilung und Verteilung und die untere Schicht f\u00fcr das Splei\u00dfen der Fasern. Diese Logik trennt die Routing-Pfade, um Signalinterferenzen zu minimieren.<\/li>\n<li><strong>Vielseitige Montage:<\/strong>\u00a0Das Ger\u00e4t ist leicht und dennoch robust und eignet sich sowohl f\u00fcr die Wand- als auch f\u00fcr die Mastmontage, sowohl in Innenr\u00e4umen als auch in gesch\u00fctzten Au\u00dfenbereichen.<\/li>\n<li><strong>Kabelmanagement:<\/strong>\u00a0Ausgestattet mit speziellen Kabelbefestigungseinheiten und einem Flip-Page-Splei\u00dffach, das sicherstellt, dass der Biegeradius der Fasern \u00fcber 30 mm bleibt, um D\u00e4mpfungen zu vermeiden.<\/li>\n<\/ul>\n<p><strong>Technische Daten<\/strong><\/p>\n<p>Um die Zuverl\u00e4ssigkeit der Fiber Termination Box SC-12core zu demonstrieren, stellen wir die folgenden technischen Daten zur Verf\u00fcgung, die auf aktuellen Industrie-Benchmarks f\u00fcr optische Verteileranlagen basieren.<\/p>\n<table>\n<thead>\n<tr>\n<th>Parameter<\/th>\n<th>Spezifikation<\/th>\n<\/tr>\n<\/thead>\n<tbody>\n<tr>\n<td><strong>Produktname<\/strong><\/td>\n<td>Glasfaser-Abschlussdose SC-12core<\/td>\n<\/tr>\n<tr>\n<td><strong>Maximale Kapazit\u00e4t<\/strong><\/td>\n<td>12 Fasern<\/td>\n<\/tr>\n<tr>\n<td><strong>Adapter-Anschl\u00fcsse<\/strong><\/td>\n<td>12 x SC Simplex<\/td>\n<\/tr>\n<tr>\n<td><strong>Material<\/strong><\/td>\n<td>Hochfeste PC+ABS-Legierung<\/td>\n<\/tr>\n<tr>\n<td><strong>Schutzniveau<\/strong><\/td>\n<td>IP55 \/ IP65 (Modelle f\u00fcr den Au\u00dfenbereich erh\u00e4ltlich)<\/td>\n<\/tr>\n<tr>\n<td><strong>Abmessungen (ca.)<\/strong><\/td>\n<td>220mm x 160mm x 50mm (anpassbar)<\/td>\n<\/tr>\n<tr>\n<td><strong>Einf\u00fcged\u00e4mpfung<\/strong><\/td>\n<td>\u2264 0,2dB<\/td>\n<\/tr>\n<tr>\n<td><strong>R\u00fcckflussd\u00e4mpfung<\/strong><\/td>\n<td>UPC \u2265 50dB, APC \u2265 60dB<\/td>\n<\/tr>\n<tr>\n<td><strong>Arbeitstemperatur<\/strong><\/td>\n<td>-40\u00b0C ~ +85\u00b0C<\/td>\n<\/tr>\n<tr>\n<td><strong>Entflammbarkeit<\/strong><\/td>\n<td>UL94-V0-Norm<\/td>\n<\/tr>\n<tr>\n<td><strong>Lebenserwartung<\/strong><\/td>\n<td>\u2265 20 Jahre<\/td>\n<\/tr>\n<\/tbody>\n<\/table>\n<p><strong>Prim\u00e4re Anwendungen<\/strong><\/p>\n<p>Die Flexibilit\u00e4t der Fiber Termination Box SC-12core macht sie zu einem unverzichtbaren Element in verschiedenen optischen Netzwerkarchitekturen:<\/p>\n<ol>\n<li><strong>FTTH\/FTTB-Netze:<\/strong>\u00a0Wird als Etagenverteilerkasten in Wohngeb\u00e4uden verwendet, um Steigleitungen mit Abzweigleitungen zu verbinden.<\/li>\n<li><strong>Optische Verteilernetze (ODN):<\/strong>\u00a0Erleichterung der Verzweigung von optischen Signalen.<\/li>\n<li><strong>Lokale Netzwerke (LAN):<\/strong>\u00a0Verwaltung von Glasfaserendpunkten in Unternehmen.<\/li>\n<li><strong>CATV-Netze:<\/strong>\u00a0Gew\u00e4hrleistung einer stabilen Videosignal\u00fcbertragung.<\/li>\n<\/ol>\n<p><strong>Bekenntnis zur Qualit\u00e4t<\/strong><\/p>\n<p>Fenxi Optoelectronics Technology hat es sich zur Aufgabe gemacht, hochwertige optische Kommunikationsprodukte zu liefern. Unsere Produktion bringt erfahrene Fachleute und fortschrittliche Managementsysteme zusammen, um sicherzustellen, dass jedes\u00a0<strong>Glasfaser-Abschlussdose SC-12core<\/strong>\u00a0entspricht internationalen Standards. Ganz gleich, ob Sie ein bestehendes Netz aufr\u00fcsten oder eine neue Infrastruktur einrichten, unsere L\u00f6sungen bieten die Stabilit\u00e4t und einfache Installation, die f\u00fcr eine erfolgreiche Projektumsetzung erforderlich sind.<\/p>","protected":false},"excerpt":{"rendered":"<p><strong>Beschreibung des Produkts<\/strong><\/p>\n<p>Die\u00a0<strong>Glasfaser-Abschlussdose SC-12core<\/strong>\u00a0ist eine kompakte und effiziente optische Verteilerl\u00f6sung, die von\u00a0<strong>Fenxi Optoelektronik Technologie<\/strong>. Diese Dose wurde f\u00fcr die strengen Anforderungen moderner Fiber to the Home (FTTH)-Netzwerke entwickelt und dient als zuverl\u00e4ssiger Abschlusspunkt f\u00fcr die Verbindung des Zuleitungskabels mit dem Drop Cable.<\/p>\n<p>Dank der umfangreichen F&amp;E-Erfahrung unseres Teams und der strengen Qualit\u00e4tskontrolle hat Fenxi Optoelectronics diese Einheit entwickelt, um einen optimalen Signalschutz zu gew\u00e4hrleisten. Es erm\u00f6glicht das Splei\u00dfen, Aufteilen und Verteilen von Glasfasern in einem \u00fcbersichtlichen Geh\u00e4use, was es zu einer unverzichtbaren Komponente f\u00fcr Telekommunikationsbetreiber und Systemintegratoren weltweit macht.<\/p>","protected":false},"featured_media":367,"comment_status":"open","ping_status":"closed","template":"","meta":[],"product_brand":[],"product_cat":[23],"product_tag":[],"class_list":{"0":"post-366","1":"product","2":"type-product","3":"status-publish","4":"has-post-thumbnail","6":"product_cat-fiber-termination-box","8":"first","9":"instock","10":"shipping-taxable","11":"product-type-simple"},"_links":{"self":[{"href":"https:\/\/www.fenxifiber.com\/de\/wp-json\/wp\/v2\/product\/366","targetHints":{"allow":["GET"]}}],"collection":[{"href":"https:\/\/www.fenxifiber.com\/de\/wp-json\/wp\/v2\/product"}],"about":[{"href":"https:\/\/www.fenxifiber.com\/de\/wp-json\/wp\/v2\/types\/product"}],"replies":[{"embeddable":true,"href":"https:\/\/www.fenxifiber.com\/de\/wp-json\/wp\/v2\/comments?post=366"}],"wp:featuredmedia":[{"embeddable":true,"href":"https:\/\/www.fenxifiber.com\/de\/wp-json\/wp\/v2\/media\/367"}],"wp:attachment":[{"href":"https:\/\/www.fenxifiber.com\/de\/wp-json\/wp\/v2\/media?parent=366"}],"wp:term":[{"taxonomy":"product_brand","embeddable":true,"href":"https:\/\/www.fenxifiber.com\/de\/wp-json\/wp\/v2\/product_brand?post=366"},{"taxonomy":"product_cat","embeddable":true,"href":"https:\/\/www.fenxifiber.com\/de\/wp-json\/wp\/v2\/product_cat?post=366"},{"taxonomy":"product_tag","embeddable":true,"href":"https:\/\/www.fenxifiber.com\/de\/wp-json\/wp\/v2\/product_tag?post=366"}],"curies":[{"name":"wp","href":"https:\/\/api.w.org\/{rel}","templated":true}]}}