{"id":376,"date":"2026-01-27T02:44:31","date_gmt":"2026-01-27T02:44:31","guid":{"rendered":"https:\/\/www.fenxifiber.com\/?post_type=product&#038;p=376"},"modified":"2026-01-27T02:44:31","modified_gmt":"2026-01-27T02:44:31","slug":"odf-glasfaser-verteiler-lc-upc-96core-fur-zuverlassiges-glasfasermanagement","status":"publish","type":"product","link":"https:\/\/www.fenxifiber.com\/de\/product\/odf-fiber-optic-distribution-frame-lc-upc-96core-for-reliable-fiber-management\/","title":{"rendered":"ODF Glasfaserverteiler LC\/UPC-96core f\u00fcr zuverl\u00e4ssiges Fasermanagement"},"content":{"rendered":"<h2>Hauptmerkmale und Vorteile<\/h2>\n<ul>\n<li><strong>96-Kern High-Density-Konfiguration<\/strong><br \/>\nUnterst\u00fctzt eine gro\u00dfe Anzahl von Glasfasern in einem kompakten 19-Zoll-Rack und verbessert die Skalierbarkeit des Netzwerks.<\/li>\n<li><strong>LC\/UPC Adapter Schnittstelle<\/strong><br \/>\nBietet eine stabile optische Ausrichtung mit geringer Einf\u00fcgungsd\u00e4mpfung und eignet sich f\u00fcr die meisten Telekommunikations- und Rechenzentrumsanwendungen.<\/li>\n<li><strong>Modulares Kassettendesign<\/strong><br \/>\nKompatibel mit 12-Kern-Glasfaserkassetten, die eine flexible Bereitstellung und eine vereinfachte zuk\u00fcnftige Erweiterung erm\u00f6glichen.<\/li>\n<li><strong>Organisiertes Kabelmanagement<\/strong><br \/>\nDie klare Faserf\u00fchrung und der Schutz des Biegeradius reduzieren die Signald\u00e4mpfung und den Wartungsaufwand.<\/li>\n<li><strong>Langlebige und sichere Struktur<\/strong><br \/>\nGefertigt aus hochwertigen Metallwerkstoffen mit Oberfl\u00e4chenbehandlung f\u00fcr Korrosionsbest\u00e4ndigkeit und lange Lebensdauer.<\/li>\n<\/ul>\n<h2>Technische Daten<\/h2>\n<table>\n<thead>\n<tr>\n<th>Parameter<\/th>\n<th>Spezifikation<\/th>\n<\/tr>\n<\/thead>\n<tbody>\n<tr>\n<td>Produktname<\/td>\n<td>ODF Glasfaser-Verteilerrahmen LC\/UPC-96core<\/td>\n<\/tr>\n<tr>\n<td>Faser-Kapazit\u00e4t<\/td>\n<td>96 Kerne<\/td>\n<\/tr>\n<tr>\n<td>Adapter Typ<\/td>\n<td>LC\/UPC<\/td>\n<\/tr>\n<tr>\n<td>Faser-Typ<\/td>\n<td>Einmoden-OS2 (9\/125 \u03bcm)<\/td>\n<\/tr>\n<tr>\n<td>Montage Standard<\/td>\n<td>19-Zoll-Rackmontage<\/td>\n<\/tr>\n<tr>\n<td>Typische Einf\u00fcged\u00e4mpfung<\/td>\n<td>\u2264 0,3 dB<\/td>\n<\/tr>\n<tr>\n<td>R\u00fcckflussd\u00e4mpfung<\/td>\n<td>\u2265 50 dB<\/td>\n<\/tr>\n<tr>\n<td>Betriebstemperatur<\/td>\n<td>-20\u00b0C bis +60\u00b0C<\/td>\n<\/tr>\n<tr>\n<td>Einhaltung der Industrievorschriften<\/td>\n<td>IEC, Telcordia GR-326 (allgemein anerkannte Normen)<\/td>\n<\/tr>\n<\/tbody>\n<\/table>\n<h2>Typische Anwendungen<\/h2>\n<p>Die\u00a0<strong>ODF Glasfaser-Verteilerrahmen LC\/UPC-96core<\/strong>\u00a0ist geeignet f\u00fcr:<\/p>\n<ul>\n<li>Zentralstellen f\u00fcr Telekommunikation<\/li>\n<li>FTTH- und FTTx-Zugangsnetze<\/li>\n<li>Optische \u00dcbertragungssysteme<\/li>\n<li>Rechenzentren und Unternehmensnetzwerke<\/li>\n<li>Systemintegration und Glasfaserverteilungsprojekte<\/li>\n<\/ul>\n<h2>Fenxi Optoelectronics Technologie St\u00e4rken<\/h2>\n<p>Fenxi Optoelectronics Technology kombiniert erfahrene F&amp;E-Teams mit strengen Produktions- und Qualit\u00e4tsmanagementsystemen. Die ODF-Produkte von Fenxi Optoelectronics Technology erf\u00fcllen die praktischen Anforderungen globaler optischer Kommunikationsnetze und bieten zuverl\u00e4ssige Leistung, eine standardisierte Struktur und eine hohe Kompatibilit\u00e4t mit herk\u00f6mmlichen Glasfaserkomponenten.<\/p>\n<h2>Schlussfolgerung<\/h2>\n<p>Die\u00a0<strong>ODF Glasfaser-Verteilerrahmen LC\/UPC-96core<\/strong>\u00a0ist eine zuverl\u00e4ssige und skalierbare L\u00f6sung f\u00fcr die Verteilung und Verwaltung von Glasfasern mit hoher Dichte. Sie unterst\u00fctzt die effiziente Bereitstellung von Netzwerken bei gleichzeitig stabiler optischer Leistung und langfristiger Betriebssicherheit.<\/p>","protected":false},"excerpt":{"rendered":"<h2>Produkt\u00fcbersicht<\/h2>\n<p>Die\u00a0<strong>ODF Glasfaser-Verteilerrahmen LC\/UPC-96core<\/strong>\u00a0ist eine Glasfaserverwaltungsl\u00f6sung mit hoher Dichte, die f\u00fcr Telekommunikationsbetreiber, Systemintegratoren und FTTH-Netzwerkprojekte entwickelt wurde. Dieser von Fenxi Optoelectronics Technology entwickelte Verteiler integriert Faserabschluss, Splei\u00dfen, Speicherung und Verteilung in einer einzigen standardisierten Plattform und tr\u00e4gt so zu einer stabilen Signal\u00fcbertragung und einem effizienten Netzwerkbetrieb bei.<\/p>\n<p>Ausgestattet mit\u00a0<strong>LC\/UPC-Adapter<\/strong>, unterst\u00fctzt die ODF bis zu\u00a0<strong>96 Faserkerne<\/strong>, Sie bieten eine geringe Einf\u00fcgungsd\u00e4mpfung und eine gleichbleibende Leistung f\u00fcr optische Verbindungen \u00fcber kurze und mittlere Entfernungen, die h\u00e4ufig in Zugangs- und \u00dcbertragungsnetzen verwendet werden.<\/p>","protected":false},"featured_media":377,"comment_status":"open","ping_status":"closed","template":"","meta":[],"product_brand":[],"product_cat":[31],"product_tag":[],"class_list":{"0":"post-376","1":"product","2":"type-product","3":"status-publish","4":"has-post-thumbnail","6":"product_cat-odf-fiber-optic-distribution-frame","8":"first","9":"instock","10":"shipping-taxable","11":"product-type-simple"},"_links":{"self":[{"href":"https:\/\/www.fenxifiber.com\/de\/wp-json\/wp\/v2\/product\/376","targetHints":{"allow":["GET"]}}],"collection":[{"href":"https:\/\/www.fenxifiber.com\/de\/wp-json\/wp\/v2\/product"}],"about":[{"href":"https:\/\/www.fenxifiber.com\/de\/wp-json\/wp\/v2\/types\/product"}],"replies":[{"embeddable":true,"href":"https:\/\/www.fenxifiber.com\/de\/wp-json\/wp\/v2\/comments?post=376"}],"wp:featuredmedia":[{"embeddable":true,"href":"https:\/\/www.fenxifiber.com\/de\/wp-json\/wp\/v2\/media\/377"}],"wp:attachment":[{"href":"https:\/\/www.fenxifiber.com\/de\/wp-json\/wp\/v2\/media?parent=376"}],"wp:term":[{"taxonomy":"product_brand","embeddable":true,"href":"https:\/\/www.fenxifiber.com\/de\/wp-json\/wp\/v2\/product_brand?post=376"},{"taxonomy":"product_cat","embeddable":true,"href":"https:\/\/www.fenxifiber.com\/de\/wp-json\/wp\/v2\/product_cat?post=376"},{"taxonomy":"product_tag","embeddable":true,"href":"https:\/\/www.fenxifiber.com\/de\/wp-json\/wp\/v2\/product_tag?post=376"}],"curies":[{"name":"wp","href":"https:\/\/api.w.org\/{rel}","templated":true}]}}