{"id":378,"date":"2026-01-27T02:50:03","date_gmt":"2026-01-27T02:50:03","guid":{"rendered":"https:\/\/www.fenxifiber.com\/?post_type=product&#038;p=378"},"modified":"2026-01-27T02:50:03","modified_gmt":"2026-01-27T02:50:03","slug":"odf-glasfaser-verteiler-sc-apc-48-kernlosung","status":"publish","type":"product","link":"https:\/\/www.fenxifiber.com\/de\/product\/odf-fiber-optic-distribution-frame-sc-apc-48-core-solution\/","title":{"rendered":"ODF Glasfaserverteiler SC\/APC-48 Kernl\u00f6sung"},"content":{"rendered":"<h2>Hauptmerkmale und Vorteile<\/h2>\n<ul>\n<li><strong>48-Kern-Kapazit\u00e4t<\/strong><br \/>\nOptimiert f\u00fcr die Verteilung von Glasfasern mittlerer Dichte, ideal f\u00fcr Zugangsnetze und Verteilungsebenen.<\/li>\n<li><strong>SC\/APC-Adapter-Schnittstelle<\/strong><br \/>\nBietet eine hohe R\u00fcckflussd\u00e4mpfung und verbessert die Signalstabilit\u00e4t und \u00dcbertragungsqualit\u00e4t.<\/li>\n<li><strong>Standard 19-Zoll-Rackmontage<\/strong><br \/>\nKompatibel mit Telekommunikations-Racks und -Schr\u00e4nken f\u00fcr eine einfache Integration.<\/li>\n<li><strong>Modularer Innenaufbau<\/strong><br \/>\nUnterst\u00fctzt 12-Kern-Glasfaserkassetten und erm\u00f6glicht so eine flexible Konfiguration und vereinfachte Wartung.<\/li>\n<li><strong>Professionelles Kabelmanagement<\/strong><br \/>\nKlare Routingpfade und ein Schutz vor Biegeradien tragen dazu bei, die Belastung der Fasern und den Signalverlust zu reduzieren.<\/li>\n<li><strong>Langlebiges Metallgeh\u00e4use<\/strong><br \/>\nDie Anti-Korrosions-Oberfl\u00e4chenbehandlung sorgt f\u00fcr langfristige Zuverl\u00e4ssigkeit in Netzwerkumgebungen in Geb\u00e4uden.<\/li>\n<\/ul>\n<h2>Technische Daten<\/h2>\n<table>\n<thead>\n<tr>\n<th>Artikel<\/th>\n<th>Spezifikation<\/th>\n<\/tr>\n<\/thead>\n<tbody>\n<tr>\n<td>Produktname<\/td>\n<td>ODF Faseroptischer Verteiler SC\/APC-48 Kern<\/td>\n<\/tr>\n<tr>\n<td>Faser-Kapazit\u00e4t<\/td>\n<td>48 Kerne<\/td>\n<\/tr>\n<tr>\n<td>Adapter Typ<\/td>\n<td>SC\/APC<\/td>\n<\/tr>\n<tr>\n<td>Faser-Typ<\/td>\n<td>Einmoden-OS2 (9\/125 \u03bcm)<\/td>\n<\/tr>\n<tr>\n<td>Montage Typ<\/td>\n<td>19-Zoll-Rackmontage<\/td>\n<\/tr>\n<tr>\n<td>Typische Einf\u00fcged\u00e4mpfung<\/td>\n<td>\u2264 0,3 dB<\/td>\n<\/tr>\n<tr>\n<td>R\u00fcckflussd\u00e4mpfung<\/td>\n<td>\u2265 60 dB<\/td>\n<\/tr>\n<tr>\n<td>Betriebstemperatur<\/td>\n<td>-20\u00b0C bis +60\u00b0C<\/td>\n<\/tr>\n<tr>\n<td>Referenzstandards<\/td>\n<td>IEC, Telcordia GR-326 (allgemein verwendete Industrienormen)<\/td>\n<\/tr>\n<\/tbody>\n<\/table>\n<h2>Anwendungsszenarien<\/h2>\n<p>Die\u00a0<strong>ODF Faseroptischer Verteiler SC\/APC-48 Kern<\/strong>\u00a0ist weit verbreitet in:<\/p>\n<ul>\n<li>Zentralstellen f\u00fcr Telekommunikation<\/li>\n<li>FTTH- und FTTx-Zugangsnetze<\/li>\n<li>Optische \u00dcbertragungs- und Verteilungssysteme<\/li>\n<li>Rechenzentren und Unternehmensnetzwerke<\/li>\n<li>Projekte zur Systemintegration<\/li>\n<\/ul>","protected":false},"excerpt":{"rendered":"<h2>Produkt\u00fcbersicht<\/h2>\n<p>Die\u00a0<strong>ODF Faseroptischer Verteiler SC\/APC-48 Kern<\/strong>\u00a0ist eine kompakte und zuverl\u00e4ssige Glasfaserverwaltungsl\u00f6sung, die f\u00fcr Telekommunikationsbetreiber, Systemintegratoren und FTTH-Netzwerke entwickelt wurde. Dieser von Fenxi Optoelectronics Technology entwickelte ODF integriert Faserabschluss, Splei\u00dfen, Speicherung und Verteilung in einer standardisierten Struktur und gew\u00e4hrleistet eine stabile optische Leistung und ein effizientes Netzwerkmanagement.<\/p>\n<p>Mit\u00a0<strong>SC\/APC-Adapter<\/strong>, Das abgewinkelte Kontaktdesign reduziert die R\u00fcckreflexion erheblich, wodurch sich das Produkt f\u00fcr eine hochwertige Signal\u00fcbertragung in Zugangs- und Aggregationsnetzen eignet.<\/p>","protected":false},"featured_media":379,"comment_status":"open","ping_status":"closed","template":"","meta":[],"product_brand":[],"product_cat":[31],"product_tag":[],"class_list":{"0":"post-378","1":"product","2":"type-product","3":"status-publish","4":"has-post-thumbnail","6":"product_cat-odf-fiber-optic-distribution-frame","8":"first","9":"instock","10":"shipping-taxable","11":"product-type-simple"},"_links":{"self":[{"href":"https:\/\/www.fenxifiber.com\/de\/wp-json\/wp\/v2\/product\/378","targetHints":{"allow":["GET"]}}],"collection":[{"href":"https:\/\/www.fenxifiber.com\/de\/wp-json\/wp\/v2\/product"}],"about":[{"href":"https:\/\/www.fenxifiber.com\/de\/wp-json\/wp\/v2\/types\/product"}],"replies":[{"embeddable":true,"href":"https:\/\/www.fenxifiber.com\/de\/wp-json\/wp\/v2\/comments?post=378"}],"wp:featuredmedia":[{"embeddable":true,"href":"https:\/\/www.fenxifiber.com\/de\/wp-json\/wp\/v2\/media\/379"}],"wp:attachment":[{"href":"https:\/\/www.fenxifiber.com\/de\/wp-json\/wp\/v2\/media?parent=378"}],"wp:term":[{"taxonomy":"product_brand","embeddable":true,"href":"https:\/\/www.fenxifiber.com\/de\/wp-json\/wp\/v2\/product_brand?post=378"},{"taxonomy":"product_cat","embeddable":true,"href":"https:\/\/www.fenxifiber.com\/de\/wp-json\/wp\/v2\/product_cat?post=378"},{"taxonomy":"product_tag","embeddable":true,"href":"https:\/\/www.fenxifiber.com\/de\/wp-json\/wp\/v2\/product_tag?post=378"}],"curies":[{"name":"wp","href":"https:\/\/api.w.org\/{rel}","templated":true}]}}