{"id":380,"date":"2026-01-27T02:59:06","date_gmt":"2026-01-27T02:59:06","guid":{"rendered":"https:\/\/www.fenxifiber.com\/?post_type=product&#038;p=380"},"modified":"2026-01-27T02:59:06","modified_gmt":"2026-01-27T02:59:06","slug":"odf-glasfaser-verteiler-sc-upc-48-ader-fur-ftth","status":"publish","type":"product","link":"https:\/\/www.fenxifiber.com\/de\/product\/odf-fiber-optic-distribution-frame-sc-upc-48-core-for-ftth\/","title":{"rendered":"ODF Glasfaser-Verteilerrahmen SC\/UPC-48 Core f\u00fcr FTTH"},"content":{"rendered":"<h2>Hauptmerkmale und Vorteile<\/h2>\n<ul>\n<li><strong>48-Kern-Faserkapazit\u00e4t<\/strong><br \/>\nIdeal f\u00fcr Verteilungsanforderungen mittlerer Dichte in Zugangs- und Aggregationsschichten.<\/li>\n<li><strong>SC\/UPC-Adapter-Schnittstelle<\/strong><br \/>\nGew\u00e4hrleistet eine pr\u00e4zise Faserausrichtung und eine stabile optische Leistung mit geringer Einf\u00fcged\u00e4mpfung.<\/li>\n<li><strong>Standard 19-Zoll Rack Mount Design<\/strong><br \/>\nL\u00e4sst sich leicht in Telekommunikationsschr\u00e4nke und Ger\u00e4ter\u00e4ume integrieren.<\/li>\n<li><strong>Modularer Kassettenaufbau<\/strong><br \/>\nKompatibel mit 12-Kern-Glasfaserkassetten f\u00fcr flexible Konfiguration und vereinfachte Erweiterung.<\/li>\n<li><strong>Effizientes Kabelmanagement<\/strong><br \/>\nKlare Routingpfade und ein Schutz vor Biegeradien tragen dazu bei, die Belastung der Fasern und die Signald\u00e4mpfung zu minimieren.<\/li>\n<li><strong>Langlebiges Metall-Geh\u00e4use<\/strong><br \/>\nDas oberfl\u00e4chenbehandelte Geh\u00e4use bietet Korrosionsbest\u00e4ndigkeit und langfristige Betriebsstabilit\u00e4t.<\/li>\n<\/ul>\n<h2>Technische Daten<\/h2>\n<table>\n<thead>\n<tr>\n<th>Parameter<\/th>\n<th>Spezifikation<\/th>\n<\/tr>\n<\/thead>\n<tbody>\n<tr>\n<td>Produktname<\/td>\n<td>ODF Glasfaser-Verteilerrahmen SC\/UPC-48-Kern<\/td>\n<\/tr>\n<tr>\n<td>Faser-Kapazit\u00e4t<\/td>\n<td>48 Kerne<\/td>\n<\/tr>\n<tr>\n<td>Adapter Typ<\/td>\n<td>SC\/UPC<\/td>\n<\/tr>\n<tr>\n<td>Faser-Typ<\/td>\n<td>Einmoden-OS2 (9\/125 \u03bcm)<\/td>\n<\/tr>\n<tr>\n<td>Montage Typ<\/td>\n<td>19-Zoll-Rackmontage<\/td>\n<\/tr>\n<tr>\n<td>Typische Einf\u00fcged\u00e4mpfung<\/td>\n<td>\u2264 0,3 dB<\/td>\n<\/tr>\n<tr>\n<td>R\u00fcckflussd\u00e4mpfung<\/td>\n<td>\u2265 50 dB<\/td>\n<\/tr>\n<tr>\n<td>Betriebstemperatur<\/td>\n<td>-20\u00b0C bis +60\u00b0C<\/td>\n<\/tr>\n<tr>\n<td>Referenzstandards<\/td>\n<td>IEC, Telcordia GR-326 (weit verbreitete Normen)<\/td>\n<\/tr>\n<\/tbody>\n<\/table>\n<h2>Anwendungsbereiche<\/h2>\n<p>Die\u00a0<strong>ODF Glasfaser-Verteilerrahmen SC\/UPC-48-Kern<\/strong>\u00a0wird \u00fcblicherweise verwendet in:<\/p>\n<ul>\n<li>Zentralstellen f\u00fcr Telekommunikation<\/li>\n<li>FTTH- und FTTx-Zugangsnetze<\/li>\n<li>Optische \u00dcbertragungs- und Verteilungssysteme<\/li>\n<li>Rechenzentren und Unternehmensnetzwerke<\/li>\n<li>Systemintegration und Infrastrukturprojekte<\/li>\n<\/ul>\n<h2>Fenxi Optoelektronik Technologie Kompetenz<\/h2>\n<p>Fenxi Optoelectronics Technology verf\u00fcgt \u00fcber erfahrene F&amp;E-Ingenieure und professionelle Produktions- und Qualit\u00e4tsmanagement-Teams. Die ODF-Produkte von Fenxi Optoelectronics Technology sind so konzipiert, dass sie den Anforderungen des internationalen Marktes gerecht werden. Sie bieten eine standardisierte Struktur, eine stabile Leistung und eine hohe Kompatibilit\u00e4t mit den g\u00e4ngigen optischen Kommunikationsger\u00e4ten.<\/p>","protected":false},"excerpt":{"rendered":"<h2>Produkt\u00fcbersicht<\/h2>\n<p>Die\u00a0<strong>ODF Glasfaser-Verteilerrahmen SC\/UPC-48-Kern<\/strong>\u00a0ist eine praktische und kosteneffiziente Glasfaserverwaltungsl\u00f6sung f\u00fcr Telekommunikationsbetreiber, Systemintegratoren und FTTH-Netzwerke. Dieser von Fenxi Optoelectronics Technology entwickelte ODF integriert Faserabschluss, Splei\u00dfen, Speicherung und Verteilung in einer kompakten und standardisierten Einheit und tr\u00e4gt dazu bei, eine stabile Signal\u00fcbertragung und effiziente Netzwerkwartung zu gew\u00e4hrleisten.<\/p>\n<p>Mit\u00a0<strong>SC\/UPC-Adapter<\/strong>\u00a0und Unterst\u00fctzung f\u00fcr bis zu\u00a0<strong>48 Faserkerne<\/strong>, Das Produkt zeichnet sich durch geringe Einf\u00fcged\u00e4mpfung und zuverl\u00e4ssige Leistung aus und eignet sich daher gut f\u00fcr Zugangsnetze und optische Systeme in Unternehmen.<\/p>","protected":false},"featured_media":381,"comment_status":"open","ping_status":"closed","template":"","meta":[],"product_brand":[],"product_cat":[31],"product_tag":[],"class_list":{"0":"post-380","1":"product","2":"type-product","3":"status-publish","4":"has-post-thumbnail","6":"product_cat-odf-fiber-optic-distribution-frame","8":"first","9":"instock","10":"shipping-taxable","11":"product-type-simple"},"_links":{"self":[{"href":"https:\/\/www.fenxifiber.com\/de\/wp-json\/wp\/v2\/product\/380","targetHints":{"allow":["GET"]}}],"collection":[{"href":"https:\/\/www.fenxifiber.com\/de\/wp-json\/wp\/v2\/product"}],"about":[{"href":"https:\/\/www.fenxifiber.com\/de\/wp-json\/wp\/v2\/types\/product"}],"replies":[{"embeddable":true,"href":"https:\/\/www.fenxifiber.com\/de\/wp-json\/wp\/v2\/comments?post=380"}],"wp:featuredmedia":[{"embeddable":true,"href":"https:\/\/www.fenxifiber.com\/de\/wp-json\/wp\/v2\/media\/381"}],"wp:attachment":[{"href":"https:\/\/www.fenxifiber.com\/de\/wp-json\/wp\/v2\/media?parent=380"}],"wp:term":[{"taxonomy":"product_brand","embeddable":true,"href":"https:\/\/www.fenxifiber.com\/de\/wp-json\/wp\/v2\/product_brand?post=380"},{"taxonomy":"product_cat","embeddable":true,"href":"https:\/\/www.fenxifiber.com\/de\/wp-json\/wp\/v2\/product_cat?post=380"},{"taxonomy":"product_tag","embeddable":true,"href":"https:\/\/www.fenxifiber.com\/de\/wp-json\/wp\/v2\/product_tag?post=380"}],"curies":[{"name":"wp","href":"https:\/\/api.w.org\/{rel}","templated":true}]}}