{"id":382,"date":"2026-01-27T05:49:53","date_gmt":"2026-01-27T05:49:53","guid":{"rendered":"https:\/\/www.fenxifiber.com\/?post_type=product&#038;p=382"},"modified":"2026-01-27T05:49:53","modified_gmt":"2026-01-27T05:49:53","slug":"odf-faseroptischer-verteiler-fc-upc-48-kern-fur-telekommunikation","status":"publish","type":"product","link":"https:\/\/www.fenxifiber.com\/de\/product\/odf-fiber-optic-distribution-frame-fc-upc-48-core-for-telecom\/","title":{"rendered":"ODF Glasfaserverteiler FC\/UPC-48 Kern f\u00fcr Telekommunikation"},"content":{"rendered":"<h2>Hauptmerkmale und Vorteile<\/h2>\n<ul>\n<li><strong>48-Kern-Faserkapazit\u00e4t<\/strong><br \/>\nEntwickelt f\u00fcr die Verteilung von Glasfasern mittlerer Dichte in Zugangs- und \u00dcbertragungsnetzen.<\/li>\n<li><strong>FC\/UPC-Adapter-Schnittstelle<\/strong><br \/>\nDie Gewindekupplung gew\u00e4hrleistet eine hohe Vibrationsfestigkeit und eine stabile optische Leistung.<\/li>\n<li><strong>Standard 19-Zoll-Rackmontage<\/strong><br \/>\nKompatibel mit g\u00e4ngigen Telekommunikationsracks und -schr\u00e4nken f\u00fcr eine einfache Installation.<\/li>\n<li><strong>Modularer Innenaufbau<\/strong><br \/>\nUnterst\u00fctzt 12-Kern-Glasfaserkassetten und erm\u00f6glicht so eine flexible Konfiguration und bequeme Wartung.<\/li>\n<li><strong>Effizientes Faser-Management<\/strong><br \/>\nKlare Routingpfade und die Steuerung des Biegeradius reduzieren die Belastung der Fasern und den Signalverlust.<\/li>\n<li><strong>Robustes Metallgeh\u00e4use<\/strong><br \/>\nDie korrosionshemmende Oberfl\u00e4chenbehandlung unterst\u00fctzt den langfristigen Betrieb in Innenr\u00e4umen.<\/li>\n<\/ul>\n<h2>Technische Daten<\/h2>\n<table>\n<thead>\n<tr>\n<th>Artikel<\/th>\n<th>Spezifikation<\/th>\n<\/tr>\n<\/thead>\n<tbody>\n<tr>\n<td>Produktname<\/td>\n<td>ODF Faseroptischer Verteiler FC\/UPC-48-Kern<\/td>\n<\/tr>\n<tr>\n<td>Faser-Kapazit\u00e4t<\/td>\n<td>48 Kerne<\/td>\n<\/tr>\n<tr>\n<td>Adapter Typ<\/td>\n<td>FC\/UPC<\/td>\n<\/tr>\n<tr>\n<td>Faser-Typ<\/td>\n<td>Einmoden-OS2 (9\/125 \u03bcm)<\/td>\n<\/tr>\n<tr>\n<td>Montage Typ<\/td>\n<td>19-Zoll-Rackmontage<\/td>\n<\/tr>\n<tr>\n<td>Typische Einf\u00fcged\u00e4mpfung<\/td>\n<td>\u2264 0,3 dB<\/td>\n<\/tr>\n<tr>\n<td>R\u00fcckflussd\u00e4mpfung<\/td>\n<td>\u2265 50 dB<\/td>\n<\/tr>\n<tr>\n<td>Betriebstemperatur<\/td>\n<td>-20\u00b0C bis +60\u00b0C<\/td>\n<\/tr>\n<tr>\n<td>Referenzstandards<\/td>\n<td>IEC, Telcordia GR-326 (von der Industrie anerkannte Verfahren)<\/td>\n<\/tr>\n<\/tbody>\n<\/table>\n<h2>Anwendungsszenarien<\/h2>\n<p>Die\u00a0<strong>ODF Faseroptischer Verteiler FC\/UPC-48-Kern<\/strong>\u00a0ist weit verbreitet in:<\/p>\n<ul>\n<li>Zentralstellen f\u00fcr Telekommunikation<\/li>\n<li>Optische \u00dcbertragungs- und Zugangsnetze<\/li>\n<li>FTTH- und FTTx-Infrastruktur<\/li>\n<li>Unternehmensweite Kommunikationssysteme<\/li>\n<li>Projekte zur Systemintegration und Netzverteilung<\/li>\n<\/ul>\n<h2>Fenxi Optoelectronics Technologief\u00e4higkeiten<\/h2>\n<p>Fenxi Optoelectronics Technology vereint erfahrene F&amp;E-Experten mit strengen Produktions- und Qualit\u00e4tsmanagementsystemen. Die ODF-Produkte des Unternehmens sind so konzipiert, dass sie die Anforderungen des internationalen Marktes erf\u00fcllen. Sie bieten eine zuverl\u00e4ssige Leistung, ein standardisiertes Design und eine hohe Kompatibilit\u00e4t mit den g\u00e4ngigsten optischen Kommunikationsger\u00e4ten.<\/p>","protected":false},"excerpt":{"rendered":"<h2>Produkt\u00fcbersicht<\/h2>\n<p>Die\u00a0<strong>ODF Faseroptischer Verteiler FC\/UPC-48-Kern<\/strong>\u00a0ist eine stabile und professionelle Faserverwaltungsl\u00f6sung, die f\u00fcr Telekommunikationsbetreiber, Systemintegratoren und optische \u00dcbertragungsnetze entwickelt wurde. Der von Fenxi Optoelectronics Technology entwickelte ODF vereint Faserabschluss, Splei\u00dfen, Speicherung und Verteilung in einer standardisierten Struktur und gew\u00e4hrleistet so eine zuverl\u00e4ssige Signal\u00fcbertragung und effiziente Netzwerkorganisation.<\/p>\n<p>Verwendung von\u00a0<strong>FC\/UPC-Adapter<\/strong>, Der Rahmen bietet sichere Schraubverbindungen und eine stabile optische Ausrichtung und eignet sich daher f\u00fcr Umgebungen, die eine hohe mechanische Stabilit\u00e4t und gleichbleibende Leistung erfordern.<\/p>","protected":false},"featured_media":383,"comment_status":"open","ping_status":"closed","template":"","meta":[],"product_brand":[],"product_cat":[31],"product_tag":[],"class_list":{"0":"post-382","1":"product","2":"type-product","3":"status-publish","4":"has-post-thumbnail","6":"product_cat-odf-fiber-optic-distribution-frame","8":"first","9":"instock","10":"shipping-taxable","11":"product-type-simple"},"_links":{"self":[{"href":"https:\/\/www.fenxifiber.com\/de\/wp-json\/wp\/v2\/product\/382","targetHints":{"allow":["GET"]}}],"collection":[{"href":"https:\/\/www.fenxifiber.com\/de\/wp-json\/wp\/v2\/product"}],"about":[{"href":"https:\/\/www.fenxifiber.com\/de\/wp-json\/wp\/v2\/types\/product"}],"replies":[{"embeddable":true,"href":"https:\/\/www.fenxifiber.com\/de\/wp-json\/wp\/v2\/comments?post=382"}],"wp:featuredmedia":[{"embeddable":true,"href":"https:\/\/www.fenxifiber.com\/de\/wp-json\/wp\/v2\/media\/383"}],"wp:attachment":[{"href":"https:\/\/www.fenxifiber.com\/de\/wp-json\/wp\/v2\/media?parent=382"}],"wp:term":[{"taxonomy":"product_brand","embeddable":true,"href":"https:\/\/www.fenxifiber.com\/de\/wp-json\/wp\/v2\/product_brand?post=382"},{"taxonomy":"product_cat","embeddable":true,"href":"https:\/\/www.fenxifiber.com\/de\/wp-json\/wp\/v2\/product_cat?post=382"},{"taxonomy":"product_tag","embeddable":true,"href":"https:\/\/www.fenxifiber.com\/de\/wp-json\/wp\/v2\/product_tag?post=382"}],"curies":[{"name":"wp","href":"https:\/\/api.w.org\/{rel}","templated":true}]}}