{"id":392,"date":"2026-01-27T06:14:28","date_gmt":"2026-01-27T06:14:28","guid":{"rendered":"https:\/\/www.fenxifiber.com\/?post_type=product&#038;p=392"},"modified":"2026-01-27T06:14:28","modified_gmt":"2026-01-27T06:14:28","slug":"odf-faseroptik-verteiler-lc-apc-144-kern-hersteller","status":"publish","type":"product","link":"https:\/\/www.fenxifiber.com\/de\/product\/odf-fiber-optic-distribution-frame-lc-apc-144-core-manufacturer\/","title":{"rendered":"ODF Glasfaser-Verteilerrahmen LC\/APC-144 Kern | Hersteller"},"content":{"rendered":"<h2>Hauptmerkmale und Vorteile<\/h2>\n<ul>\n<li><strong>High-Density-Design<\/strong>: Unterst\u00fctzt bis zu 144 Glasfaserkerne in einem kompakten Rahmen, der den Platzbedarf im Rack optimiert.<\/li>\n<li><strong>LC\/APC-Schnittstelle<\/strong>: Der abgewinkelte physische Kontakt reduziert die R\u00fcckreflexion und gew\u00e4hrleistet eine hervorragende Signalqualit\u00e4t in optischen Hochgeschwindigkeitsnetzen.<\/li>\n<li><strong>Modularer Kassettenaufbau<\/strong>: Erm\u00f6glicht flexible Konfiguration, einfache Installation und schnelle Wartung.<\/li>\n<li><strong>Robuste Konstruktion<\/strong>: Hergestellt aus kaltgewalztem Stahl oder Aluminiumlegierung mit Korrosionsschutzbeschichtung f\u00fcr eine lange Lebensdauer.<\/li>\n<li><strong>\u00dcbersichtliches Faser-Management<\/strong>: Dediziertes Routing f\u00fcr Fasern, Splei\u00dfen und Patching minimiert Biegeverluste und verbessert die Zuverl\u00e4ssigkeit des Netzwerks.<\/li>\n<\/ul>\n<h2>Typische technische Spezifikationen<\/h2>\n<p>Die folgenden Spezifikationen basieren auf weit verbreiteten Industriestandards f\u00fcr den Einsatz der optischen Kommunikation im Zeitraum 2024-2025:<\/p>\n<table>\n<thead>\n<tr>\n<th>Parameter<\/th>\n<th>Spezifikation<\/th>\n<\/tr>\n<\/thead>\n<tbody>\n<tr>\n<td>Produktname<\/td>\n<td>ODF Faseroptischer Verteiler<\/td>\n<\/tr>\n<tr>\n<td>Stecker Typ<\/td>\n<td>LC\/APC<\/td>\n<\/tr>\n<tr>\n<td>Faser-Kapazit\u00e4t<\/td>\n<td>144 Kerne<\/td>\n<\/tr>\n<tr>\n<td>Einrichtung<\/td>\n<td>19-Zoll-Standard-Rack<\/td>\n<\/tr>\n<tr>\n<td>Einf\u00fcged\u00e4mpfung<\/td>\n<td>\u2264 0,3 dB (typisch)<\/td>\n<\/tr>\n<tr>\n<td>R\u00fcckflussd\u00e4mpfung<\/td>\n<td>\u2265 60 dB (APC)<\/td>\n<\/tr>\n<tr>\n<td>Betriebstemperatur<\/td>\n<td>-40\u00b0C bis +60\u00b0C<\/td>\n<\/tr>\n<tr>\n<td>Anmeldung<\/td>\n<td>Telekommunikation, FTTx, Rechenzentrum<\/td>\n<\/tr>\n<\/tbody>\n<\/table>\n<h2>Anwendungsszenarien<\/h2>\n<ul>\n<li><strong>Telekommunikations-Zentral\u00e4mter<\/strong>\u00a0f\u00fcr die Verteilung von Backbone- und Zugangsnetzen<\/li>\n<li><strong>FTTH \/ FTTx-Projekte<\/strong>\u00a0die einen leistungsstarken und zuverl\u00e4ssigen Glasfaserabschluss erfordern<\/li>\n<li><strong>Daten-Zentren<\/strong>\u00a0anspruchsvolles strukturiertes, hochdichtes Fasermanagement<\/li>\n<li><strong>Projekte zur Systemintegration<\/strong>\u00a0mit strengen Anforderungen an Leistung und Skalierbarkeit<\/li>\n<\/ul>\n<h2>Warum Fenxi Optoelectronics w\u00e4hlen?<\/h2>\n<p>Fenxi Optoelectronics Technology vereint erfahrene F&amp;E-Teams mit ausgereiften Produktions- und Qualit\u00e4tsmanagementsystemen. Von der Materialauswahl bis zur Endkontrolle wird jeder ODF-Lichtwellenleiter-Verteiler LC\/APC-144-Kern nach internationalen Standards gefertigt und unterst\u00fctzt OEM\/ODM-Services und B2B-Lieferungen in gro\u00dfen Mengen.<\/p>","protected":false},"excerpt":{"rendered":"<h2>Produkt\u00fcbersicht<\/h2>\n<p>Die\u00a0<strong>ODF Faseroptischer Verteiler LC\/APC-144-Kern<\/strong>\u00a0ist eine Glasfaserverwaltungsl\u00f6sung mit hoher Dichte, die f\u00fcr zentrale B\u00fcros, Rechenzentren, FTTx-Netzwerke und Systemintegrationsprojekte entwickelt wurde. Dieser von Fenxi Optoelectronics Technology entwickelte ODF bietet zuverl\u00e4ssige Terminierung, Splei\u00dfung, Speicherung und Verteilung f\u00fcr gro\u00dfe Glasfasernetze und gew\u00e4hrleistet gleichzeitig eine geringe Einf\u00fcged\u00e4mpfung und langfristige Stabilit\u00e4t.<\/p>\n<p>Mit seiner modularen Struktur und dem pr\u00e4zisen LC\/APC-Schnittstellendesign unterst\u00fctzt der 144-adrige ODF eine effiziente Netzwerkerweiterung und vereinfacht die Wartung. Damit ist er ideal f\u00fcr Telekommunikationsbetreiber und Integratoren, die ein skalierbares und professionelles Glasfasermanagement suchen.<\/p>","protected":false},"featured_media":393,"comment_status":"open","ping_status":"closed","template":"","meta":[],"product_brand":[],"product_cat":[31],"product_tag":[],"class_list":{"0":"post-392","1":"product","2":"type-product","3":"status-publish","4":"has-post-thumbnail","6":"product_cat-odf-fiber-optic-distribution-frame","8":"first","9":"instock","10":"shipping-taxable","11":"product-type-simple"},"_links":{"self":[{"href":"https:\/\/www.fenxifiber.com\/de\/wp-json\/wp\/v2\/product\/392","targetHints":{"allow":["GET"]}}],"collection":[{"href":"https:\/\/www.fenxifiber.com\/de\/wp-json\/wp\/v2\/product"}],"about":[{"href":"https:\/\/www.fenxifiber.com\/de\/wp-json\/wp\/v2\/types\/product"}],"replies":[{"embeddable":true,"href":"https:\/\/www.fenxifiber.com\/de\/wp-json\/wp\/v2\/comments?post=392"}],"wp:featuredmedia":[{"embeddable":true,"href":"https:\/\/www.fenxifiber.com\/de\/wp-json\/wp\/v2\/media\/393"}],"wp:attachment":[{"href":"https:\/\/www.fenxifiber.com\/de\/wp-json\/wp\/v2\/media?parent=392"}],"wp:term":[{"taxonomy":"product_brand","embeddable":true,"href":"https:\/\/www.fenxifiber.com\/de\/wp-json\/wp\/v2\/product_brand?post=392"},{"taxonomy":"product_cat","embeddable":true,"href":"https:\/\/www.fenxifiber.com\/de\/wp-json\/wp\/v2\/product_cat?post=392"},{"taxonomy":"product_tag","embeddable":true,"href":"https:\/\/www.fenxifiber.com\/de\/wp-json\/wp\/v2\/product_tag?post=392"}],"curies":[{"name":"wp","href":"https:\/\/api.w.org\/{rel}","templated":true}]}}