{"id":398,"date":"2026-01-28T01:03:32","date_gmt":"2026-01-28T01:03:32","guid":{"rendered":"https:\/\/www.fenxifiber.com\/?post_type=product&#038;p=398"},"modified":"2026-01-28T01:13:07","modified_gmt":"2026-01-28T01:13:07","slug":"fc-apc-12core-hersteller-von-glasfaser-spleiskassetten","status":"publish","type":"product","link":"https:\/\/www.fenxifiber.com\/de\/product\/fiber-optic-splice-tray-fc-apc-12core-manufacturer\/","title":{"rendered":"Glasfaser-Splei\u00dfablage FC\/APC-12core Hersteller"},"content":{"rendered":"<p><strong>Optimiertes Fasermanagement und Schutz<\/strong><\/p>\n<p>Die 12-Kern-Splei\u00dfablage wurde entwickelt, um die Splei\u00dfm\u00f6glichkeiten von Glasfasern in optischen Verteilerrahmen (ODF), Glasfaserabschlussdosen und Splei\u00dfmuffen zu erweitern. Er eignet sich speziell f\u00fcr FC\/APC-Adapter und gew\u00e4hrleistet eine niedrige Einf\u00fcgungsd\u00e4mpfung und eine hohe R\u00fcckflussd\u00e4mpfung f\u00fcr kritische Signal\u00fcbertragungen. Die Schale verf\u00fcgt \u00fcber ein pr\u00e4zises Layout, das den minimalen Biegeradius der Faser beibeh\u00e4lt und so Signald\u00e4mpfung und physische Sch\u00e4den verhindert. Das stapelbare Design erm\u00f6glicht eine skalierbare Netzwerkerweiterung und ist somit ideal f\u00fcr wachsende Fiber to the Home (FTTH)-Infrastrukturen.<\/p>\n<p><strong>Technische Daten<\/strong><\/p>\n<p>Unsere Splei\u00dfmulden werden aus hochwertigen, flammhemmenden Materialien hergestellt, die eine hohe Zuverl\u00e4ssigkeit in rauen Umgebungen gew\u00e4hrleisten. Nachstehend finden Sie die technischen Standardparameter f\u00fcr dieses Produkt:<\/p>\n<table>\n<thead>\n<tr>\n<th>Parameter<\/th>\n<th>Spezifikation<\/th>\n<\/tr>\n<\/thead>\n<tbody>\n<tr>\n<td><strong>Produktname<\/strong><\/td>\n<td>Glasfaser-Splei\u00dfablage FC\/APC-12core<\/td>\n<\/tr>\n<tr>\n<td><strong>Material<\/strong><\/td>\n<td>Hochfestes ABS \/ PC (flammhemmend)<\/td>\n<\/tr>\n<tr>\n<td><strong>Kapazit\u00e4t<\/strong><\/td>\n<td>12 Kerne (maximal)<\/td>\n<\/tr>\n<tr>\n<td><strong>Adapter Schnittstelle<\/strong><\/td>\n<td>FC\/APC (Vorgeschlitzt oder best\u00fcckt)<\/td>\n<\/tr>\n<tr>\n<td><strong>Farbe<\/strong><\/td>\n<td>Wei\u00df \/ Grau \/ Schwarz<\/td>\n<\/tr>\n<tr>\n<td><strong>Betriebstemperatur<\/strong><\/td>\n<td>-40\u00b0C bis +85\u00b0C<\/td>\n<\/tr>\n<tr>\n<td><strong>Lagertemperatur<\/strong><\/td>\n<td>-40\u00b0C bis +85\u00b0C<\/td>\n<\/tr>\n<tr>\n<td><strong>Atmosph\u00e4rischer Druck<\/strong><\/td>\n<td>70kPa bis 106kPa<\/td>\n<\/tr>\n<tr>\n<td><strong>Relative Luftfeuchtigkeit<\/strong><\/td>\n<td>\u226485% (+30\u00b0C)<\/td>\n<\/tr>\n<tr>\n<td><strong>Abmessungen (L<em>W<\/em>H)<\/strong><\/td>\n<td>Standard 12-Kern Tablettgr\u00f6\u00dfe (anpassbar)<\/td>\n<\/tr>\n<\/tbody>\n<\/table>\n<p><strong>Vielseitige Anwendungsszenarien<\/strong><\/p>\n<p>Dieses Produkt findet breite Anwendung in der optischen Kommunikationsindustrie. Es dient als eine Kernkomponente in:<\/p>\n<ul>\n<li><strong>Lichtwellenleiter-Verteilerrahmen (ODF):<\/strong>\u00a0Erleichterung des organisierten Splei\u00dfens und Flickens.<\/li>\n<li><strong>Glasfaser-Patch-Panels:<\/strong>\u00a0Verwaltung eingehender und ausgehender Kabel.<\/li>\n<li><strong>Glasfaser-Abschlussdosen:<\/strong>\u00a0Gew\u00e4hrleistung eines sicheren Glasfaserabschlusses in FTTx-Projekten.<\/li>\n<li><strong>Rechenzentren und Serverr\u00e4ume:<\/strong>\u00a0Unterst\u00fctzung von Verkabelungssystemen mit hoher Dichte.<\/li>\n<\/ul>\n<p><strong>Warum Fenxi Optoelectronics w\u00e4hlen?<\/strong><\/p>\n<p>Fenxi Optoelectronics Technology ist mehr als nur ein Lieferant; wir sind Ihr strategischer Partner in der optischen Kommunikation.<\/p>\n<ul>\n<li><strong>FuE-Exzellenz:<\/strong>\u00a0Wir bringen erfahrene Produktentwicklungsexperten zusammen, um sicherzustellen, dass unsere Designs den neuesten Industriestandards entsprechen.<\/li>\n<li><strong>Qualit\u00e4tssicherung:<\/strong>\u00a0Unser erfahrenes Qualit\u00e4tsmanagement-Personal sorgt f\u00fcr eine strenge Qualit\u00e4tskontrolle von der Rohstoffbeschaffung bis zur Endproduktion.<\/li>\n<li><strong>Umfassendes Portfolio:<\/strong>\u00a0Von Glasfaser-Patchkabeln bis hin zu komplexen PLC-Splittern und Splei\u00dfverschl\u00fcssen bieten wir eine Beschaffungsl\u00f6sung aus einer Hand f\u00fcr globale Integratoren.<\/li>\n<\/ul>","protected":false},"excerpt":{"rendered":"<p><strong>Einf\u00fchrung<\/strong><\/p>\n<p>Fenxi Optoelectronics Technology hat sich auf die Lieferung von leistungsstarken optischen Kommunikationsl\u00f6sungen spezialisiert. Unser\u00a0<strong>Glasfaser-Splei\u00dfablage FC\/APC-12core<\/strong>\u00a0wurde entwickelt, um einen hervorragenden Schutz und eine gute Organisation f\u00fcr das Fusionssplei\u00dfen von Glasfasern zu bieten. Dieses Splei\u00dffach wurde f\u00fcr Langlebigkeit und Benutzerfreundlichkeit entwickelt und ist eine wesentliche Komponente f\u00fcr Telekommunikationsbetreiber und Systemintegratoren, die Glasfasernetze mit hoher Dichte verwalten.<\/p>","protected":false},"featured_media":399,"comment_status":"open","ping_status":"closed","template":"","meta":[],"product_brand":[],"product_cat":[26],"product_tag":[],"class_list":{"0":"post-398","1":"product","2":"type-product","3":"status-publish","4":"has-post-thumbnail","6":"product_cat-fiber-optic-splice-tray","8":"first","9":"instock","10":"shipping-taxable","11":"product-type-simple"},"_links":{"self":[{"href":"https:\/\/www.fenxifiber.com\/de\/wp-json\/wp\/v2\/product\/398","targetHints":{"allow":["GET"]}}],"collection":[{"href":"https:\/\/www.fenxifiber.com\/de\/wp-json\/wp\/v2\/product"}],"about":[{"href":"https:\/\/www.fenxifiber.com\/de\/wp-json\/wp\/v2\/types\/product"}],"replies":[{"embeddable":true,"href":"https:\/\/www.fenxifiber.com\/de\/wp-json\/wp\/v2\/comments?post=398"}],"wp:featuredmedia":[{"embeddable":true,"href":"https:\/\/www.fenxifiber.com\/de\/wp-json\/wp\/v2\/media\/399"}],"wp:attachment":[{"href":"https:\/\/www.fenxifiber.com\/de\/wp-json\/wp\/v2\/media?parent=398"}],"wp:term":[{"taxonomy":"product_brand","embeddable":true,"href":"https:\/\/www.fenxifiber.com\/de\/wp-json\/wp\/v2\/product_brand?post=398"},{"taxonomy":"product_cat","embeddable":true,"href":"https:\/\/www.fenxifiber.com\/de\/wp-json\/wp\/v2\/product_cat?post=398"},{"taxonomy":"product_tag","embeddable":true,"href":"https:\/\/www.fenxifiber.com\/de\/wp-json\/wp\/v2\/product_tag?post=398"}],"curies":[{"name":"wp","href":"https:\/\/api.w.org\/{rel}","templated":true}]}}