{"id":400,"date":"2026-01-28T01:09:06","date_gmt":"2026-01-28T01:09:06","guid":{"rendered":"https:\/\/www.fenxifiber.com\/?post_type=product&#038;p=400"},"modified":"2026-01-28T01:09:06","modified_gmt":"2026-01-28T01:09:06","slug":"glasfaser-spleissmulde-fc-upc-12-ader-fabrik","status":"publish","type":"product","link":"https:\/\/www.fenxifiber.com\/de\/product\/fiber-optic-splice-tray-fc-upc-12-core-factory\/","title":{"rendered":"Glasfaser-Splei\u00dfkassette FC\/UPC-12-Kern Fabrik"},"content":{"rendered":"<p><strong>Konstruktionsmerkmale und Leistung<\/strong><\/p>\n<p>Die Splei\u00dfablage wurde entwickelt, um das Splei\u00dfen von Glasfasern in optischen Verteilerrahmen (ODF), Glasfaser-Patchpanels und Abschlussdosen zu erleichtern. Die \u201cFC\/UPC\u201d-Spezifikation weist auf einen Schraubverbindungsmechanismus mit einer Ultra Physical Contact (UPC)-Politur hin, die hohe Stabilit\u00e4t und geringe R\u00fcckreflexion gew\u00e4hrleistet. Die wichtigsten Merkmale sind:<\/p>\n<ul>\n<li><strong>Raumeffizienz:<\/strong>\u00a0Das stapelbare Design erm\u00f6glicht Konfigurationen mit hoher Dichte und maximiert so die Platzausnutzung in Fasergeh\u00e4usen.<\/li>\n<li><strong>Faserschutz:<\/strong>\u00a0Die interne Routingstruktur garantiert, dass der Biegeradius der Fasern 30 mm \u00fcbersteigt, wodurch Makro-Biegeverluste vermieden werden.<\/li>\n<li><strong>Langlebigkeit:<\/strong>\u00a0Aus hochwertigem Kunststoffspritzguss gefertigt, bietet es eine hervorragende Best\u00e4ndigkeit gegen Alterung und Temperaturschwankungen.<\/li>\n<\/ul>\n<p><strong>Technische Daten<\/strong>\u00a0Zur Unterst\u00fctzung von Ingenieuren und Beschaffungsteams werden im Folgenden die detaillierten technischen Parameter auf der Grundlage der aktuellen Industrienormen aufgef\u00fchrt:<\/p>\n<table>\n<thead>\n<tr>\n<th>Parameter<\/th>\n<th>Technische Daten<\/th>\n<\/tr>\n<\/thead>\n<tbody>\n<tr>\n<td><strong>Name des Modells<\/strong><\/td>\n<td>Glasfaser-Splei\u00dfkassette FC\/UPC-12-Kern<\/td>\n<\/tr>\n<tr>\n<td><strong>Faser-Kapazit\u00e4t<\/strong><\/td>\n<td>12 Kerne (Einzelfaser)<\/td>\n<\/tr>\n<tr>\n<td><strong>Anschluss Schnittstelle<\/strong><\/td>\n<td>FC\/UPC (schraubbarer Typ)<\/td>\n<\/tr>\n<tr>\n<td><strong>Material<\/strong><\/td>\n<td>Flammhemmende ABS\/PC-Legierung<\/td>\n<\/tr>\n<tr>\n<td><strong>Einf\u00fcged\u00e4mpfung<\/strong><\/td>\n<td>\u2264 0,2 dB<\/td>\n<\/tr>\n<tr>\n<td><strong>R\u00fcckflussd\u00e4mpfung (UPC)<\/strong><\/td>\n<td>\u2265 50 dB<\/td>\n<\/tr>\n<tr>\n<td><strong>Arbeitstemperatur<\/strong><\/td>\n<td>-40\u00b0C ~ +85\u00b0C<\/td>\n<\/tr>\n<tr>\n<td><strong>Isolationswiderstand<\/strong><\/td>\n<td>\u2265 2\u00d710^4 M\u03a9 \/ 500V (GLEICHSTROM)<\/td>\n<\/tr>\n<tr>\n<td><strong>Nutzungsdauer<\/strong><\/td>\n<td>&gt; 20 Jahre<\/td>\n<\/tr>\n<tr>\n<td><strong>Farbe<\/strong><\/td>\n<td>RAL 7035 (Hellgrau) \/ Wei\u00df \/ Schwarz<\/td>\n<\/tr>\n<\/tbody>\n<\/table>\n<p><strong>Anwendungsbereiche<\/strong>\u00a0Dieses Produkt ist vielseitig einsetzbar und mit verschiedenen optischen Ger\u00e4ten von Fenxi Optoelectronics kompatibel, darunter:<\/p>\n<ul>\n<li><strong>Faseroptische Verteilerrahmen (ODF):<\/strong>\u00a0F\u00fcr die zentrale B\u00fcroverkabelung.<\/li>\n<li><strong>Faseroptische Splei\u00dfverschl\u00fcsse:<\/strong>\u00a0F\u00fcr den Schutz von Au\u00dfenantennen oder unterirdischen Anlagen.<\/li>\n<li><strong>Glasfaser-Abschlussdosen:<\/strong>\u00a0Unverzichtbar f\u00fcr Fiber to the Home (FTTH)- und Geb\u00e4udenetze (FTTB).<\/li>\n<li><strong>Telekommunikationsbetrieb:<\/strong>\u00a0Unterst\u00fctzung einer stabilen \u00dcbertragung in Fern- und Metronetzen.<\/li>\n<\/ul>\n<p><strong>F&amp;E und Qualit\u00e4tsverpflichtung<\/strong>\u00a0Bei Fenxi Optoelectronics Technology steht die Qualit\u00e4t an erster Stelle. Unser Team, das sich aus erfahrenen Produktions- und Qualit\u00e4tsmanagement-Mitarbeitern aus dem In- und Ausland zusammensetzt, kontrolliert jeden Fertigungsschritt streng. Von der Auswahl des Rohmaterials bis zur Endkontrolle der Splei\u00dfkassetten stellen wir sicher, dass jede Einheit den internationalen Standards f\u00fcr optische Kommunikation entspricht. Ob f\u00fcr die Systemintegration oder gro\u00dfe Glasfaser\u00fcbertragungsprojekte, unser Werk ist in der Lage, Gro\u00dfauftr\u00e4ge mit Best\u00e4ndigkeit und Pr\u00e4zision zu bearbeiten.<\/p>","protected":false},"excerpt":{"rendered":"<p><strong>Produkt\u00fcbersicht<\/strong><\/p>\n<p>Fenxi Optoelectronics Technology pr\u00e4sentiert die\u00a0<strong>Glasfaser-Splei\u00dfkassette FC\/UPC-12-Kern<\/strong>, eine wichtige Komponente f\u00fcr moderne optische Kommunikationsnetze. Als aufstrebendes Unternehmen, das von erfahrenen Forschungs- und Entwicklungsexperten unterst\u00fctzt wird, stellen wir Splei\u00dfablagen her, die die sichere Verwaltung und den Schutz von Glasfaserverbindungspunkten gew\u00e4hrleisten. Dieser 12-Kern-Tr\u00e4ger wurde speziell f\u00fcr die Aufnahme von FC\/UPC-Steckern entwickelt und bietet eine robuste L\u00f6sung f\u00fcr Telekommunikationsbetreiber und Systemintegratoren, die eine zuverl\u00e4ssige Glasfaserorganisation suchen.<\/p>","protected":false},"featured_media":401,"comment_status":"open","ping_status":"closed","template":"","meta":[],"product_brand":[],"product_cat":[26],"product_tag":[],"class_list":{"0":"post-400","1":"product","2":"type-product","3":"status-publish","4":"has-post-thumbnail","6":"product_cat-fiber-optic-splice-tray","8":"first","9":"instock","10":"shipping-taxable","11":"product-type-simple"},"_links":{"self":[{"href":"https:\/\/www.fenxifiber.com\/de\/wp-json\/wp\/v2\/product\/400","targetHints":{"allow":["GET"]}}],"collection":[{"href":"https:\/\/www.fenxifiber.com\/de\/wp-json\/wp\/v2\/product"}],"about":[{"href":"https:\/\/www.fenxifiber.com\/de\/wp-json\/wp\/v2\/types\/product"}],"replies":[{"embeddable":true,"href":"https:\/\/www.fenxifiber.com\/de\/wp-json\/wp\/v2\/comments?post=400"}],"wp:featuredmedia":[{"embeddable":true,"href":"https:\/\/www.fenxifiber.com\/de\/wp-json\/wp\/v2\/media\/401"}],"wp:attachment":[{"href":"https:\/\/www.fenxifiber.com\/de\/wp-json\/wp\/v2\/media?parent=400"}],"wp:term":[{"taxonomy":"product_brand","embeddable":true,"href":"https:\/\/www.fenxifiber.com\/de\/wp-json\/wp\/v2\/product_brand?post=400"},{"taxonomy":"product_cat","embeddable":true,"href":"https:\/\/www.fenxifiber.com\/de\/wp-json\/wp\/v2\/product_cat?post=400"},{"taxonomy":"product_tag","embeddable":true,"href":"https:\/\/www.fenxifiber.com\/de\/wp-json\/wp\/v2\/product_tag?post=400"}],"curies":[{"name":"wp","href":"https:\/\/api.w.org\/{rel}","templated":true}]}}