{"id":432,"date":"2026-01-28T06:13:11","date_gmt":"2026-01-28T06:13:11","guid":{"rendered":"https:\/\/www.fenxifiber.com\/?post_type=product&#038;p=432"},"modified":"2026-01-28T06:13:11","modified_gmt":"2026-01-28T06:13:11","slug":"glasfaseradapter-lc-upc-vierfache-hochdichte-konnektivitat","status":"publish","type":"product","link":"https:\/\/www.fenxifiber.com\/de\/product\/fiber-optic-adapter-lc-upc-quadruple-high-density-connectivity\/","title":{"rendered":"Glasfaseradapter LC\/UPC-Quadruple | High-Density-Konnektivit\u00e4t"},"content":{"rendered":"<p><strong>Hochpr\u00e4zise Ausrichtung und Leistung<\/strong><\/p>\n<p>Das Herzst\u00fcck unseres LC\/UPC-Quadruple-Adapters ist eine hochpr\u00e4zise Zirkoniumdioxid-Keramikh\u00fclse. Diese kritische Komponente gew\u00e4hrleistet einen pr\u00e4zisen physischen Kontakt zwischen den Faserenden, was zu einer au\u00dfergew\u00f6hnlich\u00a0<strong>geringe Einf\u00fcgungsd\u00e4mpfung<\/strong>\u00a0und hohe Austauschbarkeit. Die UPC-Politur (Ultra Physical Contact) sorgt f\u00fcr eine hohe R\u00fcckflussd\u00e4mpfung und minimiert die Signalreflexion, was f\u00fcr Hochgeschwindigkeits-Daten\u00fcbertragungssysteme entscheidend ist. Das Adaptergeh\u00e4use ist aus hochwertigem, flammhemmendem Kunststoff gefertigt und bietet Haltbarkeit und Schutz unter verschiedenen Umgebungsbedingungen, von Rechenzentren bis hin zu Splei\u00dfabschl\u00fcssen im Freien.<\/p>\n<p><strong>Technische Daten<\/strong><\/p>\n<p>Um Transparenz und eine professionelle Referenz f\u00fcr Netzwerktechniker zu gew\u00e4hrleisten, finden Sie hier die technischen Standardparameter f\u00fcr unseren LC\/UPC Quadruple Adapter:<\/p>\n<table>\n<thead>\n<tr>\n<th>Parameter<\/th>\n<th>Spezifikation<\/th>\n<\/tr>\n<\/thead>\n<tbody>\n<tr>\n<td><strong>Stecker Typ<\/strong><\/td>\n<td>LC-Quadrupel (4-Anschluss)<\/td>\n<\/tr>\n<tr>\n<td><strong>Polnischer Typ<\/strong><\/td>\n<td>UPC (Ultra Physical Contact)<\/td>\n<\/tr>\n<tr>\n<td><strong>Faser-Modus<\/strong><\/td>\n<td>Monomode (9\/125\u00b5m)<\/td>\n<\/tr>\n<tr>\n<td><strong>Einf\u00fcgungsd\u00e4mpfung (IL)<\/strong><\/td>\n<td><span class=\"katex\"><span class=\"katex-html\" aria-hidden=\"true\"><span class=\"base\"><span class=\"mrel\">\u2264<\/span><\/span><\/span><\/span>\u00a00,20 dB<\/td>\n<\/tr>\n<tr>\n<td><strong>R\u00fcckflussd\u00e4mpfung (RL)<\/strong><\/td>\n<td><span class=\"katex\"><span class=\"katex-html\" aria-hidden=\"true\"><span class=\"base\"><span class=\"mrel\">\u2265<\/span><\/span><\/span><\/span>\u00a050 dB<\/td>\n<\/tr>\n<tr>\n<td><strong>Material der H\u00fclse<\/strong><\/td>\n<td>Zirkoniumdioxid-Keramik<\/td>\n<\/tr>\n<tr>\n<td><strong>Material des Geh\u00e4uses<\/strong><\/td>\n<td>PEI \/ PBT (UL94-V0 eingestuft)<\/td>\n<\/tr>\n<tr>\n<td><strong>Dauerhaftigkeit der Paarung<\/strong><\/td>\n<td>&gt; 1000 Zyklen<\/td>\n<\/tr>\n<tr>\n<td><strong>Betriebstemperatur<\/strong><\/td>\n<td>-40\u00b0C bis +85\u00b0C<\/td>\n<\/tr>\n<tr>\n<td><strong>Farbe<\/strong><\/td>\n<td>Blau (Standard f\u00fcr Singlemode UPC)<\/td>\n<\/tr>\n<\/tbody>\n<\/table>\n<p><strong>Qualit\u00e4tssicherung und Anwendung<\/strong><\/p>\n<p>Gest\u00fctzt auf die starken F&amp;E-F\u00e4higkeiten von Fenxi Optoelectronics und strenge Qualit\u00e4tsmanagementsysteme wird jeder Glasfaseradapter vor dem Versand strengen Tests unterzogen. Unsere Adapter sind vollst\u00e4ndig konform mit den IEC- und TIA\/EIA-Normen. Sie werden h\u00e4ufig verwendet in:<\/p>\n<ul>\n<li><strong>Telekommunikation:<\/strong>\u00a0Hauptverteiler und Teilnehmeranschlussnetze.<\/li>\n<li><strong>Datennetze:<\/strong>\u00a0Patch-Panels und Server-Racks mit hoher Dichte.<\/li>\n<li><strong>CATV und Multimedia:<\/strong>\u00a0Zuverl\u00e4ssige Weiterleitung von Video- und Datensignalen.<\/li>\n<li><strong>FTTx-Bereitstellung:<\/strong>\u00a0Ideal f\u00fcr Verteiler und Abschlussdosen.<\/li>\n<\/ul>","protected":false},"excerpt":{"rendered":"<p><strong>Produkt\u00fcbersicht<\/strong><\/p>\n<p>Die\u00a0<strong>Lichtwellenleiter-Adapter LC\/UPC-Quadruple<\/strong>\u00a0ist eine erstklassige Konnektivit\u00e4tsl\u00f6sung, die f\u00fcr moderne Verkabelungsumgebungen mit hoher Dichte entwickelt wurde. Hergestellt von\u00a0<strong>Fenxi Optoelektronik Technologie<\/strong>, Dieser Adapter erm\u00f6glicht den nahtlosen Anschluss von vier LC-Steckverbindern auf einer einzigen Grundfl\u00e4che, wodurch der Platzbedarf in Optical Distribution Frames (ODF) und Glasfaserabschlussdosen erheblich optimiert wird. Ob bei Fiber to the Home (FTTH) Installationen, Telekommunikationsnetzwerken oder Systemintegrationsprojekten, unser LC-Quad-Adapter gew\u00e4hrleistet eine zuverl\u00e4ssige Signal\u00fcbertragung mit \u00fcberlegener mechanischer Stabilit\u00e4t.<\/p>","protected":false},"featured_media":433,"comment_status":"open","ping_status":"closed","template":"","meta":[],"product_brand":[],"product_cat":[25],"product_tag":[],"class_list":{"0":"post-432","1":"product","2":"type-product","3":"status-publish","4":"has-post-thumbnail","6":"product_cat-fiber-optic-adapter","8":"first","9":"instock","10":"shipping-taxable","11":"product-type-simple"},"_links":{"self":[{"href":"https:\/\/www.fenxifiber.com\/de\/wp-json\/wp\/v2\/product\/432","targetHints":{"allow":["GET"]}}],"collection":[{"href":"https:\/\/www.fenxifiber.com\/de\/wp-json\/wp\/v2\/product"}],"about":[{"href":"https:\/\/www.fenxifiber.com\/de\/wp-json\/wp\/v2\/types\/product"}],"replies":[{"embeddable":true,"href":"https:\/\/www.fenxifiber.com\/de\/wp-json\/wp\/v2\/comments?post=432"}],"wp:featuredmedia":[{"embeddable":true,"href":"https:\/\/www.fenxifiber.com\/de\/wp-json\/wp\/v2\/media\/433"}],"wp:attachment":[{"href":"https:\/\/www.fenxifiber.com\/de\/wp-json\/wp\/v2\/media?parent=432"}],"wp:term":[{"taxonomy":"product_brand","embeddable":true,"href":"https:\/\/www.fenxifiber.com\/de\/wp-json\/wp\/v2\/product_brand?post=432"},{"taxonomy":"product_cat","embeddable":true,"href":"https:\/\/www.fenxifiber.com\/de\/wp-json\/wp\/v2\/product_cat?post=432"},{"taxonomy":"product_tag","embeddable":true,"href":"https:\/\/www.fenxifiber.com\/de\/wp-json\/wp\/v2\/product_tag?post=432"}],"curies":[{"name":"wp","href":"https:\/\/api.w.org\/{rel}","templated":true}]}}