{"id":434,"date":"2026-01-28T06:18:56","date_gmt":"2026-01-28T06:18:56","guid":{"rendered":"https:\/\/www.fenxifiber.com\/?post_type=product&#038;p=434"},"modified":"2026-01-28T06:18:56","modified_gmt":"2026-01-28T06:18:56","slug":"faseroptischer-adapter-lc-upc-dx-prazisions-duplex-koppler","status":"publish","type":"product","link":"https:\/\/www.fenxifiber.com\/de\/product\/fiber-optic-adapter-lc-upc-dx-precision-duplex-coupler\/","title":{"rendered":"Lichtwellenleiter-Adapter LC\/UPC-DX: Pr\u00e4zisions-Duplex-Koppler"},"content":{"rendered":"<p><strong>Hervorragende optische Leistung und Langlebigkeit<\/strong><\/p>\n<p>Unser LC\/UPC-Duplex-Adapter verf\u00fcgt \u00fcber eine hochpr\u00e4zise\u00a0<strong>Zirkoniumdioxid-Keramik-H\u00fclse<\/strong>, die engere Toleranzen und eine bessere Elastizit\u00e4t als Phosphorbronze-Alternativen bietet. Dies gew\u00e4hrleistet einen pr\u00e4zisen physikalischen Kontakt zwischen den Faserkernen, was zu einem minimalen Einf\u00fcgungsverlust f\u00fchrt. Die UPC-Politur (Ultra Physical Contact) garantiert eine hohe R\u00fcckflussd\u00e4mpfung und reduziert effektiv das R\u00fcckreflexionsrauschen. Das Geh\u00e4use des Adapters ist aus haltbarem, UL-zertifiziertem Thermoplast gefertigt und bietet eine ausgezeichnete Hitze- und Sto\u00dfbest\u00e4ndigkeit, so dass es sich f\u00fcr den langfristigen Einsatz in ODFs (Optical Distribution Frames) und Faserabschlussdosen eignet.<\/p>\n<p><strong>Technische Daten<\/strong><\/p>\n<p>Zur Unterst\u00fctzung von Netzwerkingenieuren und Beschaffungsspezialisten sind in der folgenden Tabelle die technischen Standardparameter f\u00fcr den LC\/UPC-DX-Adapter von Fenxi Optoelectronics aufgef\u00fchrt, die auf den aktuellen Industrienormen (IEC\/TIA) basieren:<\/p>\n<table>\n<thead>\n<tr>\n<th>Merkmal<\/th>\n<th>Technische Daten<\/th>\n<\/tr>\n<\/thead>\n<tbody>\n<tr>\n<td><strong>Produktname<\/strong><\/td>\n<td>Lichtwellenleiter-Adapter LC\/UPC-DX<\/td>\n<\/tr>\n<tr>\n<td><strong>Konfiguration<\/strong><\/td>\n<td>Duplex (2-Kanal)<\/td>\n<\/tr>\n<tr>\n<td><strong>Faser-Typ<\/strong><\/td>\n<td>Monomode (9\/125\u00b5m)<\/td>\n<\/tr>\n<tr>\n<td><strong>Einf\u00fcgungsd\u00e4mpfung (IL)<\/strong><\/td>\n<td><span class=\"katex\"><span class=\"katex-html\" aria-hidden=\"true\"><span class=\"base\"><span class=\"mrel\">\u2264<\/span><\/span><\/span><\/span>\u00a00,20 dB (typisch 0,10 dB)<\/td>\n<\/tr>\n<tr>\n<td><strong>R\u00fcckflussd\u00e4mpfung (RL)<\/strong><\/td>\n<td><span class=\"katex\"><span class=\"katex-html\" aria-hidden=\"true\"><span class=\"base\"><span class=\"mrel\">\u2265<\/span><\/span><\/span><\/span>\u00a050 dB<\/td>\n<\/tr>\n<tr>\n<td><strong>Ausrichtungsh\u00fclse<\/strong><\/td>\n<td>Hochpr\u00e4zise Zirkoniumdioxid-Keramik<\/td>\n<\/tr>\n<tr>\n<td><strong>Material des Geh\u00e4uses<\/strong><\/td>\n<td>PBT \/ Polycarbonat (UL94-V0)<\/td>\n<\/tr>\n<tr>\n<td><strong>Montage Typ<\/strong><\/td>\n<td>Flansch oder flanschlos (Snap-in)<\/td>\n<\/tr>\n<tr>\n<td><strong>Dauerhaftigkeit<\/strong><\/td>\n<td>&lt; 0,1 dB \u00c4nderung nach 500 Paarungen<\/td>\n<\/tr>\n<tr>\n<td><strong>Betriebstemperatur<\/strong><\/td>\n<td>-40\u00b0C bis +75\u00b0C<\/td>\n<\/tr>\n<\/tbody>\n<\/table>\n<p><strong>Qualit\u00e4tssicherung und Anwendungen<\/strong><\/p>\n<p>Bei Fenxi Optoelectronics legen wir gr\u00f6\u00dften Wert auf Zuverl\u00e4ssigkeit. Unsere Produktions- und Qualit\u00e4tsmanagement-Teams testen jede Charge rigoros, um die Einhaltung der RoHS- und Telcordia GR-326-CORE-Normen zu gew\u00e4hrleisten. Der Glasfaseradapter LC\/UPC-DX ist weitgehend kompatibel und einfach zu installieren, was ihn zur idealen Wahl f\u00fcr:<\/p>\n<ul>\n<li><strong>Telekommunikation:<\/strong>\u00a0Gigabit-Ethernet- und ATM-Netze.<\/li>\n<li><strong>Systemintegration:<\/strong>\u00a0Verbindung von Patchkabeln in hochdichten Patchpanels.<\/li>\n<li><strong>Breitbandzugang:<\/strong>\u00a0Passive optische Netze (PON) und FTTx-Installationen.<\/li>\n<li><strong>Pr\u00fcfger\u00e4te:<\/strong>\u00a0Bereitstellung von stabilen Schnittstellen f\u00fcr optische Messungen.<\/li>\n<\/ul>","protected":false},"excerpt":{"rendered":"<p><strong>Produkt-Einf\u00fchrung<\/strong><\/p>\n<p>Die\u00a0<strong>Lichtwellenleiter-Adapter LC\/UPC-DX<\/strong>\u00a0ist eine kompakte, leistungsstarke L\u00f6sung f\u00fcr die Verbindung von zwei Paaren von LC-Glasfasersteckern auf einer einzigen Grundfl\u00e4che. Entwickelt von\u00a0<strong>Fenxi Optoelektronik Technologie<\/strong>, Dieser Adapter nutzt das Fachwissen unseres f\u00fchrenden Forschungs- und Entwicklungsteams, um eine hervorragende optische Ausrichtung und mechanische Stabilit\u00e4t zu gew\u00e4hrleisten. Er ist eine unverzichtbare Komponente f\u00fcr Umgebungen mit hoher Dichte, wie z. B. Rechenzentren, FTTH-Netzwerke und Telekommunikationszentralen, und gew\u00e4hrleistet eine verlustarme Signal\u00fcbertragung f\u00fcr kritische Netzwerkverbindungen.<\/p>","protected":false},"featured_media":435,"comment_status":"open","ping_status":"closed","template":"","meta":[],"product_brand":[],"product_cat":[25],"product_tag":[],"class_list":{"0":"post-434","1":"product","2":"type-product","3":"status-publish","4":"has-post-thumbnail","6":"product_cat-fiber-optic-adapter","8":"first","9":"instock","10":"shipping-taxable","11":"product-type-simple"},"_links":{"self":[{"href":"https:\/\/www.fenxifiber.com\/de\/wp-json\/wp\/v2\/product\/434","targetHints":{"allow":["GET"]}}],"collection":[{"href":"https:\/\/www.fenxifiber.com\/de\/wp-json\/wp\/v2\/product"}],"about":[{"href":"https:\/\/www.fenxifiber.com\/de\/wp-json\/wp\/v2\/types\/product"}],"replies":[{"embeddable":true,"href":"https:\/\/www.fenxifiber.com\/de\/wp-json\/wp\/v2\/comments?post=434"}],"wp:featuredmedia":[{"embeddable":true,"href":"https:\/\/www.fenxifiber.com\/de\/wp-json\/wp\/v2\/media\/435"}],"wp:attachment":[{"href":"https:\/\/www.fenxifiber.com\/de\/wp-json\/wp\/v2\/media?parent=434"}],"wp:term":[{"taxonomy":"product_brand","embeddable":true,"href":"https:\/\/www.fenxifiber.com\/de\/wp-json\/wp\/v2\/product_brand?post=434"},{"taxonomy":"product_cat","embeddable":true,"href":"https:\/\/www.fenxifiber.com\/de\/wp-json\/wp\/v2\/product_cat?post=434"},{"taxonomy":"product_tag","embeddable":true,"href":"https:\/\/www.fenxifiber.com\/de\/wp-json\/wp\/v2\/product_tag?post=434"}],"curies":[{"name":"wp","href":"https:\/\/api.w.org\/{rel}","templated":true}]}}