{"id":437,"date":"2026-01-28T06:24:02","date_gmt":"2026-01-28T06:24:02","guid":{"rendered":"https:\/\/www.fenxifiber.com\/?post_type=product&#038;p=437"},"modified":"2026-01-28T06:24:02","modified_gmt":"2026-01-28T06:24:02","slug":"faseroptischer-adapter-lc-upc-dx-om3-10g-multimode-kuppler","status":"publish","type":"product","link":"https:\/\/www.fenxifiber.com\/de\/product\/fiber-optic-adapter-lc-upc-dx-om3-10g-multimode-coupler\/","title":{"rendered":"Glasfaseradapter LC\/UPC-DX-OM3: 10G Multimode-Koppler"},"content":{"rendered":"<p><strong>Pr\u00e4zisionstechnik und 10G-Leistung<\/strong><\/p>\n<p>Unser LC Duplex OM3-Adapter zeichnet sich durch ein\u00a0<strong>Aqua<\/strong>\u00a0Farbgeh\u00e4use, das sich streng an die TIA\/EIA-Farbcodierungsstandards h\u00e4lt, um eine einfache Identifizierung in ODFs und Patchpanels mit hoher Dichte zu erm\u00f6glichen. Im Inneren des Adapters befindet sich eine hochpr\u00e4zise Ausrichtungsh\u00fclse (Zirkoniumdioxid-Keramik oder Phosphorbronze), die einen genauen physischen Kontakt zwischen den Faserenden gew\u00e4hrleistet. Dieses Design minimiert die Einf\u00fcged\u00e4mpfung und maximiert die R\u00fcckflussd\u00e4mpfung, was f\u00fcr die Aufrechterhaltung der Signalintegrit\u00e4t \u00fcber Multimode-Faserverbindungen bei 850 nm Wellenl\u00e4nge entscheidend ist. Die robuste Geh\u00e4usekonstruktion bietet eine ausgezeichnete thermische Stabilit\u00e4t und mechanische Best\u00e4ndigkeit und ist damit ideal f\u00fcr Systemintegrations- und Glasfaser\u00fcbertragungsprojekte.<\/p>\n<p><strong>Technische Daten<\/strong><\/p>\n<p>Um Netzwerkarchitekten und Beschaffungsspezialisten zu unterst\u00fctzen, sind in der folgenden Tabelle die technischen Standardparameter unseres LC\/UPC-DX-OM3-Adapters aufgef\u00fchrt, die den aktuellen Industriestandards entsprechen:<\/p>\n<table>\n<thead>\n<tr>\n<th>Parameter<\/th>\n<th>Spezifikation<\/th>\n<\/tr>\n<\/thead>\n<tbody>\n<tr>\n<td><strong>Produktname<\/strong><\/td>\n<td>Lichtwellenleiter-Adapter LC\/UPC-DX-OM3<\/td>\n<\/tr>\n<tr>\n<td><strong>Faser-Typ<\/strong><\/td>\n<td>Multimode OM3 (50\/125\u00b5m)<\/td>\n<\/tr>\n<tr>\n<td><strong>Anschluss Konfiguration<\/strong><\/td>\n<td>LC Duplex (2-Anschluss)<\/td>\n<\/tr>\n<tr>\n<td><strong>Geh\u00e4usefarbe<\/strong><\/td>\n<td>Aqua (Standard OM3 ID)<\/td>\n<\/tr>\n<tr>\n<td><strong>Einf\u00fcged\u00e4mpfung<\/strong><\/td>\n<td><span class=\"katex\"><span class=\"katex-html\" aria-hidden=\"true\"><span class=\"base\"><span class=\"mrel\">\u2264<\/span><\/span><\/span><\/span>\u00a00,20 dB<\/td>\n<\/tr>\n<tr>\n<td><strong>R\u00fcckflussd\u00e4mpfung<\/strong><\/td>\n<td><span class=\"katex\"><span class=\"katex-html\" aria-hidden=\"true\"><span class=\"base\"><span class=\"mrel\">\u2265<\/span><\/span><\/span><\/span>\u00a035 dB (UPC Polnisch)<\/td>\n<\/tr>\n<tr>\n<td><strong>Ausrichtungsh\u00fclse<\/strong><\/td>\n<td>Hochpr\u00e4zise Phosphorbronze\/Keramik<\/td>\n<\/tr>\n<tr>\n<td><strong>Material des Geh\u00e4uses<\/strong><\/td>\n<td>Kunststoff nach UL94-V0<\/td>\n<\/tr>\n<tr>\n<td><strong>Betriebstemperatur<\/strong><\/td>\n<td>-40\u00b0C bis +85\u00b0C<\/td>\n<\/tr>\n<tr>\n<td><strong>Dauerhaftigkeit<\/strong><\/td>\n<td>&gt; 1000 Paarungszyklen<\/td>\n<\/tr>\n<tr>\n<td><strong>Einhaltung der Vorschriften<\/strong><\/td>\n<td>RoHS, TIA\/EIA-568-C.3, IEC 61754<\/td>\n<\/tr>\n<\/tbody>\n<\/table>\n<p><strong>Anwendungen und Qualit\u00e4tssicherung<\/strong><\/p>\n<p>Fenxi Optoelectronics Technology nutzt das Fachwissen erfahrener F&amp;E-Experten, um Produkte zu liefern, die sich im Laufe der Zeit bew\u00e4hren. Der LC\/UPC-DX-OM3-Adapter wird in vielen Bereichen eingesetzt:<\/p>\n<ul>\n<li><strong>Rechenzentren:<\/strong>\u00a0Verbindung von 10G-Backbone-Links und Server-Verbindungen.<\/li>\n<li><strong>Speicherbereichsnetze (SAN):<\/strong>\u00a0Sicherstellung einer zuverl\u00e4ssigen Fiber Channel-Kommunikation.<\/li>\n<li><strong>Unternehmensnetze:<\/strong>\u00a0Fiber to the Desk (FTTD) und Aufbau von Backbones.<\/li>\n<li><strong>Verteilerk\u00e4sten:<\/strong>\u00a0Kompatibel mit Standardausschnitten f\u00fcr effizientes Kabelmanagement.<\/li>\n<\/ul>\n<p>Wenn Sie sich f\u00fcr unsere Adapter entscheiden, profitieren Sie von einer stabilen, verlustarmen Verbindung, die durch unser umfassendes Qualit\u00e4tskontrollsystem unterst\u00fctzt wird.<\/p>","protected":false},"excerpt":{"rendered":"<p><strong>Produkt\u00fcbersicht<\/strong><\/p>\n<p>Die\u00a0<strong>Lichtwellenleiter-Adapter LC\/UPC-DX-OM3<\/strong>\u00a0ist eine Hochleistungs-Kopplungseinheit, die f\u00fcr 10-Gigabit-Ethernet-Netzwerke entwickelt wurde. Produziert von\u00a0<strong>Fenxi Optoelektronik Technologie<\/strong>, Dieser Adapter erm\u00f6glicht das pr\u00e4zise Zusammenstecken von zwei LC-Duplex-Steckverbindern und gew\u00e4hrleistet so eine nahtlose Signal\u00fcbertragung in Hochgeschwindigkeits-Rechenzentren und Local Area Networks (LANs). Als Unternehmen, das sich auf fortschrittliche Forschung und Entwicklung sowie Qualit\u00e4tsmanagement konzentriert, stellen wir sicher, dass jeder OM3-Adapter die strengen Anforderungen der modernen strukturierten Glasfaserverkabelung erf\u00fcllt.<\/p>","protected":false},"featured_media":438,"comment_status":"open","ping_status":"closed","template":"","meta":[],"product_brand":[],"product_cat":[25],"product_tag":[],"class_list":{"0":"post-437","1":"product","2":"type-product","3":"status-publish","4":"has-post-thumbnail","6":"product_cat-fiber-optic-adapter","8":"first","9":"instock","10":"shipping-taxable","11":"product-type-simple"},"_links":{"self":[{"href":"https:\/\/www.fenxifiber.com\/de\/wp-json\/wp\/v2\/product\/437","targetHints":{"allow":["GET"]}}],"collection":[{"href":"https:\/\/www.fenxifiber.com\/de\/wp-json\/wp\/v2\/product"}],"about":[{"href":"https:\/\/www.fenxifiber.com\/de\/wp-json\/wp\/v2\/types\/product"}],"replies":[{"embeddable":true,"href":"https:\/\/www.fenxifiber.com\/de\/wp-json\/wp\/v2\/comments?post=437"}],"wp:featuredmedia":[{"embeddable":true,"href":"https:\/\/www.fenxifiber.com\/de\/wp-json\/wp\/v2\/media\/438"}],"wp:attachment":[{"href":"https:\/\/www.fenxifiber.com\/de\/wp-json\/wp\/v2\/media?parent=437"}],"wp:term":[{"taxonomy":"product_brand","embeddable":true,"href":"https:\/\/www.fenxifiber.com\/de\/wp-json\/wp\/v2\/product_brand?post=437"},{"taxonomy":"product_cat","embeddable":true,"href":"https:\/\/www.fenxifiber.com\/de\/wp-json\/wp\/v2\/product_cat?post=437"},{"taxonomy":"product_tag","embeddable":true,"href":"https:\/\/www.fenxifiber.com\/de\/wp-json\/wp\/v2\/product_tag?post=437"}],"curies":[{"name":"wp","href":"https:\/\/api.w.org\/{rel}","templated":true}]}}