{"id":441,"date":"2026-01-28T06:33:36","date_gmt":"2026-01-28T06:33:36","guid":{"rendered":"https:\/\/www.fenxifiber.com\/?post_type=product&#038;p=441"},"modified":"2026-01-28T06:33:36","modified_gmt":"2026-01-28T06:33:36","slug":"faseroptischer-adapter-lc-apc-trapezformig-fur-telekommunikationsnetze","status":"publish","type":"product","link":"https:\/\/www.fenxifiber.com\/de\/product\/fiber-optic-adapter-lc-apc-trapezoid-for-telecom-networks\/","title":{"rendered":"Glasfaseradapter LC\/APC-Trapezoid f\u00fcr Telekommunikationsnetze"},"content":{"rendered":"<h2>Wesentliche Merkmale<\/h2>\n<ul>\n<li><strong>LC\/APC-Schnittstelle<\/strong>8\u00b0 abgewinkelter physischer Kontakt reduziert R\u00fcckreflexionen und verbessert die Signalqualit\u00e4t<\/li>\n<li><strong>Trapezf\u00f6rmige Geh\u00e4useform<\/strong>: Gew\u00e4hrleistet eine feste Installation und Kompatibilit\u00e4t mit Standard-Adapterplatten<\/li>\n<li><strong>Geringe Einf\u00fcgungsd\u00e4mpfung<\/strong>: Optimierte Keramikh\u00fclsen f\u00fcr pr\u00e4zise Kernausrichtung<\/li>\n<li><strong>Hohe R\u00fcckflussd\u00e4mpfung<\/strong>: Geeignet f\u00fcr optische Hochgeschwindigkeits- und Langstrecken\u00fcbertragungen<\/li>\n<li><strong>Langlebige Materialien<\/strong>: Flammhemmendes Geh\u00e4use mit ausgezeichneter mechanischer Stabilit\u00e4t<\/li>\n<li><strong>Einhaltung der Vorschriften<\/strong>: Entspricht den Industrienormen IEC und Telcordia<\/li>\n<\/ul>\n<h2>Technische Daten<\/h2>\n<table>\n<thead>\n<tr>\n<th>Parameter<\/th>\n<th>Spezifikation<\/th>\n<\/tr>\n<\/thead>\n<tbody>\n<tr>\n<td>Stecker Typ<\/td>\n<td>LC\/APC zu LC\/APC<\/td>\n<\/tr>\n<tr>\n<td>Polieren Typ<\/td>\n<td>APC (8\u00b0-Winkel)<\/td>\n<\/tr>\n<tr>\n<td>Einf\u00fcged\u00e4mpfung<\/td>\n<td>\u2264 0,2 dB<\/td>\n<\/tr>\n<tr>\n<td>R\u00fcckflussd\u00e4mpfung<\/td>\n<td>\u2265 60 dB<\/td>\n<\/tr>\n<tr>\n<td>Material der H\u00fclse<\/td>\n<td>Zirkoniumdioxid-Keramik<\/td>\n<\/tr>\n<tr>\n<td>Betriebstemperatur<\/td>\n<td>-40\u00b0C bis +75\u00b0C<\/td>\n<\/tr>\n<tr>\n<td>Lagertemperatur<\/td>\n<td>-40\u00b0C bis +85\u00b0C<\/td>\n<\/tr>\n<tr>\n<td>Dauerhaftigkeit<\/td>\n<td>\u2265 500 Steckzyklen<\/td>\n<\/tr>\n<\/tbody>\n<\/table>\n<h2>Anwendungsszenarien<\/h2>\n<p>Der Fiber Optic Adapter LC\/APC-Trapezoid eignet sich f\u00fcr eine Vielzahl von optischen Kommunikationsumgebungen, einschlie\u00dflich:<\/p>\n<ul>\n<li>Zentralstellen f\u00fcr Telekommunikation<\/li>\n<li>FTTH- und FTTx-Zugangsnetze<\/li>\n<li>Rechenzentren und Unternehmensnetzwerke<\/li>\n<li>Optische Verteilerrahmen (ODF)<\/li>\n<li>Splei\u00dfmuffen und Abschlussdosen f\u00fcr Lichtwellenleiter<\/li>\n<\/ul>\n<p>Aufgrund seiner stabilen optischen Leistung eignet es sich besonders f\u00fcr Anwendungen mit hoher Bandbreite wie 5G-Fronthaul, Metronetze und Backbone-\u00dcbertragungssysteme.<\/p>\n<h2>Qualit\u00e4t und Fertigungsvorteil<\/h2>\n<p>Fenxi Optoelectronics Technology integriert fortschrittliche Produktionsprozesse mit strengen Qualit\u00e4tsmanagementsystemen. Jeder Adapter wird umfassenden optischen und mechanischen Tests unterzogen, um Konsistenz, Zuverl\u00e4ssigkeit und die Einhaltung internationaler Standards zu gew\u00e4hrleisten und B2B-Kunden eine verl\u00e4ssliche und skalierbare Lieferf\u00e4higkeit zu bieten.<\/p>\n<h2>Anpassungsf\u00e4higkeit und Lieferf\u00e4higkeit<\/h2>\n<p>Der Glasfaseradapter LC\/APC-Trapezoid kann in Bezug auf Geh\u00e4usefarbe, Beschriftung und Verpackung kundenspezifisch angepasst werden, um spezifische Projekt- oder Markenanforderungen zu erf\u00fcllen. F\u00fcr Telekommunikationsbetreiber, Systemintegratoren und Distributoren auf der ganzen Welt sind Bulk-Lieferungen, OEM- und ODM-Services verf\u00fcgbar.<\/p>","protected":false},"excerpt":{"rendered":"<h2>Produkt\u00fcbersicht<\/h2>\n<p>Die\u00a0<strong>Lichtwellenleiter-Adapter LC\/APC-Trapezf\u00f6rmig<\/strong>\u00a0ist eine hochpr\u00e4zise passive Komponente, die f\u00fcr die zuverl\u00e4ssige Verbindung von Glasfasern in modernen Kommunikationsnetzen entwickelt wurde. Der von Fenxi Optoelectronics Technology hergestellte Adapter ist so konzipiert, dass er eine genaue Faserausrichtung, eine geringe Einf\u00fcged\u00e4mpfung und eine stabile Langzeitleistung gew\u00e4hrleistet und somit die strengen Anforderungen von Telekommunikationsbetreibern, Systemintegratoren und Netzwerkinfrastrukturanbietern erf\u00fcllt.<\/p>\n<p>Mit seiner LC\/APC-Schnittstelle und dem trapezf\u00f6rmigen Geh\u00e4usedesign ist der Adapter in Verteilerumgebungen mit hoher Dichte, wie z. B. ODFs, Glasfaserabschlussboxen und FTTH-Zugangsnetzwerken, weit verbreitet.<\/p>","protected":false},"featured_media":442,"comment_status":"open","ping_status":"closed","template":"","meta":[],"product_brand":[],"product_cat":[25],"product_tag":[],"class_list":{"0":"post-441","1":"product","2":"type-product","3":"status-publish","4":"has-post-thumbnail","6":"product_cat-fiber-optic-adapter","8":"first","9":"instock","10":"shipping-taxable","11":"product-type-simple"},"_links":{"self":[{"href":"https:\/\/www.fenxifiber.com\/de\/wp-json\/wp\/v2\/product\/441","targetHints":{"allow":["GET"]}}],"collection":[{"href":"https:\/\/www.fenxifiber.com\/de\/wp-json\/wp\/v2\/product"}],"about":[{"href":"https:\/\/www.fenxifiber.com\/de\/wp-json\/wp\/v2\/types\/product"}],"replies":[{"embeddable":true,"href":"https:\/\/www.fenxifiber.com\/de\/wp-json\/wp\/v2\/comments?post=441"}],"wp:featuredmedia":[{"embeddable":true,"href":"https:\/\/www.fenxifiber.com\/de\/wp-json\/wp\/v2\/media\/442"}],"wp:attachment":[{"href":"https:\/\/www.fenxifiber.com\/de\/wp-json\/wp\/v2\/media?parent=441"}],"wp:term":[{"taxonomy":"product_brand","embeddable":true,"href":"https:\/\/www.fenxifiber.com\/de\/wp-json\/wp\/v2\/product_brand?post=441"},{"taxonomy":"product_cat","embeddable":true,"href":"https:\/\/www.fenxifiber.com\/de\/wp-json\/wp\/v2\/product_cat?post=441"},{"taxonomy":"product_tag","embeddable":true,"href":"https:\/\/www.fenxifiber.com\/de\/wp-json\/wp\/v2\/product_tag?post=441"}],"curies":[{"name":"wp","href":"https:\/\/api.w.org\/{rel}","templated":true}]}}