{"id":447,"date":"2026-01-28T06:47:13","date_gmt":"2026-01-28T06:47:13","guid":{"rendered":"https:\/\/www.fenxifiber.com\/?post_type=product&#038;p=447"},"modified":"2026-01-28T06:47:13","modified_gmt":"2026-01-28T06:47:13","slug":"glasfaseradapter-lc-upc-trapezformig-om3-ausfuhrer-fur-rechenzentren","status":"publish","type":"product","link":"https:\/\/www.fenxifiber.com\/de\/product\/fiber-optic-adapter-lc-upc-trapezoid-om3-exporter-for-data-centers\/","title":{"rendered":"Glasfaseradapter LC\/UPC-Trapezoid-OM3 Exporteur f\u00fcr Rechenzentren"},"content":{"rendered":"<h2>Wesentliche Merkmale<\/h2>\n<ul>\n<li><strong>LC\/UPC Steckertyp<\/strong>: Sorgt f\u00fcr zuverl\u00e4ssigen physischen Kontakt und konsistente Signal\u00fcbertragung<\/li>\n<li><strong>OM3 Multimode-Faser Unterst\u00fctzung<\/strong>: Optimiert f\u00fcr Anwendungen mit einer Wellenl\u00e4nge von 850 nm<\/li>\n<li><strong>Trapezf\u00f6rmige Geh\u00e4useform<\/strong>: Gew\u00e4hrleistet eine stabile Installation und Kompatibilit\u00e4t mit g\u00e4ngigen Panels<\/li>\n<li><strong>Geringe Einf\u00fcgungsd\u00e4mpfung<\/strong>: Hochpr\u00e4zise Keramikh\u00fclsen f\u00fcr eine genaue Ausrichtung des Faserkerns<\/li>\n<li><strong>Langlebige Konstruktion<\/strong>: Flammhemmende Materialien f\u00fcr langfristige Betriebsstabilit\u00e4t<\/li>\n<li><strong>Einhaltung der Industrievorschriften<\/strong>: Entspricht den IEC- und TIA\/EIA-Normen f\u00fcr optische Komponenten<\/li>\n<\/ul>\n<h2>Technische Daten<\/h2>\n<table>\n<thead>\n<tr>\n<th>Parameter<\/th>\n<th>Spezifikation<\/th>\n<\/tr>\n<\/thead>\n<tbody>\n<tr>\n<td>Stecker Typ<\/td>\n<td>LC\/UPC zu LC\/UPC<\/td>\n<\/tr>\n<tr>\n<td>Faser-Typ<\/td>\n<td>OM3 Multimode (50\/125 \u03bcm)<\/td>\n<\/tr>\n<tr>\n<td>Betriebswellenl\u00e4nge<\/td>\n<td>850 nm<\/td>\n<\/tr>\n<tr>\n<td>Einf\u00fcged\u00e4mpfung<\/td>\n<td>\u2264 0,2 dB<\/td>\n<\/tr>\n<tr>\n<td>R\u00fcckflussd\u00e4mpfung<\/td>\n<td>\u2265 35 dB<\/td>\n<\/tr>\n<tr>\n<td>Material der H\u00fclse<\/td>\n<td>Zirkoniumdioxid-Keramik<\/td>\n<\/tr>\n<tr>\n<td>Betriebstemperatur<\/td>\n<td>-40\u00b0C bis +75\u00b0C<\/td>\n<\/tr>\n<tr>\n<td>Lagertemperatur<\/td>\n<td>-40\u00b0C bis +85\u00b0C<\/td>\n<\/tr>\n<tr>\n<td>Dauerhaftigkeit der Paarung<\/td>\n<td>\u2265 500 Zyklen<\/td>\n<\/tr>\n<\/tbody>\n<\/table>\n<h2>Anwendungsszenarien<\/h2>\n<p>Der faseroptische Adapter LC\/UPC-Trapezoid-OM3 findet breite Anwendung in:<\/p>\n<ul>\n<li>Rechenzentren und Cloud Computing-Einrichtungen<\/li>\n<li>Lokale Unternehmensnetze<\/li>\n<li>Hochgeschwindigkeits-Ethernet-Systeme<\/li>\n<li>Optische Verteilerrahmen und Rangierfelder<\/li>\n<\/ul>\n<p>OM3-Multimode-Glasfaser ist nach wie vor eine g\u00e4ngige L\u00f6sung f\u00fcr 10G- und 40G-Ethernet-\u00dcbertragungen bis zu 300 Metern, die auch im Jahr 2025 noch h\u00e4ufig in der globalen Infrastruktur von Rechenzentren eingesetzt wird.<\/p>\n<h2>Fertigung und Qualit\u00e4tssicherung<\/h2>\n<p>Fenxi Optoelectronics Technology setzt fortschrittliche Fertigungsanlagen in Kombination mit strengen Qualit\u00e4tskontrollverfahren ein. Jeder Adapter wird optischen Leistungstests und mechanischen Zuverl\u00e4ssigkeitspr\u00fcfungen unterzogen, um eine stabile Leistung und Konsistenz f\u00fcr gro\u00df angelegte B2B-Anwendungen zu gew\u00e4hrleisten.<\/p>\n<p>Die erfahrenen F&amp;E- und Qualit\u00e4tsmanagement-Teams des Unternehmens unterst\u00fctzen die effiziente Produktentwicklung und die zuverl\u00e4ssige Belieferung der internationalen Kunden.<\/p>\n<h2>Personalisierung und B2B-Lieferung<\/h2>\n<p>Der LWL-Adapter LC\/UPC-Trapezoid-OM3 unterst\u00fctzt OEM- und ODM-Anpassungen, einschlie\u00dflich Geh\u00e4usefarbe, Beschriftung und Verpackungsoptionen. Die F\u00e4higkeit zur Massenproduktion und standardisierte Prozesse machen ihn geeignet f\u00fcr Systemintegratoren, Distributoren und Rechenzentrumsprojekte.<\/p>","protected":false},"excerpt":{"rendered":"<h2>Produkt\u00fcbersicht<\/h2>\n<p>Die\u00a0<strong>Lichtwellenleiter-Adapter LC\/UPC-Trapezoid-OM3<\/strong>\u00a0ist eine Pr\u00e4zisions-Multimodefaser-Verbindungskomponente, die f\u00fcr eine stabile und effiziente optische Signal\u00fcbertragung entwickelt wurde. Der von Fenxi Optoelectronics Technology hergestellte Adapter unterst\u00fctzt OM3-Multimode-Fasern und verf\u00fcgt \u00fcber ein trapezf\u00f6rmiges Geh\u00e4use, das eine sichere Montage in Standard-Adapterplatten und optischen Verteilerrahmen erm\u00f6glicht.<\/p>\n<p>Mit LC\/UPC-Schnittstellen und optimierter Ausrichtungsgenauigkeit eignet sich der Adapter hervorragend f\u00fcr Hochgeschwindigkeitsnetzwerke in Rechenzentren, Unternehmen und der Telekommunikation.<\/p>","protected":false},"featured_media":448,"comment_status":"open","ping_status":"closed","template":"","meta":[],"product_brand":[],"product_cat":[25],"product_tag":[],"class_list":{"0":"post-447","1":"product","2":"type-product","3":"status-publish","4":"has-post-thumbnail","6":"product_cat-fiber-optic-adapter","8":"first","9":"instock","10":"shipping-taxable","11":"product-type-simple"},"_links":{"self":[{"href":"https:\/\/www.fenxifiber.com\/de\/wp-json\/wp\/v2\/product\/447","targetHints":{"allow":["GET"]}}],"collection":[{"href":"https:\/\/www.fenxifiber.com\/de\/wp-json\/wp\/v2\/product"}],"about":[{"href":"https:\/\/www.fenxifiber.com\/de\/wp-json\/wp\/v2\/types\/product"}],"replies":[{"embeddable":true,"href":"https:\/\/www.fenxifiber.com\/de\/wp-json\/wp\/v2\/comments?post=447"}],"wp:featuredmedia":[{"embeddable":true,"href":"https:\/\/www.fenxifiber.com\/de\/wp-json\/wp\/v2\/media\/448"}],"wp:attachment":[{"href":"https:\/\/www.fenxifiber.com\/de\/wp-json\/wp\/v2\/media?parent=447"}],"wp:term":[{"taxonomy":"product_brand","embeddable":true,"href":"https:\/\/www.fenxifiber.com\/de\/wp-json\/wp\/v2\/product_brand?post=447"},{"taxonomy":"product_cat","embeddable":true,"href":"https:\/\/www.fenxifiber.com\/de\/wp-json\/wp\/v2\/product_cat?post=447"},{"taxonomy":"product_tag","embeddable":true,"href":"https:\/\/www.fenxifiber.com\/de\/wp-json\/wp\/v2\/product_tag?post=447"}],"curies":[{"name":"wp","href":"https:\/\/api.w.org\/{rel}","templated":true}]}}