{"id":453,"date":"2026-01-28T06:58:44","date_gmt":"2026-01-28T06:58:44","guid":{"rendered":"https:\/\/www.fenxifiber.com\/?post_type=product&#038;p=453"},"modified":"2026-02-03T00:53:10","modified_gmt":"2026-02-03T00:53:10","slug":"glasfaseradapter-sc-upc-sm-fur-telekommunikations-und-ftth-systeme","status":"publish","type":"product","link":"https:\/\/www.fenxifiber.com\/de\/product\/fiber-optic-adapter-sc-upc-sm-for-telecom-and-ftth-systems\/","title":{"rendered":"Glasfaseradapter SC\/UPC-SM f\u00fcr Telekommunikations- und FTTH-Systeme"},"content":{"rendered":"<h2>Wesentliche Merkmale<\/h2>\n<ul>\n<li><strong>SC\/UPC-Schnittstelle<\/strong>: Sorgt f\u00fcr zuverl\u00e4ssigen physischen Kontakt und gleichbleibende optische Leistung<\/li>\n<li><strong>Single-Mode-Kompatibilit\u00e4t<\/strong>: Optimiert f\u00fcr Langstrecken-Glasfaser\u00fcbertragung<\/li>\n<li><strong>Geringe Einf\u00fcgungsd\u00e4mpfung<\/strong>: Pr\u00e4zisionsh\u00fclsen aus Zirkoniumdioxidkeramik gew\u00e4hrleisten eine genaue Kernausrichtung<\/li>\n<li><strong>Stabile R\u00fcckflussd\u00e4mpfung<\/strong>: Glatte UPC-Polierung unterst\u00fctzt saubere Signal\u00fcbertragung<\/li>\n<li><strong>Langlebiges Geh\u00e4use<\/strong>: Flammhemmende Materialien f\u00fcr langfristige Betriebsstabilit\u00e4t<\/li>\n<li><strong>Einhaltung von Normen<\/strong>: Entspricht den Spezifikationen IEC 61754 und Telcordia GR-326<\/li>\n<\/ul>\n<h2>Technische Daten<\/h2>\n<table>\n<thead>\n<tr>\n<th>Parameter<\/th>\n<th>Spezifikation<\/th>\n<\/tr>\n<\/thead>\n<tbody>\n<tr>\n<td>Stecker Typ<\/td>\n<td>SC\/UPC zu SC\/UPC<\/td>\n<\/tr>\n<tr>\n<td>Faser-Modus<\/td>\n<td>Einzelmodus (OS2, 9\/125 \u03bcm)<\/td>\n<\/tr>\n<tr>\n<td>Betriebswellenl\u00e4nge<\/td>\n<td>1310 \/ 1550 nm<\/td>\n<\/tr>\n<tr>\n<td>Einf\u00fcged\u00e4mpfung<\/td>\n<td>\u2264 0,2 dB<\/td>\n<\/tr>\n<tr>\n<td>R\u00fcckflussd\u00e4mpfung<\/td>\n<td>\u2265 50 dB<\/td>\n<\/tr>\n<tr>\n<td>Material der H\u00fclse<\/td>\n<td>Zirkoniumdioxid-Keramik<\/td>\n<\/tr>\n<tr>\n<td>Betriebstemperatur<\/td>\n<td>-40\u00b0C bis +75\u00b0C<\/td>\n<\/tr>\n<tr>\n<td>Lagertemperatur<\/td>\n<td>-40\u00b0C bis +85\u00b0C<\/td>\n<\/tr>\n<tr>\n<td>Dauerhaftigkeit der Paarung<\/td>\n<td>\u2265 500 Zyklen<\/td>\n<\/tr>\n<\/tbody>\n<\/table>\n<h2>Anwendungsszenarien<\/h2>\n<p>Der Glasfaseradapter SC\/UPC-SM wird in vielen Bereichen eingesetzt:<\/p>\n<ul>\n<li>FTTH- und FTTx-Zugangsnetze<\/li>\n<li>Zentralstellen f\u00fcr Telekommunikation<\/li>\n<li>Optische Verteilerrahmen (ODF)<\/li>\n<li>Glasfaseranschlussk\u00e4sten und Splei\u00dfverschl\u00fcsse<\/li>\n<li>Backbone- und Metro-Glasfaser\u00fcbertragungssysteme<\/li>\n<\/ul>\n<p>Singlemode-SC\/UPC-Adapter sind nach wie vor die erste Wahl f\u00fcr Zugangs- und \u00dcbertragungsnetze und unterst\u00fctzen GPON- und 10G-PON-Implementierungen, die auch 2025 weltweit noch weit verbreitet sein werden.<\/p>\n<h2>Fertigung und Qualit\u00e4tssicherung<\/h2>\n<p>Fenxi Optoelectronics Technology integriert fortschrittliche Fertigungsanlagen mit strengen Qualit\u00e4tskontrollverfahren. Jeder Adapter wird auf Einf\u00fcgungsd\u00e4mpfung, R\u00fcckflussd\u00e4mpfung und mechanische Zuverl\u00e4ssigkeit getestet, um eine gleichbleibende Qualit\u00e4t f\u00fcr den gro\u00df angelegten B2B-Einsatz zu gew\u00e4hrleisten.<\/p>\n<p>Unterst\u00fctzt von erfahrenen F&amp;E- und Qualit\u00e4tsmanagement-Teams bietet das Unternehmen Systemintegratoren und Telekommunikationsbetreibern eine stabile Lieferf\u00e4higkeit und zuverl\u00e4ssige Leistung.<\/p>\n<h2>Anpassungen und OEM-Dienstleistungen<\/h2>\n<p>Der LWL-Adapter SC\/UPC-SM unterst\u00fctzt OEM- und ODM-Dienstleistungen, einschlie\u00dflich kundenspezifischer Geh\u00e4usefarben, Lasermarkierung und Verpackungsl\u00f6sungen. Dank flexibler Produktionskapazit\u00e4ten und standardisierter Prozesse eignet er sich f\u00fcr die Beschaffung gro\u00dfer Mengen und langfristige Projektkooperationen.<\/p>","protected":false},"excerpt":{"rendered":"<h2>Produkt\u00fcbersicht<\/h2>\n<p>Die\u00a0<strong>Lichtwellenleiter-Adapter SC\/UPC-SM<\/strong>\u00a0ist eine Pr\u00e4zisions-Singlemode-Faserverbindungskomponente, die eine stabile optische Leistung und eine zuverl\u00e4ssige Signal\u00fcbertragung gew\u00e4hrleistet. Der von Fenxi Optoelectronics Technology hergestellte Adapter verwendet eine Standard-SC\/UPC-Schnittstelle, um eine genaue Faserausrichtung und eine niedrige Einf\u00fcged\u00e4mpfung zu gew\u00e4hrleisten, wodurch er f\u00fcr eine Vielzahl von Telekommunikations- und FTTH-Netzwerkanwendungen geeignet ist.<\/p>\n<p>Dank seiner robusten Bauweise und der Einhaltung internationaler Standards unterst\u00fctzt der Adapter die Anforderungen an die optische \u00dcbertragung \u00fcber gro\u00dfe Entfernungen und hohe Bandbreiten.<\/p>","protected":false},"featured_media":455,"comment_status":"open","ping_status":"closed","template":"","meta":[],"product_brand":[],"product_cat":[25],"product_tag":[],"class_list":{"0":"post-453","1":"product","2":"type-product","3":"status-publish","4":"has-post-thumbnail","6":"product_cat-fiber-optic-adapter","8":"first","9":"instock","10":"shipping-taxable","11":"product-type-simple"},"_links":{"self":[{"href":"https:\/\/www.fenxifiber.com\/de\/wp-json\/wp\/v2\/product\/453","targetHints":{"allow":["GET"]}}],"collection":[{"href":"https:\/\/www.fenxifiber.com\/de\/wp-json\/wp\/v2\/product"}],"about":[{"href":"https:\/\/www.fenxifiber.com\/de\/wp-json\/wp\/v2\/types\/product"}],"replies":[{"embeddable":true,"href":"https:\/\/www.fenxifiber.com\/de\/wp-json\/wp\/v2\/comments?post=453"}],"wp:featuredmedia":[{"embeddable":true,"href":"https:\/\/www.fenxifiber.com\/de\/wp-json\/wp\/v2\/media\/455"}],"wp:attachment":[{"href":"https:\/\/www.fenxifiber.com\/de\/wp-json\/wp\/v2\/media?parent=453"}],"wp:term":[{"taxonomy":"product_brand","embeddable":true,"href":"https:\/\/www.fenxifiber.com\/de\/wp-json\/wp\/v2\/product_brand?post=453"},{"taxonomy":"product_cat","embeddable":true,"href":"https:\/\/www.fenxifiber.com\/de\/wp-json\/wp\/v2\/product_cat?post=453"},{"taxonomy":"product_tag","embeddable":true,"href":"https:\/\/www.fenxifiber.com\/de\/wp-json\/wp\/v2\/product_tag?post=453"}],"curies":[{"name":"wp","href":"https:\/\/api.w.org\/{rel}","templated":true}]}}