{"id":458,"date":"2026-01-28T07:06:18","date_gmt":"2026-01-28T07:06:18","guid":{"rendered":"https:\/\/www.fenxifiber.com\/?post_type=product&#038;p=458"},"modified":"2026-02-03T00:52:56","modified_gmt":"2026-02-03T00:52:56","slug":"glasfaseradapter-sc-upc-om3-dx-hersteller-fur-rechenzentren","status":"publish","type":"product","link":"https:\/\/www.fenxifiber.com\/de\/product\/fiber-fiber-optic-adapter-sc-upc-om3-dx-manufacturer-for-data-centers\/","title":{"rendered":"Fiber Fiber Optic Adapter SC\/UPC-OM3-DX Hersteller f\u00fcr Rechenzentren"},"content":{"rendered":"<h2>Wesentliche Merkmale<\/h2>\n<ul>\n<li><strong>SC\/UPC-Duplex-Schnittstelle<\/strong>: Unterst\u00fctzt gleichzeitige Dual-Fiber-Verbindungen<\/li>\n<li><strong>OM3 Multimode-Kompatibilit\u00e4t<\/strong>: Optimiert f\u00fcr Kurzstrecken- und Hochgeschwindigkeits\u00fcbertragungen<\/li>\n<li><strong>Geringe Einf\u00fcgungsd\u00e4mpfung<\/strong>: Hochpr\u00e4zise Zirkoniumdioxid-Keramikh\u00fclsen gew\u00e4hrleisten eine genaue Ausrichtung<\/li>\n<li><strong>Stabile R\u00fcckflussd\u00e4mpfung<\/strong>: UPC-Polieren sorgt f\u00fcr glatten Faserendfl\u00e4chenkontakt<\/li>\n<li><strong>Robustes Geh\u00e4usedesign<\/strong>: Flammenhemmende Materialien f\u00fcr mechanische Haltbarkeit<\/li>\n<li><strong>Einhaltung von Normen<\/strong>: Erf\u00fcllt die Normen IEC 61754 und TIA\/EIA f\u00fcr optische Komponenten<\/li>\n<\/ul>\n<h2>Technische Daten<\/h2>\n<table>\n<thead>\n<tr>\n<th>Parameter<\/th>\n<th>Spezifikation<\/th>\n<\/tr>\n<\/thead>\n<tbody>\n<tr>\n<td>Stecker Typ<\/td>\n<td>SC\/UPC Duplex<\/td>\n<\/tr>\n<tr>\n<td>Faser-Typ<\/td>\n<td>OM3 Multimode (50\/125 \u03bcm)<\/td>\n<\/tr>\n<tr>\n<td>Betriebswellenl\u00e4nge<\/td>\n<td>850 nm<\/td>\n<\/tr>\n<tr>\n<td>Einf\u00fcged\u00e4mpfung<\/td>\n<td>\u2264 0,2 dB<\/td>\n<\/tr>\n<tr>\n<td>R\u00fcckflussd\u00e4mpfung<\/td>\n<td>\u2265 35 dB<\/td>\n<\/tr>\n<tr>\n<td>Material der H\u00fclse<\/td>\n<td>Zirkoniumdioxid-Keramik<\/td>\n<\/tr>\n<tr>\n<td>Betriebstemperatur<\/td>\n<td>-40\u00b0C bis +75\u00b0C<\/td>\n<\/tr>\n<tr>\n<td>Lagertemperatur<\/td>\n<td>-40\u00b0C bis +85\u00b0C<\/td>\n<\/tr>\n<tr>\n<td>Dauerhaftigkeit der Paarung<\/td>\n<td>\u2265 500 Zyklen<\/td>\n<\/tr>\n<\/tbody>\n<\/table>\n<h2>Anwendungsszenarien<\/h2>\n<p>Der Glasfaseradapter SC\/UPC-OM3-DX findet breite Anwendung in:<\/p>\n<ul>\n<li>Rechenzentren und Cloud Computing-Einrichtungen<\/li>\n<li>Unternehmens- und Campusnetzwerke<\/li>\n<li>Hochgeschwindigkeits-Ethernet-Systeme<\/li>\n<li>Optische Verteilerrahmen und Rangierfelder<\/li>\n<\/ul>\n<p>OM3-Multimode-Glasfasern sind nach wie vor die erste Wahl f\u00fcr 10G- und 40G-Ethernet-\u00dcbertragungen bis zu 300 Metern und werden auch im Jahr 2025 in der globalen Infrastruktur von Rechenzentren weit verbreitet sein.<\/p>\n<h2>Fertigung und Qualit\u00e4tssicherung<\/h2>\n<p>Fenxi Optoelectronics Technology kombiniert automatisierte Produktionsprozesse mit strengen Qualit\u00e4tskontrollverfahren. Jeder Adapter wird optischen Leistungstests und mechanischen Zuverl\u00e4ssigkeitspr\u00fcfungen unterzogen, um eine gleichbleibende Qualit\u00e4t und stabile Leistung f\u00fcr den gro\u00df angelegten B2B-Einsatz zu gew\u00e4hrleisten.<\/p>\n<p>Unterst\u00fctzt von erfahrenen F&amp;E- und Qualit\u00e4tsmanagement-Teams bietet das Unternehmen zuverl\u00e4ssige Lieferf\u00e4higkeit und technische Unterst\u00fctzung f\u00fcr internationale Kunden.<\/p>\n<h2>Anpassungen und OEM-Dienstleistungen<\/h2>\n<p>Der LWL-Adapter SC\/UPC-OM3-DX unterst\u00fctzt OEM- und ODM-Anpassungen, einschlie\u00dflich Geh\u00e4usefarbe, Beschriftung und Verpackungsoptionen. Dank flexibler Produktionskapazit\u00e4ten und standardisierter Fertigungsprozesse eignet er sich f\u00fcr die Beschaffung gro\u00dfer Mengen und langfristige Zusammenarbeit.<\/p>","protected":false},"excerpt":{"rendered":"<h2>Produkt\u00fcbersicht<\/h2>\n<p>Die\u00a0<strong>Lichtwellenleiter-Adapter SC\/UPC-OM3-DX<\/strong>\u00a0ist ein leistungsstarker Duplex-Multimode-Adapter, der f\u00fcr zuverl\u00e4ssige optische Verbindungen in Rechenzentren und Unternehmensnetzwerken entwickelt wurde. Der von Fenxi Optoelectronics Technology entwickelte Adapter unterst\u00fctzt OM3-Multimode-Glasfasern und verf\u00fcgt \u00fcber eine SC\/UPC-Duplex-Schnittstelle, die eine effiziente Zweifaser-Verbindung mit stabiler optischer Leistung erm\u00f6glicht.<\/p>\n<p>Dank seiner pr\u00e4zisen Ausrichtungsstruktur und seines robusten Geh\u00e4uses eignet er sich f\u00fcr Installationen mit hoher Dichte, bei denen eine gleichbleibende Signalqualit\u00e4t und langfristige Zuverl\u00e4ssigkeit erforderlich sind.<\/p>","protected":false},"featured_media":459,"comment_status":"open","ping_status":"closed","template":"","meta":[],"product_brand":[],"product_cat":[25],"product_tag":[],"class_list":{"0":"post-458","1":"product","2":"type-product","3":"status-publish","4":"has-post-thumbnail","6":"product_cat-fiber-optic-adapter","8":"first","9":"instock","10":"shipping-taxable","11":"product-type-simple"},"_links":{"self":[{"href":"https:\/\/www.fenxifiber.com\/de\/wp-json\/wp\/v2\/product\/458","targetHints":{"allow":["GET"]}}],"collection":[{"href":"https:\/\/www.fenxifiber.com\/de\/wp-json\/wp\/v2\/product"}],"about":[{"href":"https:\/\/www.fenxifiber.com\/de\/wp-json\/wp\/v2\/types\/product"}],"replies":[{"embeddable":true,"href":"https:\/\/www.fenxifiber.com\/de\/wp-json\/wp\/v2\/comments?post=458"}],"wp:featuredmedia":[{"embeddable":true,"href":"https:\/\/www.fenxifiber.com\/de\/wp-json\/wp\/v2\/media\/459"}],"wp:attachment":[{"href":"https:\/\/www.fenxifiber.com\/de\/wp-json\/wp\/v2\/media?parent=458"}],"wp:term":[{"taxonomy":"product_brand","embeddable":true,"href":"https:\/\/www.fenxifiber.com\/de\/wp-json\/wp\/v2\/product_brand?post=458"},{"taxonomy":"product_cat","embeddable":true,"href":"https:\/\/www.fenxifiber.com\/de\/wp-json\/wp\/v2\/product_cat?post=458"},{"taxonomy":"product_tag","embeddable":true,"href":"https:\/\/www.fenxifiber.com\/de\/wp-json\/wp\/v2\/product_tag?post=458"}],"curies":[{"name":"wp","href":"https:\/\/api.w.org\/{rel}","templated":true}]}}