{"id":464,"date":"2026-01-29T06:01:39","date_gmt":"2026-01-29T06:01:39","guid":{"rendered":"https:\/\/www.fenxifiber.com\/?post_type=product&#038;p=464"},"modified":"2026-02-03T00:52:29","modified_gmt":"2026-02-03T00:52:29","slug":"faseroptischer-splitter-sc-apc-12-hochleistungs-fttx-einheit","status":"publish","type":"product","link":"https:\/\/www.fenxifiber.com\/de\/product\/fiber-optical-splitter-sc-apc-12-high-performance-fttx-unit\/","title":{"rendered":"Faseroptischer Splitter SC\/APC-1*2: Leistungsstarke FTTx-Einheit"},"content":{"rendered":"<p><strong>Hervorragende optische Leistung und Stabilit\u00e4t<\/strong><\/p>\n<p>Unser optischer 1\u00d72-Splitter nutzt fortschrittliche planare Lichtwellenleitertechnologie (PLC) oder pr\u00e4zise Fused Biconical Taper (FBT)-Verfahren, je nach Ihren spezifischen Bandbreitenanforderungen. Das Ger\u00e4t ist mit hochwertigen Abschl\u00fcssen versehen\u00a0<strong>SC\/APC (abgewinkelter physischer Kontakt)<\/strong>\u00a0Anschl\u00fcsse. Der 8-Grad-Winkel reduziert die R\u00fcckreflexion erheblich und erreicht eine R\u00fcckflussd\u00e4mpfung von mehr als 60 dB. Diese Eigenschaft ist entscheidend f\u00fcr die \u00dcbertragung von analogen Videosignalen und Hochgeschwindigkeitsdaten und stellt sicher, dass Ihr Netzwerk auch unter rauen Umgebungsbedingungen stabil bleibt.<\/p>\n<p><strong>Wichtige technische Spezifikationen<\/strong><\/p>\n<p>Zuverl\u00e4ssigkeit ist der Kern von Fenxi Optoelectronics. Unsere Produkte unterliegen strengen Qualit\u00e4tskontrollprotokollen, die von erfahrenen Mitarbeitern verwaltet werden. Nachfolgend finden Sie die technischen Standardparameter f\u00fcr unseren 1*2 SC\/APC-Splitter, die den aktuellen Industriestandards f\u00fcr Komponenten in Profiqualit\u00e4t entsprechen.<\/p>\n<table>\n<thead>\n<tr>\n<th>Produktname<\/th>\n<th>Faseroptischer Splitter SC\/APC-1*2<\/th>\n<\/tr>\n<\/thead>\n<tbody>\n<tr>\n<td>Stecker Typ<\/td>\n<td>SC\/UPC, SC\/APC, FC\/UPC, FC\/APC, LC\/UPC, LC\/APC, ST\/UPC<\/td>\n<\/tr>\n<tr>\n<td>Farbe<\/td>\n<td>Gelb\/Wei\u00df\/Farbe<\/td>\n<\/tr>\n<tr>\n<td>Bandbreite<\/td>\n<td>\u00b140nm<\/td>\n<\/tr>\n<tr>\n<td>Zugfestigkeit<\/td>\n<td>\u2265200N<\/td>\n<\/tr>\n<tr>\n<td>Wellenl\u00e4nge<\/td>\n<td>1310nm-1490nm-1550nm\/850nm<\/td>\n<\/tr>\n<tr>\n<td>Dauerhaftigkeit<\/td>\n<td>\u22651000 mal<\/td>\n<\/tr>\n<tr>\n<td>Material<\/td>\n<td>LSZH<\/td>\n<\/tr>\n<tr>\n<td>Einf\u00fcged\u00e4mpfung<\/td>\n<td>\\<\/td>\n<\/tr>\n<tr>\n<td>R\u00fcckflussd\u00e4mpfung<\/td>\n<td>UPC&gt;50dB, APC&gt;60dB<\/td>\n<\/tr>\n<\/tbody>\n<\/table>\n<p><strong>Vielseitige Anwendungen in der Netzwerkarchitektur<\/strong><\/p>\n<p>Der optische Splitter SC\/APC-1*2 ist kompakt und vielseitig und damit ideal f\u00fcr verschiedene Einsatzszenarien, die von Fenxi Optoelectronics verwaltet werden. Ob integriert in\u00a0<strong>12-Kern-Lichtwellenleiter-Kassetten<\/strong>, platziert innerhalb\u00a0<strong>ODF-Lichtwellenleiter-Verteiler<\/strong>, oder eingesetzt in\u00a0<strong>Glasfaserabschlussdosen<\/strong>, bietet dieser Splitter eine konsistente Konnektivit\u00e4t.<\/p>\n<p>Es ist speziell optimiert f\u00fcr:<\/p>\n<ul>\n<li><strong>Fiber to the Home (FTTH):<\/strong>\u00a0Erm\u00f6glichung der Konnektivit\u00e4t der letzten Meile\u201c mit hoher Effizienz.<\/li>\n<li><strong>Passives optisches LAN (POL):<\/strong>\u00a0Straffung der Unternehmensnetzstrukturen.<\/li>\n<li><strong>CATV-Netze:<\/strong>\u00a0Gew\u00e4hrleistung einer hochwertigen Video\u00fcbertragung ohne Signalverschlechterung.<\/li>\n<\/ul>\n<p><strong>Warum Fenxi Optoelectronics w\u00e4hlen?<\/strong><\/p>\n<p>Als aufstrebende Kraft in der optischen Kommunikationsbranche verbindet Fenxi nationale Flexibilit\u00e4t mit internationalen Qualit\u00e4tsstandards. Wir liefern nicht nur Komponenten, sondern auch L\u00f6sungen, die sich nahtlos in Ihre Telekommunikationsabl\u00e4ufe integrieren lassen. W\u00e4hlen Sie unseren optischen Splitter SC\/APC-1*2 f\u00fcr eine Verbindung, die die Spitze der optischen Technologie darstellt.<\/p>","protected":false},"excerpt":{"rendered":"<p><strong>Optimierung der Signalverteilung mit Fenxi's Pr\u00e4zisionstechnik<\/strong><\/p>\n<p>In der sich schnell entwickelnden Landschaft der Telekommunikation ist die Signalintegrit\u00e4t von gr\u00f6\u00dfter Bedeutung. Fenxi Optoelectronics Technology pr\u00e4sentiert die\u00a0<strong>Optischer Splitter SC\/APC-1*2<\/strong>, ist eine erstklassige passive optische Komponente, die f\u00fcr eine hervorragende Leistung in FTTx-, GPON- und EPON-Netzwerken entwickelt wurde. Dieser Splitter wurde von unserem Team aus leitenden F&amp;E-Experten entwickelt und gew\u00e4hrleistet eine gleichm\u00e4\u00dfige Signalverteilung mit minimalen Verlusten und erf\u00fcllt die strengen Anforderungen moderner Glasfaser\u00fcbertragungssysteme.<\/p>","protected":false},"featured_media":465,"comment_status":"open","ping_status":"closed","template":"","meta":[],"product_brand":[],"product_cat":[28],"product_tag":[],"class_list":{"0":"post-464","1":"product","2":"type-product","3":"status-publish","4":"has-post-thumbnail","6":"product_cat-fiber-optic-splitter","8":"first","9":"instock","10":"shipping-taxable","11":"product-type-simple"},"_links":{"self":[{"href":"https:\/\/www.fenxifiber.com\/de\/wp-json\/wp\/v2\/product\/464","targetHints":{"allow":["GET"]}}],"collection":[{"href":"https:\/\/www.fenxifiber.com\/de\/wp-json\/wp\/v2\/product"}],"about":[{"href":"https:\/\/www.fenxifiber.com\/de\/wp-json\/wp\/v2\/types\/product"}],"replies":[{"embeddable":true,"href":"https:\/\/www.fenxifiber.com\/de\/wp-json\/wp\/v2\/comments?post=464"}],"wp:featuredmedia":[{"embeddable":true,"href":"https:\/\/www.fenxifiber.com\/de\/wp-json\/wp\/v2\/media\/465"}],"wp:attachment":[{"href":"https:\/\/www.fenxifiber.com\/de\/wp-json\/wp\/v2\/media?parent=464"}],"wp:term":[{"taxonomy":"product_brand","embeddable":true,"href":"https:\/\/www.fenxifiber.com\/de\/wp-json\/wp\/v2\/product_brand?post=464"},{"taxonomy":"product_cat","embeddable":true,"href":"https:\/\/www.fenxifiber.com\/de\/wp-json\/wp\/v2\/product_cat?post=464"},{"taxonomy":"product_tag","embeddable":true,"href":"https:\/\/www.fenxifiber.com\/de\/wp-json\/wp\/v2\/product_tag?post=464"}],"curies":[{"name":"wp","href":"https:\/\/api.w.org\/{rel}","templated":true}]}}