{"id":472,"date":"2026-01-29T06:47:13","date_gmt":"2026-01-29T06:47:13","guid":{"rendered":"https:\/\/www.fenxifiber.com\/?post_type=product&#038;p=472"},"modified":"2026-02-03T00:58:24","modified_gmt":"2026-02-03T00:58:24","slug":"faseroptischer-splitter-sc-apc-132-hohe-dichte-ftth-plc-splitter","status":"publish","type":"product","link":"https:\/\/www.fenxifiber.com\/de\/product\/fiber-optical-splitter-sc-apc-132-high-density-ftth-plc-splitter\/","title":{"rendered":"Faseroptischer Splitter SC\/APC-1*32 | FTTH PLC Splitter mit hoher Dichte"},"content":{"rendered":"<p class=\"ds-markdown-paragraph\">Fenxi Optoelectronics Technology b\u00fcndelt globales Fachwissen, um optische Netzwerke mit unserem\u00a0<strong>Optischer Splitter SC\/APC-1*32<\/strong>. Dieser erstklassige 1\u00d732 PLC-Splitter wurde f\u00fcr die Verteilung von Glasfasern mit hoher Dichte entwickelt und bietet au\u00dfergew\u00f6hnliche Signalintegrit\u00e4t und Zuverl\u00e4ssigkeit f\u00fcr gro\u00df angelegte Telekommunikations- und FTTH-Installationen.<\/p>\n<p class=\"ds-markdown-paragraph\"><strong>Kerntechnologie und Design<\/strong><br \/>\nDieser Splitter nutzt die fortschrittliche PLC-Technologie (Planar Lightwave Circuit) und gew\u00e4hrleistet eine pr\u00e4zise und gleichm\u00e4\u00dfige Aufteilung eines optischen Signals in 32 Ausgangskan\u00e4le. Die SC\/APC-Stecker bieten eine verschl\u00fcsselte, abgewinkelte physische Kontaktschnittstelle, die die R\u00fcckreflexion effektiv auf unter -55 dB minimiert. Dieses Design ist entscheidend f\u00fcr die Aufrechterhaltung der Signalklarheit in bidirektionalen \u00dcbertragungssystemen wie GPON, EPON und XGS-PON. Das kompakte, flache Modulgeh\u00e4use erm\u00f6glicht eine nahtlose Integration in Standard-Faserverwaltungssysteme wie ODF-Rahmen, Splei\u00dfverschl\u00fcsse und Abschlussboxen.<\/p>\n<p class=\"ds-markdown-paragraph\"><strong>Leistungsdaten und Verl\u00e4sslichkeit<\/strong><br \/>\nStrenge Tests unter realen Bedingungen garantieren eine Leistung, die den Industriestandards entspricht oder diese \u00fcbertrifft. Die folgende Tabelle zeigt die aktuellen Leistungskennzahlen unserer Qualit\u00e4tspr\u00fcfung der Produktion 2024:<\/p>\n<div class=\"ds-scroll-area _1210dd7 c03cafe9\">\n<div class=\"ds-scroll-area__gutters\">\n<div class=\"ds-scroll-area__vertical-gutter\"><\/div>\n<\/div>\n<table>\n<thead>\n<tr>\n<th>Produktname<\/th>\n<th>Faseroptischer Splitter SC\/APC-1*32<\/th>\n<\/tr>\n<\/thead>\n<tbody>\n<tr>\n<td>Stecker Typ<\/td>\n<td>SC\/UPC, SC\/APC, FC\/UPC, FC\/APC, LC\/UPC, LC\/APC, ST\/UPC<\/td>\n<\/tr>\n<tr>\n<td>Farbe<\/td>\n<td>Gelb\/Wei\u00df\/Farbe<\/td>\n<\/tr>\n<tr>\n<td>Bandbreite<\/td>\n<td>\u00b140nm<\/td>\n<\/tr>\n<tr>\n<td>Zugfestigkeit<\/td>\n<td>\u2265200N<\/td>\n<\/tr>\n<tr>\n<td>Wellenl\u00e4nge<\/td>\n<td>1310nm-1490nm-1550nm\/850nm<\/td>\n<\/tr>\n<tr>\n<td>Dauerhaftigkeit<\/td>\n<td>\u22651000 mal<\/td>\n<\/tr>\n<tr>\n<td>Material<\/td>\n<td>LSZH<\/td>\n<\/tr>\n<tr>\n<td>Einf\u00fcged\u00e4mpfung<\/td>\n<td>\\<\/td>\n<\/tr>\n<tr>\n<td>R\u00fcckflussd\u00e4mpfung<\/td>\n<td>UPC&gt;50dB, APC&gt;60dB<\/td>\n<\/tr>\n<\/tbody>\n<\/table>\n<\/div>\n<p class=\"ds-markdown-paragraph\"><strong>Engagement f\u00fcr Qualit\u00e4t und Partnerschaft<\/strong><br \/>\nFenxi Optoelectronics \u00fcberwacht den gesamten Herstellungsprozess, von der Pr\u00e4zisionsglaswaferverarbeitung bis zur Endmontage und Pr\u00fcfung. Jeder optische Splitter SC\/APC-1*32 durchl\u00e4uft die automatisierte 100%-Pr\u00fcfung, um die Zuverl\u00e4ssigkeit zu gew\u00e4hrleisten, die in den angegebenen Daten zum Ausdruck kommt. Wenn Sie sich f\u00fcr unsere Produkte entscheiden, gehen Sie eine Partnerschaft mit einem Team ein, das sich der Bereitstellung skalierbarer, zukunftssicherer optischer L\u00f6sungen verschrieben hat, die von einem erfahrenen Forschungs- und Entwicklungs- sowie Qualit\u00e4tsmanagement unterst\u00fctzt werden.<\/p>\n<p class=\"ds-markdown-paragraph\">Optimieren Sie die Kapazit\u00e4t und Effizienz Ihres Netzwerks mit unserem leistungsstarken 1\u00d732-Splitter. Wenden Sie sich an Fenxi Optoelectronics Technology, um detaillierte Spezifikationen und Anpassungsoptionen f\u00fcr die spezifischen Anforderungen Ihres Projekts zu erhalten.<\/p>","protected":false},"excerpt":{"rendered":"<p class=\"ds-markdown-paragraph\"><strong>Schl\u00fcsselanwendungen in modernen Netzen<\/strong><br \/>\nDieser Splitter dient als grundlegende Komponente f\u00fcr Netzwerkarchitekten, die eine effiziente Portnutzung ben\u00f6tigen. Zu seinen Hauptanwendungen geh\u00f6ren:<\/p>\n<ul>\n<li>\n<p class=\"ds-markdown-paragraph\">Zentralisierte Aufteilung in FTTx\/PON-Zugangsnetzen.<\/p>\n<\/li>\n<li>\n<p class=\"ds-markdown-paragraph\">Signalverteilung in Glasfaser-Backbone- und Metropolitan Area Networks (MAN).<\/p>\n<\/li>\n<li>\n<p class=\"ds-markdown-paragraph\">Verkabelungsumgebungen mit hoher Dichte in Rechenzentren und Systemintegrationsprojekten.<\/p>\n<\/li>\n<li>\n<p class=\"ds-markdown-paragraph\">Aufr\u00fcstung und Erweiterung der bestehenden Infrastruktur von Telekommunikationsbetreibern.<\/p>\n<\/li>\n<\/ul>","protected":false},"featured_media":473,"comment_status":"open","ping_status":"closed","template":"","meta":[],"product_brand":[],"product_cat":[28],"product_tag":[],"class_list":{"0":"post-472","1":"product","2":"type-product","3":"status-publish","4":"has-post-thumbnail","6":"product_cat-fiber-optic-splitter","8":"first","9":"instock","10":"shipping-taxable","11":"product-type-simple"},"_links":{"self":[{"href":"https:\/\/www.fenxifiber.com\/de\/wp-json\/wp\/v2\/product\/472","targetHints":{"allow":["GET"]}}],"collection":[{"href":"https:\/\/www.fenxifiber.com\/de\/wp-json\/wp\/v2\/product"}],"about":[{"href":"https:\/\/www.fenxifiber.com\/de\/wp-json\/wp\/v2\/types\/product"}],"replies":[{"embeddable":true,"href":"https:\/\/www.fenxifiber.com\/de\/wp-json\/wp\/v2\/comments?post=472"}],"wp:featuredmedia":[{"embeddable":true,"href":"https:\/\/www.fenxifiber.com\/de\/wp-json\/wp\/v2\/media\/473"}],"wp:attachment":[{"href":"https:\/\/www.fenxifiber.com\/de\/wp-json\/wp\/v2\/media?parent=472"}],"wp:term":[{"taxonomy":"product_brand","embeddable":true,"href":"https:\/\/www.fenxifiber.com\/de\/wp-json\/wp\/v2\/product_brand?post=472"},{"taxonomy":"product_cat","embeddable":true,"href":"https:\/\/www.fenxifiber.com\/de\/wp-json\/wp\/v2\/product_cat?post=472"},{"taxonomy":"product_tag","embeddable":true,"href":"https:\/\/www.fenxifiber.com\/de\/wp-json\/wp\/v2\/product_tag?post=472"}],"curies":[{"name":"wp","href":"https:\/\/api.w.org\/{rel}","templated":true}]}}