{"id":476,"date":"2026-01-29T07:04:35","date_gmt":"2026-01-29T07:04:35","guid":{"rendered":"https:\/\/www.fenxifiber.com\/?post_type=product&#038;p=476"},"modified":"2026-02-03T03:57:48","modified_gmt":"2026-02-03T03:57:48","slug":"faseroptischer-splitter-sc-apc-24-ftth-pon-netzwerklosung","status":"publish","type":"product","link":"https:\/\/www.fenxifiber.com\/de\/product\/fiber-optical-splitter-sc-apc-24-ftth-pon-network-solution\/","title":{"rendered":"Faseroptischer Splitter SC\/APC-2*4: FTTH- und PON-Netzwerkl\u00f6sung"},"content":{"rendered":"<p class=\"ds-markdown-paragraph\">Fenxi Optoelectronics bietet mit seinem hochwertigen PLC Optical Splitter SC\/APC-2\u00d74 eine zuverl\u00e4ssige Glasfaserverteilung. Dieses Ger\u00e4t wurde entwickelt, um ein optisches Signal effizient auf mehrere Pfade aufzuteilen, was es zu einer grundlegenden Komponente f\u00fcr die Erweiterung der Netzwerkkapazit\u00e4t in den heutigen anspruchsvollen FTTH- (Fiber to the Home) und PON- (Passive Optical Network) Infrastrukturen macht. Das Ger\u00e4t wurde mit Pr\u00e4zision und Langlebigkeit entwickelt und gew\u00e4hrleistet optimale Signalintegrit\u00e4t f\u00fcr Telekommunikationsbetreiber und Systemintegratoren weltweit.<\/p>\n<p class=\"ds-markdown-paragraph\"><strong>Hauptmerkmale und vergleichende Spezifikationen<\/strong><\/p>\n<p class=\"ds-markdown-paragraph\">\u00dcber die Kernleistung hinaus bietet dieser Splitter praktische Vorteile f\u00fcr den Netzwerkeinsatz. Die folgende Tabelle hebt seine wichtigsten Eigenschaften neben den g\u00e4ngigen Alternativen hervor und zeigt sein ausgewogenes Design f\u00fcr Allzweckanwendungen:<\/p>\n<table>\n<thead>\n<tr>\n<th>Produktname<\/th>\n<th>Faseroptischer Splitter SC\/APC-2*4<\/th>\n<\/tr>\n<\/thead>\n<tbody>\n<tr>\n<td>Stecker Typ<\/td>\n<td>SC\/UPC, SC\/APC, FC\/UPC, FC\/APC, LC\/UPC, LC\/APC, ST\/UPC<\/td>\n<\/tr>\n<tr>\n<td>Farbe<\/td>\n<td>Gelb\/Wei\u00df\/Farbe<\/td>\n<\/tr>\n<tr>\n<td>Bandbreite<\/td>\n<td>\u00b140nm<\/td>\n<\/tr>\n<tr>\n<td>Zugfestigkeit<\/td>\n<td>\u2265200N<\/td>\n<\/tr>\n<tr>\n<td>Wellenl\u00e4nge<\/td>\n<td>1310nm-1490nm-1550nm\/850nm<\/td>\n<\/tr>\n<tr>\n<td>Dauerhaftigkeit<\/td>\n<td>\u22651000 mal<\/td>\n<\/tr>\n<tr>\n<td>Material<\/td>\n<td>LSZH<\/td>\n<\/tr>\n<tr>\n<td>Einf\u00fcged\u00e4mpfung<\/td>\n<td>\\<\/td>\n<\/tr>\n<tr>\n<td>R\u00fcckflussd\u00e4mpfung<\/td>\n<td>UPC&gt;50dB, APC&gt;60dB<\/td>\n<\/tr>\n<\/tbody>\n<\/table>\n<p class=\"ds-markdown-paragraph\"><strong>Ideale Anwendungen und Integration<\/strong><\/p>\n<p class=\"ds-markdown-paragraph\">Dieser Splitter ist perfekt f\u00fcr eine Reihe von Anwendungen geeignet. Er wird h\u00e4ufig in FTTx-Architekturen, CATV-Signalverteilung und passiven optischen LANs eingesetzt. Seine Kompatibilit\u00e4t mit Standard-SC\/APC-Schnittstellen gew\u00e4hrleistet eine nahtlose Integration in bestehende Patchpanels, ODF-Rahmen und Splei\u00dfverschl\u00fcsse aus unserem umfassenden Produktportfolio, einschlie\u00dflich unserer 12-Kern-Faserkassetten und Abschlussboxen.<\/p>\n<p class=\"ds-markdown-paragraph\">F\u00fcr Netzwerkentwickler, die einen zuverl\u00e4ssigen, leistungsstarken optischen Splitter suchen, ist das Modell Fenxi Optoelectronics SC\/APC-2\u00d74 eine intelligente Wahl. Kontaktieren Sie unser Team noch heute, um zu besprechen, wie diese Komponente Ihr spezifisches Netzwerkdesign und Ihre Projektanforderungen optimieren kann.<\/p>","protected":false},"excerpt":{"rendered":"<p class=\"ds-markdown-paragraph\"><strong>\u00dcberlegene Leistung f\u00fcr anspruchsvolle Netzwerke<\/strong><\/p>\n<p class=\"ds-markdown-paragraph\">Dieses Ger\u00e4t mit einem Aufteilungsverh\u00e4ltnis von 1\u00d72 bietet ein au\u00dfergew\u00f6hnliches Signalmanagement. Sein kompaktes Moduldesign erm\u00f6glicht eine flexible Installation in verschiedenen Umgebungen, von zentralen B\u00fcros bis hin zu Anschlussgeh\u00e4usen im Freien. Die Verwendung von hochwertigen SC\/APC-Steckverbindern minimiert die R\u00fcckreflexion, was f\u00fcr die Aufrechterhaltung der Qualit\u00e4t der Hochgeschwindigkeitsdaten\u00fcbertragung entscheidend ist. Wir unterziehen jedes Ger\u00e4t strengen Qualit\u00e4tskontrollen, um sicherzustellen, dass die Leistung die Industriestandards f\u00fcr Zuverl\u00e4ssigkeit und Langlebigkeit erf\u00fcllt oder \u00fcbertrifft.<\/p>","protected":false},"featured_media":623,"comment_status":"open","ping_status":"closed","template":"","meta":[],"product_brand":[],"product_cat":[28],"product_tag":[],"class_list":{"0":"post-476","1":"product","2":"type-product","3":"status-publish","4":"has-post-thumbnail","6":"product_cat-fiber-optic-splitter","8":"first","9":"instock","10":"shipping-taxable","11":"product-type-simple"},"_links":{"self":[{"href":"https:\/\/www.fenxifiber.com\/de\/wp-json\/wp\/v2\/product\/476","targetHints":{"allow":["GET"]}}],"collection":[{"href":"https:\/\/www.fenxifiber.com\/de\/wp-json\/wp\/v2\/product"}],"about":[{"href":"https:\/\/www.fenxifiber.com\/de\/wp-json\/wp\/v2\/types\/product"}],"replies":[{"embeddable":true,"href":"https:\/\/www.fenxifiber.com\/de\/wp-json\/wp\/v2\/comments?post=476"}],"wp:featuredmedia":[{"embeddable":true,"href":"https:\/\/www.fenxifiber.com\/de\/wp-json\/wp\/v2\/media\/623"}],"wp:attachment":[{"href":"https:\/\/www.fenxifiber.com\/de\/wp-json\/wp\/v2\/media?parent=476"}],"wp:term":[{"taxonomy":"product_brand","embeddable":true,"href":"https:\/\/www.fenxifiber.com\/de\/wp-json\/wp\/v2\/product_brand?post=476"},{"taxonomy":"product_cat","embeddable":true,"href":"https:\/\/www.fenxifiber.com\/de\/wp-json\/wp\/v2\/product_cat?post=476"},{"taxonomy":"product_tag","embeddable":true,"href":"https:\/\/www.fenxifiber.com\/de\/wp-json\/wp\/v2\/product_tag?post=476"}],"curies":[{"name":"wp","href":"https:\/\/api.w.org\/{rel}","templated":true}]}}