{"id":497,"date":"2026-01-29T08:40:48","date_gmt":"2026-01-29T08:40:48","guid":{"rendered":"https:\/\/www.fenxifiber.com\/?post_type=product&#038;p=497"},"modified":"2026-02-03T01:10:25","modified_gmt":"2026-02-03T01:10:25","slug":"faseroptischer-splitter-sc-upc-12-fur-stabile-pon-signalverteilung","status":"publish","type":"product","link":"https:\/\/www.fenxifiber.com\/de\/product\/fiber-optical-splitter-sc-upc-12-for-stable-pon-signal-distribution\/","title":{"rendered":"Faseroptischer Splitter SC\/UPC-1*2 zur stabilen PON-Signalverteilung"},"content":{"rendered":"<h3>Design- und Leistungsvorteile<\/h3>\n<p>Dieser optische 1\u00d72-Splitter nutzt eine fortschrittliche Siliziumdioxid-Wellenleiter-Fertigungstechnologie, um eine gleichm\u00e4\u00dfige Leistungsaufteilung und minimale Wellenl\u00e4ngenabh\u00e4ngigkeit zu gew\u00e4hrleisten. Die SC\/UPC-Stecker werden mit hochpr\u00e4zisen Polierverfahren hergestellt, um eine geringe R\u00fcckreflexion und verbesserte Verbindungsstabilit\u00e4t zu erreichen.<\/p>\n<p>In Kombination mit dem strengen Produktionskontroll- und Qualit\u00e4tspr\u00fcfungssystem von Fenxi funktioniert der Splitter sowohl in Innen- als auch in Au\u00dfenbereichen zuverl\u00e4ssig und unterst\u00fctzt den langfristigen Netzwerkbetrieb mit reduziertem Wartungsaufwand.<\/p>\n<h3>Wichtige technische Spezifikationen<\/h3>\n<p>Die folgenden Spezifikationen spiegeln die aktuellen Industriestandards f\u00fcr PLC-Splitter wider, die in Telekommunikations- und Zugangsnetzen verwendet werden:<\/p>\n<table>\n<thead>\n<tr>\n<th>Produktname<\/th>\n<th>Faseroptischer Splitter SC\/UPC-1*2<\/th>\n<\/tr>\n<\/thead>\n<tbody>\n<tr>\n<td>Stecker Typ<\/td>\n<td>SC\/UPC, SC\/APC, FC\/UPC, FC\/APC, LC\/UPC, LC\/APC, ST\/UPC<\/td>\n<\/tr>\n<tr>\n<td>Farbe<\/td>\n<td>Gelb\/Wei\u00df\/Farbe<\/td>\n<\/tr>\n<tr>\n<td>Bandbreite<\/td>\n<td>\u00b140nm<\/td>\n<\/tr>\n<tr>\n<td>Zugfestigkeit<\/td>\n<td>\u2265200N<\/td>\n<\/tr>\n<tr>\n<td>Wellenl\u00e4nge<\/td>\n<td>1310nm-1490nm-1550nm\/850nm<\/td>\n<\/tr>\n<tr>\n<td>Dauerhaftigkeit<\/td>\n<td>\u22651000 mal<\/td>\n<\/tr>\n<tr>\n<td>Material<\/td>\n<td>LSZH<\/td>\n<\/tr>\n<tr>\n<td>Einf\u00fcged\u00e4mpfung<\/td>\n<td>\\<\/td>\n<\/tr>\n<tr>\n<td>R\u00fcckflussd\u00e4mpfung<\/td>\n<td>UPC&gt;50dB, APC&gt;60dB<\/td>\n<\/tr>\n<\/tbody>\n<\/table>\n<h3>Anwendungsszenarien<\/h3>\n<p>Der optische Splitter SC\/UPC-1*2 wurde entwickelt, um die Anforderungen verschiedener optischer Netzwerkarchitekturen zu erf\u00fcllen, einschlie\u00dflich:<\/p>\n<ul>\n<li>Glasfaser-Zugangsnetze (FTTH - Fiber to the Home)<\/li>\n<li>Passive optische Netze (GPON \/ EPON)<\/li>\n<li>Telekommunikationszentralen und Verteilerknoten<\/li>\n<li>CATV- und Daten\u00fcbertragungssysteme<\/li>\n<li>Umgebungen f\u00fcr die \u00dcberwachung und Pr\u00fcfung optischer Signale<\/li>\n<\/ul>\n<p>Dank seiner kompakten Struktur und stabilen optischen Eigenschaften eignet er sich f\u00fcr den Einbau in ODFs, Faserabschlussdosen und Splei\u00dfmuffen.<\/p>\n<h3>Fertigungsst\u00e4rke von Fenxi Optoelectronics Technology<\/h3>\n<p>Fenxi Optoelectronics Technology vereint erfahrene F&amp;E-Ingenieure mit professionellen Produktions- und Qualit\u00e4tsmanagement-Teams. Von der Auswahl des Rohmaterials bis zur abschlie\u00dfenden Pr\u00fcfung wird jeder optische Splitter SC\/UPC-1*2 unter kontrollierten Prozessen hergestellt, um die Einhaltung der internationalen Standards f\u00fcr optische Kommunikation zu gew\u00e4hrleisten.<\/p>\n<p>Fenxi konzentriert sich auf die Konsistenz der Leistung und die Anpassungsf\u00e4higkeit der Anwendungen und bietet zuverl\u00e4ssige optische L\u00f6sungen f\u00fcr globale Telekommunikations- und Netzwerkintegratoren.<\/p>","protected":false},"excerpt":{"rendered":"<h3>Beschreibung des Produkts<\/h3>\n<p>Die\u00a0<strong>Optischer Splitter SC\/UPC-1*2<\/strong>\u00a0von\u00a0<strong>Fenxi Optoelektronik Technologie<\/strong>\u00a0ist eine passiv-optische Pr\u00e4zisionskomponente, die zur gleichm\u00e4\u00dfigen Aufteilung von optischen Signalen in modernen Glasfasernetzen verwendet wird. Basierend auf der PLC (Planar Lightwave Circuit)-Technologie bietet dieser Splitter eine konsistente optische Leistung, eine geringe Einf\u00fcged\u00e4mpfung und eine ausgezeichnete langfristige Zuverl\u00e4ssigkeit.<\/p>\n<p>Es wurde f\u00fcr den Einsatz in gro\u00dfem Ma\u00dfstab entwickelt und findet breite Anwendung in FTTH-, FTTB- und PON-Infrastrukturen (GPON\/EPON), bei denen eine stabile Signalverteilung entscheidend ist.<\/p>","protected":false},"featured_media":498,"comment_status":"open","ping_status":"closed","template":"","meta":[],"product_brand":[],"product_cat":[28],"product_tag":[],"class_list":{"0":"post-497","1":"product","2":"type-product","3":"status-publish","4":"has-post-thumbnail","6":"product_cat-fiber-optic-splitter","8":"first","9":"instock","10":"shipping-taxable","11":"product-type-simple"},"_links":{"self":[{"href":"https:\/\/www.fenxifiber.com\/de\/wp-json\/wp\/v2\/product\/497","targetHints":{"allow":["GET"]}}],"collection":[{"href":"https:\/\/www.fenxifiber.com\/de\/wp-json\/wp\/v2\/product"}],"about":[{"href":"https:\/\/www.fenxifiber.com\/de\/wp-json\/wp\/v2\/types\/product"}],"replies":[{"embeddable":true,"href":"https:\/\/www.fenxifiber.com\/de\/wp-json\/wp\/v2\/comments?post=497"}],"wp:featuredmedia":[{"embeddable":true,"href":"https:\/\/www.fenxifiber.com\/de\/wp-json\/wp\/v2\/media\/498"}],"wp:attachment":[{"href":"https:\/\/www.fenxifiber.com\/de\/wp-json\/wp\/v2\/media?parent=497"}],"wp:term":[{"taxonomy":"product_brand","embeddable":true,"href":"https:\/\/www.fenxifiber.com\/de\/wp-json\/wp\/v2\/product_brand?post=497"},{"taxonomy":"product_cat","embeddable":true,"href":"https:\/\/www.fenxifiber.com\/de\/wp-json\/wp\/v2\/product_cat?post=497"},{"taxonomy":"product_tag","embeddable":true,"href":"https:\/\/www.fenxifiber.com\/de\/wp-json\/wp\/v2\/product_tag?post=497"}],"curies":[{"name":"wp","href":"https:\/\/api.w.org\/{rel}","templated":true}]}}