{"id":499,"date":"2026-01-29T08:45:23","date_gmt":"2026-01-29T08:45:23","guid":{"rendered":"https:\/\/www.fenxifiber.com\/?post_type=product&#038;p=499"},"modified":"2026-02-03T01:09:59","modified_gmt":"2026-02-03T01:09:59","slug":"faseroptischer-splitter-sc-upc-14-fur-effizienten-optischen-netzausbau","status":"publish","type":"product","link":"https:\/\/www.fenxifiber.com\/de\/product\/fiber-optical-splitter-sc-upc-14-for-efficient-optical-network-expansion\/","title":{"rendered":"Faseroptischer Splitter SC\/UPC-1*4 f\u00fcr den effizienten Ausbau optischer Netzwerke"},"content":{"rendered":"<h3>Produkt\u00fcbersicht<\/h3>\n<p>Die\u00a0<strong>Optischer Splitter SC\/UPC-1*4<\/strong>\u00a0ist ein hochpr\u00e4zises passives optisches Ger\u00e4t, das von\u00a0<strong>Fenxi Optoelektronik Technologie<\/strong>\u00a0zur Unterst\u00fctzung einer effizienten Signalverteilung in modernen Glasfaserzugangsnetzen. Durch die Aufteilung eines optischen Eingangs in vier einheitliche Ausg\u00e4nge erm\u00f6glicht dieser Splitter eine skalierbare Netzwerkerweiterung bei gleichbleibender \u00dcbertragungsqualit\u00e4t.<\/p>\n<p>Das Produkt basiert auf der ausgereiften PLC-Technologie (Planar Lightwave Circuit) und zeichnet sich durch niedrige Einf\u00fcgungsd\u00e4mpfung, hervorragende Kanalkonsistenz und langfristige Betriebszuverl\u00e4ssigkeit aus, wodurch es sich sowohl f\u00fcr Carrier-Grade- als auch f\u00fcr Unternehmens-Glasfasernetze eignet.<\/p>\n<h3>Strukturelles Design und optische Stabilit\u00e4t<\/h3>\n<p>Dieser optische 1\u00d74-Splitter verwendet eine auf Siliziumdioxid basierende Wellenleitertechnologie, um eine ausgeglichene optische Leistung \u00fcber alle Ausgangsanschl\u00fcsse zu gew\u00e4hrleisten. Das integrierte Schaltungslayout minimiert die Wellenl\u00e4ngenempfindlichkeit und verbessert die Umweltstabilit\u00e4t.<\/p>\n<p>Ausgestattet mit\u00a0<strong>SC\/UPC-Stecker<\/strong>, Der Splitter verf\u00fcgt \u00fcber eine pr\u00e4zise Polierung der Endfl\u00e4chen, um R\u00fcckflussd\u00e4mpfung und Einf\u00fcgungsschwankungen zu reduzieren. Dieses Design verbessert die Gesamtleistung der Verbindung und tr\u00e4gt zur Aufrechterhaltung einer gleichbleibenden Signalqualit\u00e4t in Netzwerken mit hoher Dichte bei.<\/p>\n<h3>Technische Parameter<\/h3>\n<p>In der nachstehenden Tabelle sind die typischen technischen Spezifikationen des optischen Splitters SC\/UPC-1*4 aufgef\u00fchrt, die sich an den aktuellen Standards der Telekommunikationsbranche orientieren:<\/p>\n<table>\n<thead>\n<tr>\n<th>Produktname<\/th>\n<th>Faseroptischer Splitter SC\/UPC-1*4<\/th>\n<\/tr>\n<\/thead>\n<tbody>\n<tr>\n<td>Stecker Typ<\/td>\n<td>SC\/UPC, SC\/APC, FC\/UPC, FC\/APC, LC\/UPC, LC\/APC, ST\/UPC<\/td>\n<\/tr>\n<tr>\n<td>Farbe<\/td>\n<td>Gelb\/Wei\u00df\/Farbe<\/td>\n<\/tr>\n<tr>\n<td>Bandbreite<\/td>\n<td>\u00b140nm<\/td>\n<\/tr>\n<tr>\n<td>Zugfestigkeit<\/td>\n<td>\u2265200N<\/td>\n<\/tr>\n<tr>\n<td>Wellenl\u00e4nge<\/td>\n<td>1310nm-1490nm-1550nm\/850nm<\/td>\n<\/tr>\n<tr>\n<td>Dauerhaftigkeit<\/td>\n<td>\u22651000 mal<\/td>\n<\/tr>\n<tr>\n<td>Material<\/td>\n<td>LSZH<\/td>\n<\/tr>\n<tr>\n<td>Einf\u00fcged\u00e4mpfung<\/td>\n<td>\\<\/td>\n<\/tr>\n<tr>\n<td>R\u00fcckflussd\u00e4mpfung<\/td>\n<td>UPC&gt;50dB, APC&gt;60dB<\/td>\n<\/tr>\n<\/tbody>\n<\/table>\n<h3><span style=\"font-size: 16px;\">Fertigung und Qualit\u00e4tssicherung<\/span><\/h3>\n<p>Fenxi Optoelectronics Technology kombiniert fortschrittliche Produktionsanlagen mit strengen Qualit\u00e4tskontrollverfahren. Jeder optische Splitter wird vor der Auslieferung umfassenden Tests auf Einf\u00fcgungsd\u00e4mpfung, R\u00fcckflussd\u00e4mpfung und Umweltbest\u00e4ndigkeit unterzogen.<\/p>\n<p>Durch die Nutzung des Fachwissens erfahrener F&amp;E-Ingenieure und professioneller Qualit\u00e4tsmanagement-Teams stellt Fenxi sicher, dass jeder optische Splitter SC\/UPC-1*4 die Leistungs- und Zuverl\u00e4ssigkeitserwartungen globaler optischer Kommunikationsprojekte erf\u00fcllt.<\/p>","protected":false},"excerpt":{"rendered":"<h3>Typische Anwendungen<\/h3>\n<p>Der optische Splitter SC\/UPC-1*4 wird in verschiedenen Szenarien der optischen Kommunikation eingesetzt, z. B:<\/p>\n<ul>\n<li>FTTH- und FTTB-Zugangsnetze<\/li>\n<li>Passive optische GPON\/EPON-Systeme<\/li>\n<li>Telekommunikationsverteilerschr\u00e4nke und ODFs<\/li>\n<li>Systeme zur Verteilung und \u00dcberwachung optischer Signale<\/li>\n<li>CATV- und Breitband-Daten\u00fcbertragungsnetze<\/li>\n<\/ul>\n<p>Sein kompaktes Design erm\u00f6glicht eine flexible Installation in Glasfaserabschlussdosen, Splei\u00dfmuffen und Innenverteilern.<\/p>","protected":false},"featured_media":500,"comment_status":"open","ping_status":"closed","template":"","meta":[],"product_brand":[],"product_cat":[28],"product_tag":[],"class_list":{"0":"post-499","1":"product","2":"type-product","3":"status-publish","4":"has-post-thumbnail","6":"product_cat-fiber-optic-splitter","8":"first","9":"instock","10":"shipping-taxable","11":"product-type-simple"},"_links":{"self":[{"href":"https:\/\/www.fenxifiber.com\/de\/wp-json\/wp\/v2\/product\/499","targetHints":{"allow":["GET"]}}],"collection":[{"href":"https:\/\/www.fenxifiber.com\/de\/wp-json\/wp\/v2\/product"}],"about":[{"href":"https:\/\/www.fenxifiber.com\/de\/wp-json\/wp\/v2\/types\/product"}],"replies":[{"embeddable":true,"href":"https:\/\/www.fenxifiber.com\/de\/wp-json\/wp\/v2\/comments?post=499"}],"wp:featuredmedia":[{"embeddable":true,"href":"https:\/\/www.fenxifiber.com\/de\/wp-json\/wp\/v2\/media\/500"}],"wp:attachment":[{"href":"https:\/\/www.fenxifiber.com\/de\/wp-json\/wp\/v2\/media?parent=499"}],"wp:term":[{"taxonomy":"product_brand","embeddable":true,"href":"https:\/\/www.fenxifiber.com\/de\/wp-json\/wp\/v2\/product_brand?post=499"},{"taxonomy":"product_cat","embeddable":true,"href":"https:\/\/www.fenxifiber.com\/de\/wp-json\/wp\/v2\/product_cat?post=499"},{"taxonomy":"product_tag","embeddable":true,"href":"https:\/\/www.fenxifiber.com\/de\/wp-json\/wp\/v2\/product_tag?post=499"}],"curies":[{"name":"wp","href":"https:\/\/api.w.org\/{rel}","templated":true}]}}