{"id":502,"date":"2026-01-29T08:50:36","date_gmt":"2026-01-29T08:50:36","guid":{"rendered":"https:\/\/www.fenxifiber.com\/?post_type=product&#038;p=502"},"modified":"2026-02-03T01:09:26","modified_gmt":"2026-02-03T01:09:26","slug":"faseroptischer-splitter-sc-upc-18-fur-hochdichte-fasernetze","status":"publish","type":"product","link":"https:\/\/www.fenxifiber.com\/de\/product\/fiber-optical-splitter-sc-upc-18-for-high-density-fiber-networks\/","title":{"rendered":"Faseroptischer Splitter SC\/UPC-1*8 f\u00fcr Glasfasernetze mit hoher Packungsdichte"},"content":{"rendered":"<h3>Strukturelle Merkmale und optische Stabilit\u00e4t<\/h3>\n<p>Dieser 1\u00d78 PLC-Splitter wird unter Verwendung von Pr\u00e4zisions-Siliziumdioxid-Wellenleitertechnologie hergestellt und gew\u00e4hrleistet eine stabile optische Leistung \u00fcber den gesamten Betriebswellenl\u00e4ngenbereich. Die SC\/UPC-Steckverbinder verf\u00fcgen \u00fcber hochwertige Keramikferrulen und eine Pr\u00e4zisionspolitur, die R\u00fcckreflexionen und Einf\u00fcgungsverluste wirksam reduzieren.<\/p>\n<p>Dank seines kompakten Designs und seiner robusten Bauweise bietet der Splitter auch unter wechselnden Umgebungsbedingungen eine gleichbleibende Leistung und hilft Betreibern, die Zuverl\u00e4ssigkeit ihres Netzes zu verbessern und gleichzeitig die Betriebskosten zu senken.<\/p>\n<h3>Technische Parameter<\/h3>\n<p>Die folgenden Spezifikationen stellen allgemein anerkannte Leistungsstandards f\u00fcr optische 1\u00d78 PLC-Splitter in aktuellen Telekommunikationsnetzen dar:<\/p>\n<table>\n<thead>\n<tr>\n<th>Produktname<\/th>\n<th>Faseroptischer Splitter SC\/UPC-1*8<\/th>\n<\/tr>\n<\/thead>\n<tbody>\n<tr>\n<td>Stecker Typ<\/td>\n<td>SC\/UPC, SC\/APC, FC\/UPC, FC\/APC, LC\/UPC, LC\/APC, ST\/UPC<\/td>\n<\/tr>\n<tr>\n<td>Farbe<\/td>\n<td>Gelb\/Wei\u00df\/Farbe<\/td>\n<\/tr>\n<tr>\n<td>Bandbreite<\/td>\n<td>\u00b140nm<\/td>\n<\/tr>\n<tr>\n<td>Zugfestigkeit<\/td>\n<td>\u2265200N<\/td>\n<\/tr>\n<tr>\n<td>Wellenl\u00e4nge<\/td>\n<td>1310nm-1490nm-1550nm\/850nm<\/td>\n<\/tr>\n<tr>\n<td>Dauerhaftigkeit<\/td>\n<td>\u22651000 mal<\/td>\n<\/tr>\n<tr>\n<td>Material<\/td>\n<td>LSZH<\/td>\n<\/tr>\n<tr>\n<td>Einf\u00fcged\u00e4mpfung<\/td>\n<td>\\<\/td>\n<\/tr>\n<tr>\n<td>R\u00fcckflussd\u00e4mpfung<\/td>\n<td>UPC&gt;50dB, APC&gt;60dB<\/td>\n<\/tr>\n<\/tbody>\n<\/table>\n<h3>Anwendungsbereiche des Netzes<\/h3>\n<p>Der optische Splitter SC\/UPC-1*8 wird in vielen verschiedenen optischen Kommunikationsszenarien eingesetzt, darunter:<\/p>\n<ul>\n<li>FTTH-Zugangsnetze f\u00fcr private und gewerbliche Nutzer<\/li>\n<li>GPON- und EPON-Systeme in der Telekommunikationsinfrastruktur<\/li>\n<li>Glasfaserverteilerschr\u00e4nke und ODF-Systeme<\/li>\n<li>Optische Signalverzweigung in CATV-Netzen<\/li>\n<li>Signalmanagement f\u00fcr Rechenzentren und Campusnetzwerke<\/li>\n<\/ul>\n<p>Durch seine Skalierbarkeit und gleichbleibende Leistung eignet er sich besonders f\u00fcr expandierende Netzwerke, die mehrere Teilnehmerverbindungen \u00fcber eine einzige Glasfaserleitung ben\u00f6tigen.<\/p>\n<h3>Fenxi Optoelectronics Technology Herstellungskapazit\u00e4t<\/h3>\n<p>Fenxi Optoelectronics Technology kombiniert erfahrene optische F&amp;E-Teams mit strengen Produktions- und Qualit\u00e4tskontrollsystemen. Jeder optische Splitter SC\/UPC-1*8 wird umfassenden optischen und Umwelttests unterzogen, um die Einhaltung der internationalen Kommunikationsstandards und die langfristige Leistung im Feld zu gew\u00e4hrleisten.<\/p>\n<p>Durch die Konzentration auf Pr\u00e4zisionsfertigung und anwendungsorientiertes Design liefert Fenxi zuverl\u00e4ssige optische Spaltl\u00f6sungen, die die kontinuierliche Entwicklung globaler Glasfasernetze unterst\u00fctzen.<\/p>","protected":false},"excerpt":{"rendered":"<h3>Produkt-Einf\u00fchrung<\/h3>\n<p>Die\u00a0<strong>Optischer Splitter SC\/UPC-1*8<\/strong>\u00a0ist eine hocheffiziente passive optische Komponente, die von\u00a0<strong>Fenxi Optoelektronik Technologie<\/strong>\u00a0f\u00fcr moderne Breitbandzugangs- und Glasfaserverteilungsnetze. Dank der fortschrittlichen PLC-Technologie erm\u00f6glicht dieser Splitter die gleichm\u00e4\u00dfige Verteilung eines optischen Eingangssignals auf acht Ausgangskan\u00e4le mit hervorragender Gleichm\u00e4\u00dfigkeit und geringem Verlust.<\/p>\n<p>Er wurde speziell f\u00fcr die Unterst\u00fctzung von Netzwerkarchitekturen mit hoher Dichte entwickelt und ist damit eine ideale L\u00f6sung f\u00fcr FTTH-, FTTB- und gro\u00df angelegte PON-Implementierungen.<\/p>","protected":false},"featured_media":503,"comment_status":"open","ping_status":"closed","template":"","meta":[],"product_brand":[],"product_cat":[28],"product_tag":[],"class_list":{"0":"post-502","1":"product","2":"type-product","3":"status-publish","4":"has-post-thumbnail","6":"product_cat-fiber-optic-splitter","8":"first","9":"instock","10":"shipping-taxable","11":"product-type-simple"},"_links":{"self":[{"href":"https:\/\/www.fenxifiber.com\/de\/wp-json\/wp\/v2\/product\/502","targetHints":{"allow":["GET"]}}],"collection":[{"href":"https:\/\/www.fenxifiber.com\/de\/wp-json\/wp\/v2\/product"}],"about":[{"href":"https:\/\/www.fenxifiber.com\/de\/wp-json\/wp\/v2\/types\/product"}],"replies":[{"embeddable":true,"href":"https:\/\/www.fenxifiber.com\/de\/wp-json\/wp\/v2\/comments?post=502"}],"wp:featuredmedia":[{"embeddable":true,"href":"https:\/\/www.fenxifiber.com\/de\/wp-json\/wp\/v2\/media\/503"}],"wp:attachment":[{"href":"https:\/\/www.fenxifiber.com\/de\/wp-json\/wp\/v2\/media?parent=502"}],"wp:term":[{"taxonomy":"product_brand","embeddable":true,"href":"https:\/\/www.fenxifiber.com\/de\/wp-json\/wp\/v2\/product_brand?post=502"},{"taxonomy":"product_cat","embeddable":true,"href":"https:\/\/www.fenxifiber.com\/de\/wp-json\/wp\/v2\/product_cat?post=502"},{"taxonomy":"product_tag","embeddable":true,"href":"https:\/\/www.fenxifiber.com\/de\/wp-json\/wp\/v2\/product_tag?post=502"}],"curies":[{"name":"wp","href":"https:\/\/api.w.org\/{rel}","templated":true}]}}