{"id":506,"date":"2026-01-29T08:59:55","date_gmt":"2026-01-29T08:59:55","guid":{"rendered":"https:\/\/www.fenxifiber.com\/?post_type=product&#038;p=506"},"modified":"2026-02-03T01:08:25","modified_gmt":"2026-02-03T01:08:25","slug":"faseroptischer-splitter-sc-upc-132-fur-grosflachigen-faserzugang","status":"publish","type":"product","link":"https:\/\/www.fenxifiber.com\/de\/product\/fiber-optical-splitter-sc-upc-132-for-large-scale-fiber-access\/","title":{"rendered":"Faseroptischer Splitter SC\/UPC-1*32 f\u00fcr gro\u00dffl\u00e4chigen Faserzugang"},"content":{"rendered":"<h3>Produkt-Zusammenfassung<\/h3>\n<p>Die\u00a0<strong>Optischer Splitter SC\/UPC-1*32<\/strong>\u00a0ist ein passives optisches Ger\u00e4t mit hoher Dichte, das von\u00a0<strong>Fenxi Optoelektronik Technologie<\/strong>\u00a0um die wachsende Nachfrage nach gro\u00df angelegten Glasfasernetzen zu erf\u00fcllen. Dieser Splitter wurde entwickelt, um ein optisches Eingangssignal auf zweiunddrei\u00dfig Ausgangskan\u00e4le zu verteilen und erm\u00f6glicht so eine effiziente Netzwerkerweiterung bei gleichbleibender optischer Leistung.<\/p>\n<p>Basierend auf der PLC-Technologie bietet es eine hervorragende Wellenl\u00e4ngenkonsistenz und langfristige Zuverl\u00e4ssigkeit und eignet sich daher gut f\u00fcr moderne FTTH- und PON-Infrastrukturen.<\/p>\n<h3>Optische Leistungsdaten<\/h3>\n<p>Die folgenden technischen Daten spiegeln die allgemein referenzierten Leistungswerte f\u00fcr optische 1\u00d732 PLC-Splitter in Carrier-Qualit\u00e4t wider, die in aktuellen Telekommunikationsnetzen verwendet werden:<\/p>\n<table>\n<thead>\n<tr>\n<th>Produktname<\/th>\n<th>Faseroptischer Splitter SC\/UPC-1*32<\/th>\n<\/tr>\n<\/thead>\n<tbody>\n<tr>\n<td>Stecker Typ<\/td>\n<td>SC\/UPC, SC\/APC, FC\/UPC, FC\/APC, LC\/UPC, LC\/APC, ST\/UPC<\/td>\n<\/tr>\n<tr>\n<td>Farbe<\/td>\n<td>Gelb\/Wei\u00df\/Farbe<\/td>\n<\/tr>\n<tr>\n<td>Bandbreite<\/td>\n<td>\u00b140nm<\/td>\n<\/tr>\n<tr>\n<td>Zugfestigkeit<\/td>\n<td>\u2265200N<\/td>\n<\/tr>\n<tr>\n<td>Wellenl\u00e4nge<\/td>\n<td>1310nm-1490nm-1550nm\/850nm<\/td>\n<\/tr>\n<tr>\n<td>Dauerhaftigkeit<\/td>\n<td>\u22651000 mal<\/td>\n<\/tr>\n<tr>\n<td>Material<\/td>\n<td>LSZH<\/td>\n<\/tr>\n<tr>\n<td>Einf\u00fcged\u00e4mpfung<\/td>\n<td>\\<\/td>\n<\/tr>\n<tr>\n<td>R\u00fcckflussd\u00e4mpfung<\/td>\n<td>UPC&gt;50dB, APC&gt;60dB<\/td>\n<\/tr>\n<\/tbody>\n<\/table>\n<h3>Anwendungswert in Glasfasernetzen<\/h3>\n<p>Der optische Splitter SC\/UPC-1*32 wird h\u00e4ufig in Szenarien eingesetzt, in denen eine hohe Benutzerdichte und eine zentralisierte Signalverteilung erforderlich sind, z. B:<\/p>\n<ul>\n<li>FTTH-Netze in Wohngebieten und Gesch\u00e4ftsgeb\u00e4uden<\/li>\n<li>GPON- und EPON-Systeme f\u00fcr Telekommunikationsbetreiber<\/li>\n<li>Gro\u00dfstadt-Breitbandzugangsnetze<\/li>\n<li>Optische Verteilerrahmen und Glasfaserschr\u00e4nke<\/li>\n<li>Netzausbau und Aufr\u00fcstungsprojekte<\/li>\n<\/ul>\n<p>Durch die M\u00f6glichkeit, mehr Endnutzer \u00fcber eine einzige Zuleitung zu versorgen, werden die Komplexit\u00e4t der Infrastruktur und die Bereitstellungskosten erheblich reduziert.<\/p>\n<h3>Fenxi Optoelectronics Technologie Fertigungsvorteil<\/h3>\n<p>Fenxi Optoelectronics Technology integriert fortschrittliche F&amp;E-F\u00e4higkeiten mit strengen Produktions- und Qualit\u00e4tsmanagementsystemen. Jeder optische Splitter SC\/UPC-1*32 wird vor der Auslieferung umfassenden optischen Tests und Umweltvertr\u00e4glichkeitspr\u00fcfungen unterzogen.<\/p>\n<p>Durch kontinuierliche Prozessoptimierung und Qualit\u00e4tskontrolle bietet Fenxi stabile und skalierbare optische Spaltl\u00f6sungen, die die langfristige Entwicklung globaler Glasfaserkommunikationsnetze unterst\u00fctzen.<\/p>","protected":false},"excerpt":{"rendered":"<h3>Technische Struktur und Signalsteuerung<\/h3>\n<p>Der 1\u00d732-Splitter verwendet fortschrittliche planare Lichtwellenleiter-Herstellungsverfahren, um eine pr\u00e4zise Steuerung des optischen Pfades und eine ausgewogene Signalverteilung zu gew\u00e4hrleisten. Jeder SC\/UPC-Stecker ist mit hochpr\u00e4zisen Keramikferrulen und sorgf\u00e4ltig polierten Endfl\u00e4chen ausgestattet, wodurch die R\u00fcckreflexion effektiv reduziert und die \u00dcbertragungsqualit\u00e4t insgesamt verbessert wird.<\/p>\n<p>Seine kompakte und robuste Bauweise erm\u00f6glicht eine flexible Installation in Glasfaserverteilern, Outdoor-Schr\u00e4nken und Splei\u00dfmuffen und unterst\u00fctzt die zentrale Netzwerkbereitstellung.<\/p>","protected":false},"featured_media":508,"comment_status":"open","ping_status":"closed","template":"","meta":[],"product_brand":[],"product_cat":[28],"product_tag":[],"class_list":{"0":"post-506","1":"product","2":"type-product","3":"status-publish","4":"has-post-thumbnail","6":"product_cat-fiber-optic-splitter","8":"first","9":"instock","10":"shipping-taxable","11":"product-type-simple"},"_links":{"self":[{"href":"https:\/\/www.fenxifiber.com\/de\/wp-json\/wp\/v2\/product\/506","targetHints":{"allow":["GET"]}}],"collection":[{"href":"https:\/\/www.fenxifiber.com\/de\/wp-json\/wp\/v2\/product"}],"about":[{"href":"https:\/\/www.fenxifiber.com\/de\/wp-json\/wp\/v2\/types\/product"}],"replies":[{"embeddable":true,"href":"https:\/\/www.fenxifiber.com\/de\/wp-json\/wp\/v2\/comments?post=506"}],"wp:featuredmedia":[{"embeddable":true,"href":"https:\/\/www.fenxifiber.com\/de\/wp-json\/wp\/v2\/media\/508"}],"wp:attachment":[{"href":"https:\/\/www.fenxifiber.com\/de\/wp-json\/wp\/v2\/media?parent=506"}],"wp:term":[{"taxonomy":"product_brand","embeddable":true,"href":"https:\/\/www.fenxifiber.com\/de\/wp-json\/wp\/v2\/product_brand?post=506"},{"taxonomy":"product_cat","embeddable":true,"href":"https:\/\/www.fenxifiber.com\/de\/wp-json\/wp\/v2\/product_cat?post=506"},{"taxonomy":"product_tag","embeddable":true,"href":"https:\/\/www.fenxifiber.com\/de\/wp-json\/wp\/v2\/product_tag?post=506"}],"curies":[{"name":"wp","href":"https:\/\/api.w.org\/{rel}","templated":true}]}}