{"id":511,"date":"2026-01-30T02:59:42","date_gmt":"2026-01-30T02:59:42","guid":{"rendered":"https:\/\/www.fenxifiber.com\/?post_type=product&#038;p=511"},"modified":"2026-02-03T04:43:14","modified_gmt":"2026-02-03T04:43:14","slug":"faseroptischer-splitter-sc-apc-18-verlustarmer-plc-faserverteiler","status":"publish","type":"product","link":"https:\/\/www.fenxifiber.com\/de\/product\/fiber-optical-splitter-sc-apc-18-low-loss-plc-fiber-splitter\/","title":{"rendered":"Faseroptischer Splitter SC\/APC-1*8 | Low Loss PLC Fiber Splitter"},"content":{"rendered":"<h2>Hauptmerkmale und Vorteile<\/h2>\n<ul>\n<li><strong>1\u00d78 Gleichm\u00e4\u00dfige Aufteilung<\/strong>: Gleichm\u00e4\u00dfige optische Leistungsverteilung auf 8 Ausgangskan\u00e4le<\/li>\n<li><strong>SC\/APC-Steckverbinder<\/strong>8\u00b0 abgewinkelte Endfl\u00e4che reduziert R\u00fcckreflexionen und verbessert die Netzstabilit\u00e4t<\/li>\n<li><strong>Geringe Einf\u00fcgungsd\u00e4mpfung<\/strong>: Optimiertes PLC-Design minimiert die Signald\u00e4mpfung<\/li>\n<li><strong>Gro\u00dfer Wellenl\u00e4ngenbereich<\/strong>: Vollst\u00e4ndig kompatibel mit \u00dcbertragungssystemen bei 1260-1650 nm<\/li>\n<li><strong>Hohe Verl\u00e4sslichkeit<\/strong>: Geeignet f\u00fcr den Dauerbetrieb in Umgebungen mit Telekommunikationsqualit\u00e4t<\/li>\n<\/ul>\n<h2>Typische technische Spezifikationen (Industriestandard 2025)<\/h2>\n<table>\n<thead>\n<tr>\n<th>Produktname<\/th>\n<th>Faseroptischer Splitter SC\/APC-1*8<\/th>\n<\/tr>\n<\/thead>\n<tbody>\n<tr>\n<td>Stecker Typ<\/td>\n<td>SC\/UPC, SC\/APC, FC\/UPC, FC\/APC, LC\/UPC, LC\/APC, ST\/UPC<\/td>\n<\/tr>\n<tr>\n<td>Farbe<\/td>\n<td>Gelb\/Wei\u00df\/Farbe<\/td>\n<\/tr>\n<tr>\n<td>Bandbreite<\/td>\n<td>\u00b140nm<\/td>\n<\/tr>\n<tr>\n<td>Zugfestigkeit<\/td>\n<td>\u2265200N<\/td>\n<\/tr>\n<tr>\n<td>Wellenl\u00e4nge<\/td>\n<td>1310nm-1490nm-1550nm\/850nm<\/td>\n<\/tr>\n<tr>\n<td>Dauerhaftigkeit<\/td>\n<td>\u22651000 mal<\/td>\n<\/tr>\n<tr>\n<td>Material<\/td>\n<td>LSZH<\/td>\n<\/tr>\n<tr>\n<td>Einf\u00fcged\u00e4mpfung<\/td>\n<td>\\<\/td>\n<\/tr>\n<tr>\n<td>R\u00fcckflussd\u00e4mpfung<\/td>\n<td>UPC&gt;50dB, APC&gt;60dB<\/td>\n<\/tr>\n<\/tbody>\n<\/table>\n<p><em>Hinweis: Die Spezifikationen basieren auf den aktuellen Hauptleistungsstandards f\u00fcr PLC-Splitter, die in globalen FTTH- und Telekommunikationsprojekten verwendet werden.<\/em><\/p>\n<h2>Anwendungsszenarien<\/h2>\n<ul>\n<li>FTTH \/ FTTB \/ FTTC-Zugangsnetze<\/li>\n<li>Optische Verteilung f\u00fcr Telekommunikation und Rechenzentren<\/li>\n<li>Optische Verteilerrahmen (ODF) und Faserabschlussk\u00e4sten<\/li>\n<li>CATV- und PON-Systeme<\/li>\n<\/ul>\n<h2>Herstellung und Qualit\u00e4tssicherung<\/h2>\n<p>Fenxi Optoelectronics Technology wendet w\u00e4hrend der gesamten Produktion ein strenges Qualit\u00e4tsmanagement an, von der Ausrichtung der PLC-Chips bis zum Polieren der Stecker und der abschlie\u00dfenden optischen Pr\u00fcfung. Jede\u00a0<strong>Optischer Splitter SC\/APC-1*8<\/strong>\u00a0wird auf Einf\u00fcgungsd\u00e4mpfung, R\u00fcckflussd\u00e4mpfung und Umweltvertr\u00e4glichkeit getestet, um die Einhaltung internationaler Telekommunikationsstandards zu gew\u00e4hrleisten.<\/p>\n<h2>Warum Fenxi Optoelectronics w\u00e4hlen?<\/h2>\n<ul>\n<li>Erfahrene F&amp;E- und Produktionsteams<\/li>\n<li>Stabile Versorgung f\u00fcr gro\u00dfvolumige Projekte<\/li>\n<li>Anpassungsm\u00f6glichkeiten f\u00fcr Faserl\u00e4nge, Manteltyp und Verpackung<\/li>\n<li>Professionelle Unterst\u00fctzung bei der Systemintegration und Netzeinf\u00fchrung<\/li>\n<\/ul>\n<h3>Zusammenfassung<\/h3>\n<p>Die\u00a0<strong>Optischer Splitter SC\/APC-1*8<\/strong>\u00a0bietet eine zuverl\u00e4ssige, verlustarme optische Signalverteilung f\u00fcr moderne Glasfasernetze. Es ist die ideale Wahl f\u00fcr Betreiber und Integratoren, die eine stabile Leistung und einen langfristigen Netzwerkwert anstreben.<\/p>","protected":false},"excerpt":{"rendered":"<h2>Produkt\u00fcbersicht<\/h2>\n<p>Die\u00a0<strong>Optischer Splitter SC\/APC-1*8<\/strong>\u00a0ist ein hochleistungsf\u00e4higer PLC-Glasfasersplitter (Planar Lightwave Circuit), der f\u00fcr eine stabile und einheitliche optische Signalverteilung in modernen FTTH- und Telekommunikationsnetzen entwickelt wurde. Dieser Splitter ist mit pr\u00e4zisen PLC-Chips und hochwertigen SC\/APC-Steckern ausgestattet und gew\u00e4hrleistet eine niedrige Einf\u00fcged\u00e4mpfung, eine hervorragende Wellenl\u00e4ngengleichm\u00e4\u00dfigkeit und langfristige Zuverl\u00e4ssigkeit f\u00fcr gro\u00df angelegte optische Zugangsl\u00f6sungen.<\/p>","protected":false},"featured_media":626,"comment_status":"open","ping_status":"closed","template":"","meta":[],"product_brand":[],"product_cat":[28],"product_tag":[],"class_list":{"0":"post-511","1":"product","2":"type-product","3":"status-publish","4":"has-post-thumbnail","6":"product_cat-fiber-optic-splitter","8":"first","9":"instock","10":"shipping-taxable","11":"product-type-simple"},"_links":{"self":[{"href":"https:\/\/www.fenxifiber.com\/de\/wp-json\/wp\/v2\/product\/511","targetHints":{"allow":["GET"]}}],"collection":[{"href":"https:\/\/www.fenxifiber.com\/de\/wp-json\/wp\/v2\/product"}],"about":[{"href":"https:\/\/www.fenxifiber.com\/de\/wp-json\/wp\/v2\/types\/product"}],"replies":[{"embeddable":true,"href":"https:\/\/www.fenxifiber.com\/de\/wp-json\/wp\/v2\/comments?post=511"}],"wp:featuredmedia":[{"embeddable":true,"href":"https:\/\/www.fenxifiber.com\/de\/wp-json\/wp\/v2\/media\/626"}],"wp:attachment":[{"href":"https:\/\/www.fenxifiber.com\/de\/wp-json\/wp\/v2\/media?parent=511"}],"wp:term":[{"taxonomy":"product_brand","embeddable":true,"href":"https:\/\/www.fenxifiber.com\/de\/wp-json\/wp\/v2\/product_brand?post=511"},{"taxonomy":"product_cat","embeddable":true,"href":"https:\/\/www.fenxifiber.com\/de\/wp-json\/wp\/v2\/product_cat?post=511"},{"taxonomy":"product_tag","embeddable":true,"href":"https:\/\/www.fenxifiber.com\/de\/wp-json\/wp\/v2\/product_tag?post=511"}],"curies":[{"name":"wp","href":"https:\/\/api.w.org\/{rel}","templated":true}]}}