{"id":519,"date":"2026-01-30T03:16:04","date_gmt":"2026-01-30T03:16:04","guid":{"rendered":"https:\/\/www.fenxifiber.com\/?post_type=product&#038;p=519"},"modified":"2026-02-03T04:46:53","modified_gmt":"2026-02-03T04:46:53","slug":"faseroptischer-splitter-sc-apc-132-fur-den-grosflachigen-einsatz-von-ftth","status":"publish","type":"product","link":"https:\/\/www.fenxifiber.com\/de\/product\/fiber-optical-splitter-sc-apc-132-for-large-scale-ftth-deployment\/","title":{"rendered":"Faseroptischer Splitter SC\/APC-1*32 f\u00fcr gro\u00dffl\u00e4chige FTTH-Installationen"},"content":{"rendered":"<h2>Was diesen Splitter so zuverl\u00e4ssig macht<\/h2>\n<p>Anstatt sich nur auf das Teilungsverh\u00e4ltnis zu konzentrieren, legt dieses Modell den Schwerpunkt auf die langfristige Betriebsstabilit\u00e4t. Die PLC-Technologie sorgt f\u00fcr eine wellenl\u00e4ngenunabh\u00e4ngige Leistung, w\u00e4hrend das SC\/APC-Winkelsteckerdesign die optische Reflexion reduziert und so dazu beitr\u00e4gt, dass Netzwerke ein geringes Rauschen und verbesserte \u00dcbertragungsmargen in Umgebungen mit hoher Dichte beibehalten.<\/p>\n<h2>Technische Schl\u00fcsselindikatoren (aktuelle Branchenreferenz)<\/h2>\n<table>\n<thead>\n<tr>\n<th>Produktname<\/th>\n<th>Faseroptischer Splitter SC\/APC-1*32<\/th>\n<\/tr>\n<\/thead>\n<tbody>\n<tr>\n<td>Stecker Typ<\/td>\n<td>SC\/UPC, SC\/APC, FC\/UPC, FC\/APC, LC\/UPC, LC\/APC, ST\/UPC<\/td>\n<\/tr>\n<tr>\n<td>Farbe<\/td>\n<td>Gelb\/Wei\u00df\/Farbe<\/td>\n<\/tr>\n<tr>\n<td>Bandbreite<\/td>\n<td>\u00b140nm<\/td>\n<\/tr>\n<tr>\n<td>Zugfestigkeit<\/td>\n<td>\u2265200N<\/td>\n<\/tr>\n<tr>\n<td>Wellenl\u00e4nge<\/td>\n<td>1310nm-1490nm-1550nm\/850nm<\/td>\n<\/tr>\n<tr>\n<td>Dauerhaftigkeit<\/td>\n<td>\u22651000 mal<\/td>\n<\/tr>\n<tr>\n<td>Material<\/td>\n<td>LSZH<\/td>\n<\/tr>\n<tr>\n<td>Einf\u00fcged\u00e4mpfung<\/td>\n<td>\\<\/td>\n<\/tr>\n<tr>\n<td>R\u00fcckflussd\u00e4mpfung<\/td>\n<td>UPC&gt;50dB, APC&gt;60dB<\/td>\n<\/tr>\n<\/tbody>\n<\/table>\n<p><em>Die oben genannten Indikatoren spiegeln die allgemein akzeptierten Leistungsniveaus von PLC-Splittern in FTTH- und PON-Installationen im Jahr 2025 wider.<\/em><\/p>\n<h2>Wo es \u00fcblicherweise verwendet wird<\/h2>\n<ul>\n<li>Gro\u00dfe FTTH-Zugangsprojekte f\u00fcr Privatkunden<\/li>\n<li>GPON \/ EPON \/ XG-PON Verteilungsschichten<\/li>\n<li>ODFs in der Zentrale und Verteilerschr\u00e4nke im Freien<\/li>\n<li>Systemintegration und Netze von Telekommunikationsbetreibern<\/li>\n<\/ul>\n<h2>Perspektive der Fertigung<\/h2>\n<p>Fenxi Optoelectronics Technology verwaltet die gesamte Produktionskette - von der Verpackung der PLC-Chips und der Faserausrichtung bis hin zum Polieren der Stecker und der optischen Endkontrolle. Jede\u00a0<strong>Optischer Splitter SC\/APC-1*32<\/strong>\u00a0wird getestet, um die Konsistenz zwischen den Kan\u00e4len und die Haltbarkeit unter realen Netzbedingungen zu gew\u00e4hrleisten.<\/p>\n<h2>Entscheidung Vorteile f\u00fcr K\u00e4ufer<\/h2>\n<ul>\n<li>Reduziert die Kosten f\u00fcr die Glasfaserbereitstellung pro Teilnehmer<\/li>\n<li>Unterst\u00fctzt skalierbare Netzwerkerweiterung<\/li>\n<li>Kompatibel mit standardm\u00e4\u00dfiger FTTH-Infrastruktur<\/li>\n<li>Erh\u00e4ltlich mit Anpassungsm\u00f6glichkeiten f\u00fcr Faserl\u00e4nge und Geh\u00e4use<\/li>\n<\/ul>\n<h3>Letzte Erkenntnis<\/h3>\n<p>Die\u00a0<strong>Optischer Splitter SC\/APC-1*32<\/strong>\u00a0ist eine praktische und skalierbare L\u00f6sung f\u00fcr Glasfaserzugangsnetze mit hoher Dichte, die eine effiziente Signalverteilung mit zuverl\u00e4ssiger optischer Leistung kombiniert.<\/p>","protected":false},"excerpt":{"rendered":"<h2>Warum ein optischer 1\u00d732-Splitter wichtig ist<\/h2>\n<p>Da FTTH-Netze immer weiter ausgebaut werden, stehen die Betreiber unter zunehmendem Druck, mehr Endkunden mit begrenzten Glasfaserressourcen anzuschlie\u00dfen. Die\u00a0<strong>Optischer Splitter SC\/APC-1*32<\/strong>\u00a0l\u00f6st diese Herausforderung, indem es einen einzigen optischen Eingang in zweiunddrei\u00dfig stabile Ausgangskan\u00e4le aufteilt und so die Auslastung der Glasfasern erheblich verbessert und gleichzeitig eine gleichbleibende Signalqualit\u00e4t im gesamten Zugangsnetz gew\u00e4hrleistet.<\/p>","protected":false},"featured_media":628,"comment_status":"open","ping_status":"closed","template":"","meta":[],"product_brand":[],"product_cat":[28],"product_tag":[],"class_list":{"0":"post-519","1":"product","2":"type-product","3":"status-publish","4":"has-post-thumbnail","6":"product_cat-fiber-optic-splitter","8":"first","9":"instock","10":"shipping-taxable","11":"product-type-simple"},"_links":{"self":[{"href":"https:\/\/www.fenxifiber.com\/de\/wp-json\/wp\/v2\/product\/519","targetHints":{"allow":["GET"]}}],"collection":[{"href":"https:\/\/www.fenxifiber.com\/de\/wp-json\/wp\/v2\/product"}],"about":[{"href":"https:\/\/www.fenxifiber.com\/de\/wp-json\/wp\/v2\/types\/product"}],"replies":[{"embeddable":true,"href":"https:\/\/www.fenxifiber.com\/de\/wp-json\/wp\/v2\/comments?post=519"}],"wp:featuredmedia":[{"embeddable":true,"href":"https:\/\/www.fenxifiber.com\/de\/wp-json\/wp\/v2\/media\/628"}],"wp:attachment":[{"href":"https:\/\/www.fenxifiber.com\/de\/wp-json\/wp\/v2\/media?parent=519"}],"wp:term":[{"taxonomy":"product_brand","embeddable":true,"href":"https:\/\/www.fenxifiber.com\/de\/wp-json\/wp\/v2\/product_brand?post=519"},{"taxonomy":"product_cat","embeddable":true,"href":"https:\/\/www.fenxifiber.com\/de\/wp-json\/wp\/v2\/product_cat?post=519"},{"taxonomy":"product_tag","embeddable":true,"href":"https:\/\/www.fenxifiber.com\/de\/wp-json\/wp\/v2\/product_tag?post=519"}],"curies":[{"name":"wp","href":"https:\/\/api.w.org\/{rel}","templated":true}]}}