{"id":546,"date":"2026-02-03T01:33:16","date_gmt":"2026-02-03T01:33:16","guid":{"rendered":"https:\/\/www.fenxifiber.com\/?post_type=product&#038;p=546"},"modified":"2026-02-04T01:06:05","modified_gmt":"2026-02-04T01:06:05","slug":"mpo-mpo-om3-8core-12core","status":"publish","type":"product","link":"https:\/\/www.fenxifiber.com\/de\/product\/mpo-mpo-om3-8core-12core\/","title":{"rendered":"MPO-MPO-OM3-8core\/12core Glasfaser-Patchkabel"},"content":{"rendered":"<h3 data-start=\"872\" data-end=\"892\"><strong data-start=\"876\" data-end=\"892\">Wichtigste Vorteile<\/strong><\/h3>\n<ul data-start=\"894\" data-end=\"2124\">\n<li data-start=\"894\" data-end=\"1142\">\n<p data-start=\"896\" data-end=\"1142\"><strong data-start=\"896\" data-end=\"934\">Optimiert f\u00fcr Hochgeschwindigkeitsnetze:<\/strong> Die laseroptimierte OM3-Multimode-Faser unterst\u00fctzt 10 GbE-, 40 GbE- und 100 GbE-Anwendungen mit geringer D\u00e4mpfung und zuverl\u00e4ssiger \u00dcbertragung \u00fcber Entfernungen, die dem Industriestandard entsprechen.<\/p>\n<\/li>\n<li data-start=\"1143\" data-end=\"1330\">\n<p data-start=\"1145\" data-end=\"1330\"><strong data-start=\"1145\" data-end=\"1176\">Optionen mit hoher Faserdichte:<\/strong> Verf\u00fcgbar mit <strong data-start=\"1192\" data-end=\"1215\">8 Kerne oder 12 Kerne<\/strong> in einer kompakten Leitung, die skalierbare Konnektivit\u00e4t f\u00fcr wachsende Netzwerke erm\u00f6glicht.<\/p>\n<\/li>\n<li data-start=\"1331\" data-end=\"1553\">\n<p data-start=\"1333\" data-end=\"1553\"><strong data-start=\"1333\" data-end=\"1369\">Vorgefertigt und werkseitig getestet:<\/strong> 100% poliert und auf Einf\u00fcgungsd\u00e4mpfung, R\u00fcckflussd\u00e4mpfung und Kanalleistung getestet - f\u00fcr gleichbleibende Qualit\u00e4t und eine Plug-and-Play-Installation.<\/p>\n<\/li>\n<li data-start=\"1554\" data-end=\"1776\">\n<p data-start=\"1556\" data-end=\"1776\"><strong data-start=\"1556\" data-end=\"1587\">Geringer Verlust, hohe R\u00fcckflussd\u00e4mpfung:<\/strong> Entwickelt, um die typische Multimode-Leistung zu \u00fcbertreffen, mit niedriger Einf\u00fcged\u00e4mpfung (oft \u2264 0,35 dB) und hoher R\u00fcckflussd\u00e4mpfung f\u00fcr bessere Signalleistung.<\/p>\n<\/li>\n<li data-start=\"1777\" data-end=\"1963\">\n<p data-start=\"1779\" data-end=\"1963\"><strong data-start=\"1779\" data-end=\"1802\">LSZH oder PVC-Mantel:<\/strong> Wahlweise mit raucharmer, halogenfreier (LSZH) oder PVC-Ummantelung f\u00fcr Sicherheit in Rechenzentren und Innenraumverkabelungen.<\/p>\n<\/li>\n<li data-start=\"1964\" data-end=\"2124\">\n<p data-start=\"1966\" data-end=\"2124\"><strong data-start=\"1966\" data-end=\"1996\">Flexible Polarit\u00e4tsunterst\u00fctzung:<\/strong> Erh\u00e4ltlich in den Polarit\u00e4tskonfigurationen Typ A, B oder C, um verschiedenen Netzwerktopologien gerecht zu werden.<\/p>\n<\/li>\n<\/ul>\n<h3 data-start=\"2126\" data-end=\"2158\"><strong data-start=\"2130\" data-end=\"2158\">Technische Daten<\/strong><\/h3>\n<div class=\"TyagGW_tableContainer\">\n<div class=\"group TyagGW_tableWrapper flex flex-col-reverse w-fit\" tabindex=\"-1\">\n<table class=\"w-fit min-w-(--thread-content-width)\" data-start=\"2160\" data-end=\"2687\">\n<thead data-start=\"2160\" data-end=\"2187\">\n<tr data-start=\"2160\" data-end=\"2187\">\n<th class=\"\" data-start=\"2160\" data-end=\"2170\" data-col-size=\"sm\">Merkmal<\/th>\n<th class=\"\" data-start=\"2170\" data-end=\"2187\" data-col-size=\"md\">Spezifikation<\/th>\n<\/tr>\n<\/thead>\n<tbody data-start=\"2215\" data-end=\"2687\">\n<tr data-start=\"2215\" data-end=\"2257\">\n<td data-start=\"2215\" data-end=\"2228\" data-col-size=\"sm\">Faser-Typ<\/td>\n<td data-start=\"2228\" data-end=\"2257\" data-col-size=\"md\">Multimode OM3 (50\/125 \u00b5m)<\/td>\n<\/tr>\n<tr data-start=\"2258\" data-end=\"2293\">\n<td data-start=\"2258\" data-end=\"2271\" data-col-size=\"sm\">Kernzahl<\/td>\n<td data-start=\"2271\" data-end=\"2293\" data-col-size=\"md\">8 Kerne \/ 12 Kerne<\/td>\n<\/tr>\n<tr data-start=\"2294\" data-end=\"2336\">\n<td data-start=\"2294\" data-end=\"2306\" data-col-size=\"sm\">Anschluss<\/td>\n<td data-col-size=\"md\" data-start=\"2306\" data-end=\"2336\">MPO zu MPO (weiblich\/weiblich)<\/td>\n<\/tr>\n<tr data-start=\"2337\" data-end=\"2382\">\n<td data-start=\"2337\" data-end=\"2349\" data-col-size=\"sm\">Polieren<\/td>\n<td data-start=\"2349\" data-end=\"2382\" data-col-size=\"md\">PC\/UPC Standard; APC optional<\/td>\n<\/tr>\n<tr data-start=\"2383\" data-end=\"2407\">\n<td data-start=\"2383\" data-end=\"2392\" data-col-size=\"sm\">Jacke<\/td>\n<td data-start=\"2392\" data-end=\"2407\" data-col-size=\"md\">LSZH oder PVC<\/td>\n<\/tr>\n<tr data-start=\"2408\" data-end=\"2438\">\n<td data-start=\"2408\" data-end=\"2419\" data-col-size=\"sm\">Durchmesser<\/td>\n<td data-col-size=\"md\" data-start=\"2419\" data-end=\"2438\">~3,0 mm typisch<\/td>\n<\/tr>\n<tr data-start=\"2439\" data-end=\"2508\">\n<td data-start=\"2439\" data-end=\"2456\" data-col-size=\"sm\">Einf\u00fcged\u00e4mpfung<\/td>\n<td data-col-size=\"md\" data-start=\"2456\" data-end=\"2508\">\u2264 0,35 dB (Standard); \u2264 0,20 dB (Elite\/Low Loss)<\/td>\n<\/tr>\n<tr data-start=\"2509\" data-end=\"2544\">\n<td data-start=\"2509\" data-end=\"2523\" data-col-size=\"sm\">R\u00fcckflussd\u00e4mpfung<\/td>\n<td data-start=\"2523\" data-end=\"2544\" data-col-size=\"md\">\u2265 35 dB oder besser<\/td>\n<\/tr>\n<tr data-start=\"2545\" data-end=\"2583\">\n<td data-start=\"2545\" data-end=\"2562\" data-col-size=\"sm\">Betriebstemperatur<\/td>\n<td data-col-size=\"md\" data-start=\"2562\" data-end=\"2583\">~-10 \u00b0C bis +70 \u00b0C<\/td>\n<\/tr>\n<tr data-start=\"2584\" data-end=\"2687\">\n<td data-start=\"2584\" data-end=\"2596\" data-col-size=\"sm\">Normen<\/td>\n<td data-start=\"2596\" data-end=\"2648\" data-col-size=\"md\">IEC-61754-7, EIA\/TIA-604-5, RoHS- und REACH-konform<\/td>\n<\/tr>\n<\/tbody>\n<\/table>\n<\/div>\n<\/div>\n<h3 data-start=\"2689\" data-end=\"2717\"><strong data-start=\"2693\" data-end=\"2717\">Typische Anwendungen<\/strong><\/h3>\n<ul data-start=\"2719\" data-end=\"3120\">\n<li data-start=\"2719\" data-end=\"2820\">\n<p data-start=\"2721\" data-end=\"2820\">Hohe Packungsdichte <strong data-start=\"2734\" data-end=\"2750\">Datenzentren<\/strong> und Telekommunikations-Backbone-Verkabelung.<\/p>\n<\/li>\n<li data-start=\"2821\" data-end=\"2915\">\n<p data-start=\"2823\" data-end=\"2915\"><strong data-start=\"2823\" data-end=\"2855\">Hochgeschwindigkeits-Ethernet-Netzwerke<\/strong> (10G \/ 40G \/ 100G).<\/p>\n<\/li>\n<li data-start=\"2916\" data-end=\"3019\">\n<p data-start=\"2918\" data-end=\"3019\"><strong data-start=\"2918\" data-end=\"2950\">Speicherbereichsnetze (SANs)<\/strong> und Fiber Channel-Systeme.<\/p>\n<\/li>\n<li data-start=\"3020\" data-end=\"3120\">\n<p data-start=\"3022\" data-end=\"3120\"><strong data-start=\"3022\" data-end=\"3041\">Parallele Optik<\/strong> und QSFP\/SFP+-Transceiver-Verbindungen.<\/p>\n<\/li>\n<\/ul>\n<h3 data-start=\"3122\" data-end=\"3165\"><strong data-start=\"3126\" data-end=\"3165\">Warum dieses MPO\/MTP-Patchkabel w\u00e4hlen?<\/strong><\/h3>\n<p data-start=\"3167\" data-end=\"3650\">Das auf Zuverl\u00e4ssigkeit und Leistung ausgelegte MPO-MPO-OM3-8core\/12core Patchkabel bietet eine kosteng\u00fcnstige L\u00f6sung f\u00fcr Glasfaserinfrastrukturen mit hoher Dichte. Die vorkonfektionierte Konstruktion spart Installationszeit, reduziert menschliche Fehler und gew\u00e4hrleistet eine einheitliche Leistung bei verschiedenen Aderzahlen und Kabell\u00e4ngen. Mit Optionen f\u00fcr niedrige D\u00e4mpfung und hohe R\u00fcckflussd\u00e4mpfung erf\u00fcllt dieses Patchkabel anspruchsvolle Netzwerkanforderungen ohne Kompromisse.<\/p>\n<hr data-start=\"3652\" data-end=\"3655\" \/>\n<h2 data-start=\"3657\" data-end=\"3680\"><strong data-start=\"3660\" data-end=\"3680\">Fachliche Fragen und Antworten<\/strong><\/h2>\n<p data-start=\"3682\" data-end=\"4109\"><strong data-start=\"3682\" data-end=\"3760\">Q1: Was ist der Unterschied zwischen 8-adrigen und 12-adrigen OM3 MPO-Patchkabeln?<\/strong><br data-start=\"3760\" data-end=\"3763\" \/>A1: Der Hauptunterschied liegt in der Anzahl der optischen Fasern in der Bandanordnung. <strong data-start=\"3842\" data-end=\"3852\">8-Kern<\/strong> wird h\u00e4ufig f\u00fcr spezielle 40G\/100G-Anwendungen verwendet, f\u00fcr die nur acht Fasern ben\u00f6tigt werden, w\u00e4hrend <strong data-start=\"3946\" data-end=\"3957\">12-Kern<\/strong> unterst\u00fctzt die volle Glasfaserkapazit\u00e4t und Standard-MPO-Konfigurationen, was eine gr\u00f6\u00dfere Skalierbarkeit und Zukunftssicherheit erm\u00f6glicht.<\/p>\n<p data-start=\"4111\" data-end=\"4419\"><strong data-start=\"4111\" data-end=\"4166\">F2: Warum werden OM3-Fasern h\u00e4ufig in Rechenzentren verwendet?<\/strong><br data-start=\"4166\" data-end=\"4169\" \/>A2: OM3-Faser ist <strong data-start=\"4186\" data-end=\"4205\">Laser-optimiert<\/strong> f\u00fcr die Multimode-\u00dcbertragung und bietet zuverl\u00e4ssige Unterst\u00fctzung f\u00fcr High-Speed-Ethernet \u00fcber kurze bis mittlere Entfernungen mit reduzierter Modaldispersion - ideal f\u00fcr moderne Rechenzentrumsverbindungen.<\/p>\n<p data-start=\"4421\" data-end=\"4773\"><strong data-start=\"4421\" data-end=\"4483\">F3: Was bedeutet Einf\u00fcgungsd\u00e4mpfung, und warum ist sie wichtig?<\/strong><br data-start=\"4483\" data-end=\"4486\" \/>A3: Die Einf\u00fcgungsd\u00e4mpfung misst die Signalleistung, die verloren geht, wenn Licht durch das Patchkabel und die Steckverbinder geleitet wird. Eine geringere Einf\u00fcgungsd\u00e4mpfung (z. B. \u2264 0,35 dB) gew\u00e4hrleistet eine st\u00e4rkere Signalintegrit\u00e4t und eine h\u00f6here Netzwerkleistung, insbesondere bei Hochgeschwindigkeitsanwendungen.<\/p>\n<p data-start=\"4775\" data-end=\"5074\"><strong data-start=\"4775\" data-end=\"4839\">F4: Wie wirken sich die Polarit\u00e4tstypen (A\/B\/C) auf die Verwendung von MPO-Patchkabeln aus?<\/strong><br data-start=\"4839\" data-end=\"4842\" \/>A4: Die Polarit\u00e4t definiert die <strong data-start=\"4867\" data-end=\"4890\">Faserabbildungsreihenfolge<\/strong> zwischen den Steckern. Die Wahl des richtigen Polarit\u00e4tstyps gew\u00e4hrleistet die korrekte Signalausrichtung in komplexen MPO-Netzwerken und reduziert m\u00f6gliche Verbindungsfehler.<\/p>","protected":false},"excerpt":{"rendered":"<p>Die <strong data-start=\"335\" data-end=\"363\">MPO-MPO-OM3-8core\/12core<\/strong> ist ein leistungsstarkes, werkseitig konfektioniertes <strong data-start=\"406\" data-end=\"440\">MPO\/MTP-Lichtwellenleiter-Patchkabel<\/strong> entwickelt f\u00fcr moderne High-Density-Netzwerke in Rechenzentren und Backbone-Anwendungen in Unternehmen. Gebaut mit <strong data-start=\"546\" data-end=\"597\">Laser-optimierte OM3-Multimode-Faser (50\/125 \u00b5m)<\/strong>, Dieses Kabel bietet au\u00dfergew\u00f6hnliche Signalintegrit\u00e4t, niedrige Einf\u00fcgungsd\u00e4mpfung und zuverl\u00e4ssige Konnektivit\u00e4t in Umgebungen mit kurzer Reichweite und hohem Datenverkehr - und ist damit ideal f\u00fcr 40G\/100G Ethernet, Fiber Channel, InfiniBand und andere Hochgeschwindigkeitsverbindungen.<\/p>","protected":false},"featured_media":547,"comment_status":"open","ping_status":"closed","template":"","meta":[],"product_brand":[],"product_cat":[42],"product_tag":[],"class_list":{"0":"post-546","1":"product","2":"type-product","3":"status-publish","4":"has-post-thumbnail","6":"product_cat-mpo-mtp-fiber-optic-patch-cord","8":"first","9":"instock","10":"shipping-taxable","11":"product-type-simple"},"_links":{"self":[{"href":"https:\/\/www.fenxifiber.com\/de\/wp-json\/wp\/v2\/product\/546","targetHints":{"allow":["GET"]}}],"collection":[{"href":"https:\/\/www.fenxifiber.com\/de\/wp-json\/wp\/v2\/product"}],"about":[{"href":"https:\/\/www.fenxifiber.com\/de\/wp-json\/wp\/v2\/types\/product"}],"replies":[{"embeddable":true,"href":"https:\/\/www.fenxifiber.com\/de\/wp-json\/wp\/v2\/comments?post=546"}],"wp:featuredmedia":[{"embeddable":true,"href":"https:\/\/www.fenxifiber.com\/de\/wp-json\/wp\/v2\/media\/547"}],"wp:attachment":[{"href":"https:\/\/www.fenxifiber.com\/de\/wp-json\/wp\/v2\/media?parent=546"}],"wp:term":[{"taxonomy":"product_brand","embeddable":true,"href":"https:\/\/www.fenxifiber.com\/de\/wp-json\/wp\/v2\/product_brand?post=546"},{"taxonomy":"product_cat","embeddable":true,"href":"https:\/\/www.fenxifiber.com\/de\/wp-json\/wp\/v2\/product_cat?post=546"},{"taxonomy":"product_tag","embeddable":true,"href":"https:\/\/www.fenxifiber.com\/de\/wp-json\/wp\/v2\/product_tag?post=546"}],"curies":[{"name":"wp","href":"https:\/\/api.w.org\/{rel}","templated":true}]}}