{"id":548,"date":"2026-02-03T01:38:34","date_gmt":"2026-02-03T01:38:34","guid":{"rendered":"https:\/\/www.fenxifiber.com\/?post_type=product&#038;p=548"},"modified":"2026-02-04T01:07:28","modified_gmt":"2026-02-04T01:07:28","slug":"mpo-lc-om3-om4-12core","status":"publish","type":"product","link":"https:\/\/www.fenxifiber.com\/de\/product\/mpo-lc-om3-om4-12core\/","title":{"rendered":"MPO-LC-OM3\/OM4-12Core Rechenzentrums-Glasfaser-Patchkabel"},"content":{"rendered":"<h3 data-start=\"786\" data-end=\"818\"><strong data-start=\"790\" data-end=\"818\">Hauptmerkmale und Vorteile<\/strong><\/h3>\n<ul data-start=\"820\" data-end=\"2158\">\n<li data-start=\"820\" data-end=\"1093\">\n<p data-start=\"822\" data-end=\"1093\"><strong data-start=\"822\" data-end=\"855\">Hochgeschwindigkeits-Multimode-Unterst\u00fctzung:<\/strong> Konstruiert mit <strong data-start=\"873\" data-end=\"897\">OM3 oder OM4 50\/125 \u00b5m<\/strong> Multimode-Faser, die eine hervorragende Leistung f\u00fcr 10G, 40G und 100G Ethernet und dar\u00fcber hinaus bietet. OM4 bietet im Vergleich zu OM3 eine h\u00f6here Bandbreite und Entfernung.<\/p>\n<\/li>\n<li data-start=\"1094\" data-end=\"1344\">\n<p data-start=\"1096\" data-end=\"1344\"><strong data-start=\"1096\" data-end=\"1126\">MPO zu LC Breakout Design:<\/strong> Das eine Ende ist mit einem hochdichten <strong data-start=\"1166\" data-end=\"1198\">MPO\/MTP-Multifaseranschluss<\/strong> und die andere mit <strong data-start=\"1218\" data-end=\"1238\">12 LC-Anschl\u00fcsse<\/strong>, und vereinfacht den Einsatz von Fan-outs in Transceivern und Patchpanels.<\/p>\n<\/li>\n<li data-start=\"1345\" data-end=\"1596\">\n<p data-start=\"1347\" data-end=\"1596\"><strong data-start=\"1347\" data-end=\"1389\">Niedrige Einf\u00fcgungsd\u00e4mpfung und hohe R\u00fcckflussd\u00e4mpfung:<\/strong> Typische Einf\u00fcgungsd\u00e4mpfungswerte von \u2264 0,3 - 0,35 dB bei MPO und \u2264 0,3 dB bei LC gew\u00e4hrleisten eine minimale Signalverschlechterung und eine hohe R\u00fcckflussd\u00e4mpfung f\u00fcr eine stabile \u00dcbertragung.<\/p>\n<\/li>\n<li data-start=\"1597\" data-end=\"1793\">\n<p data-start=\"1599\" data-end=\"1793\"><strong data-start=\"1599\" data-end=\"1629\">Werksgepr\u00fcft und zuverl\u00e4ssig:<\/strong> Jedes Kabel wird vor dem Versand pr\u00e4zise konfektioniert und 100% auf seine optische Leistung getestet, um zuverl\u00e4ssige Ergebnisse in der Praxis zu gew\u00e4hrleisten.<\/p>\n<\/li>\n<li data-start=\"1794\" data-end=\"1955\">\n<p data-start=\"1796\" data-end=\"1955\"><strong data-start=\"1796\" data-end=\"1824\">Flexible Manteloptionen:<\/strong> Verf\u00fcgbar in <strong data-start=\"1838\" data-end=\"1871\">LSZH (raucharm und halogenfrei)<\/strong> f\u00fcr die sichere Verwendung in Innenr\u00e4umen oder PVC, wo dies zul\u00e4ssig ist.<\/p>\n<\/li>\n<li data-start=\"1956\" data-end=\"2158\">\n<p data-start=\"1958\" data-end=\"2158\"><strong data-start=\"1958\" data-end=\"1988\">Polarit\u00e4t und benutzerdefinierte Optionen:<\/strong> Unterst\u00fctzt Industriestandard-Polarit\u00e4tskonfigurationen (Typ A\/B\/C) und kann in Bezug auf L\u00e4nge, Manteltyp und Steckerpolierung angepasst werden.<\/p>\n<\/li>\n<\/ul>\n<h3 data-start=\"2160\" data-end=\"2192\"><strong data-start=\"2164\" data-end=\"2192\">Technische Daten<\/strong><\/h3>\n<div class=\"TyagGW_tableContainer\">\n<div class=\"group TyagGW_tableWrapper flex flex-col-reverse w-fit\" tabindex=\"-1\">\n<table class=\"w-fit min-w-(--thread-content-width)\" data-start=\"2194\" data-end=\"2716\">\n<thead data-start=\"2194\" data-end=\"2221\">\n<tr data-start=\"2194\" data-end=\"2221\">\n<th class=\"align-top\" data-start=\"2194\" data-end=\"2204\" data-col-size=\"sm\">Merkmal<\/th>\n<th class=\"align-top\" data-start=\"2204\" data-end=\"2221\" data-col-size=\"sm\">Spezifikation<\/th>\n<\/tr>\n<\/thead>\n<tbody data-start=\"2250\" data-end=\"2716\">\n<tr data-start=\"2250\" data-end=\"2302\">\n<td data-start=\"2250\" data-end=\"2267\" data-col-size=\"sm\"><strong data-start=\"2252\" data-end=\"2266\">Faser-Typ<\/strong><\/td>\n<td data-start=\"2267\" data-end=\"2302\" data-col-size=\"sm\">Multimode OM3 \/ OM4 (50\/125 \u00b5m)<\/td>\n<\/tr>\n<tr data-start=\"2303\" data-end=\"2333\">\n<td data-start=\"2303\" data-end=\"2320\" data-col-size=\"sm\"><strong data-start=\"2305\" data-end=\"2319\">Kernzahl<\/strong><\/td>\n<td data-start=\"2320\" data-end=\"2333\" data-col-size=\"sm\">12 Fasern<\/td>\n<\/tr>\n<tr data-start=\"2334\" data-end=\"2376\">\n<td data-start=\"2334\" data-end=\"2352\" data-col-size=\"sm\"><strong data-start=\"2336\" data-end=\"2351\">Anschluss A<\/strong><\/td>\n<td data-start=\"2352\" data-end=\"2376\" data-col-size=\"sm\">MPO\/MTP (Mehrfaser)<\/td>\n<\/tr>\n<tr data-start=\"2377\" data-end=\"2417\">\n<td data-start=\"2377\" data-end=\"2395\" data-col-size=\"sm\"><strong data-start=\"2379\" data-end=\"2394\">Anschluss B<\/strong><\/td>\n<td data-start=\"2395\" data-end=\"2417\" data-col-size=\"sm\">12 \u00d7 LC-Anschl\u00fcsse<\/td>\n<\/tr>\n<tr data-start=\"2418\" data-end=\"2484\">\n<td data-start=\"2418\" data-end=\"2446\" data-col-size=\"sm\"><strong data-start=\"2420\" data-end=\"2445\">Einf\u00fcgungsd\u00e4mpfung (typ.)<\/strong><\/td>\n<td data-start=\"2446\" data-end=\"2484\" data-col-size=\"sm\">MPO \u2264 0,30 - 0,35 dB, LC \u2264 0,30 dB<\/td>\n<\/tr>\n<tr data-start=\"2485\" data-end=\"2538\">\n<td data-start=\"2485\" data-end=\"2503\" data-col-size=\"sm\"><strong data-start=\"2487\" data-end=\"2502\">R\u00fcckflussd\u00e4mpfung<\/strong><\/td>\n<td data-start=\"2503\" data-end=\"2538\" data-col-size=\"sm\">\u2265 30 dB (Multimode-Leistung)<\/td>\n<\/tr>\n<tr data-start=\"2539\" data-end=\"2566\">\n<td data-start=\"2539\" data-end=\"2552\" data-col-size=\"sm\"><strong data-start=\"2541\" data-end=\"2551\">Jacke<\/strong><\/td>\n<td data-start=\"2552\" data-end=\"2566\" data-col-size=\"sm\">LSZH \/ PVC<\/td>\n<\/tr>\n<tr data-start=\"2567\" data-end=\"2613\">\n<td data-start=\"2567\" data-end=\"2594\" data-col-size=\"sm\"><strong data-start=\"2569\" data-end=\"2593\">Kabel-Au\u00dfendurchmesser<\/strong><\/td>\n<td data-start=\"2594\" data-end=\"2613\" data-col-size=\"sm\">~3 mm (typisch)<\/td>\n<\/tr>\n<tr data-start=\"2614\" data-end=\"2656\">\n<td data-start=\"2614\" data-end=\"2636\" data-col-size=\"sm\"><strong data-start=\"2616\" data-end=\"2635\">Betriebstemp.<\/strong><\/td>\n<td data-start=\"2636\" data-end=\"2656\" data-col-size=\"sm\">-10 \u00b0C bis +70 \u00b0C<\/td>\n<\/tr>\n<tr data-start=\"2657\" data-end=\"2716\">\n<td data-start=\"2657\" data-end=\"2673\" data-col-size=\"sm\"><strong data-start=\"2659\" data-end=\"2672\">Normen<\/strong><\/td>\n<td data-start=\"2673\" data-end=\"2716\" data-col-size=\"sm\">RoHS-, EIA\/TIA-, IEC- und Telcordia-konform<\/td>\n<\/tr>\n<\/tbody>\n<\/table>\n<\/div>\n<\/div>\n<blockquote data-start=\"2718\" data-end=\"2891\">\n<p data-start=\"2720\" data-end=\"2891\"><strong data-start=\"2720\" data-end=\"2729\">Anmerkung:<\/strong> OM4-Fasern (violetter Mantel) bieten in der Regel eine h\u00f6here Bandbreite und eine gr\u00f6\u00dfere Reichweite als OM3-Fasern (aqua) f\u00fcr gleichwertige Anwendungen.<\/p>\n<\/blockquote>\n<h3 data-start=\"2893\" data-end=\"2921\"><strong data-start=\"2897\" data-end=\"2921\">Typische Anwendungen<\/strong><\/h3>\n<ul data-start=\"2923\" data-end=\"3528\">\n<li data-start=\"2923\" data-end=\"3072\">\n<p data-start=\"2925\" data-end=\"3072\"><strong data-start=\"2925\" data-end=\"2954\">Konnektivit\u00e4t von Rechenzentren:<\/strong> Perfekt f\u00fcr Server-Rack-Verbindungen mit hoher Dichte, Cross-Connects und Patch-Panels.<\/p>\n<\/li>\n<li data-start=\"3073\" data-end=\"3232\">\n<p data-start=\"3075\" data-end=\"3232\"><strong data-start=\"3075\" data-end=\"3103\">Parallele optische Systeme:<\/strong> Nahtlose Integration mit QSFP+ und QSFP28 Transceivern in 40G\/100G Multimode-Netzwerken.<\/p>\n<\/li>\n<li data-start=\"3233\" data-end=\"3377\">\n<p data-start=\"3235\" data-end=\"3377\"><strong data-start=\"3235\" data-end=\"3269\">SAN- und Cloud-Infrastrukturen:<\/strong> Unterst\u00fctzt Unternehmensspeicher und virtualisierte Netzwerkumgebungen.<\/p>\n<\/li>\n<li data-start=\"3378\" data-end=\"3528\">\n<p data-start=\"3380\" data-end=\"3528\"><strong data-start=\"3380\" data-end=\"3403\">Strukturierte Verkabelung:<\/strong> Ideal f\u00fcr MPO-Backbone-Verkabelung mit LC-Breakout in horizontalen oder Ger\u00e4teschr\u00e4nken.<\/p>\n<\/li>\n<\/ul>\n<h3 data-start=\"3530\" data-end=\"3573\"><strong data-start=\"3534\" data-end=\"3573\">Warum dieses MPO-LC-Patchkabel w\u00e4hlen?<\/strong><\/h3>\n<p data-start=\"3575\" data-end=\"4018\">Diese <strong data-start=\"3580\" data-end=\"3619\">12-adriges MPO-LC Multimode-Patchkabel<\/strong> ist auf Leistung, Zuverl\u00e4ssigkeit und einfache Bereitstellung ausgelegt. Seine MPO-Terminierung mit hoher Dichte reduziert die Unordnung im Rack und verbessert die Luftzirkulation, w\u00e4hrend der 12-LC-Breakout die Verbindungen zu den einzelnen Netzwerkports optimiert. Er wurde im Werk vollst\u00e4ndig getestet und entspricht den Industriestandards. Er ist eine kosteng\u00fcnstige L\u00f6sung f\u00fcr die Aufr\u00fcstung oder Erweiterung von Hochgeschwindigkeitsnetzwerken.<\/p>\n<hr data-start=\"4020\" data-end=\"4023\" \/>\n<h2 data-start=\"4025\" data-end=\"4048\"><strong data-start=\"4028\" data-end=\"4048\">Fachliche Fragen und Antworten<\/strong><\/h2>\n<p data-start=\"4050\" data-end=\"4349\"><strong data-start=\"4050\" data-end=\"4119\">Q1: Was ist der Unterschied zwischen OM3 und OM4 in diesem Patchkabel?<\/strong><br data-start=\"4119\" data-end=\"4122\" \/><strong data-start=\"4122\" data-end=\"4128\">A:<\/strong> OM3 und OM4 sind beides 50\/125-\u00b5m-Multimode-Fasern, aber OM4 bietet im Vergleich zu OM3 eine h\u00f6here modale Bandbreite und unterst\u00fctzt l\u00e4ngere \u00dcbertragungsstrecken bei hohen Datenraten (z. B. 100G).<\/p>\n<p data-start=\"4351\" data-end=\"4682\"><strong data-start=\"4351\" data-end=\"4427\">F2: Warum ein MPO-LC-Breakout-Kabel anstelle eines geraden MPO-Trunks?<\/strong><br data-start=\"4427\" data-end=\"4430\" \/><strong data-start=\"4430\" data-end=\"4436\">A:<\/strong> Das MPO-LC-Breakout-Design erm\u00f6glicht es, ein einzelnes Multifaserkabel in einzelne LC-Stecker aufzuf\u00e4chern, die in Transceivern und Patchpanels weit verbreitet sind, wodurch der Bedarf an zus\u00e4tzlicher Breakout-Hardware reduziert wird.<\/p>\n<p data-start=\"4684\" data-end=\"4990\"><strong data-start=\"4684\" data-end=\"4756\">F3: Was bedeutet Polarit\u00e4t in der MPO-Verkabelung, und warum ist sie wichtig?<\/strong><br data-start=\"4756\" data-end=\"4759\" \/><strong data-start=\"4759\" data-end=\"4765\">A:<\/strong> Die Polarit\u00e4t definiert, wie die Fasern von einem Ende des Kabels zum anderen verlaufen. Die Wahl der richtigen Polarit\u00e4t gew\u00e4hrleistet eine korrekte Signalpaarung, die f\u00fcr den Anschluss aktiver Ger\u00e4te entscheidend ist.<\/p>\n<p data-start=\"4992\" data-end=\"5262\"><strong data-start=\"4992\" data-end=\"5046\">F4: Kann ich OM3- und OM4-Fasern in der gleichen Verbindung mischen?<\/strong><br data-start=\"5046\" data-end=\"5049\" \/><strong data-start=\"5049\" data-end=\"5055\">A:<\/strong> Ja - OM3 und OM4 sind kompatibel, da beide 50\/125 \u00b5m Multimode-Fasern verwenden, aber die Verbindungsleistung ist in der Regel auf die Leistungsf\u00e4higkeit der minderwertigeren Faser beschr\u00e4nkt.<\/p>","protected":false},"excerpt":{"rendered":"<p data-start=\"248\" data-end=\"784\">Die <strong data-start=\"252\" data-end=\"277\">MPO-LC-OM3\/OM4-12core<\/strong> Patchkabel ist ein fortschrittliches, leistungsstarkes <strong data-start=\"322\" data-end=\"363\">MPO-LC-Multimode-Lichtwellenleiter<\/strong> entwickelt f\u00fcr die heutigen anspruchsvollen Rechenzentrums-, Unternehmens- und Telekommunikationsnetzwerke. Hergestellt mit pr\u00e4zisionskonfektionierten Steckern und optimierten OM3\/OM4-Multimode-Fasern, erm\u00f6glicht diese Baugruppe eine effiziente, verlustarme \u00dcbertragung in Umgebungen mit hoher Dichte. Die 12-Faser-Konfiguration unterst\u00fctzt parallele Optiken und Fan-out-Konnektivit\u00e4t - ideal f\u00fcr moderne 40.GbE- und 100.GbE-Anwendungen.<\/p>\n<h3 data-start=\"786\" data-end=\"818\"><\/h3>","protected":false},"featured_media":549,"comment_status":"open","ping_status":"closed","template":"","meta":[],"product_brand":[],"product_cat":[42],"product_tag":[],"class_list":{"0":"post-548","1":"product","2":"type-product","3":"status-publish","4":"has-post-thumbnail","6":"product_cat-mpo-mtp-fiber-optic-patch-cord","8":"first","9":"instock","10":"shipping-taxable","11":"product-type-simple"},"_links":{"self":[{"href":"https:\/\/www.fenxifiber.com\/de\/wp-json\/wp\/v2\/product\/548","targetHints":{"allow":["GET"]}}],"collection":[{"href":"https:\/\/www.fenxifiber.com\/de\/wp-json\/wp\/v2\/product"}],"about":[{"href":"https:\/\/www.fenxifiber.com\/de\/wp-json\/wp\/v2\/types\/product"}],"replies":[{"embeddable":true,"href":"https:\/\/www.fenxifiber.com\/de\/wp-json\/wp\/v2\/comments?post=548"}],"wp:featuredmedia":[{"embeddable":true,"href":"https:\/\/www.fenxifiber.com\/de\/wp-json\/wp\/v2\/media\/549"}],"wp:attachment":[{"href":"https:\/\/www.fenxifiber.com\/de\/wp-json\/wp\/v2\/media?parent=548"}],"wp:term":[{"taxonomy":"product_brand","embeddable":true,"href":"https:\/\/www.fenxifiber.com\/de\/wp-json\/wp\/v2\/product_brand?post=548"},{"taxonomy":"product_cat","embeddable":true,"href":"https:\/\/www.fenxifiber.com\/de\/wp-json\/wp\/v2\/product_cat?post=548"},{"taxonomy":"product_tag","embeddable":true,"href":"https:\/\/www.fenxifiber.com\/de\/wp-json\/wp\/v2\/product_tag?post=548"}],"curies":[{"name":"wp","href":"https:\/\/api.w.org\/{rel}","templated":true}]}}