{"id":550,"date":"2026-02-03T01:42:03","date_gmt":"2026-02-03T01:42:03","guid":{"rendered":"https:\/\/www.fenxifiber.com\/?post_type=product&#038;p=550"},"modified":"2026-02-04T01:08:36","modified_gmt":"2026-02-04T01:08:36","slug":"mpo-lc-om5-12core","status":"publish","type":"product","link":"https:\/\/www.fenxifiber.com\/de\/product\/mpo-lc-om5-12core\/","title":{"rendered":"MPO-LC-OM5-12Core Breitband-Multimode-Glasfaser-Patchkabel"},"content":{"rendered":"<h3 data-start=\"854\" data-end=\"876\"><strong data-start=\"858\" data-end=\"876\">Die wichtigsten Vorteile<\/strong><\/h3>\n<ul data-start=\"878\" data-end=\"1720\">\n<li data-start=\"878\" data-end=\"1078\">\n<p data-start=\"880\" data-end=\"1078\"><strong data-start=\"880\" data-end=\"913\">Breitband-Multimode-Technologie<\/strong><br data-start=\"913\" data-end=\"916\" \/>Die OM5-Faser unterst\u00fctzt mehrere Wellenl\u00e4ngen \u00fcber eine einzige Multimode-Faser und erm\u00f6glicht <strong data-start=\"998\" data-end=\"1019\">SWDM-\u00dcbertragung<\/strong> und h\u00f6here Datenraten pro Faser im Vergleich zu OM3 und OM4.<\/p>\n<\/li>\n<li data-start=\"1080\" data-end=\"1242\">\n<p data-start=\"1082\" data-end=\"1242\"><strong data-start=\"1082\" data-end=\"1114\">12-Faser High-Density Design<\/strong><br data-start=\"1114\" data-end=\"1117\" \/>Eine einzige MPO-Schnittstelle \u00fcbertr\u00e4gt 12 Fasern, wodurch das Verkabelungsvolumen drastisch reduziert und der Luftstrom in Racks mit hoher Dichte verbessert wird.<\/p>\n<\/li>\n<li data-start=\"1244\" data-end=\"1388\">\n<p data-start=\"1246\" data-end=\"1388\"><strong data-start=\"1246\" data-end=\"1280\">MPO zu LC Fan-Out Architektur<\/strong><br data-start=\"1280\" data-end=\"1283\" \/>Verbindet MPO-Trunkkabel direkt mit Standard-LC-Ports an QSFP+, QSFP28 und zuk\u00fcnftigen SWDM-Transceivern.<\/p>\n<\/li>\n<li data-start=\"1390\" data-end=\"1558\">\n<p data-start=\"1392\" data-end=\"1558\"><strong data-start=\"1392\" data-end=\"1422\">Geringer Verlust, hohe Zuverl\u00e4ssigkeit<\/strong><br data-start=\"1422\" data-end=\"1425\" \/>Pr\u00e4zisionspolierte Steckverbinder und werkseitige Tests sorgen f\u00fcr geringe Einf\u00fcgungsd\u00e4mpfung, stabile optische Leistung und langfristige Zuverl\u00e4ssigkeit.<\/p>\n<\/li>\n<li data-start=\"1560\" data-end=\"1720\">\n<p data-start=\"1562\" data-end=\"1720\"><strong data-start=\"1562\" data-end=\"1593\">Zukunftssichere Infrastruktur<\/strong><br data-start=\"1593\" data-end=\"1596\" \/>OM5 ist konzipiert f\u00fcr <strong data-start=\"1618\" data-end=\"1677\">400G und zuk\u00fcnftige Multi-Wellenl\u00e4ngen-Multimode-Anwendungen<\/strong>, und ist damit ideal f\u00fcr die Aufr\u00fcstung von Rechenzentren.<\/p>\n<\/li>\n<\/ul>\n<hr data-start=\"1722\" data-end=\"1725\" \/>\n<h3 data-start=\"1727\" data-end=\"1759\"><strong data-start=\"1731\" data-end=\"1759\">Technische Daten<\/strong><\/h3>\n<div class=\"TyagGW_tableContainer\">\n<div class=\"group TyagGW_tableWrapper flex flex-col-reverse w-fit\" tabindex=\"-1\">\n<table class=\"w-fit min-w-(--thread-content-width)\" data-start=\"1761\" data-end=\"2256\">\n<thead data-start=\"1761\" data-end=\"1794\">\n<tr data-start=\"1761\" data-end=\"1794\">\n<th class=\"\" data-start=\"1761\" data-end=\"1773\" data-col-size=\"sm\">Parameter<\/th>\n<th class=\"\" data-start=\"1773\" data-end=\"1794\" data-col-size=\"sm\">MPO-LC-OM5-12Kern<\/th>\n<\/tr>\n<\/thead>\n<tbody data-start=\"1823\" data-end=\"2256\">\n<tr data-start=\"1823\" data-end=\"1874\">\n<td data-start=\"1823\" data-end=\"1836\" data-col-size=\"sm\">Faser-Typ<\/td>\n<td data-start=\"1836\" data-end=\"1874\" data-col-size=\"sm\">OM5-Breitband-Multimode (50\/125 \u00b5m)<\/td>\n<\/tr>\n<tr data-start=\"1875\" data-end=\"1901\">\n<td data-start=\"1875\" data-end=\"1888\" data-col-size=\"sm\">Kernzahl<\/td>\n<td data-start=\"1888\" data-end=\"1901\" data-col-size=\"sm\">12 Fasern<\/td>\n<\/tr>\n<tr data-start=\"1902\" data-end=\"1940\">\n<td data-start=\"1902\" data-end=\"1916\" data-col-size=\"sm\">Anschluss A<\/td>\n<td data-start=\"1916\" data-end=\"1940\" data-col-size=\"sm\">MPO \/ MTP (12-Faser)<\/td>\n<\/tr>\n<tr data-start=\"1941\" data-end=\"1977\">\n<td data-start=\"1941\" data-end=\"1955\" data-col-size=\"sm\">Anschluss B<\/td>\n<td data-start=\"1955\" data-end=\"1977\" data-col-size=\"sm\">12 \u00d7 LC-Anschl\u00fcsse<\/td>\n<\/tr>\n<tr data-start=\"1978\" data-end=\"2034\">\n<td data-start=\"1978\" data-end=\"2002\" data-col-size=\"sm\">Betriebs-Wellenl\u00e4ngen<\/td>\n<td data-col-size=\"sm\" data-start=\"2002\" data-end=\"2034\">850-953 nm (SWDM-kompatibel)<\/td>\n<\/tr>\n<tr data-start=\"2035\" data-end=\"2087\">\n<td data-start=\"2035\" data-end=\"2052\" data-col-size=\"sm\">Einf\u00fcged\u00e4mpfung<\/td>\n<td data-col-size=\"sm\" data-start=\"2052\" data-end=\"2087\">\u2264 0,35 dB (MPO), \u2264 0,30 dB (LC)<\/td>\n<\/tr>\n<tr data-start=\"2088\" data-end=\"2113\">\n<td data-start=\"2088\" data-end=\"2102\" data-col-size=\"sm\">R\u00fcckflussd\u00e4mpfung<\/td>\n<td data-col-size=\"sm\" data-start=\"2102\" data-end=\"2113\">\u2265 30 dB<\/td>\n<\/tr>\n<tr data-start=\"2114\" data-end=\"2143\">\n<td data-start=\"2114\" data-end=\"2128\" data-col-size=\"sm\">Jacke Typ<\/td>\n<td data-col-size=\"sm\" data-start=\"2128\" data-end=\"2143\">LSZH oder PVC<\/td>\n<\/tr>\n<tr data-start=\"2144\" data-end=\"2172\">\n<td data-start=\"2144\" data-end=\"2161\" data-col-size=\"sm\">Kabel-Durchmesser<\/td>\n<td data-col-size=\"sm\" data-start=\"2161\" data-end=\"2172\">~3,0 mm<\/td>\n<\/tr>\n<tr data-start=\"2173\" data-end=\"2217\">\n<td data-start=\"2173\" data-end=\"2197\" data-col-size=\"sm\">Betriebstemperatur<\/td>\n<td data-col-size=\"sm\" data-start=\"2197\" data-end=\"2217\">-10 \u00b0C bis +70 \u00b0C<\/td>\n<\/tr>\n<tr data-start=\"2218\" data-end=\"2256\">\n<td data-start=\"2218\" data-end=\"2231\" data-col-size=\"sm\">Einhaltung der Vorschriften<\/td>\n<td data-col-size=\"sm\" data-start=\"2231\" data-end=\"2256\">IEC, TIA, RoHS, REACH<\/td>\n<\/tr>\n<\/tbody>\n<\/table>\n<\/div>\n<\/div>\n<hr data-start=\"2258\" data-end=\"2261\" \/>\n<h3 data-start=\"2263\" data-end=\"2291\"><strong data-start=\"2267\" data-end=\"2291\">Typische Anwendungen<\/strong><\/h3>\n<ul data-start=\"2293\" data-end=\"2542\">\n<li data-start=\"2293\" data-end=\"2338\">\n<p data-start=\"2295\" data-end=\"2338\"><strong data-start=\"2295\" data-end=\"2336\">400G und Rechenzentren der n\u00e4chsten Generation<\/strong><\/p>\n<\/li>\n<li data-start=\"2339\" data-end=\"2378\">\n<p data-start=\"2341\" data-end=\"2378\"><strong data-start=\"2341\" data-end=\"2376\">Optische SWDM-Multimode-Netze<\/strong><\/p>\n<\/li>\n<li data-start=\"2379\" data-end=\"2434\">\n<p data-start=\"2381\" data-end=\"2434\"><strong data-start=\"2381\" data-end=\"2432\">MPO-Backbone mit hoher Dichte zu LC-Ger\u00e4teverbindungen<\/strong><\/p>\n<\/li>\n<li data-start=\"2435\" data-end=\"2499\">\n<p data-start=\"2437\" data-end=\"2499\"><strong data-start=\"2437\" data-end=\"2497\">Cloud, k\u00fcnstliche Intelligenz und HPC-Cluster (High-Performance Computing)<\/strong><\/p>\n<\/li>\n<li data-start=\"2500\" data-end=\"2542\">\n<p data-start=\"2502\" data-end=\"2542\"><strong data-start=\"2502\" data-end=\"2542\">Unternehmens- und Kolokationseinrichtungen<\/strong><\/p>\n<\/li>\n<\/ul>\n<hr data-start=\"2544\" data-end=\"2547\" \/>\n<h3 data-start=\"2549\" data-end=\"2586\"><strong data-start=\"2553\" data-end=\"2586\">Warum MPO-LC-OM5-12Core w\u00e4hlen?<\/strong><\/h3>\n<p data-start=\"2588\" data-end=\"3012\">Im Gegensatz zu herk\u00f6mmlichen OM3- und OM4-Kabeln, die auf einer einzigen Wellenl\u00e4nge basieren, <strong data-start=\"2660\" data-end=\"2682\">OM5-Breitbandfaser<\/strong> erm\u00f6glicht die \u00dcbertragung mehrerer Wellenl\u00e4ngen \u00fcber dieselbe Faser. Dadurch k\u00f6nnen Netzbetreiber die Kapazit\u00e4t vervielfachen, ohne weitere Fasern zu verlegen. Die <strong data-start=\"2830\" data-end=\"2851\">MPO-LC-OM5-12Kern<\/strong> bietet Ihnen einen sauberen, effizienten Weg von der MPO-Trunk-Infrastruktur zu LC-basierten Ger\u00e4ten und bereitet Ihr Netzwerk auf <strong data-start=\"2971\" data-end=\"3011\">Hochgeschwindigkeits- und SWDM-basierte Upgrades<\/strong>.<\/p>\n<p data-start=\"3014\" data-end=\"3137\">Es ist die ideale L\u00f6sung f\u00fcr Unternehmen, die <strong data-start=\"3066\" data-end=\"3113\">skalierbare, zukunftssichere Glasfaserinfrastruktur<\/strong> in modernen Rechenzentren.<\/p>\n<hr data-start=\"3139\" data-end=\"3142\" \/>\n<h2 data-start=\"3144\" data-end=\"3167\"><strong data-start=\"3147\" data-end=\"3167\">Fachliche Fragen und Antworten<\/strong><\/h2>\n<p data-start=\"3169\" data-end=\"3394\"><strong data-start=\"3169\" data-end=\"3216\">Q1: Was macht OM5 besser als OM3 und OM4?<\/strong><br data-start=\"3216\" data-end=\"3219\" \/>OM5 unterst\u00fctzt mehrere Wellenl\u00e4ngen (850-953 nm) f\u00fcr SWDM, so dass mehrere Datenkan\u00e4le auf einer Faser laufen k\u00f6nnen. OM3 und OM4 unterst\u00fctzen nur eine Wellenl\u00e4ngen\u00fcbertragung bei 850 nm.<\/p>\n<p data-start=\"3396\" data-end=\"3619\"><strong data-start=\"3396\" data-end=\"3462\">F2: K\u00f6nnen MPO-LC-OM5-Kabel mit OM4-Standardger\u00e4ten verwendet werden?<\/strong><br data-start=\"3462\" data-end=\"3465\" \/>Ja. OM5 ist vollst\u00e4ndig r\u00fcckw\u00e4rtskompatibel mit OM4 und OM3. Es funktioniert mit standardm\u00e4\u00dfigen 850-nm-Transceivern, unterst\u00fctzt aber auch SWDM-Optiken f\u00fcr h\u00f6here Kapazit\u00e4ten.<\/p>\n<p data-start=\"3621\" data-end=\"3816\"><strong data-start=\"3621\" data-end=\"3675\">F3: Was ist der Zweck des MPO zu LC Breakout?<\/strong><br data-start=\"3675\" data-end=\"3678\" \/>Er erm\u00f6glicht den direkten Anschluss eines MPO-Trunks mit hoher Dichte an LC-basierte Switch- oder Server-Ports ohne zus\u00e4tzliche Patchfelder oder Konvertierungskabel.<\/p>\n<p data-start=\"3818\" data-end=\"4030\"><strong data-start=\"3818\" data-end=\"3860\">F4: Ist OM5 f\u00fcr 400G-Netzwerke geeignet?<\/strong><br data-start=\"3860\" data-end=\"3863\" \/>Ja. OM5 wurde speziell entwickelt, um Folgendes zu unterst\u00fctzen <strong data-start=\"3908\" data-end=\"3979\">Multi-Wellenl\u00e4ngen-Multimode 400G und zuk\u00fcnftige optische Hochgeschwindigkeitsverbindungen<\/strong>, und ist damit ideal f\u00fcr Rechenzentren der n\u00e4chsten Generation.<\/p>","protected":false},"excerpt":{"rendered":"<p data-start=\"62\" data-end=\"552\">Die <strong data-start=\"66\" data-end=\"87\">MPO-LC-OM5-12Kern<\/strong> ist ein Produkt der n\u00e4chsten Generation <strong data-start=\"109\" data-end=\"165\">Breitband-Multimode-Faser (WBMMF) Breakout-Patchkabel<\/strong> entwickelt f\u00fcr Hochgeschwindigkeitsnetzwerke mit hoher Dichte in Rechenzentren und Unternehmen. Gebaut mit <strong data-start=\"252\" data-end=\"275\">OM5 50\/125 \u00b5m Faser<\/strong>, unterst\u00fctzt dieses Kabel sowohl herk\u00f6mmliche Multimode-Wellenl\u00e4ngen (850 nm) als auch <strong data-start=\"350\" data-end=\"399\">Kurzwellenl\u00e4ngen-Multiplexing (SWDM)<\/strong> von 850 nm auf 953 nm, so dass eine einzige Glasfaserverbindung mehrere parallele Kan\u00e4le \u00fcbertragen und die Bandbreite ohne zus\u00e4tzliche Fasern deutlich erh\u00f6hen kann.<\/p>\n<p data-start=\"554\" data-end=\"847\">Mit einem Ende, das in einem <strong data-start=\"583\" data-end=\"613\">12-Faser-MPO\/MTP-Anschluss<\/strong> und das andere Ende f\u00e4chert sich auf in <strong data-start=\"648\" data-end=\"668\">12 LC-Anschl\u00fcsse<\/strong>, Der MPO-LC-OM5-12Core erm\u00f6glicht eine nahtlose Verbindung zwischen MPO-Backbone Trunks mit hoher Dichte und standardm\u00e4\u00dfigen LC-basierten Transceivern, die in Switches, Servern und Speicherger\u00e4ten verwendet werden.<\/p>","protected":false},"featured_media":551,"comment_status":"open","ping_status":"closed","template":"","meta":[],"product_brand":[],"product_cat":[42],"product_tag":[],"class_list":{"0":"post-550","1":"product","2":"type-product","3":"status-publish","4":"has-post-thumbnail","6":"product_cat-mpo-mtp-fiber-optic-patch-cord","8":"first","9":"instock","10":"shipping-taxable","11":"product-type-simple"},"_links":{"self":[{"href":"https:\/\/www.fenxifiber.com\/de\/wp-json\/wp\/v2\/product\/550","targetHints":{"allow":["GET"]}}],"collection":[{"href":"https:\/\/www.fenxifiber.com\/de\/wp-json\/wp\/v2\/product"}],"about":[{"href":"https:\/\/www.fenxifiber.com\/de\/wp-json\/wp\/v2\/types\/product"}],"replies":[{"embeddable":true,"href":"https:\/\/www.fenxifiber.com\/de\/wp-json\/wp\/v2\/comments?post=550"}],"wp:featuredmedia":[{"embeddable":true,"href":"https:\/\/www.fenxifiber.com\/de\/wp-json\/wp\/v2\/media\/551"}],"wp:attachment":[{"href":"https:\/\/www.fenxifiber.com\/de\/wp-json\/wp\/v2\/media?parent=550"}],"wp:term":[{"taxonomy":"product_brand","embeddable":true,"href":"https:\/\/www.fenxifiber.com\/de\/wp-json\/wp\/v2\/product_brand?post=550"},{"taxonomy":"product_cat","embeddable":true,"href":"https:\/\/www.fenxifiber.com\/de\/wp-json\/wp\/v2\/product_cat?post=550"},{"taxonomy":"product_tag","embeddable":true,"href":"https:\/\/www.fenxifiber.com\/de\/wp-json\/wp\/v2\/product_tag?post=550"}],"curies":[{"name":"wp","href":"https:\/\/api.w.org\/{rel}","templated":true}]}}