{"id":552,"date":"2026-02-03T01:46:56","date_gmt":"2026-02-03T01:46:56","guid":{"rendered":"https:\/\/www.fenxifiber.com\/?post_type=product&#038;p=552"},"modified":"2026-02-04T01:09:07","modified_gmt":"2026-02-04T01:09:07","slug":"mpo-sc-om3-om4-12core","status":"publish","type":"product","link":"https:\/\/www.fenxifiber.com\/de\/product\/mpo-sc-om3-om4-12core\/","title":{"rendered":"MPO-SC-OM3\/OM4-12Core Multimode-Glasfaser-Patchkabel"},"content":{"rendered":"<h3 data-start=\"770\" data-end=\"801\"><strong data-start=\"774\" data-end=\"801\">Hauptmerkmale und Vorteile<\/strong><\/h3>\n<ul data-start=\"803\" data-end=\"1591\">\n<li data-start=\"803\" data-end=\"992\">\n<p data-start=\"805\" data-end=\"992\"><strong data-start=\"805\" data-end=\"840\">OM3 \/ OM4 Multimode Leistung<\/strong><br data-start=\"840\" data-end=\"843\" \/>Unterst\u00fctzt 10G, 40G und 100G Ethernet, Fibre Channel und InfiniBand-Anwendungen. OM4 bietet im Vergleich zu OM3 eine gr\u00f6\u00dfere Reichweite und h\u00f6here Bandbreiten.<\/p>\n<\/li>\n<li data-start=\"994\" data-end=\"1142\">\n<p data-start=\"996\" data-end=\"1142\"><strong data-start=\"996\" data-end=\"1027\">12-Kern High-Density Design<\/strong><br data-start=\"1027\" data-end=\"1030\" \/>Integriert 12 Fasern in eine einzige MPO-Schnittstelle, wodurch das Kabelvolumen drastisch reduziert und der Luftstrom im Rack verbessert wird.<\/p>\n<\/li>\n<li data-start=\"1144\" data-end=\"1304\">\n<p data-start=\"1146\" data-end=\"1304\"><strong data-start=\"1146\" data-end=\"1180\">MPO zu SC Fan-Out Architektur<\/strong><br data-start=\"1180\" data-end=\"1183\" \/>Konvertiert MPO-Backbone-Verbindungen mit hoher Dichte in einzelne SC-Ports zur einfachen Integration von Ger\u00e4ten und Patchpanels.<\/p>\n<\/li>\n<li data-start=\"1306\" data-end=\"1461\">\n<p data-start=\"1308\" data-end=\"1461\"><strong data-start=\"1308\" data-end=\"1347\">Geringe Einf\u00fcged\u00e4mpfung und hohe Stabilit\u00e4t<\/strong><br data-start=\"1347\" data-end=\"1350\" \/>Pr\u00e4zisionspolierte Anschl\u00fcsse und werkseitige Tests gew\u00e4hrleisten eine gleichbleibende Signalqualit\u00e4t und langfristige Zuverl\u00e4ssigkeit.<\/p>\n<\/li>\n<li data-start=\"1463\" data-end=\"1591\">\n<p data-start=\"1465\" data-end=\"1591\"><strong data-start=\"1465\" data-end=\"1495\">Plug-and-Play-Installation<\/strong><br data-start=\"1495\" data-end=\"1498\" \/>Vorgefertigte und getestete Baugruppen minimieren Fehler beim Anschluss vor Ort und die Bereitstellungszeit.<\/p>\n<\/li>\n<\/ul>\n<hr data-start=\"1593\" data-end=\"1596\" \/>\n<h3 data-start=\"1598\" data-end=\"1630\"><strong data-start=\"1602\" data-end=\"1630\">Technische Daten<\/strong><\/h3>\n<div class=\"TyagGW_tableContainer\">\n<div class=\"group TyagGW_tableWrapper flex flex-col-reverse w-fit\" tabindex=\"-1\">\n<table class=\"w-fit min-w-(--thread-content-width)\" data-start=\"1632\" data-end=\"2096\">\n<thead data-start=\"1632\" data-end=\"1669\">\n<tr data-start=\"1632\" data-end=\"1669\">\n<th class=\"\" data-start=\"1632\" data-end=\"1644\" data-col-size=\"sm\">Parameter<\/th>\n<th class=\"\" data-start=\"1644\" data-end=\"1669\" data-col-size=\"sm\">MPO-SC-OM3\/OM4-12Core<\/th>\n<\/tr>\n<\/thead>\n<tbody data-start=\"1698\" data-end=\"2096\">\n<tr data-start=\"1698\" data-end=\"1747\">\n<td data-start=\"1698\" data-end=\"1711\" data-col-size=\"sm\">Faser-Typ<\/td>\n<td data-col-size=\"sm\" data-start=\"1711\" data-end=\"1747\">OM3 oder OM4 Multimode (50\/125 \u00b5m)<\/td>\n<\/tr>\n<tr data-start=\"1748\" data-end=\"1774\">\n<td data-start=\"1748\" data-end=\"1761\" data-col-size=\"sm\">Kernzahl<\/td>\n<td data-col-size=\"sm\" data-start=\"1761\" data-end=\"1774\">12 Fasern<\/td>\n<\/tr>\n<tr data-start=\"1775\" data-end=\"1813\">\n<td data-start=\"1775\" data-end=\"1789\" data-col-size=\"sm\">Anschluss A<\/td>\n<td data-col-size=\"sm\" data-start=\"1789\" data-end=\"1813\">MPO \/ MTP (12-Faser)<\/td>\n<\/tr>\n<tr data-start=\"1814\" data-end=\"1850\">\n<td data-start=\"1814\" data-end=\"1828\" data-col-size=\"sm\">Anschluss B<\/td>\n<td data-col-size=\"sm\" data-start=\"1828\" data-end=\"1850\">12 \u00d7 SC-Anschl\u00fcsse<\/td>\n<\/tr>\n<tr data-start=\"1851\" data-end=\"1874\">\n<td data-start=\"1851\" data-end=\"1864\" data-col-size=\"sm\">Wellenl\u00e4nge<\/td>\n<td data-col-size=\"sm\" data-start=\"1864\" data-end=\"1874\">850 nm<\/td>\n<\/tr>\n<tr data-start=\"1875\" data-end=\"1927\">\n<td data-start=\"1875\" data-end=\"1892\" data-col-size=\"sm\">Einf\u00fcged\u00e4mpfung<\/td>\n<td data-col-size=\"sm\" data-start=\"1892\" data-end=\"1927\">\u2264 0,35 dB (MPO), \u2264 0,30 dB (SC)<\/td>\n<\/tr>\n<tr data-start=\"1928\" data-end=\"1953\">\n<td data-start=\"1928\" data-end=\"1942\" data-col-size=\"sm\">R\u00fcckflussd\u00e4mpfung<\/td>\n<td data-col-size=\"sm\" data-start=\"1942\" data-end=\"1953\">\u2265 30 dB<\/td>\n<\/tr>\n<tr data-start=\"1954\" data-end=\"1983\">\n<td data-start=\"1954\" data-end=\"1968\" data-col-size=\"sm\">Jacke Typ<\/td>\n<td data-col-size=\"sm\" data-start=\"1968\" data-end=\"1983\">LSZH oder PVC<\/td>\n<\/tr>\n<tr data-start=\"1984\" data-end=\"2012\">\n<td data-start=\"1984\" data-end=\"2001\" data-col-size=\"sm\">Kabel-Durchmesser<\/td>\n<td data-col-size=\"sm\" data-start=\"2001\" data-end=\"2012\">~3,0 mm<\/td>\n<\/tr>\n<tr data-start=\"2013\" data-end=\"2057\">\n<td data-start=\"2013\" data-end=\"2037\" data-col-size=\"sm\">Betriebstemperatur<\/td>\n<td data-col-size=\"sm\" data-start=\"2037\" data-end=\"2057\">-10 \u00b0C bis +70 \u00b0C<\/td>\n<\/tr>\n<tr data-start=\"2058\" data-end=\"2096\">\n<td data-start=\"2058\" data-end=\"2071\" data-col-size=\"sm\">Einhaltung der Vorschriften<\/td>\n<td data-col-size=\"sm\" data-start=\"2071\" data-end=\"2096\">IEC, TIA, RoHS, REACH<\/td>\n<\/tr>\n<\/tbody>\n<\/table>\n<\/div>\n<\/div>\n<hr data-start=\"2098\" data-end=\"2101\" \/>\n<h3 data-start=\"2103\" data-end=\"2131\"><strong data-start=\"2107\" data-end=\"2131\">Typische Anwendungen<\/strong><\/h3>\n<ul data-start=\"2133\" data-end=\"2358\">\n<li data-start=\"2133\" data-end=\"2187\">\n<p data-start=\"2135\" data-end=\"2187\"><strong data-start=\"2135\" data-end=\"2185\">Backbone des Rechenzentrums zur Ger\u00e4tekonnektivit\u00e4t<\/strong><\/p>\n<\/li>\n<li data-start=\"2188\" data-end=\"2231\">\n<p data-start=\"2190\" data-end=\"2231\"><strong data-start=\"2190\" data-end=\"2229\">40G \/ 100G Multimode-Ethernet-Verbindungen<\/strong><\/p>\n<\/li>\n<li data-start=\"2232\" data-end=\"2278\">\n<p data-start=\"2234\" data-end=\"2278\"><strong data-start=\"2234\" data-end=\"2276\">Telekommunikations- und Unternehmensnetzwerkverkabelung<\/strong><\/p>\n<\/li>\n<li data-start=\"2279\" data-end=\"2323\">\n<p data-start=\"2281\" data-end=\"2323\"><strong data-start=\"2281\" data-end=\"2321\">MPO Trunk zu SC Patch Panel Breakout<\/strong><\/p>\n<\/li>\n<li data-start=\"2324\" data-end=\"2358\">\n<p data-start=\"2326\" data-end=\"2358\"><strong data-start=\"2326\" data-end=\"2358\">Speicherbereichsnetze (SANs)<\/strong><\/p>\n<\/li>\n<\/ul>\n<hr data-start=\"2360\" data-end=\"2363\" \/>\n<h3 data-start=\"2365\" data-end=\"2406\"><strong data-start=\"2369\" data-end=\"2406\">Warum MPO-SC-OM3\/OM4-12Core w\u00e4hlen?<\/strong><\/h3>\n<p data-start=\"2408\" data-end=\"2845\">Die <strong data-start=\"2412\" data-end=\"2437\">MPO-SC-OM3\/OM4-12Core<\/strong> Patchkabel bildet eine effiziente Br\u00fccke zwischen <strong data-start=\"2486\" data-end=\"2521\">MPO-Infrastruktur mit hoher Dichte<\/strong> und <strong data-start=\"2526\" data-end=\"2555\">weit verbreitete SC-Schnittstellen<\/strong>. Die OM3\/OM4-Multimode-Glasfaser gew\u00e4hrleistet eine zuverl\u00e4ssige Hochgeschwindigkeits\u00fcbertragung, w\u00e4hrend das MPO-Fan-out-Design das Kabelmanagement vereinfacht und die Installationskosten senkt. Es ist die ideale L\u00f6sung f\u00fcr die Aufr\u00fcstung \u00e4lterer SC-basierter Systeme, wobei die Kompatibilit\u00e4t mit modernen MPO-Backbone-Netzwerken erhalten bleibt.<\/p>\n<hr data-start=\"2847\" data-end=\"2850\" \/>\n<h2 data-start=\"2852\" data-end=\"2875\"><strong data-start=\"2855\" data-end=\"2875\">Fachliche Fragen und Antworten<\/strong><\/h2>\n<p data-start=\"2877\" data-end=\"3073\"><strong data-start=\"2877\" data-end=\"2943\">Q1: Was ist der Unterschied zwischen OM3 und OM4 bei diesem Kabel?<\/strong><br data-start=\"2943\" data-end=\"2946\" \/>OM4 bietet eine h\u00f6here Bandbreite und eine l\u00e4ngere \u00dcbertragungsdistanz als OM3 und eignet sich daher besser f\u00fcr 100G-Verbindungen und gr\u00f6\u00dfere Rechenzentren.<\/p>\n<p data-start=\"3075\" data-end=\"3294\"><strong data-start=\"3075\" data-end=\"3133\">F2: Warum sollte man ein MPO-zu-SC-Breakout-Kabel anstelle eines LC-Kabels verwenden?<\/strong><br data-start=\"3133\" data-end=\"3136\" \/>SC-Stecker werden h\u00e4ufig in Telekommunikations- und \u00e4lteren Unternehmensnetzen verwendet. Mit MPO-SC-Kabeln k\u00f6nnen moderne MPO-Trunks direkt an vorhandene SC-Ger\u00e4te angeschlossen werden.<\/p>\n<p data-start=\"3296\" data-end=\"3480\"><strong data-start=\"3296\" data-end=\"3357\">F3: Ist dieses Kabel f\u00fcr 40G- und 100G-Anwendungen geeignet?<\/strong><br data-start=\"3357\" data-end=\"3360\" \/>Ja. Mit OM3- oder OM4-Multimode-Glasfasern und einer 12-Faser-MPO-Schnittstelle unterst\u00fctzt er paralleloptische 40G- und 100G-Transceiver.<\/p>\n<p data-start=\"3482\" data-end=\"3652\"><strong data-start=\"3482\" data-end=\"3529\">F4: Ist die Polarit\u00e4t dieser Kabel konfigurierbar?<\/strong><br data-start=\"3529\" data-end=\"3532\" \/>Ja. MPO-Polarit\u00e4tstypen (A, B oder C) k\u00f6nnen ausgew\u00e4hlt werden, um eine korrekte Faserzuordnung in verschiedenen Netzwerkarchitekturen zu gew\u00e4hrleisten.<\/p>","protected":false},"excerpt":{"rendered":"<p data-start=\"63\" data-end=\"480\">Die <strong data-start=\"67\" data-end=\"92\">MPO-SC-OM3\/OM4-12Core<\/strong> ist eine hochverdichtete <strong data-start=\"111\" data-end=\"156\">MPO auf SC Breakout Glasfaser-Patchkabel<\/strong> entwickelt f\u00fcr moderne Rechenzentren, Unternehmensnetzwerke und Telekommunikations-Backbone-Systeme. Verwendung von <strong data-start=\"248\" data-end=\"288\">OM3 oder OM4 50\/125 \u00b5m Multimode-Faser<\/strong>, Diese 12-Faser-Baugruppe bietet eine verlustarme Hochgeschwindigkeitsleistung f\u00fcr 10G-, 40G- und 100G-Ethernet-Anwendungen und bietet gleichzeitig einen sauberen Fan-Out von MPO-Trunkkabeln zu Standard-SC-Schnittstellen.<\/p>\n<p data-start=\"482\" data-end=\"763\">Mit einem Ende, das mit einem <strong data-start=\"511\" data-end=\"541\">12-Faser-MPO\/MTP-Anschluss<\/strong> und das andere Ende f\u00e4chert sich auf in <strong data-start=\"576\" data-end=\"596\">12 SC-Anschl\u00fcsse<\/strong>, Dieses Kabel bietet eine zuverl\u00e4ssige und platzsparende L\u00f6sung f\u00fcr den Anschluss von MPO-Backbones mit hoher Dichte an Switches, Patchfelder und \u00e4ltere Ger\u00e4te, die SC-Ports verwenden.<\/p>","protected":false},"featured_media":553,"comment_status":"open","ping_status":"closed","template":"","meta":[],"product_brand":[],"product_cat":[42],"product_tag":[],"class_list":{"0":"post-552","1":"product","2":"type-product","3":"status-publish","4":"has-post-thumbnail","6":"product_cat-mpo-mtp-fiber-optic-patch-cord","8":"first","9":"instock","10":"shipping-taxable","11":"product-type-simple"},"_links":{"self":[{"href":"https:\/\/www.fenxifiber.com\/de\/wp-json\/wp\/v2\/product\/552","targetHints":{"allow":["GET"]}}],"collection":[{"href":"https:\/\/www.fenxifiber.com\/de\/wp-json\/wp\/v2\/product"}],"about":[{"href":"https:\/\/www.fenxifiber.com\/de\/wp-json\/wp\/v2\/types\/product"}],"replies":[{"embeddable":true,"href":"https:\/\/www.fenxifiber.com\/de\/wp-json\/wp\/v2\/comments?post=552"}],"wp:featuredmedia":[{"embeddable":true,"href":"https:\/\/www.fenxifiber.com\/de\/wp-json\/wp\/v2\/media\/553"}],"wp:attachment":[{"href":"https:\/\/www.fenxifiber.com\/de\/wp-json\/wp\/v2\/media?parent=552"}],"wp:term":[{"taxonomy":"product_brand","embeddable":true,"href":"https:\/\/www.fenxifiber.com\/de\/wp-json\/wp\/v2\/product_brand?post=552"},{"taxonomy":"product_cat","embeddable":true,"href":"https:\/\/www.fenxifiber.com\/de\/wp-json\/wp\/v2\/product_cat?post=552"},{"taxonomy":"product_tag","embeddable":true,"href":"https:\/\/www.fenxifiber.com\/de\/wp-json\/wp\/v2\/product_tag?post=552"}],"curies":[{"name":"wp","href":"https:\/\/api.w.org\/{rel}","templated":true}]}}