{"id":554,"date":"2026-02-03T01:50:18","date_gmt":"2026-02-03T01:50:18","guid":{"rendered":"https:\/\/www.fenxifiber.com\/?post_type=product&#038;p=554"},"modified":"2026-02-04T01:09:41","modified_gmt":"2026-02-04T01:09:41","slug":"mpo-mpo-om5-8-12kern","status":"publish","type":"product","link":"https:\/\/www.fenxifiber.com\/de\/product\/mpo-mpo-om5-8-12core\/","title":{"rendered":"MPO-MPO-OM5-8\/12Core Breitband-Multimode-Glasfaser-Patchkabel"},"content":{"rendered":"<h3 data-start=\"705\" data-end=\"727\"><strong data-start=\"709\" data-end=\"727\">Die wichtigsten Vorteile<\/strong><\/h3>\n<ul data-start=\"729\" data-end=\"1507\">\n<li data-start=\"729\" data-end=\"947\">\n<p data-start=\"731\" data-end=\"947\"><strong data-start=\"731\" data-end=\"763\">OM5-Breitband-Multimode-Faser<\/strong><br data-start=\"763\" data-end=\"766\" \/>Unterst\u00fctzt SWDM (Short-Wavelength Division Multiplexing), was mehrere Wellenl\u00e4ngen auf einer einzigen Faser erm\u00f6glicht und die Gesamtkapazit\u00e4t der Verbindung im Vergleich zu OM3 und OM4 deutlich erh\u00f6ht.<\/p>\n<\/li>\n<li data-start=\"949\" data-end=\"1100\">\n<p data-start=\"951\" data-end=\"1100\"><strong data-start=\"951\" data-end=\"979\">8-Kern- und 12-Kern-Optionen<\/strong><br data-start=\"979\" data-end=\"982\" \/>Erh\u00e4ltlich in Konfigurationen mit 8 oder 12 Fasern, um den Anforderungen von QSFP, QSFP-DD und parallel-optischen Transceivern zu entsprechen.<\/p>\n<\/li>\n<li data-start=\"1102\" data-end=\"1223\">\n<p data-start=\"1104\" data-end=\"1223\"><strong data-start=\"1104\" data-end=\"1134\">High-Density MPO-Schnittstelle<\/strong><br data-start=\"1134\" data-end=\"1137\" \/>Verringert den Kabelstau, verbessert den Luftstrom und maximiert die Auslastung von Racks und F\u00e4chern.<\/p>\n<\/li>\n<li data-start=\"1225\" data-end=\"1373\">\n<p data-start=\"1227\" data-end=\"1373\"><strong data-start=\"1227\" data-end=\"1267\">Verlustarme, hochpr\u00e4zise Terminierung<\/strong><br data-start=\"1267\" data-end=\"1270\" \/>Werkseitig polierte MPO-Steckverbinder sorgen f\u00fcr geringe Einf\u00fcgungsd\u00e4mpfung und stabile optische Hochgeschwindigkeitsleistung.<\/p>\n<\/li>\n<li data-start=\"1375\" data-end=\"1507\">\n<p data-start=\"1377\" data-end=\"1507\"><strong data-start=\"1377\" data-end=\"1400\">Abw\u00e4rtskompatibel<\/strong><br data-start=\"1400\" data-end=\"1403\" \/>Vollst\u00e4ndig kompatibel mit OM4- und OM3-Systemen bei 850 nm und gleichzeitig zukunftssicher in Bezug auf Breitbandigkeit.<\/p>\n<\/li>\n<\/ul>\n<hr data-start=\"1509\" data-end=\"1512\" \/>\n<h3 data-start=\"1514\" data-end=\"1546\"><strong data-start=\"1518\" data-end=\"1546\">Technische Daten<\/strong><\/h3>\n<div class=\"TyagGW_tableContainer\">\n<div class=\"group TyagGW_tableWrapper flex flex-col-reverse w-fit\" tabindex=\"-1\">\n<table class=\"w-fit min-w-(--thread-content-width)\" data-start=\"1548\" data-end=\"2034\">\n<thead data-start=\"1548\" data-end=\"1584\">\n<tr data-start=\"1548\" data-end=\"1584\">\n<th class=\"\" data-start=\"1548\" data-end=\"1560\" data-col-size=\"sm\">Parameter<\/th>\n<th class=\"\" data-start=\"1560\" data-end=\"1584\" data-col-size=\"md\">MPO-MPO-OM5-8\/12Kern<\/th>\n<\/tr>\n<\/thead>\n<tbody data-start=\"1613\" data-end=\"2034\">\n<tr data-start=\"1613\" data-end=\"1664\">\n<td data-start=\"1613\" data-end=\"1626\" data-col-size=\"sm\">Faser-Typ<\/td>\n<td data-start=\"1626\" data-end=\"1664\" data-col-size=\"md\">OM5-Breitband-Multimode (50\/125 \u00b5m)<\/td>\n<\/tr>\n<tr data-start=\"1665\" data-end=\"1696\">\n<td data-start=\"1665\" data-end=\"1678\" data-col-size=\"sm\">Kernzahl<\/td>\n<td data-start=\"1678\" data-end=\"1696\" data-col-size=\"md\">8 oder 12 Fasern<\/td>\n<\/tr>\n<tr data-start=\"1697\" data-end=\"1740\">\n<td data-start=\"1697\" data-end=\"1714\" data-col-size=\"sm\">Stecker Typ<\/td>\n<td data-col-size=\"md\" data-start=\"1714\" data-end=\"1740\">MPO \/ MTP zu MPO \/ MTP<\/td>\n<\/tr>\n<tr data-start=\"1741\" data-end=\"1792\">\n<td data-start=\"1741\" data-end=\"1765\" data-col-size=\"sm\">Betriebs-Wellenl\u00e4ngen<\/td>\n<td data-col-size=\"md\" data-start=\"1765\" data-end=\"1792\">850-953 nm (SWDM-f\u00e4hig)<\/td>\n<\/tr>\n<tr data-start=\"1793\" data-end=\"1865\">\n<td data-start=\"1793\" data-end=\"1810\" data-col-size=\"sm\">Einf\u00fcged\u00e4mpfung<\/td>\n<td data-col-size=\"md\" data-start=\"1810\" data-end=\"1865\">\u2264 0,35 dB (Standard), \u2264 0,20 dB (verlustarm optional)<\/td>\n<\/tr>\n<tr data-start=\"1866\" data-end=\"1891\">\n<td data-start=\"1866\" data-end=\"1880\" data-col-size=\"sm\">R\u00fcckflussd\u00e4mpfung<\/td>\n<td data-col-size=\"md\" data-start=\"1880\" data-end=\"1891\">\u2265 30 dB<\/td>\n<\/tr>\n<tr data-start=\"1892\" data-end=\"1921\">\n<td data-start=\"1892\" data-end=\"1906\" data-col-size=\"sm\">Jacke Typ<\/td>\n<td data-col-size=\"md\" data-start=\"1906\" data-end=\"1921\">LSZH oder PVC<\/td>\n<\/tr>\n<tr data-start=\"1922\" data-end=\"1950\">\n<td data-start=\"1922\" data-end=\"1939\" data-col-size=\"sm\">Kabel-Durchmesser<\/td>\n<td data-col-size=\"md\" data-start=\"1939\" data-end=\"1950\">~3,0 mm<\/td>\n<\/tr>\n<tr data-start=\"1951\" data-end=\"1995\">\n<td data-start=\"1951\" data-end=\"1975\" data-col-size=\"sm\">Betriebstemperatur<\/td>\n<td data-col-size=\"md\" data-start=\"1975\" data-end=\"1995\">-10 \u00b0C bis +70 \u00b0C<\/td>\n<\/tr>\n<tr data-start=\"1996\" data-end=\"2034\">\n<td data-start=\"1996\" data-end=\"2009\" data-col-size=\"sm\">Einhaltung der Vorschriften<\/td>\n<td data-col-size=\"md\" data-start=\"2009\" data-end=\"2034\">IEC, TIA, RoHS, REACH<\/td>\n<\/tr>\n<\/tbody>\n<\/table>\n<\/div>\n<\/div>\n<hr data-start=\"2036\" data-end=\"2039\" \/>\n<h3 data-start=\"2041\" data-end=\"2069\"><strong data-start=\"2045\" data-end=\"2069\">Typische Anwendungen<\/strong><\/h3>\n<ul data-start=\"2071\" data-end=\"2319\">\n<li data-start=\"2071\" data-end=\"2118\">\n<p data-start=\"2073\" data-end=\"2118\"><strong data-start=\"2073\" data-end=\"2116\">100G \/ 200G \/ 400G Netzwerke f\u00fcr Rechenzentren<\/strong><\/p>\n<\/li>\n<li data-start=\"2119\" data-end=\"2163\">\n<p data-start=\"2121\" data-end=\"2163\"><strong data-start=\"2121\" data-end=\"2161\">MPO Backbone und Cross-Connect Verbindungen<\/strong><\/p>\n<\/li>\n<li data-start=\"2164\" data-end=\"2222\">\n<p data-start=\"2166\" data-end=\"2222\"><strong data-start=\"2166\" data-end=\"2220\">KI, Cloud und Hochleistungscomputer-Cluster<\/strong><\/p>\n<\/li>\n<li data-start=\"2223\" data-end=\"2261\">\n<p data-start=\"2225\" data-end=\"2261\"><strong data-start=\"2225\" data-end=\"2259\">Optische SWDM-Multimode-Systeme<\/strong><\/p>\n<\/li>\n<li data-start=\"2262\" data-end=\"2319\">\n<p data-start=\"2264\" data-end=\"2319\"><strong data-start=\"2264\" data-end=\"2319\">Parallel-optische Transceiver-Verbindungen hoher Dichte<\/strong><\/p>\n<\/li>\n<\/ul>\n<hr data-start=\"2321\" data-end=\"2324\" \/>\n<h3 data-start=\"2326\" data-end=\"2366\"><strong data-start=\"2330\" data-end=\"2366\">Warum MPO-MPO-OM5-8\/12Core w\u00e4hlen?<\/strong><\/h3>\n<p data-start=\"2368\" data-end=\"2650\">Im Gegensatz zu herk\u00f6mmlichen OM3- oder OM4-Kabeln, die auf einer einzigen Wellenl\u00e4nge basieren, <strong data-start=\"2440\" data-end=\"2532\">OM5-Breitbandfaser erm\u00f6glicht den gleichzeitigen Betrieb mehrerer Wellenl\u00e4ngen \u00fcber dieselbe Faser<\/strong>. Dies erm\u00f6glicht h\u00f6here Datenraten, ohne die Anzahl der Glasfasern zu erh\u00f6hen, was die Komplexit\u00e4t der Verkabelung und die Kosten f\u00fcr zuk\u00fcnftige Upgrades reduziert.<\/p>\n<p data-start=\"2652\" data-end=\"2806\">Die <strong data-start=\"2656\" data-end=\"2680\">MPO-MPO-OM5-8\/12Kern<\/strong> Patchkabel ist die ideale Wahl f\u00fcr Unternehmen, die <strong data-start=\"2739\" data-end=\"2805\">skalierbare, hochdichte und zukunftssichere Glasfaserinfrastrukturen<\/strong>.<\/p>\n<hr data-start=\"2808\" data-end=\"2811\" \/>\n<h2 data-start=\"2813\" data-end=\"2836\"><strong data-start=\"2816\" data-end=\"2836\">Fachliche Fragen und Antworten<\/strong><\/h2>\n<p data-start=\"2838\" data-end=\"3093\"><strong data-start=\"2838\" data-end=\"2907\">Q1: Was ist der Unterschied zwischen 8-adrigen und 12-adrigen MPO-Kabeln?<\/strong><br data-start=\"2907\" data-end=\"2910\" \/>8-adrige Kabel sind f\u00fcr viele 40G\/100G- und Breakout-Anwendungen optimiert, w\u00e4hrend 12-adrige Kabel volle MPO-Kapazit\u00e4t und gr\u00f6\u00dfere Flexibilit\u00e4t f\u00fcr Backbone- und Cross-Connect-Systeme bieten.<\/p>\n<p data-start=\"3095\" data-end=\"3260\"><strong data-start=\"3095\" data-end=\"3148\">F2: K\u00f6nnen OM5-Kabel mit OM4-Transceivern verwendet werden?<\/strong><br data-start=\"3148\" data-end=\"3151\" \/>Ja. OM5 ist vollst\u00e4ndig r\u00fcckw\u00e4rtskompatibel mit OM4 und OM3 bei 850 nm, funktioniert also mit Standard-Multimode-Optiken.<\/p>\n<p data-start=\"3262\" data-end=\"3476\"><strong data-start=\"3262\" data-end=\"3307\">F3: Was ist SWDM und warum ist es wichtig?<\/strong><br data-start=\"3307\" data-end=\"3310\" \/>SWDM (Short-Wavelength Division Multiplexing) \u00fcbertr\u00e4gt mehrere Wellenl\u00e4ngen \u00fcber eine einzige Multimode-Faser und erh\u00f6ht so die Gesamtbandbreite, ohne dass weitere Fasern installiert werden m\u00fcssen.<\/p>\n<p data-start=\"3478\" data-end=\"3685\"><strong data-start=\"3478\" data-end=\"3528\">F4: Ist MPO-MPO-OM5 f\u00fcr 400G-Netze geeignet?<\/strong><br data-start=\"3528\" data-end=\"3531\" \/>Ja. OM5 ist konzipiert f\u00fcr die Unterst\u00fctzung <strong data-start=\"3563\" data-end=\"3634\">Multi-Wellenl\u00e4ngen-Multimode 400G und zuk\u00fcnftige optische Hochgeschwindigkeitsverbindungen<\/strong>, und ist damit ideal f\u00fcr Rechenzentren der n\u00e4chsten Generation.<\/p>","protected":false},"excerpt":{"rendered":"<p data-start=\"65\" data-end=\"478\">Die <strong data-start=\"69\" data-end=\"93\">MPO-MPO-OM5-8\/12Kern<\/strong> ist ein Produkt der n\u00e4chsten Generation <strong data-start=\"115\" data-end=\"152\">MPO-Glasfaser-Patchkabel mit hoher Dichte<\/strong> gebaut mit <strong data-start=\"164\" data-end=\"204\">OM5-Breitband-Multimode-Faser (WBMMF)<\/strong> zur Unterst\u00fctzung heutiger 100G\/400G-Netzwerke und zuk\u00fcnftiger SWDM-basierter optischer Systeme. Dieses Kabel wurde f\u00fcr Rechenzentren mit ultrahoher Kapazit\u00e4t, KI-Cluster und Cloud-Infrastrukturen entwickelt und bietet mehr Bandbreite pro Faser, indem es Folgendes erm\u00f6glicht <strong data-start=\"425\" data-end=\"477\">Mehrwellenl\u00e4ngen\u00fcbertragung von 850 bis 953 nm<\/strong>.<\/p>\n<p data-start=\"480\" data-end=\"698\">Mit MPO-Steckern an beiden Enden ist dieses Patchkabel ideal f\u00fcr <strong data-start=\"543\" data-end=\"614\">MPO-Backbone-Verbindungen, Cross-Connects und parallel-optische Transceiver<\/strong>, und erm\u00f6glicht eine kompakte, verlustarme und zukunftssichere Verkabelung in Umgebungen mit hoher Dichte.<\/p>","protected":false},"featured_media":555,"comment_status":"open","ping_status":"closed","template":"","meta":[],"product_brand":[],"product_cat":[42],"product_tag":[],"class_list":{"0":"post-554","1":"product","2":"type-product","3":"status-publish","4":"has-post-thumbnail","6":"product_cat-mpo-mtp-fiber-optic-patch-cord","8":"first","9":"instock","10":"shipping-taxable","11":"product-type-simple"},"_links":{"self":[{"href":"https:\/\/www.fenxifiber.com\/de\/wp-json\/wp\/v2\/product\/554","targetHints":{"allow":["GET"]}}],"collection":[{"href":"https:\/\/www.fenxifiber.com\/de\/wp-json\/wp\/v2\/product"}],"about":[{"href":"https:\/\/www.fenxifiber.com\/de\/wp-json\/wp\/v2\/types\/product"}],"replies":[{"embeddable":true,"href":"https:\/\/www.fenxifiber.com\/de\/wp-json\/wp\/v2\/comments?post=554"}],"wp:featuredmedia":[{"embeddable":true,"href":"https:\/\/www.fenxifiber.com\/de\/wp-json\/wp\/v2\/media\/555"}],"wp:attachment":[{"href":"https:\/\/www.fenxifiber.com\/de\/wp-json\/wp\/v2\/media?parent=554"}],"wp:term":[{"taxonomy":"product_brand","embeddable":true,"href":"https:\/\/www.fenxifiber.com\/de\/wp-json\/wp\/v2\/product_brand?post=554"},{"taxonomy":"product_cat","embeddable":true,"href":"https:\/\/www.fenxifiber.com\/de\/wp-json\/wp\/v2\/product_cat?post=554"},{"taxonomy":"product_tag","embeddable":true,"href":"https:\/\/www.fenxifiber.com\/de\/wp-json\/wp\/v2\/product_tag?post=554"}],"curies":[{"name":"wp","href":"https:\/\/api.w.org\/{rel}","templated":true}]}}