{"id":556,"date":"2026-02-03T01:52:18","date_gmt":"2026-02-03T01:52:18","guid":{"rendered":"https:\/\/www.fenxifiber.com\/?post_type=product&#038;p=556"},"modified":"2026-02-04T01:10:08","modified_gmt":"2026-02-04T01:10:08","slug":"mpo-mpo-om4-8-12kern","status":"publish","type":"product","link":"https:\/\/www.fenxifiber.com\/de\/product\/mpo-mpo-om4-8-12core\/","title":{"rendered":"MPO-MPO-OM4-8\/12Core Multimode-Glasfaser-Patchkabel"},"content":{"rendered":"<h3 data-start=\"690\" data-end=\"712\"><strong data-start=\"694\" data-end=\"712\">Die wichtigsten Vorteile<\/strong><\/h3>\n<ul data-start=\"714\" data-end=\"1374\">\n<li data-start=\"714\" data-end=\"885\">\n<p data-start=\"716\" data-end=\"885\"><strong data-start=\"716\" data-end=\"744\">OM4-Faser mit hoher Bandbreite<\/strong><br data-start=\"744\" data-end=\"747\" \/>OM4 bietet eine h\u00f6here effektive modale Bandbreite als OM3 und erm\u00f6glicht damit l\u00e4ngere \u00dcbertragungsstrecken bei hohen Datenraten wie 100G und 400G.<\/p>\n<\/li>\n<li data-start=\"887\" data-end=\"1022\">\n<p data-start=\"889\" data-end=\"1022\"><strong data-start=\"889\" data-end=\"917\">8-Kern- und 12-Kern-Optionen<\/strong><br data-start=\"917\" data-end=\"920\" \/>Erh\u00e4ltlich in 8- oder 12-Faser-Versionen f\u00fcr unterschiedliche Transceiver- und Backbone-Architekturen.<\/p>\n<\/li>\n<li data-start=\"1024\" data-end=\"1146\">\n<p data-start=\"1026\" data-end=\"1146\"><strong data-start=\"1026\" data-end=\"1056\">High-Density MPO-Schnittstelle<\/strong><br data-start=\"1056\" data-end=\"1059\" \/>Reduziert das Kabelvolumen, verbessert die Luftzirkulation und maximiert die Platzausnutzung in Racks und F\u00e4chern.<\/p>\n<\/li>\n<li data-start=\"1148\" data-end=\"1279\">\n<p data-start=\"1150\" data-end=\"1279\"><strong data-start=\"1150\" data-end=\"1172\">Geringe Einf\u00fcgungsd\u00e4mpfung<\/strong><br data-start=\"1172\" data-end=\"1175\" \/>Pr\u00e4zisionspolierte MPO-Stecker gew\u00e4hrleisten eine hervorragende optische Leistung und eine stabile Signal\u00fcbertragung.<\/p>\n<\/li>\n<li data-start=\"1281\" data-end=\"1374\">\n<p data-start=\"1283\" data-end=\"1374\"><strong data-start=\"1283\" data-end=\"1307\">Plug-and-Play-Design<\/strong><br data-start=\"1307\" data-end=\"1310\" \/>Werkseitig konfektioniert und getestet f\u00fcr eine schnelle, fehlerfreie Bereitstellung.<\/p>\n<\/li>\n<\/ul>\n<hr data-start=\"1376\" data-end=\"1379\" \/>\n<h3 data-start=\"1381\" data-end=\"1413\"><strong data-start=\"1385\" data-end=\"1413\">Technische Daten<\/strong><\/h3>\n<div class=\"TyagGW_tableContainer\">\n<div class=\"group TyagGW_tableWrapper flex flex-col-reverse w-fit\" tabindex=\"-1\">\n<table class=\"w-fit min-w-(--thread-content-width)\" data-start=\"1415\" data-end=\"1874\">\n<thead data-start=\"1415\" data-end=\"1451\">\n<tr data-start=\"1415\" data-end=\"1451\">\n<th class=\"\" data-start=\"1415\" data-end=\"1427\" data-col-size=\"sm\">Parameter<\/th>\n<th class=\"\" data-start=\"1427\" data-end=\"1451\" data-col-size=\"md\">MPO-MPO-OM4-8\/12Kern<\/th>\n<\/tr>\n<\/thead>\n<tbody data-start=\"1480\" data-end=\"1874\">\n<tr data-start=\"1480\" data-end=\"1522\">\n<td data-start=\"1480\" data-end=\"1493\" data-col-size=\"sm\">Faser-Typ<\/td>\n<td data-col-size=\"md\" data-start=\"1493\" data-end=\"1522\">OM4 Multimode (50\/125 \u00b5m)<\/td>\n<\/tr>\n<tr data-start=\"1523\" data-end=\"1554\">\n<td data-start=\"1523\" data-end=\"1536\" data-col-size=\"sm\">Kernzahl<\/td>\n<td data-col-size=\"md\" data-start=\"1536\" data-end=\"1554\">8 oder 12 Fasern<\/td>\n<\/tr>\n<tr data-start=\"1555\" data-end=\"1598\">\n<td data-start=\"1555\" data-end=\"1572\" data-col-size=\"sm\">Stecker Typ<\/td>\n<td data-col-size=\"md\" data-start=\"1572\" data-end=\"1598\">MPO \/ MTP zu MPO \/ MTP<\/td>\n<\/tr>\n<tr data-start=\"1599\" data-end=\"1632\">\n<td data-start=\"1599\" data-end=\"1622\" data-col-size=\"sm\">Betriebswellenl\u00e4nge<\/td>\n<td data-col-size=\"md\" data-start=\"1622\" data-end=\"1632\">850 nm<\/td>\n<\/tr>\n<tr data-start=\"1633\" data-end=\"1705\">\n<td data-start=\"1633\" data-end=\"1650\" data-col-size=\"sm\">Einf\u00fcged\u00e4mpfung<\/td>\n<td data-col-size=\"md\" data-start=\"1650\" data-end=\"1705\">\u2264 0,35 dB (Standard), \u2264 0,20 dB (verlustarm optional)<\/td>\n<\/tr>\n<tr data-start=\"1706\" data-end=\"1731\">\n<td data-start=\"1706\" data-end=\"1720\" data-col-size=\"sm\">R\u00fcckflussd\u00e4mpfung<\/td>\n<td data-col-size=\"md\" data-start=\"1720\" data-end=\"1731\">\u2265 30 dB<\/td>\n<\/tr>\n<tr data-start=\"1732\" data-end=\"1761\">\n<td data-start=\"1732\" data-end=\"1746\" data-col-size=\"sm\">Jacke Typ<\/td>\n<td data-col-size=\"md\" data-start=\"1746\" data-end=\"1761\">LSZH oder PVC<\/td>\n<\/tr>\n<tr data-start=\"1762\" data-end=\"1790\">\n<td data-start=\"1762\" data-end=\"1779\" data-col-size=\"sm\">Kabel-Durchmesser<\/td>\n<td data-col-size=\"md\" data-start=\"1779\" data-end=\"1790\">~3,0 mm<\/td>\n<\/tr>\n<tr data-start=\"1791\" data-end=\"1835\">\n<td data-start=\"1791\" data-end=\"1815\" data-col-size=\"sm\">Betriebstemperatur<\/td>\n<td data-col-size=\"md\" data-start=\"1815\" data-end=\"1835\">-10 \u00b0C bis +70 \u00b0C<\/td>\n<\/tr>\n<tr data-start=\"1836\" data-end=\"1874\">\n<td data-start=\"1836\" data-end=\"1849\" data-col-size=\"sm\">Einhaltung der Vorschriften<\/td>\n<td data-col-size=\"md\" data-start=\"1849\" data-end=\"1874\">IEC, TIA, RoHS, REACH<\/td>\n<\/tr>\n<\/tbody>\n<\/table>\n<\/div>\n<\/div>\n<hr data-start=\"1876\" data-end=\"1879\" \/>\n<h3 data-start=\"1881\" data-end=\"1909\"><strong data-start=\"1885\" data-end=\"1909\">Typische Anwendungen<\/strong><\/h3>\n<ul data-start=\"1911\" data-end=\"2134\">\n<li data-start=\"1911\" data-end=\"1957\">\n<p data-start=\"1913\" data-end=\"1957\"><strong data-start=\"1913\" data-end=\"1955\">40G \/ 100G \/ 400G Netzwerke f\u00fcr Rechenzentren<\/strong><\/p>\n<\/li>\n<li data-start=\"1958\" data-end=\"2004\">\n<p data-start=\"1960\" data-end=\"2004\"><strong data-start=\"1960\" data-end=\"2002\">MPO Backbone- und Cross-Connect-Verkabelung<\/strong><\/p>\n<\/li>\n<li data-start=\"2005\" data-end=\"2057\">\n<p data-start=\"2007\" data-end=\"2057\"><strong data-start=\"2007\" data-end=\"2055\">High-Density Server- und Switch-Verbindungen<\/strong><\/p>\n<\/li>\n<li data-start=\"2058\" data-end=\"2099\">\n<p data-start=\"2060\" data-end=\"2099\"><strong data-start=\"2060\" data-end=\"2097\">Cloud, KI und HPC-Infrastruktur<\/strong><\/p>\n<\/li>\n<li data-start=\"2100\" data-end=\"2134\">\n<p data-start=\"2102\" data-end=\"2134\"><strong data-start=\"2102\" data-end=\"2134\">Speicherbereichsnetze (SANs)<\/strong><\/p>\n<\/li>\n<\/ul>\n<hr data-start=\"2136\" data-end=\"2139\" \/>\n<h3 data-start=\"2141\" data-end=\"2181\"><strong data-start=\"2145\" data-end=\"2181\">Warum MPO-MPO-OM4-8\/12Core w\u00e4hlen?<\/strong><\/h3>\n<p data-start=\"2183\" data-end=\"2501\">Die <strong data-start=\"2187\" data-end=\"2211\">MPO-MPO-OM4-8\/12Kern<\/strong> Patchkabel kombiniert <strong data-start=\"2232\" data-end=\"2260\">OM4-Faser f\u00fcr hohe Bandbreiten<\/strong> mit einer <strong data-start=\"2268\" data-end=\"2293\">kompakte MPO-Schnittstelle<\/strong>, und bietet eine zuverl\u00e4ssige, skalierbare und zukunftssichere Konnektivit\u00e4t f\u00fcr moderne Rechenzentren. Er unterst\u00fctzt das heutige Hochgeschwindigkeits-Ethernet und bietet gleichzeitig die n\u00f6tige Flexibilit\u00e4t f\u00fcr eine Netzwerkerweiterung ohne Neuverkabelung.<\/p>\n<hr data-start=\"2503\" data-end=\"2506\" \/>\n<h2 data-start=\"2508\" data-end=\"2531\"><strong data-start=\"2511\" data-end=\"2531\">Fachliche Fragen und Antworten<\/strong><\/h2>\n<p data-start=\"2533\" data-end=\"2713\"><strong data-start=\"2533\" data-end=\"2584\">Q1: Was ist der Unterschied zwischen OM3 und OM4?<\/strong><br data-start=\"2584\" data-end=\"2587\" \/>OM4 bietet eine h\u00f6here Bandbreite und eine l\u00e4ngere \u00dcbertragungsdistanz als OM3 und eignet sich daher besser f\u00fcr 100G- und 400G-Anwendungen.<\/p>\n<p data-start=\"2715\" data-end=\"2923\"><strong data-start=\"2715\" data-end=\"2768\">F2: Sollte ich 8-adrige oder 12-adrige MPO-Kabel w\u00e4hlen?<\/strong><br data-start=\"2768\" data-end=\"2771\" \/>8-Core wird in der Regel f\u00fcr 40G\/100G-Breakouts verwendet, w\u00e4hrend 12-Core die volle MPO-Kapazit\u00e4t und gr\u00f6\u00dfere Flexibilit\u00e4t f\u00fcr Backbone- und Cross-Connect-Systeme bietet.<\/p>\n<p data-start=\"2925\" data-end=\"3067\"><strong data-start=\"2925\" data-end=\"2977\">F3: K\u00f6nnen OM4 MPO-Kabel mit OM3-Systemen verwendet werden?<\/strong><br data-start=\"2977\" data-end=\"2980\" \/>Ja. OM4 ist r\u00fcckw\u00e4rtskompatibel mit OM3 und funktioniert mit OM3-Transceivern bei 850 nm.<\/p>\n<p data-start=\"3069\" data-end=\"3239\"><strong data-start=\"3069\" data-end=\"3116\">F4: Ist die Polarit\u00e4t dieser Kabel konfigurierbar?<\/strong><br data-start=\"3116\" data-end=\"3119\" \/>Ja. Polarit\u00e4tstypen (A, B oder C) k\u00f6nnen spezifiziert werden, um eine korrekte Faserzuordnung in verschiedenen MPO-Netzwerkarchitekturen zu gew\u00e4hrleisten.<\/p>","protected":false},"excerpt":{"rendered":"<p data-start=\"62\" data-end=\"450\">Die <strong data-start=\"66\" data-end=\"90\">MPO-MPO-OM4-8\/12Kern<\/strong> ist eine leistungsstarke <strong data-start=\"113\" data-end=\"154\">MPO auf MPO Multimode-Glasfaser-Patchkabel<\/strong> entwickelt f\u00fcr die heutigen High-Density-Rechenzentren, Cloud-Computing-Plattformen und Unternehmens-Backbone-Netzwerke. Gebaut mit <strong data-start=\"275\" data-end=\"324\">OM4 50\/125 \u00b5m laseroptimierte Multimode-Faser<\/strong>, Es bietet eine h\u00f6here Bandbreite und eine gr\u00f6\u00dfere Reichweite als OM3 und ist damit ideal f\u00fcr <strong data-start=\"404\" data-end=\"436\">40G-, 100G- und 400G-Ethernet<\/strong> Anwendungen.<\/p>\n<p data-start=\"452\" data-end=\"683\">Mit MPO-Steckern an beiden Enden und Unterst\u00fctzung f\u00fcr <strong data-start=\"501\" data-end=\"539\">8-Faser- oder 12-Faser-Konfigurationen<\/strong>, bietet dieses Kabel eine kompakte, verlustarme und skalierbare L\u00f6sung f\u00fcr <strong data-start=\"608\" data-end=\"682\">MPO-Backbone-Verkabelung, Cross-Connects und parallel-optische Transceiver<\/strong>.<\/p>","protected":false},"featured_media":557,"comment_status":"open","ping_status":"closed","template":"","meta":[],"product_brand":[],"product_cat":[42],"product_tag":[],"class_list":{"0":"post-556","1":"product","2":"type-product","3":"status-publish","4":"has-post-thumbnail","6":"product_cat-mpo-mtp-fiber-optic-patch-cord","8":"first","9":"instock","10":"shipping-taxable","11":"product-type-simple"},"_links":{"self":[{"href":"https:\/\/www.fenxifiber.com\/de\/wp-json\/wp\/v2\/product\/556","targetHints":{"allow":["GET"]}}],"collection":[{"href":"https:\/\/www.fenxifiber.com\/de\/wp-json\/wp\/v2\/product"}],"about":[{"href":"https:\/\/www.fenxifiber.com\/de\/wp-json\/wp\/v2\/types\/product"}],"replies":[{"embeddable":true,"href":"https:\/\/www.fenxifiber.com\/de\/wp-json\/wp\/v2\/comments?post=556"}],"wp:featuredmedia":[{"embeddable":true,"href":"https:\/\/www.fenxifiber.com\/de\/wp-json\/wp\/v2\/media\/557"}],"wp:attachment":[{"href":"https:\/\/www.fenxifiber.com\/de\/wp-json\/wp\/v2\/media?parent=556"}],"wp:term":[{"taxonomy":"product_brand","embeddable":true,"href":"https:\/\/www.fenxifiber.com\/de\/wp-json\/wp\/v2\/product_brand?post=556"},{"taxonomy":"product_cat","embeddable":true,"href":"https:\/\/www.fenxifiber.com\/de\/wp-json\/wp\/v2\/product_cat?post=556"},{"taxonomy":"product_tag","embeddable":true,"href":"https:\/\/www.fenxifiber.com\/de\/wp-json\/wp\/v2\/product_tag?post=556"}],"curies":[{"name":"wp","href":"https:\/\/api.w.org\/{rel}","templated":true}]}}