{"id":558,"date":"2026-02-03T01:54:58","date_gmt":"2026-02-03T01:54:58","guid":{"rendered":"https:\/\/www.fenxifiber.com\/?post_type=product&#038;p=558"},"modified":"2026-02-04T01:10:37","modified_gmt":"2026-02-04T01:10:37","slug":"mpo-lc-om4-12core","status":"publish","type":"product","link":"https:\/\/www.fenxifiber.com\/de\/product\/mpo-lc-om4-12core\/","title":{"rendered":"MPO-LC-OM4-12Core Multimode-Glasfaser-Patchkabel mit hoher Dichte"},"content":{"rendered":"<h3 data-start=\"748\" data-end=\"770\"><strong data-start=\"752\" data-end=\"770\">Die wichtigsten Vorteile<\/strong><\/h3>\n<ul data-start=\"772\" data-end=\"1483\">\n<li data-start=\"772\" data-end=\"934\">\n<p data-start=\"774\" data-end=\"934\"><strong data-start=\"774\" data-end=\"802\">OM4-Faser mit hoher Bandbreite<\/strong><br data-start=\"802\" data-end=\"805\" \/>OM4 unterst\u00fctzt im Vergleich zu OM3 eine gr\u00f6\u00dfere Reichweite und h\u00f6here Datenraten und eignet sich daher f\u00fcr anspruchsvolle Rechenzentrumsumgebungen.<\/p>\n<\/li>\n<li data-start=\"936\" data-end=\"1100\">\n<p data-start=\"938\" data-end=\"1100\"><strong data-start=\"938\" data-end=\"969\">12-Faser-MPO-zu-LC-Verteiler<\/strong><br data-start=\"969\" data-end=\"972\" \/>Ein einzelnes MPO-Interface wird mit zw\u00f6lf LC-Ports verbunden und bietet einen sauberen, organisierten Fan-Out zu Switches, Servern und Patchpanels.<\/p>\n<\/li>\n<li data-start=\"1102\" data-end=\"1256\">\n<p data-start=\"1104\" data-end=\"1256\"><strong data-start=\"1104\" data-end=\"1145\">Geringe Einf\u00fcged\u00e4mpfung &amp; hohe Zuverl\u00e4ssigkeit<\/strong><br data-start=\"1145\" data-end=\"1148\" \/>Pr\u00e4zisionspolierte Anschl\u00fcsse und werkseitige Tests gew\u00e4hrleisten eine hervorragende Signalqualit\u00e4t und langfristige Stabilit\u00e4t.<\/p>\n<\/li>\n<li data-start=\"1258\" data-end=\"1370\">\n<p data-start=\"1260\" data-end=\"1370\"><strong data-start=\"1260\" data-end=\"1297\">Hohe Dichte, platzsparendes Design<\/strong><br data-start=\"1297\" data-end=\"1300\" \/>Reduziert den Kabelstau und verbessert den Luftstrom in Racks und Schr\u00e4nken.<\/p>\n<\/li>\n<li data-start=\"1372\" data-end=\"1483\">\n<p data-start=\"1374\" data-end=\"1483\"><strong data-start=\"1374\" data-end=\"1404\">Plug-and-Play-Installation<\/strong><br data-start=\"1404\" data-end=\"1407\" \/>Vorkonfektioniert und getestet f\u00fcr schnellen Einsatz mit minimalem Fehlerrisiko.<\/p>\n<\/li>\n<\/ul>\n<hr data-start=\"1485\" data-end=\"1488\" \/>\n<h3 data-start=\"1490\" data-end=\"1522\"><strong data-start=\"1494\" data-end=\"1522\">Technische Daten<\/strong><\/h3>\n<div class=\"TyagGW_tableContainer\">\n<div class=\"group TyagGW_tableWrapper flex flex-col-reverse w-fit\" tabindex=\"-1\">\n<table class=\"w-fit min-w-(--thread-content-width)\" data-start=\"1524\" data-end=\"1987\">\n<thead data-start=\"1524\" data-end=\"1557\">\n<tr data-start=\"1524\" data-end=\"1557\">\n<th class=\"\" data-start=\"1524\" data-end=\"1536\" data-col-size=\"sm\">Parameter<\/th>\n<th class=\"\" data-start=\"1536\" data-end=\"1557\" data-col-size=\"sm\">MPO-LC-OM4-12Kern<\/th>\n<\/tr>\n<\/thead>\n<tbody data-start=\"1586\" data-end=\"1987\">\n<tr data-start=\"1586\" data-end=\"1628\">\n<td data-start=\"1586\" data-end=\"1599\" data-col-size=\"sm\">Faser-Typ<\/td>\n<td data-start=\"1599\" data-end=\"1628\" data-col-size=\"sm\">OM4 Multimode (50\/125 \u00b5m)<\/td>\n<\/tr>\n<tr data-start=\"1629\" data-end=\"1655\">\n<td data-start=\"1629\" data-end=\"1642\" data-col-size=\"sm\">Kernzahl<\/td>\n<td data-start=\"1642\" data-end=\"1655\" data-col-size=\"sm\">12 Fasern<\/td>\n<\/tr>\n<tr data-start=\"1656\" data-end=\"1694\">\n<td data-start=\"1656\" data-end=\"1670\" data-col-size=\"sm\">Anschluss A<\/td>\n<td data-start=\"1670\" data-end=\"1694\" data-col-size=\"sm\">MPO \/ MTP (12-Faser)<\/td>\n<\/tr>\n<tr data-start=\"1695\" data-end=\"1731\">\n<td data-start=\"1695\" data-end=\"1709\" data-col-size=\"sm\">Anschluss B<\/td>\n<td data-start=\"1709\" data-end=\"1731\" data-col-size=\"sm\">12 \u00d7 LC-Anschl\u00fcsse<\/td>\n<\/tr>\n<tr data-start=\"1732\" data-end=\"1765\">\n<td data-start=\"1732\" data-end=\"1755\" data-col-size=\"sm\">Betriebswellenl\u00e4nge<\/td>\n<td data-start=\"1755\" data-end=\"1765\" data-col-size=\"sm\">850 nm<\/td>\n<\/tr>\n<tr data-start=\"1766\" data-end=\"1818\">\n<td data-start=\"1766\" data-end=\"1783\" data-col-size=\"sm\">Einf\u00fcged\u00e4mpfung<\/td>\n<td data-start=\"1783\" data-end=\"1818\" data-col-size=\"sm\">\u2264 0,35 dB (MPO), \u2264 0,30 dB (LC)<\/td>\n<\/tr>\n<tr data-start=\"1819\" data-end=\"1844\">\n<td data-start=\"1819\" data-end=\"1833\" data-col-size=\"sm\">R\u00fcckflussd\u00e4mpfung<\/td>\n<td data-col-size=\"sm\" data-start=\"1833\" data-end=\"1844\">\u2265 30 dB<\/td>\n<\/tr>\n<tr data-start=\"1845\" data-end=\"1874\">\n<td data-start=\"1845\" data-end=\"1859\" data-col-size=\"sm\">Jacke Typ<\/td>\n<td data-start=\"1859\" data-end=\"1874\" data-col-size=\"sm\">LSZH oder PVC<\/td>\n<\/tr>\n<tr data-start=\"1875\" data-end=\"1903\">\n<td data-start=\"1875\" data-end=\"1892\" data-col-size=\"sm\">Kabel-Durchmesser<\/td>\n<td data-col-size=\"sm\" data-start=\"1892\" data-end=\"1903\">~3,0 mm<\/td>\n<\/tr>\n<tr data-start=\"1904\" data-end=\"1948\">\n<td data-start=\"1904\" data-end=\"1928\" data-col-size=\"sm\">Betriebstemperatur<\/td>\n<td data-col-size=\"sm\" data-start=\"1928\" data-end=\"1948\">-10 \u00b0C bis +70 \u00b0C<\/td>\n<\/tr>\n<tr data-start=\"1949\" data-end=\"1987\">\n<td data-start=\"1949\" data-end=\"1962\" data-col-size=\"sm\">Einhaltung der Vorschriften<\/td>\n<td data-col-size=\"sm\" data-start=\"1962\" data-end=\"1987\">IEC, TIA, RoHS, REACH<\/td>\n<\/tr>\n<\/tbody>\n<\/table>\n<\/div>\n<\/div>\n<hr data-start=\"1989\" data-end=\"1992\" \/>\n<h3 data-start=\"1994\" data-end=\"2022\"><strong data-start=\"1998\" data-end=\"2022\">Typische Anwendungen<\/strong><\/h3>\n<ul data-start=\"2024\" data-end=\"2258\">\n<li data-start=\"2024\" data-end=\"2070\">\n<p data-start=\"2026\" data-end=\"2070\"><strong data-start=\"2026\" data-end=\"2068\">40G \/ 100G \/ 400G Netzwerke f\u00fcr Rechenzentren<\/strong><\/p>\n<\/li>\n<li data-start=\"2071\" data-end=\"2119\">\n<p data-start=\"2073\" data-end=\"2119\"><strong data-start=\"2073\" data-end=\"2117\">MPO Backbone zu LC-Ger\u00e4teanschl\u00fcssen<\/strong><\/p>\n<\/li>\n<li data-start=\"2120\" data-end=\"2175\">\n<p data-start=\"2122\" data-end=\"2175\"><strong data-start=\"2122\" data-end=\"2173\">Cloud, KI und Hochleistungsrechnen (HPC)<\/strong><\/p>\n<\/li>\n<li data-start=\"2176\" data-end=\"2212\">\n<p data-start=\"2178\" data-end=\"2212\"><strong data-start=\"2178\" data-end=\"2210\">Speicherbereichsnetze (SANs)<\/strong><\/p>\n<\/li>\n<li data-start=\"2213\" data-end=\"2258\">\n<p data-start=\"2215\" data-end=\"2258\"><strong data-start=\"2215\" data-end=\"2258\">Strukturierte Verkabelungssysteme mit hoher Packungsdichte<\/strong><\/p>\n<\/li>\n<\/ul>\n<hr data-start=\"2260\" data-end=\"2263\" \/>\n<h3 data-start=\"2265\" data-end=\"2302\"><strong data-start=\"2269\" data-end=\"2302\">Warum MPO-LC-OM4-12Core w\u00e4hlen?<\/strong><\/h3>\n<p data-start=\"2304\" data-end=\"2677\">Die <strong data-start=\"2308\" data-end=\"2329\">MPO-LC-OM4-12Kern<\/strong> Patchkabel bietet eine perfekte Balance aus <strong data-start=\"2369\" data-end=\"2402\">MPO-Konnektivit\u00e4t mit hoher Dichte<\/strong> und <strong data-start=\"2407\" data-end=\"2437\">universelle LC-Kompatibilit\u00e4t<\/strong>. Die OM4-Faser bietet eine \u00fcberragende Bandbreite und Reichweite, w\u00e4hrend das Breakout-Design die Netzwerkarchitektur vereinfacht und die Installationszeit reduziert. Es ist die ideale L\u00f6sung f\u00fcr Geb\u00e4ude <strong data-start=\"2619\" data-end=\"2676\">skalierbare, schnelle und zukunftssichere Glasfasernetze<\/strong>.<\/p>\n<hr data-start=\"2679\" data-end=\"2682\" \/>\n<h2 data-start=\"2684\" data-end=\"2707\"><strong data-start=\"2687\" data-end=\"2707\">Fachliche Fragen und Antworten<\/strong><\/h2>\n<p data-start=\"2709\" data-end=\"2882\"><strong data-start=\"2709\" data-end=\"2747\">Q1: Warum OM4 anstelle von OM3?<\/strong><br data-start=\"2747\" data-end=\"2750\" \/>OM4 bietet eine h\u00f6here Bandbreite und l\u00e4ngere \u00dcbertragungsdistanzen, wodurch es sich besser f\u00fcr 100G- und 400G-Rechenzentrumsanwendungen eignet.<\/p>\n<p data-start=\"2884\" data-end=\"3089\"><strong data-start=\"2884\" data-end=\"2941\">F2: Was ist der Vorteil von MPO-zu-LC-Breakout-Kabeln?<\/strong><br data-start=\"2941\" data-end=\"2944\" \/>Sie erm\u00f6glichen den direkten Anschluss von MPO-Trunkkabeln mit hoher Dichte an Standard-LC-Ports von Switches und Servern ohne zus\u00e4tzliche Konvertierungshardware.<\/p>\n<p data-start=\"3091\" data-end=\"3266\"><strong data-start=\"3091\" data-end=\"3158\">F3: Ist dieses Kabel mit QSFP- und QSFP28-Transceivern kompatibel?<\/strong><br data-start=\"3158\" data-end=\"3161\" \/>Ja. MPO-LC-OM4-12Core wird h\u00e4ufig mit QSFP+ und QSFP28 Modulen in 40G und 100G Multimode Netzwerken verwendet.<\/p>\n<p data-start=\"3268\" data-end=\"3466\"><strong data-start=\"3268\" data-end=\"3323\">F4: Kann dieses Kabel in bestehenden OM3-Systemen verwendet werden?<\/strong><br data-start=\"3323\" data-end=\"3326\" \/>Ja. OM4 ist vollst\u00e4ndig abw\u00e4rtskompatibel mit OM3, so dass es in OM3-basierten Netzwerken funktioniert und gleichzeitig eine h\u00f6here Leistung f\u00fcr zuk\u00fcnftige Upgrades bietet.<\/p>","protected":false},"excerpt":{"rendered":"<p data-start=\"66\" data-end=\"447\">Die <strong data-start=\"70\" data-end=\"91\">MPO-LC-OM4-12Kern<\/strong> ist eine leistungsstarke <strong data-start=\"114\" data-end=\"159\">MPO zu LC Breakout Glasfaser-Patchkabel<\/strong> entwickelt f\u00fcr moderne Rechenzentren, Cloud-Netzwerke und Hochgeschwindigkeits-Backbones in Unternehmen. Gebaut mit <strong data-start=\"258\" data-end=\"307\">OM4 50\/125 \u00b5m laseroptimierte Multimode-Faser<\/strong>, Es bietet eine h\u00f6here Bandbreite und eine l\u00e4ngere \u00dcbertragungsstrecke als OM3 und ist damit ideal f\u00fcr <strong data-start=\"401\" data-end=\"433\">40G-, 100G- und 400G-Ethernet<\/strong> Konnektivit\u00e4t.<\/p>\n<p data-start=\"449\" data-end=\"741\">Mit einem Ende, das mit einem <strong data-start=\"478\" data-end=\"508\">12-Faser-MPO\/MTP-Anschluss<\/strong> und das andere Ende f\u00e4chert sich auf in <strong data-start=\"543\" data-end=\"563\">12 LC-Anschl\u00fcsse<\/strong>, erm\u00f6glicht dieses Kabel eine nahtlose Integration zwischen <strong data-start=\"613\" data-end=\"647\">MPO-Leitungssysteme mit hoher Dichte<\/strong> und <strong data-start=\"652\" data-end=\"686\">Standard LC-basierte Transceiver<\/strong>, Sie vereinfachen die Verkabelung und verbessern die Effizienz des Netzes.<\/p>","protected":false},"featured_media":559,"comment_status":"open","ping_status":"closed","template":"","meta":[],"product_brand":[],"product_cat":[42],"product_tag":[],"class_list":{"0":"post-558","1":"product","2":"type-product","3":"status-publish","4":"has-post-thumbnail","6":"product_cat-mpo-mtp-fiber-optic-patch-cord","8":"first","9":"instock","10":"shipping-taxable","11":"product-type-simple"},"_links":{"self":[{"href":"https:\/\/www.fenxifiber.com\/de\/wp-json\/wp\/v2\/product\/558","targetHints":{"allow":["GET"]}}],"collection":[{"href":"https:\/\/www.fenxifiber.com\/de\/wp-json\/wp\/v2\/product"}],"about":[{"href":"https:\/\/www.fenxifiber.com\/de\/wp-json\/wp\/v2\/types\/product"}],"replies":[{"embeddable":true,"href":"https:\/\/www.fenxifiber.com\/de\/wp-json\/wp\/v2\/comments?post=558"}],"wp:featuredmedia":[{"embeddable":true,"href":"https:\/\/www.fenxifiber.com\/de\/wp-json\/wp\/v2\/media\/559"}],"wp:attachment":[{"href":"https:\/\/www.fenxifiber.com\/de\/wp-json\/wp\/v2\/media?parent=558"}],"wp:term":[{"taxonomy":"product_brand","embeddable":true,"href":"https:\/\/www.fenxifiber.com\/de\/wp-json\/wp\/v2\/product_brand?post=558"},{"taxonomy":"product_cat","embeddable":true,"href":"https:\/\/www.fenxifiber.com\/de\/wp-json\/wp\/v2\/product_cat?post=558"},{"taxonomy":"product_tag","embeddable":true,"href":"https:\/\/www.fenxifiber.com\/de\/wp-json\/wp\/v2\/product_tag?post=558"}],"curies":[{"name":"wp","href":"https:\/\/api.w.org\/{rel}","templated":true}]}}