{"id":560,"date":"2026-02-03T01:56:53","date_gmt":"2026-02-03T01:56:53","guid":{"rendered":"https:\/\/www.fenxifiber.com\/?post_type=product&#038;p=560"},"modified":"2026-02-04T01:11:20","modified_gmt":"2026-02-04T01:11:20","slug":"mpo-sc-om4-12core","status":"publish","type":"product","link":"https:\/\/www.fenxifiber.com\/de\/product\/mpo-sc-om4-12core\/","title":{"rendered":"MPO-SC-OM4-12Core - Hochdichtes MPO zu SC Glasfaser Breakout Kabel"},"content":{"rendered":"<h3 data-start=\"771\" data-end=\"806\"><strong data-start=\"775\" data-end=\"806\">Warum dieses Kabel anders ist<\/strong><\/h3>\n<p data-start=\"808\" data-end=\"915\">Der MPO-SC-OM4-12Core ist f\u00fcr Umgebungen konzipiert, in denen <strong data-start=\"865\" data-end=\"903\">Platz, Luftstrom und Signalqualit\u00e4t<\/strong> alle Materie:<\/p>\n<ul data-start=\"917\" data-end=\"1500\">\n<li data-start=\"917\" data-end=\"1066\">\n<p data-start=\"919\" data-end=\"1066\"><strong data-start=\"919\" data-end=\"955\">Mehr Bandbreite mit weniger Fasern<\/strong><br data-start=\"955\" data-end=\"958\" \/>OM4-Fasern unterst\u00fctzen eine viel h\u00f6here modale Bandbreite als OM3 und erm\u00f6glichen l\u00e4ngere und stabilere Hochgeschwindigkeitsverbindungen.<\/p>\n<\/li>\n<li data-start=\"1068\" data-end=\"1225\">\n<p data-start=\"1070\" data-end=\"1225\"><strong data-start=\"1070\" data-end=\"1098\">Effizienter Migrationspfad<\/strong><br data-start=\"1098\" data-end=\"1101\" \/>Sie erm\u00f6glicht den Einsatz von MPO-Backbone-Verkabelung bei gleichzeitigem Anschluss an SC-Port-Ger\u00e4te, wodurch ein kostspieliger Hardwareaustausch vermieden wird.<\/p>\n<\/li>\n<li data-start=\"1227\" data-end=\"1361\">\n<p data-start=\"1229\" data-end=\"1361\"><strong data-start=\"1229\" data-end=\"1255\">Saubere Verkabelung<\/strong><br data-start=\"1255\" data-end=\"1258\" \/>Ein MPO-Trunk ersetzt zw\u00f6lf lose Fasern, was die Luftzirkulation verbessert und das Rack-Management erheblich vereinfacht.<\/p>\n<\/li>\n<li data-start=\"1363\" data-end=\"1500\">\n<p data-start=\"1365\" data-end=\"1500\"><strong data-start=\"1365\" data-end=\"1397\">Werksgepr\u00fcfte Leistung<\/strong><br data-start=\"1397\" data-end=\"1400\" \/>Jede Baugruppe wird auf Einf\u00fcgungsd\u00e4mpfung und Durchgang gepr\u00fcft, um eine vorhersehbare Leistung im Feld zu gew\u00e4hrleisten.<\/p>\n<\/li>\n<\/ul>\n<hr data-start=\"1502\" data-end=\"1505\" \/>\n<h3 data-start=\"1507\" data-end=\"1549\"><strong data-start=\"1511\" data-end=\"1549\">Optische und physikalische Eigenschaften<\/strong><\/h3>\n<div class=\"TyagGW_tableContainer\">\n<div class=\"group TyagGW_tableWrapper flex flex-col-reverse w-fit\" tabindex=\"-1\">\n<table class=\"w-fit min-w-(--thread-content-width)\" data-start=\"1551\" data-end=\"1932\">\n<thead data-start=\"1551\" data-end=\"1575\">\n<tr data-start=\"1551\" data-end=\"1575\">\n<th class=\"\" data-start=\"1551\" data-end=\"1558\" data-col-size=\"sm\">Artikel<\/th>\n<th class=\"\" data-start=\"1558\" data-end=\"1575\" data-col-size=\"sm\">Spezifikation<\/th>\n<\/tr>\n<\/thead>\n<tbody data-start=\"1602\" data-end=\"1932\">\n<tr data-start=\"1602\" data-end=\"1638\">\n<td data-start=\"1602\" data-end=\"1610\" data-col-size=\"sm\">Faser<\/td>\n<td data-start=\"1610\" data-end=\"1638\" data-col-size=\"sm\">OM4 Multimode, 50\/125 \u00b5m<\/td>\n<\/tr>\n<tr data-start=\"1639\" data-end=\"1670\">\n<td data-start=\"1639\" data-end=\"1651\" data-col-size=\"sm\">Struktur<\/td>\n<td data-start=\"1651\" data-end=\"1670\" data-col-size=\"sm\">12-Faser-Band<\/td>\n<\/tr>\n<tr data-start=\"1671\" data-end=\"1709\">\n<td data-start=\"1671\" data-end=\"1685\" data-col-size=\"sm\">Anschluss A<\/td>\n<td data-start=\"1685\" data-end=\"1709\" data-col-size=\"sm\">MPO \/ MTP (12-Faser)<\/td>\n<\/tr>\n<tr data-start=\"1710\" data-end=\"1746\">\n<td data-start=\"1710\" data-end=\"1724\" data-col-size=\"sm\">Anschluss B<\/td>\n<td data-start=\"1724\" data-end=\"1746\" data-col-size=\"sm\">12 \u00d7 SC-Anschl\u00fcsse<\/td>\n<\/tr>\n<tr data-start=\"1747\" data-end=\"1803\">\n<td data-start=\"1747\" data-end=\"1772\" data-col-size=\"sm\">Typische Einf\u00fcged\u00e4mpfung<\/td>\n<td data-start=\"1772\" data-end=\"1803\" data-col-size=\"sm\">MPO \u2264 0,35 dB, SC \u2264 0,30 dB<\/td>\n<\/tr>\n<tr data-start=\"1804\" data-end=\"1827\">\n<td data-start=\"1804\" data-end=\"1817\" data-col-size=\"sm\">Wellenl\u00e4nge<\/td>\n<td data-col-size=\"sm\" data-start=\"1817\" data-end=\"1827\">850 nm<\/td>\n<\/tr>\n<tr data-start=\"1828\" data-end=\"1852\">\n<td data-start=\"1828\" data-end=\"1837\" data-col-size=\"sm\">Jacke<\/td>\n<td data-col-size=\"sm\" data-start=\"1837\" data-end=\"1852\">LSZH oder PVC<\/td>\n<\/tr>\n<tr data-start=\"1853\" data-end=\"1893\">\n<td data-start=\"1853\" data-end=\"1873\" data-col-size=\"sm\">Temperaturbereich<\/td>\n<td data-col-size=\"sm\" data-start=\"1873\" data-end=\"1893\">-10 \u00b0C bis +70 \u00b0C<\/td>\n<\/tr>\n<tr data-start=\"1894\" data-end=\"1932\">\n<td data-start=\"1894\" data-end=\"1907\" data-col-size=\"sm\">Einhaltung der Vorschriften<\/td>\n<td data-col-size=\"sm\" data-start=\"1907\" data-end=\"1932\">IEC, TIA, RoHS, REACH<\/td>\n<\/tr>\n<\/tbody>\n<\/table>\n<\/div>\n<\/div>\n<hr data-start=\"1934\" data-end=\"1937\" \/>\n<h3 data-start=\"1939\" data-end=\"1962\"><strong data-start=\"1943\" data-end=\"1962\">Wo es verwendet wird<\/strong><\/h3>\n<p data-start=\"1964\" data-end=\"2015\">In der Regel finden Sie die <strong data-start=\"1990\" data-end=\"2011\">MPO-SC-OM4-12Kern<\/strong> in:<\/p>\n<ul data-start=\"2017\" data-end=\"2261\">\n<li data-start=\"2017\" data-end=\"2059\">\n<p data-start=\"2019\" data-end=\"2059\">Hohe Packungsdichte <strong data-start=\"2032\" data-end=\"2057\">Backbones von Rechenzentren<\/strong><\/p>\n<\/li>\n<li data-start=\"2060\" data-end=\"2111\">\n<p data-start=\"2062\" data-end=\"2111\"><strong data-start=\"2062\" data-end=\"2089\">Telekommunikationszentralen<\/strong> und Zugangsnetze<\/p>\n<\/li>\n<li data-start=\"2112\" data-end=\"2164\">\n<p data-start=\"2114\" data-end=\"2164\"><strong data-start=\"2114\" data-end=\"2142\">Core-Switches f\u00fcr Unternehmen<\/strong> \u00fcber SC-Schnittstellen<\/p>\n<\/li>\n<li data-start=\"2165\" data-end=\"2207\">\n<p data-start=\"2167\" data-end=\"2207\"><strong data-start=\"2167\" data-end=\"2192\">SAN und Fibre Channel<\/strong> Umgebungen<\/p>\n<\/li>\n<li data-start=\"2208\" data-end=\"2261\">\n<p data-start=\"2210\" data-end=\"2261\">Strukturierte Verkabelungssysteme, die von SC auf MPO umgestellt werden<\/p>\n<\/li>\n<\/ul>\n<hr data-start=\"2263\" data-end=\"2266\" \/>\n<h3 data-start=\"2268\" data-end=\"2291\"><strong data-start=\"2272\" data-end=\"2291\">Warum OM4 wichtig ist<\/strong><\/h3>\n<p data-start=\"2293\" data-end=\"2576\">OM4-Glasfaser ist nicht nur ein Upgrade - es ist eine <strong data-start=\"2332\" data-end=\"2358\">Leistungsmultiplikator<\/strong>. Im Vergleich zu OM3 bietet OM4 eine deutlich h\u00f6here Bandbreite und l\u00e4ngere unterst\u00fctzte Entfernungen f\u00fcr 100G- und 400G-Verbindungen. Das bedeutet bessere Signalqualit\u00e4t heute und mehr Spielraum f\u00fcr k\u00fcnftige Upgrades ohne Neuverkabelung.<\/p>\n<hr data-start=\"2578\" data-end=\"2581\" \/>\n<h2 data-start=\"2583\" data-end=\"2600\"><strong data-start=\"2586\" data-end=\"2600\">Experten-Fragen und Antworten<\/strong><\/h2>\n<p data-start=\"2602\" data-end=\"2805\"><strong data-start=\"2602\" data-end=\"2667\">F1: Kann MPO-SC-OM4-12Core in \u00e4lteren SC-basierten Netzwerken verwendet werden?<\/strong><br data-start=\"2667\" data-end=\"2670\" \/>Ja. Er wurde speziell f\u00fcr den Anschluss moderner MPO-Backbones an vorhandene SC-Ports entwickelt und ist somit ideal f\u00fcr Hybrid- und Upgrade-Szenarien.<\/p>\n<p data-start=\"2807\" data-end=\"2980\"><strong data-start=\"2807\" data-end=\"2850\">F2: Ist OM4 mit OM3-Systemen kompatibel?<\/strong><br data-start=\"2850\" data-end=\"2853\" \/>Unbedingt. OM4 ist r\u00fcckw\u00e4rtskompatibel und funktioniert mit OM3-Transceivern, bietet aber gleichzeitig eine bessere Leistung f\u00fcr neuere Optiken.<\/p>\n<p data-start=\"2982\" data-end=\"3149\"><strong data-start=\"2982\" data-end=\"3028\">F3: Unterst\u00fctzt dieses Kabel 100G und 400G?<\/strong><br data-start=\"3028\" data-end=\"3031\" \/>Ja. Bei Verwendung mit paralleloptischen Multimode-Transceivern unterst\u00fctzt OM4 Hochgeschwindigkeitsverbindungen mit 100G und neuen 400G.<\/p>\n<p data-start=\"3151\" data-end=\"3330\"><strong data-start=\"3151\" data-end=\"3197\">F4: K\u00f6nnen Polarit\u00e4t und L\u00e4nge angepasst werden?<\/strong><br data-start=\"3197\" data-end=\"3200\" \/>Ja. Die MPO-Polarit\u00e4t (Typ A\/B\/C), die Kabell\u00e4nge, der Manteltyp und das Geschlecht des Steckers k\u00f6nnen entsprechend Ihrem Netzwerkdesign festgelegt werden.<\/p>","protected":false},"excerpt":{"rendered":"<p data-start=\"73\" data-end=\"508\">F\u00fcr Hochgeschwindigkeitsnetze, die sowohl Leistung als auch Flexibilit\u00e4t erfordern, wurde der <strong data-start=\"153\" data-end=\"174\">MPO-SC-OM4-12Kern<\/strong> ist ein Profiger\u00e4t <strong data-start=\"199\" data-end=\"233\">Multimode-Glasfaser-Breakout-Kabel<\/strong> die eine Br\u00fccke zwischen modernen <strong data-start=\"254\" data-end=\"282\">MPO-Fernverkehrsinfrastruktur<\/strong> mit traditionellen <strong data-start=\"300\" data-end=\"330\">SC-basierte Netzwerkausr\u00fcstung<\/strong>. Es verwendet <strong data-start=\"340\" data-end=\"389\">OM4 Laser-optimierte 50\/125 \u00b5m Multimode-Faser<\/strong>, die Bandbreite und die Entfernung, die f\u00fcr die heutige Zeit erforderlich sind. <strong data-start=\"450\" data-end=\"482\">40G, 100G, und demn\u00e4chst 400G<\/strong> Anwendungen f\u00fcr Rechenzentren.<\/p>\n<p data-start=\"510\" data-end=\"764\">Anstatt zw\u00f6lf einzelne Kabel zu verlegen, liefert ein kompakter MPO-Stecker alle zw\u00f6lf Fasern in einer einzigen hochdichten Schnittstelle, die sich dann sauber in <strong data-start=\"677\" data-end=\"709\">12 unabh\u00e4ngige SC-Anschl\u00fcsse<\/strong>-perfekt f\u00fcr Switches, Patch-Panels und Telekommunikations-Racks.<\/p>","protected":false},"featured_media":561,"comment_status":"open","ping_status":"closed","template":"","meta":[],"product_brand":[],"product_cat":[42],"product_tag":[],"class_list":{"0":"post-560","1":"product","2":"type-product","3":"status-publish","4":"has-post-thumbnail","6":"product_cat-mpo-mtp-fiber-optic-patch-cord","8":"first","9":"instock","10":"shipping-taxable","11":"product-type-simple"},"_links":{"self":[{"href":"https:\/\/www.fenxifiber.com\/de\/wp-json\/wp\/v2\/product\/560","targetHints":{"allow":["GET"]}}],"collection":[{"href":"https:\/\/www.fenxifiber.com\/de\/wp-json\/wp\/v2\/product"}],"about":[{"href":"https:\/\/www.fenxifiber.com\/de\/wp-json\/wp\/v2\/types\/product"}],"replies":[{"embeddable":true,"href":"https:\/\/www.fenxifiber.com\/de\/wp-json\/wp\/v2\/comments?post=560"}],"wp:featuredmedia":[{"embeddable":true,"href":"https:\/\/www.fenxifiber.com\/de\/wp-json\/wp\/v2\/media\/561"}],"wp:attachment":[{"href":"https:\/\/www.fenxifiber.com\/de\/wp-json\/wp\/v2\/media?parent=560"}],"wp:term":[{"taxonomy":"product_brand","embeddable":true,"href":"https:\/\/www.fenxifiber.com\/de\/wp-json\/wp\/v2\/product_brand?post=560"},{"taxonomy":"product_cat","embeddable":true,"href":"https:\/\/www.fenxifiber.com\/de\/wp-json\/wp\/v2\/product_cat?post=560"},{"taxonomy":"product_tag","embeddable":true,"href":"https:\/\/www.fenxifiber.com\/de\/wp-json\/wp\/v2\/product_tag?post=560"}],"curies":[{"name":"wp","href":"https:\/\/api.w.org\/{rel}","templated":true}]}}