{"id":562,"date":"2026-02-03T01:58:45","date_gmt":"2026-02-03T01:58:45","guid":{"rendered":"https:\/\/www.fenxifiber.com\/?post_type=product&#038;p=562"},"modified":"2026-02-04T01:11:53","modified_gmt":"2026-02-04T01:11:53","slug":"mpo-lc-sm-0-9mm-12core","status":"publish","type":"product","link":"https:\/\/www.fenxifiber.com\/de\/product\/mpo-lc-sm-0-9mm-12core\/","title":{"rendered":"MPO-LC-SM-0,9 mm-12-adriges Single-Mode-Breakout-Faserkabel"},"content":{"rendered":"<h3 data-start=\"736\" data-end=\"773\"><strong data-start=\"740\" data-end=\"773\">Was dieses Kabel so besonders macht<\/strong><\/h3>\n<p data-start=\"775\" data-end=\"892\">Im Gegensatz zu Standard-Multimode-Breakout-Kabeln ist dieses Modell konzipiert f\u00fcr <strong data-start=\"845\" data-end=\"891\">Hochpr\u00e4zise \u00dcbertragung \u00fcber gro\u00dfe Entfernungen<\/strong>:<\/p>\n<ul data-start=\"894\" data-end=\"1469\">\n<li data-start=\"894\" data-end=\"1056\">\n<p data-start=\"896\" data-end=\"1056\"><strong data-start=\"896\" data-end=\"928\">Echte Singlemode-Leistung<\/strong><br data-start=\"928\" data-end=\"931\" \/>Unterst\u00fctzt Wellenl\u00e4ngen bei <strong data-start=\"957\" data-end=\"980\">1310 nm und 1550 nm<\/strong>, und erm\u00f6glicht Verbindungen mit gro\u00dfer Reichweite \u00fcber Datenhallen, Campus und Metronetze hinweg.<\/p>\n<\/li>\n<li data-start=\"1058\" data-end=\"1225\">\n<p data-start=\"1060\" data-end=\"1225\"><strong data-start=\"1060\" data-end=\"1097\">Ultra-schlanke 0,9 mm Breakout-Fasern<\/strong><br data-start=\"1097\" data-end=\"1100\" \/>Jedes LC-Bein hat einen Durchmesser von nur 0,9 mm, wodurch die Kabelf\u00fchrung sauberer wird und der Luftstrom in dichten Racks erheblich verbessert wird.<\/p>\n<\/li>\n<li data-start=\"1227\" data-end=\"1341\">\n<p data-start=\"1229\" data-end=\"1341\"><strong data-start=\"1229\" data-end=\"1262\">Perfekt f\u00fcr Hochgeschwindigkeitsoptiken<\/strong><br data-start=\"1262\" data-end=\"1265\" \/>Arbeitet mit <strong data-start=\"1278\" data-end=\"1327\">QSFP-DD, OSFP, CFP2 und 400G\/800G PSM4 &amp; DR4<\/strong> Transceiver.<\/p>\n<\/li>\n<li data-start=\"1343\" data-end=\"1469\">\n<p data-start=\"1345\" data-end=\"1469\"><strong data-start=\"1345\" data-end=\"1379\">Verlustarmer, werkseitig polierter MPO<\/strong><br data-start=\"1379\" data-end=\"1382\" \/>Entwickelt, um die strengen Einf\u00fcgungsd\u00e4mpfungsbudgets zu erf\u00fcllen, die von modernen Singlemode-Optiken gefordert werden.<\/p>\n<\/li>\n<\/ul>\n<hr data-start=\"1471\" data-end=\"1474\" \/>\n<h3 data-start=\"1476\" data-end=\"1509\"><strong data-start=\"1480\" data-end=\"1509\">Optische und mechanische Daten<\/strong><\/h3>\n<div class=\"TyagGW_tableContainer\">\n<div class=\"group TyagGW_tableWrapper flex flex-col-reverse w-fit\" tabindex=\"-1\">\n<table class=\"w-fit min-w-(--thread-content-width)\" data-start=\"1511\" data-end=\"1937\">\n<thead data-start=\"1511\" data-end=\"1535\">\n<tr data-start=\"1511\" data-end=\"1535\">\n<th class=\"\" data-start=\"1511\" data-end=\"1518\" data-col-size=\"sm\">Artikel<\/th>\n<th class=\"\" data-start=\"1518\" data-end=\"1535\" data-col-size=\"sm\">Spezifikation<\/th>\n<\/tr>\n<\/thead>\n<tbody data-start=\"1562\" data-end=\"1937\">\n<tr data-start=\"1562\" data-end=\"1605\">\n<td data-start=\"1562\" data-end=\"1575\" data-col-size=\"sm\">Faser-Typ<\/td>\n<td data-start=\"1575\" data-end=\"1605\" data-col-size=\"sm\">OS2 Single-Mode (9\/125 \u00b5m)<\/td>\n<\/tr>\n<tr data-start=\"1606\" data-end=\"1626\">\n<td data-start=\"1606\" data-end=\"1620\" data-col-size=\"sm\">Anzahl der Fasern<\/td>\n<td data-start=\"1620\" data-end=\"1626\" data-col-size=\"sm\">12<\/td>\n<\/tr>\n<tr data-start=\"1627\" data-end=\"1666\">\n<td data-start=\"1627\" data-end=\"1643\" data-col-size=\"sm\">MPO-Stecker<\/td>\n<td data-start=\"1643\" data-end=\"1666\" data-col-size=\"sm\">MPO \/ MTP, 12-Faser<\/td>\n<\/tr>\n<tr data-start=\"1667\" data-end=\"1694\">\n<td data-start=\"1667\" data-end=\"1683\" data-col-size=\"sm\">LC-Steckverbinder<\/td>\n<td data-start=\"1683\" data-end=\"1694\" data-col-size=\"sm\">12 \u00d7 LC<\/td>\n<\/tr>\n<tr data-start=\"1695\" data-end=\"1731\">\n<td data-start=\"1695\" data-end=\"1721\" data-col-size=\"sm\">Breakout Faserdurchmesser<\/td>\n<td data-start=\"1721\" data-end=\"1731\" data-col-size=\"sm\">0,9 mm<\/td>\n<\/tr>\n<tr data-start=\"1732\" data-end=\"1777\">\n<td data-start=\"1732\" data-end=\"1756\" data-col-size=\"sm\">Betriebs-Wellenl\u00e4ngen<\/td>\n<td data-col-size=\"sm\" data-start=\"1756\" data-end=\"1777\">1310 nm \/ 1550 nm<\/td>\n<\/tr>\n<tr data-start=\"1778\" data-end=\"1826\">\n<td data-start=\"1778\" data-end=\"1795\" data-col-size=\"sm\">Einf\u00fcged\u00e4mpfung<\/td>\n<td data-col-size=\"sm\" data-start=\"1795\" data-end=\"1826\">MPO \u2264 0,35 dB, LC \u2264 0,30 dB<\/td>\n<\/tr>\n<tr data-start=\"1827\" data-end=\"1873\">\n<td data-start=\"1827\" data-end=\"1841\" data-col-size=\"sm\">R\u00fcckflussd\u00e4mpfung<\/td>\n<td data-col-size=\"sm\" data-start=\"1841\" data-end=\"1873\">\u2265 50 dB (LC UPC\/APC Optionen)<\/td>\n<\/tr>\n<tr data-start=\"1874\" data-end=\"1898\">\n<td data-start=\"1874\" data-end=\"1883\" data-col-size=\"sm\">Jacke<\/td>\n<td data-start=\"1883\" data-end=\"1898\" data-col-size=\"sm\">LSZH oder PVC<\/td>\n<\/tr>\n<tr data-start=\"1899\" data-end=\"1937\">\n<td data-start=\"1899\" data-end=\"1917\" data-col-size=\"sm\">Betriebstemp.<\/td>\n<td data-col-size=\"sm\" data-start=\"1917\" data-end=\"1937\">-10 \u00b0C bis +70 \u00b0C<\/td>\n<\/tr>\n<\/tbody>\n<\/table>\n<\/div>\n<\/div>\n<hr data-start=\"1939\" data-end=\"1942\" \/>\n<h3 data-start=\"1944\" data-end=\"1980\"><strong data-start=\"1948\" data-end=\"1980\">Typische Einsatzszenarien<\/strong><\/h3>\n<p data-start=\"1982\" data-end=\"2011\">Dieses Kabel wird in vielen Bereichen eingesetzt:<\/p>\n<ul data-start=\"2013\" data-end=\"2224\">\n<li data-start=\"2013\" data-end=\"2058\">\n<p data-start=\"2015\" data-end=\"2058\"><strong data-start=\"2015\" data-end=\"2056\">400G \/ 800G-Rechenzentrum-Verbindungen<\/strong><\/p>\n<\/li>\n<li data-start=\"2059\" data-end=\"2109\">\n<p data-start=\"2061\" data-end=\"2109\"><strong data-start=\"2061\" data-end=\"2107\">Leaf-Spine- und Cross-Connect-Architekturen<\/strong><\/p>\n<\/li>\n<li data-start=\"2110\" data-end=\"2144\">\n<p data-start=\"2112\" data-end=\"2144\"><strong data-start=\"2112\" data-end=\"2142\">Telekommunikations- und Metronetze<\/strong><\/p>\n<\/li>\n<li data-start=\"2145\" data-end=\"2185\">\n<p data-start=\"2147\" data-end=\"2185\"><strong data-start=\"2147\" data-end=\"2183\">Hyperscale-Cloud und KI-Cluster<\/strong><\/p>\n<\/li>\n<li data-start=\"2186\" data-end=\"2224\">\n<p data-start=\"2188\" data-end=\"2224\"><strong data-start=\"2188\" data-end=\"2224\">Single-Mode MPO-Backbone-Systeme<\/strong><\/p>\n<\/li>\n<\/ul>\n<hr data-start=\"2226\" data-end=\"2229\" \/>\n<h3 data-start=\"2231\" data-end=\"2285\"><strong data-start=\"2235\" data-end=\"2285\">Warum MPO-LC-SM-0.9mm-12Core die richtige Wahl ist<\/strong><\/h3>\n<p data-start=\"2287\" data-end=\"2656\">Da die Datenraten steigen, <strong data-start=\"2307\" data-end=\"2346\">Singlemode-Faser wird unverzichtbar<\/strong>. Dieses Kabel kombiniert die <strong data-start=\"2372\" data-end=\"2390\">Dichte der MPO<\/strong> mit dem <strong data-start=\"2400\" data-end=\"2419\">Genauigkeit von LC<\/strong>, und erm\u00f6glicht Ihnen die Bereitstellung <strong data-start=\"2444\" data-end=\"2498\">Verbindungen mit hoher Faseranzahl bei minimalem Platzbedarf und Verlust<\/strong>. Das 0,9-mm-Breakout-Design erm\u00f6glicht eine saubere, professionelle Installation und unterst\u00fctzt gleichzeitig die strengen optischen Budgets, die von modernen 400G- und 800G-Optiken gefordert werden.<\/p>\n<hr data-start=\"2658\" data-end=\"2661\" \/>\n<h2 data-start=\"2663\" data-end=\"2686\"><strong data-start=\"2666\" data-end=\"2686\">Fachliche Fragen und Antworten<\/strong><\/h2>\n<p data-start=\"2688\" data-end=\"2861\"><strong data-start=\"2688\" data-end=\"2744\">Q1: Was ist der Vorteil von 0,9-mm-Breakout-Fasern?<\/strong><br data-start=\"2744\" data-end=\"2747\" \/>Sie erm\u00f6glichen eine wesentlich h\u00f6here Anschlussdichte, eine einfachere Verlegung und einen besseren Luftstrom im Vergleich zu Standard-2,0-mm-Patchkabeln.<\/p>\n<p data-start=\"2863\" data-end=\"3017\"><strong data-start=\"2863\" data-end=\"2928\">F2: Ist dieses Kabel mit 400G- und 800G-Transceivern kompatibel?<\/strong><br data-start=\"2928\" data-end=\"2931\" \/>Ja. Es ist konzipiert f\u00fcr <strong data-start=\"2955\" data-end=\"3016\">DR4, PSM4 und \u00e4hnliche paralleloptische Singlemode-Module<\/strong>.<\/p>\n<p data-start=\"3019\" data-end=\"3180\"><strong data-start=\"3019\" data-end=\"3074\">F3: Kann dieses Kabel f\u00fcr Langstreckenverbindungen verwendet werden?<\/strong><br data-start=\"3074\" data-end=\"3077\" \/>Ja. Als OS2-Singlemode-Kabel unterst\u00fctzt es Entfernungen von <strong data-start=\"3136\" data-end=\"3150\">Kilometer<\/strong>, weit \u00fcber die Grenzen von Multimode hinaus.<\/p>\n<p data-start=\"3182\" data-end=\"3347\"><strong data-start=\"3182\" data-end=\"3222\">F4: Ben\u00f6tige ich APC- oder UPC-Stecker?<\/strong><br data-start=\"3222\" data-end=\"3225\" \/>UPC ist f\u00fcr Rechenzentren \u00fcblich, w\u00e4hrend APC f\u00fcr DWDM- oder Langstreckennetze der Telekommunikation bevorzugt wird. Beide Optionen sind verf\u00fcgbar.<\/p>","protected":false},"excerpt":{"rendered":"<p data-start=\"65\" data-end=\"475\">Die <strong data-start=\"69\" data-end=\"95\">MPO-LC-SM-0.9mm-12Core<\/strong> ist ein pr\u00e4zisionsgefertigtes <strong data-start=\"122\" data-end=\"161\">Singlemode-MPO-zu-LC-Fan-out-Kabel<\/strong> entwickelt f\u00fcr optische Netze mit extrem hoher Dichte und gro\u00dfer Reichweite. Gebaut mit <strong data-start=\"235\" data-end=\"269\">OS2 9\/125 \u00b5m Singlemode-Faser<\/strong> und ein ultraschlankes <strong data-start=\"288\" data-end=\"317\">0,9 mm Durchbruchsstruktur<\/strong>, Diese Baugruppe ist optimiert f\u00fcr moderne <strong data-start=\"357\" data-end=\"381\">100G, 400G und 800G<\/strong> Rechenzentren und Telekommunikationseinrichtungen, bei denen Platzersparnis und Signalintegrit\u00e4t entscheidend sind.<\/p>\n<p data-start=\"477\" data-end=\"729\">Anstelle von zw\u00f6lf separaten Patchkabeln wird ein einziges <strong data-start=\"526\" data-end=\"552\">12-Faser-MPO-Schnittstelle<\/strong> \u00fcbertr\u00e4gt alle Kan\u00e4le von einem Backbone- oder Transceiver-Ger\u00e4t und verteilt sich dann auf <strong data-start=\"625\" data-end=\"656\">12 einzelne LC-Anschl\u00fcsse<\/strong> f\u00fcr den direkten Anschluss an optische Module, Patchpanels oder DWDM-Systeme.<\/p>","protected":false},"featured_media":563,"comment_status":"open","ping_status":"closed","template":"","meta":[],"product_brand":[],"product_cat":[42],"product_tag":[],"class_list":{"0":"post-562","1":"product","2":"type-product","3":"status-publish","4":"has-post-thumbnail","6":"product_cat-mpo-mtp-fiber-optic-patch-cord","8":"first","9":"instock","10":"shipping-taxable","11":"product-type-simple"},"_links":{"self":[{"href":"https:\/\/www.fenxifiber.com\/de\/wp-json\/wp\/v2\/product\/562","targetHints":{"allow":["GET"]}}],"collection":[{"href":"https:\/\/www.fenxifiber.com\/de\/wp-json\/wp\/v2\/product"}],"about":[{"href":"https:\/\/www.fenxifiber.com\/de\/wp-json\/wp\/v2\/types\/product"}],"replies":[{"embeddable":true,"href":"https:\/\/www.fenxifiber.com\/de\/wp-json\/wp\/v2\/comments?post=562"}],"wp:featuredmedia":[{"embeddable":true,"href":"https:\/\/www.fenxifiber.com\/de\/wp-json\/wp\/v2\/media\/563"}],"wp:attachment":[{"href":"https:\/\/www.fenxifiber.com\/de\/wp-json\/wp\/v2\/media?parent=562"}],"wp:term":[{"taxonomy":"product_brand","embeddable":true,"href":"https:\/\/www.fenxifiber.com\/de\/wp-json\/wp\/v2\/product_brand?post=562"},{"taxonomy":"product_cat","embeddable":true,"href":"https:\/\/www.fenxifiber.com\/de\/wp-json\/wp\/v2\/product_cat?post=562"},{"taxonomy":"product_tag","embeddable":true,"href":"https:\/\/www.fenxifiber.com\/de\/wp-json\/wp\/v2\/product_tag?post=562"}],"curies":[{"name":"wp","href":"https:\/\/api.w.org\/{rel}","templated":true}]}}