{"id":564,"date":"2026-02-03T02:01:27","date_gmt":"2026-02-03T02:01:27","guid":{"rendered":"https:\/\/www.fenxifiber.com\/?post_type=product&#038;p=564"},"modified":"2026-02-04T01:17:22","modified_gmt":"2026-02-04T01:17:22","slug":"mpo-sc-sm-8core","status":"publish","type":"product","link":"https:\/\/www.fenxifiber.com\/de\/product\/mpo-sc-sm-8core\/","title":{"rendered":"MPO-SC-SM-8Core - Single-Mode MPO zu SC Fan-Out Glasfaserkabel"},"content":{"rendered":"<h3 data-start=\"704\" data-end=\"743\"><strong data-start=\"708\" data-end=\"743\">Warum Ingenieure dieses Kabel w\u00e4hlen<\/strong><\/h3>\n<p data-start=\"745\" data-end=\"854\">Dieses Kabel ist f\u00fcr Umgebungen geeignet, in denen <strong data-start=\"787\" data-end=\"840\">Entfernung, Zuverl\u00e4ssigkeit und sauberes Fasermanagement<\/strong> sind entscheidend:<\/p>\n<ul data-start=\"856\" data-end=\"1361\">\n<li data-start=\"856\" data-end=\"1021\">\n<p data-start=\"858\" data-end=\"1021\"><strong data-start=\"858\" data-end=\"890\">Echte Singlemode-Leistung<\/strong><br data-start=\"890\" data-end=\"893\" \/>Konzipiert f\u00fcr <strong data-start=\"908\" data-end=\"931\">1310 nm und 1550 nm<\/strong> Wellenl\u00e4ngen, die Verbindungen von kurzen Datenhallen bis hin zu Telekommunikationsstrecken von mehreren Kilometern L\u00e4nge unterst\u00fctzen.<\/p>\n<\/li>\n<li data-start=\"1023\" data-end=\"1122\">\n<p data-start=\"1025\" data-end=\"1122\"><strong data-start=\"1025\" data-end=\"1051\">MPO-Eingang mit hoher Dichte<\/strong><br data-start=\"1051\" data-end=\"1054\" \/>Reduziert die \u00dcberlastung von Glasfasern und erm\u00f6glicht mehr Verbindungen bei weniger Platz im Rack.<\/p>\n<\/li>\n<li data-start=\"1124\" data-end=\"1242\">\n<p data-start=\"1126\" data-end=\"1242\"><strong data-start=\"1126\" data-end=\"1152\">Direkte SC-Konnektivit\u00e4t<\/strong><br data-start=\"1152\" data-end=\"1155\" \/>Ideal f\u00fcr Telekommunikationsracks, ODFs und \u00e4ltere Ger\u00e4te, die noch auf SC-Schnittstellen angewiesen sind.<\/p>\n<\/li>\n<li data-start=\"1244\" data-end=\"1361\">\n<p data-start=\"1246\" data-end=\"1361\"><strong data-start=\"1246\" data-end=\"1286\">Werksgepr\u00fcfter, verlustarmer Abschluss<\/strong><br data-start=\"1286\" data-end=\"1289\" \/>Gew\u00e4hrleistet stabile optische Budgets f\u00fcr anspruchsvolle Singlemode-Transceiver.<\/p>\n<\/li>\n<\/ul>\n<hr data-start=\"1363\" data-end=\"1366\" \/>\n<h3 data-start=\"1368\" data-end=\"1394\"><strong data-start=\"1372\" data-end=\"1394\">Technischer \u00dcberblick<\/strong><\/h3>\n<div class=\"TyagGW_tableContainer\">\n<div class=\"group TyagGW_tableWrapper flex flex-col-reverse w-fit\" tabindex=\"-1\">\n<table class=\"w-fit min-w-(--thread-content-width)\" data-start=\"1396\" data-end=\"1830\">\n<thead data-start=\"1396\" data-end=\"1427\">\n<tr data-start=\"1396\" data-end=\"1427\">\n<th class=\"\" data-start=\"1396\" data-end=\"1408\" data-col-size=\"sm\">Parameter<\/th>\n<th class=\"\" data-start=\"1408\" data-end=\"1427\" data-col-size=\"sm\">MPO-SC-SM-8Core<\/th>\n<\/tr>\n<\/thead>\n<tbody data-start=\"1456\" data-end=\"1830\">\n<tr data-start=\"1456\" data-end=\"1499\">\n<td data-start=\"1456\" data-end=\"1469\" data-col-size=\"sm\">Faser-Typ<\/td>\n<td data-start=\"1469\" data-end=\"1499\" data-col-size=\"sm\">OS2 Single-Mode (9\/125 \u00b5m)<\/td>\n<\/tr>\n<tr data-start=\"1500\" data-end=\"1519\">\n<td data-start=\"1500\" data-end=\"1514\" data-col-size=\"sm\">Anzahl der Fasern<\/td>\n<td data-col-size=\"sm\" data-start=\"1514\" data-end=\"1519\">8<\/td>\n<\/tr>\n<tr data-start=\"1520\" data-end=\"1557\">\n<td data-start=\"1520\" data-end=\"1534\" data-col-size=\"sm\">Anschluss A<\/td>\n<td data-start=\"1534\" data-end=\"1557\" data-col-size=\"sm\">MPO \/ MTP (8-Faser)<\/td>\n<\/tr>\n<tr data-start=\"1558\" data-end=\"1593\">\n<td data-start=\"1558\" data-end=\"1572\" data-col-size=\"sm\">Anschluss B<\/td>\n<td data-start=\"1572\" data-end=\"1593\" data-col-size=\"sm\">8 \u00d7 SC-Anschl\u00fcsse<\/td>\n<\/tr>\n<tr data-start=\"1594\" data-end=\"1638\">\n<td data-start=\"1594\" data-end=\"1617\" data-col-size=\"sm\">Betriebswellenl\u00e4nge<\/td>\n<td data-col-size=\"sm\" data-start=\"1617\" data-end=\"1638\">1310 nm \/ 1550 nm<\/td>\n<\/tr>\n<tr data-start=\"1639\" data-end=\"1695\">\n<td data-start=\"1639\" data-end=\"1664\" data-col-size=\"sm\">Typische Einf\u00fcged\u00e4mpfung<\/td>\n<td data-col-size=\"sm\" data-start=\"1664\" data-end=\"1695\">MPO \u2264 0,35 dB, SC \u2264 0,30 dB<\/td>\n<\/tr>\n<tr data-start=\"1696\" data-end=\"1721\">\n<td data-start=\"1696\" data-end=\"1710\" data-col-size=\"sm\">R\u00fcckflussd\u00e4mpfung<\/td>\n<td data-col-size=\"sm\" data-start=\"1710\" data-end=\"1721\">\u2265 50 dB<\/td>\n<\/tr>\n<tr data-start=\"1722\" data-end=\"1746\">\n<td data-start=\"1722\" data-end=\"1731\" data-col-size=\"sm\">Jacke<\/td>\n<td data-col-size=\"sm\" data-start=\"1731\" data-end=\"1746\">LSZH oder PVC<\/td>\n<\/tr>\n<tr data-start=\"1747\" data-end=\"1791\">\n<td data-start=\"1747\" data-end=\"1771\" data-col-size=\"sm\">Betriebstemperatur<\/td>\n<td data-col-size=\"sm\" data-start=\"1771\" data-end=\"1791\">-10 \u00b0C bis +70 \u00b0C<\/td>\n<\/tr>\n<tr data-start=\"1792\" data-end=\"1830\">\n<td data-start=\"1792\" data-end=\"1805\" data-col-size=\"sm\">Einhaltung der Vorschriften<\/td>\n<td data-col-size=\"sm\" data-start=\"1805\" data-end=\"1830\">IEC, TIA, RoHS, REACH<\/td>\n<\/tr>\n<\/tbody>\n<\/table>\n<\/div>\n<\/div>\n<hr data-start=\"1832\" data-end=\"1835\" \/>\n<h3 data-start=\"1837\" data-end=\"1869\"><strong data-start=\"1841\" data-end=\"1869\">Wo es \u00fcblicherweise verwendet wird<\/strong><\/h3>\n<ul data-start=\"1871\" data-end=\"2083\">\n<li data-start=\"1871\" data-end=\"1922\">\n<p data-start=\"1873\" data-end=\"1922\"><strong data-start=\"1873\" data-end=\"1920\">Telekommunikationszentralen und Zugangsnetze<\/strong><\/p>\n<\/li>\n<li data-start=\"1923\" data-end=\"1961\">\n<p data-start=\"1925\" data-end=\"1961\"><strong data-start=\"1925\" data-end=\"1959\">Zusammenschaltung von Rechenzentren (DCI)<\/strong><\/p>\n<\/li>\n<li data-start=\"1962\" data-end=\"2013\">\n<p data-start=\"1964\" data-end=\"2013\"><strong data-start=\"1964\" data-end=\"2011\">Single-Mode MPO-Backbone auf SC-Patch-Panels<\/strong><\/p>\n<\/li>\n<li data-start=\"2014\" data-end=\"2051\">\n<p data-start=\"2016\" data-end=\"2051\"><strong data-start=\"2016\" data-end=\"2049\">Fibre Channel- und SAN-Systeme<\/strong><\/p>\n<\/li>\n<li data-start=\"2052\" data-end=\"2083\">\n<p data-start=\"2054\" data-end=\"2083\"><strong data-start=\"2054\" data-end=\"2083\">Campus- und Metronetze<\/strong><\/p>\n<\/li>\n<\/ul>\n<hr data-start=\"2085\" data-end=\"2088\" \/>\n<h3 data-start=\"2090\" data-end=\"2139\"><strong data-start=\"2094\" data-end=\"2139\">Warum MPO-SC-SM-8Core eine kluge Investition ist<\/strong><\/h3>\n<p data-start=\"2141\" data-end=\"2461\">Mit der Umstellung der Netze auf h\u00f6here Geschwindigkeiten und gr\u00f6\u00dfere Entfernungen, <strong data-start=\"2200\" data-end=\"2267\">Singlemode-Glasfaser wird zum R\u00fcckgrat der modernen Infrastruktur<\/strong>. Die <strong data-start=\"2273\" data-end=\"2292\">MPO-SC-SM-8Core<\/strong> k\u00f6nnen Sie die folgenden Vorteile nutzen <strong data-start=\"2320\" data-end=\"2348\">MPO-Verkabelung mit hoher Dichte<\/strong> unter Beibehaltung der Kompatibilit\u00e4t mit <strong data-start=\"2386\" data-end=\"2410\">weit verbreitete SC-Anschl\u00fcsse<\/strong>, und eignet sich daher sowohl f\u00fcr Neubauten als auch f\u00fcr Modernisierungen.<\/p>\n<hr data-start=\"2463\" data-end=\"2466\" \/>\n<h2 data-start=\"2468\" data-end=\"2485\"><strong data-start=\"2471\" data-end=\"2485\">Experten-Fragen und Antworten<\/strong><\/h2>\n<p data-start=\"2487\" data-end=\"2670\"><strong data-start=\"2487\" data-end=\"2542\">Q1: Ist dieses Kabel f\u00fcr Langstreckenverbindungen geeignet?<\/strong><br data-start=\"2542\" data-end=\"2545\" \/>Ja. Als OS2-Singlemode-Kabel unterst\u00fctzt es Entfernungen von mehreren Kilometern und mehr, je nach den verwendeten Transceivern.<\/p>\n<p data-start=\"2672\" data-end=\"2816\"><strong data-start=\"2672\" data-end=\"2705\">F2: Warum SC anstelle von LC?<\/strong><br data-start=\"2705\" data-end=\"2708\" \/>SC-Steckverbinder sind in der Telekommunikation und in \u00e4lteren Netzen weit verbreitet und bieten eine robuste, leicht zu handhabende Schnittstelle.<\/p>\n<p data-start=\"2818\" data-end=\"2979\"><strong data-start=\"2818\" data-end=\"2874\">F3: Kann dieses Kabel mit 100G- oder 400G-Optik verwendet werden?<\/strong><br data-start=\"2874\" data-end=\"2877\" \/>Ja. Bei Verwendung mit parallelen Singlemode-Optiken wie <strong data-start=\"2933\" data-end=\"2948\">PSM4 oder DR4<\/strong>, unterst\u00fctzt es Hochgeschwindigkeitsverbindungen.<\/p>\n<p data-start=\"2981\" data-end=\"3143\"><strong data-start=\"2981\" data-end=\"3037\">F4: K\u00f6nnen die Polarit\u00e4t und die Politur der Stecker angepasst werden?<\/strong><br data-start=\"3037\" data-end=\"3040\" \/>Ja. Die MPO-Polarit\u00e4t (Typ A\/B\/C) und die SC-Polung (UPC oder APC) k\u00f6nnen passend zu Ihrem Netzwerkdesign gew\u00e4hlt werden.<\/p>","protected":false},"excerpt":{"rendered":"<p data-start=\"69\" data-end=\"451\">Die <strong data-start=\"73\" data-end=\"92\">MPO-SC-SM-8Core<\/strong> ist ein kompaktes, hochpr\u00e4zises <strong data-start=\"122\" data-end=\"158\">Singlemode-Glasfaserverbindungskabel<\/strong> konzipiert f\u00fcr die Verbindung moderner <strong data-start=\"186\" data-end=\"210\">MPO-Backbone-Systeme<\/strong> mit Ger\u00e4ten und Schalttafeln, die mit <strong data-start=\"252\" data-end=\"269\">SC-Stecker<\/strong>. Gebaut mit <strong data-start=\"282\" data-end=\"316\">OS2 9\/125 \u00b5m Singlemode-Faser<\/strong>, unterst\u00fctzt es <strong data-start=\"330\" data-end=\"370\">verlustarme \u00dcbertragung \u00fcber gro\u00dfe Entfernungen<\/strong> f\u00fcr Telekommunikations-, Data Center Interconnect (DCI)- und Hochgeschwindigkeits-Unternehmensnetze.<\/p>\n<p data-start=\"453\" data-end=\"697\">Anstatt acht separate Fasern zu verlegen, wird eine <strong data-start=\"499\" data-end=\"524\">8-Faser-MPO-Schnittstelle<\/strong> f\u00fchrt alle Kan\u00e4le durch eine einzige High-Density-Verbindung und f\u00e4chert sie sauber auf <strong data-start=\"618\" data-end=\"643\">8 einzelne SC-Anschl\u00fcsse<\/strong>, Vereinfachung der Verkabelung und Verbesserung der Rack-Organisation.<\/p>","protected":false},"featured_media":565,"comment_status":"open","ping_status":"closed","template":"","meta":[],"product_brand":[],"product_cat":[42],"product_tag":[],"class_list":{"0":"post-564","1":"product","2":"type-product","3":"status-publish","4":"has-post-thumbnail","6":"product_cat-mpo-mtp-fiber-optic-patch-cord","8":"first","9":"instock","10":"shipping-taxable","11":"product-type-simple"},"_links":{"self":[{"href":"https:\/\/www.fenxifiber.com\/de\/wp-json\/wp\/v2\/product\/564","targetHints":{"allow":["GET"]}}],"collection":[{"href":"https:\/\/www.fenxifiber.com\/de\/wp-json\/wp\/v2\/product"}],"about":[{"href":"https:\/\/www.fenxifiber.com\/de\/wp-json\/wp\/v2\/types\/product"}],"replies":[{"embeddable":true,"href":"https:\/\/www.fenxifiber.com\/de\/wp-json\/wp\/v2\/comments?post=564"}],"wp:featuredmedia":[{"embeddable":true,"href":"https:\/\/www.fenxifiber.com\/de\/wp-json\/wp\/v2\/media\/565"}],"wp:attachment":[{"href":"https:\/\/www.fenxifiber.com\/de\/wp-json\/wp\/v2\/media?parent=564"}],"wp:term":[{"taxonomy":"product_brand","embeddable":true,"href":"https:\/\/www.fenxifiber.com\/de\/wp-json\/wp\/v2\/product_brand?post=564"},{"taxonomy":"product_cat","embeddable":true,"href":"https:\/\/www.fenxifiber.com\/de\/wp-json\/wp\/v2\/product_cat?post=564"},{"taxonomy":"product_tag","embeddable":true,"href":"https:\/\/www.fenxifiber.com\/de\/wp-json\/wp\/v2\/product_tag?post=564"}],"curies":[{"name":"wp","href":"https:\/\/api.w.org\/{rel}","templated":true}]}}