{"id":566,"date":"2026-02-03T02:02:50","date_gmt":"2026-02-03T02:02:50","guid":{"rendered":"https:\/\/www.fenxifiber.com\/?post_type=product&#038;p=566"},"modified":"2026-02-04T01:18:10","modified_gmt":"2026-02-04T01:18:10","slug":"mpo-lc-sm-8core","status":"publish","type":"product","link":"https:\/\/www.fenxifiber.com\/de\/product\/mpo-lc-sm-8core\/","title":{"rendered":"MPO-LC-SM-8Core - Kompaktes Single-Mode MPO zu LC Breakout Kabel"},"content":{"rendered":"<h3 data-start=\"632\" data-end=\"678\"><strong data-start=\"636\" data-end=\"678\">Was dieses Kabel f\u00fcr Ihr Netzwerk bedeutet<\/strong><\/h3>\n<ul data-start=\"680\" data-end=\"1307\">\n<li data-start=\"680\" data-end=\"858\">\n<p data-start=\"682\" data-end=\"858\"><strong data-start=\"682\" data-end=\"720\">Single-Mode-Leistung mit gro\u00dfer Reichweite<\/strong><br data-start=\"720\" data-end=\"723\" \/>Optimiert f\u00fcr <strong data-start=\"739\" data-end=\"762\">1310 nm und 1550 nm<\/strong> Wellenl\u00e4ngen, die Verbindungen vom kurzen Patching bis hin zu <strong data-start=\"826\" data-end=\"857\">kilometergenaue Verbindungen<\/strong>.<\/p>\n<\/li>\n<li data-start=\"860\" data-end=\"1002\">\n<p data-start=\"862\" data-end=\"1002\"><strong data-start=\"862\" data-end=\"898\">Hochdichte, klammerarme Konstruktion<\/strong><br data-start=\"898\" data-end=\"901\" \/>Die MPO-Technologie reduziert das Kabelvolumen im Vergleich zu acht separaten LC-Patchkabeln drastisch.<\/p>\n<\/li>\n<li data-start=\"1004\" data-end=\"1162\">\n<p data-start=\"1006\" data-end=\"1162\"><strong data-start=\"1006\" data-end=\"1040\">Perfekt f\u00fcr 100G- und 400G-Optik<\/strong><br data-start=\"1040\" data-end=\"1043\" \/>Vollst\u00e4ndig kompatibel mit <strong data-start=\"1067\" data-end=\"1107\">PSM4, DR4 und Breakout-Transceiver<\/strong>, und ist damit ideal f\u00fcr Leaf-Spine- und DCI-Architekturen.<\/p>\n<\/li>\n<li data-start=\"1164\" data-end=\"1307\">\n<p data-start=\"1166\" data-end=\"1307\"><strong data-start=\"1166\" data-end=\"1198\">Werkseitig terminierte Pr\u00e4zision<\/strong><br data-start=\"1198\" data-end=\"1201\" \/>Jeder Stecker wird poliert, ausgerichtet und getestet, um stabile optische Budgets und geringe Einf\u00fcgungsd\u00e4mpfung zu gew\u00e4hrleisten.<\/p>\n<\/li>\n<\/ul>\n<hr data-start=\"1309\" data-end=\"1312\" \/>\n<h3 data-start=\"1314\" data-end=\"1340\"><strong data-start=\"1318\" data-end=\"1340\">Technische Eckdaten<\/strong><\/h3>\n<div class=\"TyagGW_tableContainer\">\n<div class=\"group TyagGW_tableWrapper flex flex-col-reverse w-fit\" tabindex=\"-1\">\n<table class=\"w-fit min-w-(--thread-content-width)\" data-start=\"1342\" data-end=\"1757\">\n<thead data-start=\"1342\" data-end=\"1366\">\n<tr data-start=\"1342\" data-end=\"1366\">\n<th class=\"\" data-start=\"1342\" data-end=\"1349\" data-col-size=\"sm\">Artikel<\/th>\n<th class=\"\" data-start=\"1349\" data-end=\"1366\" data-col-size=\"sm\">Spezifikation<\/th>\n<\/tr>\n<\/thead>\n<tbody data-start=\"1393\" data-end=\"1757\">\n<tr data-start=\"1393\" data-end=\"1436\">\n<td data-start=\"1393\" data-end=\"1406\" data-col-size=\"sm\">Faser-Typ<\/td>\n<td data-start=\"1406\" data-end=\"1436\" data-col-size=\"sm\">OS2 Single-Mode (9\/125 \u00b5m)<\/td>\n<\/tr>\n<tr data-start=\"1437\" data-end=\"1456\">\n<td data-start=\"1437\" data-end=\"1451\" data-col-size=\"sm\">Anzahl der Fasern<\/td>\n<td data-start=\"1451\" data-end=\"1456\" data-col-size=\"sm\">8<\/td>\n<\/tr>\n<tr data-start=\"1457\" data-end=\"1494\">\n<td data-start=\"1457\" data-end=\"1473\" data-col-size=\"sm\">MPO-Stecker<\/td>\n<td data-start=\"1473\" data-end=\"1494\" data-col-size=\"sm\">8-Faser MPO \/ MTP<\/td>\n<\/tr>\n<tr data-start=\"1495\" data-end=\"1521\">\n<td data-start=\"1495\" data-end=\"1511\" data-col-size=\"sm\">LC-Steckverbinder<\/td>\n<td data-start=\"1511\" data-end=\"1521\" data-col-size=\"sm\">8 \u00d7 LC<\/td>\n<\/tr>\n<tr data-start=\"1522\" data-end=\"1567\">\n<td data-start=\"1522\" data-end=\"1546\" data-col-size=\"sm\">Betriebs-Wellenl\u00e4ngen<\/td>\n<td data-start=\"1546\" data-end=\"1567\" data-col-size=\"sm\">1310 nm \/ 1550 nm<\/td>\n<\/tr>\n<tr data-start=\"1568\" data-end=\"1616\">\n<td data-start=\"1568\" data-end=\"1585\" data-col-size=\"sm\">Einf\u00fcged\u00e4mpfung<\/td>\n<td data-start=\"1585\" data-end=\"1616\" data-col-size=\"sm\">MPO \u2264 0,35 dB, LC \u2264 0,30 dB<\/td>\n<\/tr>\n<tr data-start=\"1617\" data-end=\"1642\">\n<td data-start=\"1617\" data-end=\"1631\" data-col-size=\"sm\">R\u00fcckflussd\u00e4mpfung<\/td>\n<td data-start=\"1631\" data-end=\"1642\" data-col-size=\"sm\">\u2265 50 dB<\/td>\n<\/tr>\n<tr data-start=\"1643\" data-end=\"1673\">\n<td data-start=\"1643\" data-end=\"1658\" data-col-size=\"sm\">Kabelmantel<\/td>\n<td data-start=\"1658\" data-end=\"1673\" data-col-size=\"sm\">LSZH oder PVC<\/td>\n<\/tr>\n<tr data-start=\"1674\" data-end=\"1718\">\n<td data-start=\"1674\" data-end=\"1698\" data-col-size=\"sm\">Betriebstemperatur<\/td>\n<td data-start=\"1698\" data-end=\"1718\" data-col-size=\"sm\">-10 \u00b0C bis +70 \u00b0C<\/td>\n<\/tr>\n<tr data-start=\"1719\" data-end=\"1757\">\n<td data-start=\"1719\" data-end=\"1732\" data-col-size=\"sm\">Einhaltung der Vorschriften<\/td>\n<td data-start=\"1732\" data-end=\"1757\" data-col-size=\"sm\">IEC, TIA, RoHS, REACH<\/td>\n<\/tr>\n<\/tbody>\n<\/table>\n<\/div>\n<\/div>\n<hr data-start=\"1759\" data-end=\"1762\" \/>\n<h3 data-start=\"1764\" data-end=\"1801\"><strong data-start=\"1768\" data-end=\"1801\">Wo wird MPO-LC-SM-8Core eingesetzt?<\/strong><\/h3>\n<p data-start=\"1803\" data-end=\"1836\">Dieses Kabel wird in vielen L\u00e4ndern eingesetzt:<\/p>\n<ul data-start=\"1838\" data-end=\"2047\">\n<li data-start=\"1838\" data-end=\"1882\">\n<p data-start=\"1840\" data-end=\"1882\"><strong data-start=\"1840\" data-end=\"1880\">Leaf-Spine-Rechenzentrumsarchitekturen<\/strong><\/p>\n<\/li>\n<li data-start=\"1883\" data-end=\"1921\">\n<p data-start=\"1885\" data-end=\"1921\"><strong data-start=\"1885\" data-end=\"1919\">Rechenzentrum-Verbindung (DCI)<\/strong><\/p>\n<\/li>\n<li data-start=\"1922\" data-end=\"1956\">\n<p data-start=\"1924\" data-end=\"1956\"><strong data-start=\"1924\" data-end=\"1954\">Telekommunikations- und Metronetze<\/strong><\/p>\n<\/li>\n<li data-start=\"1957\" data-end=\"2000\">\n<p data-start=\"1959\" data-end=\"2000\"><strong data-start=\"1959\" data-end=\"1998\">400G Singlemode-Switch-Bereitstellungen<\/strong><\/p>\n<\/li>\n<li data-start=\"2001\" data-end=\"2047\">\n<p data-start=\"2003\" data-end=\"2047\"><strong data-start=\"2003\" data-end=\"2047\">Optische Verteiler mit hoher Dichte<\/strong><\/p>\n<\/li>\n<\/ul>\n<hr data-start=\"2456\" data-end=\"2459\" \/>\n<h2 data-start=\"2461\" data-end=\"2484\"><strong data-start=\"2464\" data-end=\"2484\">Fachliche Fragen und Antworten<\/strong><\/h2>\n<p data-start=\"2486\" data-end=\"2653\"><strong data-start=\"2486\" data-end=\"2548\">Q1: Ist dieses Kabel f\u00fcr die \u00dcbertragung \u00fcber gro\u00dfe Entfernungen geeignet?<\/strong><br data-start=\"2548\" data-end=\"2551\" \/>Ja. OS2-Singlemode-Faser unterst\u00fctzt Entfernungen von <strong data-start=\"2600\" data-end=\"2622\">mehrere Kilometer<\/strong>, je nach Transceiver.<\/p>\n<p data-start=\"2655\" data-end=\"2777\"><strong data-start=\"2655\" data-end=\"2696\">F2: Kann es mit 400G-Modulen verwendet werden?<\/strong><br data-start=\"2696\" data-end=\"2699\" \/>Ja. Es funktioniert mit <strong data-start=\"2718\" data-end=\"2739\">400G DR4 und PSM4<\/strong> Optiken mit LC-Breakout-Verbindungen.<\/p>\n<p data-start=\"2779\" data-end=\"2966\"><strong data-start=\"2779\" data-end=\"2844\">F3: Was ist der Vorteil von MPO zu LC anstelle von MPO zu MPO?<\/strong><br data-start=\"2844\" data-end=\"2847\" \/>MPO-LC erm\u00f6glicht den direkten Anschluss an <strong data-start=\"2888\" data-end=\"2933\">Standard LC-basierte Transceiver und Panels<\/strong> ohne zus\u00e4tzliche Konvertierungskabel.<\/p>\n<p data-start=\"2968\" data-end=\"3089\"><strong data-start=\"2968\" data-end=\"3003\">F4: Kann die Polarit\u00e4t angepasst werden?<\/strong><br data-start=\"3003\" data-end=\"3006\" \/>Ja. MPO-Polarit\u00e4tstypen (A, B oder C) k\u00f6nnen entsprechend Ihrem Netzwerkdesign festgelegt werden.<\/p>","protected":false},"excerpt":{"rendered":"<p data-start=\"72\" data-end=\"389\">Die <strong data-start=\"76\" data-end=\"95\">MPO-LC-SM-8Core<\/strong> ist eine hochverdichtete <strong data-start=\"114\" data-end=\"153\">Singlemode-Faser-Breakout-L\u00f6sung<\/strong> Entwickelt f\u00fcr moderne Rechenzentren, Telekommunikations-Backbones und Cloud-Verbindungen. Gebaut mit <strong data-start=\"245\" data-end=\"267\">OS2 9\/125 \u00b5m Faser<\/strong>, Es bietet eine extrem niedrige D\u00e4mpfung und eine \u00dcbertragung \u00fcber gro\u00dfe Entfernungen, w\u00e4hrend es gleichzeitig einen kompakten, rackfreundlichen Formfaktor beibeh\u00e4lt.<\/p>\n<p data-start=\"391\" data-end=\"625\">Eine <strong data-start=\"395\" data-end=\"420\">8-Faser-MPO-Anschluss<\/strong> auf der Kofferraumseite f\u00e4chert sich in <strong data-start=\"453\" data-end=\"487\">acht einzelne LC-Anschl\u00fcsse<\/strong>, und bietet Ihnen direkte Kompatibilit\u00e4t mit <strong data-start=\"526\" data-end=\"574\">QSFP-DD, QSFP28 und SFP+ Singlemode-Optik<\/strong> ohne die Notwendigkeit zus\u00e4tzlicher Breakout-Hardware.<\/p>","protected":false},"featured_media":567,"comment_status":"open","ping_status":"closed","template":"","meta":[],"product_brand":[],"product_cat":[42],"product_tag":[],"class_list":{"0":"post-566","1":"product","2":"type-product","3":"status-publish","4":"has-post-thumbnail","6":"product_cat-mpo-mtp-fiber-optic-patch-cord","8":"first","9":"instock","10":"shipping-taxable","11":"product-type-simple"},"_links":{"self":[{"href":"https:\/\/www.fenxifiber.com\/de\/wp-json\/wp\/v2\/product\/566","targetHints":{"allow":["GET"]}}],"collection":[{"href":"https:\/\/www.fenxifiber.com\/de\/wp-json\/wp\/v2\/product"}],"about":[{"href":"https:\/\/www.fenxifiber.com\/de\/wp-json\/wp\/v2\/types\/product"}],"replies":[{"embeddable":true,"href":"https:\/\/www.fenxifiber.com\/de\/wp-json\/wp\/v2\/comments?post=566"}],"wp:featuredmedia":[{"embeddable":true,"href":"https:\/\/www.fenxifiber.com\/de\/wp-json\/wp\/v2\/media\/567"}],"wp:attachment":[{"href":"https:\/\/www.fenxifiber.com\/de\/wp-json\/wp\/v2\/media?parent=566"}],"wp:term":[{"taxonomy":"product_brand","embeddable":true,"href":"https:\/\/www.fenxifiber.com\/de\/wp-json\/wp\/v2\/product_brand?post=566"},{"taxonomy":"product_cat","embeddable":true,"href":"https:\/\/www.fenxifiber.com\/de\/wp-json\/wp\/v2\/product_cat?post=566"},{"taxonomy":"product_tag","embeddable":true,"href":"https:\/\/www.fenxifiber.com\/de\/wp-json\/wp\/v2\/product_tag?post=566"}],"curies":[{"name":"wp","href":"https:\/\/api.w.org\/{rel}","templated":true}]}}