{"id":568,"date":"2026-02-03T02:04:37","date_gmt":"2026-02-03T02:04:37","guid":{"rendered":"https:\/\/www.fenxifiber.com\/?post_type=product&#038;p=568"},"modified":"2026-02-04T01:18:57","modified_gmt":"2026-02-04T01:18:57","slug":"mpo-lc-3m-12core","status":"publish","type":"product","link":"https:\/\/www.fenxifiber.com\/de\/product\/mpo-lc-3m-12core\/","title":{"rendered":"MPO-LC-3M-12Core - Kurzstrecken-MPO-zu-LC-Fan-Out-Kabel"},"content":{"rendered":"<h3 data-start=\"620\" data-end=\"656\"><strong data-start=\"624\" data-end=\"656\">Wof\u00fcr dieses Kabel gebaut ist<\/strong><\/h3>\n<p data-start=\"658\" data-end=\"776\">Beim MPO-LC-3M-12Core geht es nicht nur um die Anzahl der Fasern - es geht um <strong data-start=\"722\" data-end=\"751\">effizientes optisches Routing<\/strong> in \u00fcberf\u00fcllten Umgebungen:<\/p>\n<ul data-start=\"778\" data-end=\"1262\">\n<li data-start=\"778\" data-end=\"929\">\n<p data-start=\"780\" data-end=\"929\"><strong data-start=\"780\" data-end=\"808\">3-Meter-L\u00e4nge optimiert<\/strong><br data-start=\"808\" data-end=\"811\" \/>Lang genug f\u00fcr Rack-zu-Rack- oder Regal-zu-Switch-Verbindungen, kurz genug, um Kabeldurchhang und Luftstromblockaden zu vermeiden.<\/p>\n<\/li>\n<li data-start=\"931\" data-end=\"1053\">\n<p data-start=\"933\" data-end=\"1053\"><strong data-start=\"933\" data-end=\"982\">\u00dcbergang vom Backbone zur Ausr\u00fcstung mit hoher Dichte<\/strong><br data-start=\"982\" data-end=\"985\" \/>Ein MPO-Trunk speist zw\u00f6lf LC-Ports, was das Durcheinander auf den Patchfeldern reduziert.<\/p>\n<\/li>\n<li data-start=\"1055\" data-end=\"1156\">\n<p data-start=\"1057\" data-end=\"1156\"><strong data-start=\"1057\" data-end=\"1076\">Schneller Einsatz<\/strong><br data-start=\"1076\" data-end=\"1079\" \/>Werkseitig konfektioniert und getestet, so dass kein Polieren oder Splei\u00dfen vor Ort erforderlich ist.<\/p>\n<\/li>\n<li data-start=\"1158\" data-end=\"1262\">\n<p data-start=\"1160\" data-end=\"1262\"><strong data-start=\"1160\" data-end=\"1190\">Stabile optische Leistung<\/strong><br data-start=\"1190\" data-end=\"1193\" \/>Entwickelt, um die Einf\u00fcgungsd\u00e4mpfung \u00fcber alle zw\u00f6lf Kan\u00e4le hinweg niedrig zu halten.<\/p>\n<\/li>\n<\/ul>\n<hr data-start=\"1264\" data-end=\"1267\" \/>\n<h3 data-start=\"1269\" data-end=\"1299\"><strong data-start=\"1273\" data-end=\"1299\">Zentrale technische Details<\/strong><\/h3>\n<div class=\"TyagGW_tableContainer\">\n<div class=\"group TyagGW_tableWrapper flex flex-col-reverse w-fit\" tabindex=\"-1\">\n<table class=\"w-fit min-w-(--thread-content-width)\" data-start=\"1301\" data-end=\"1687\">\n<thead data-start=\"1301\" data-end=\"1328\">\n<tr data-start=\"1301\" data-end=\"1328\">\n<th class=\"\" data-start=\"1301\" data-end=\"1308\" data-col-size=\"sm\">Artikel<\/th>\n<th class=\"\" data-start=\"1308\" data-end=\"1328\" data-col-size=\"md\">MPO-LC-3M-12Kern<\/th>\n<\/tr>\n<\/thead>\n<tbody data-start=\"1355\" data-end=\"1687\">\n<tr data-start=\"1355\" data-end=\"1382\">\n<td data-start=\"1355\" data-end=\"1370\" data-col-size=\"sm\">L\u00e4nge des Kabels<\/td>\n<td data-start=\"1370\" data-end=\"1382\" data-col-size=\"md\">3 Meter<\/td>\n<\/tr>\n<tr data-start=\"1383\" data-end=\"1403\">\n<td data-start=\"1383\" data-end=\"1397\" data-col-size=\"sm\">Anzahl der Fasern<\/td>\n<td data-start=\"1397\" data-end=\"1403\" data-col-size=\"md\">12<\/td>\n<\/tr>\n<tr data-start=\"1404\" data-end=\"1442\">\n<td data-start=\"1404\" data-end=\"1418\" data-col-size=\"sm\">Anschluss A<\/td>\n<td data-start=\"1418\" data-end=\"1442\" data-col-size=\"md\">MPO \/ MTP (12-Faser)<\/td>\n<\/tr>\n<tr data-start=\"1443\" data-end=\"1468\">\n<td data-start=\"1443\" data-end=\"1457\" data-col-size=\"sm\">Anschluss B<\/td>\n<td data-start=\"1457\" data-end=\"1468\" data-col-size=\"md\">12 \u00d7 LC<\/td>\n<\/tr>\n<tr data-start=\"1469\" data-end=\"1535\">\n<td data-start=\"1469\" data-end=\"1482\" data-col-size=\"sm\">Faser-Typ<\/td>\n<td data-start=\"1482\" data-end=\"1535\" data-col-size=\"md\">Multimode OM3 \/ OM4 oder Singlemode OS2 (optional)<\/td>\n<\/tr>\n<tr data-start=\"1536\" data-end=\"1584\">\n<td data-start=\"1536\" data-end=\"1553\" data-col-size=\"sm\">Einf\u00fcged\u00e4mpfung<\/td>\n<td data-start=\"1553\" data-end=\"1584\" data-col-size=\"md\">MPO \u2264 0,35 dB, LC \u2264 0,30 dB<\/td>\n<\/tr>\n<tr data-start=\"1585\" data-end=\"1609\">\n<td data-start=\"1585\" data-end=\"1594\" data-col-size=\"sm\">Jacke<\/td>\n<td data-start=\"1594\" data-end=\"1609\" data-col-size=\"md\">LSZH oder PVC<\/td>\n<\/tr>\n<tr data-start=\"1610\" data-end=\"1648\">\n<td data-start=\"1610\" data-end=\"1628\" data-col-size=\"sm\">Betriebstemp.<\/td>\n<td data-col-size=\"md\" data-start=\"1628\" data-end=\"1648\">-10 \u00b0C bis +70 \u00b0C<\/td>\n<\/tr>\n<tr data-start=\"1649\" data-end=\"1687\">\n<td data-start=\"1649\" data-end=\"1662\" data-col-size=\"sm\">Einhaltung der Vorschriften<\/td>\n<td data-col-size=\"md\" data-start=\"1662\" data-end=\"1687\">IEC, TIA, RoHS, REACH<\/td>\n<\/tr>\n<\/tbody>\n<\/table>\n<\/div>\n<\/div>\n<hr data-start=\"1689\" data-end=\"1692\" \/>\n<h3 data-start=\"1694\" data-end=\"1720\"><strong data-start=\"1698\" data-end=\"1720\">Wo es am besten passt<\/strong><\/h3>\n<p data-start=\"1722\" data-end=\"1751\">Dieses Kabel wird in vielen Bereichen eingesetzt:<\/p>\n<ul data-start=\"1753\" data-end=\"1949\">\n<li data-start=\"1753\" data-end=\"1791\">\n<p data-start=\"1755\" data-end=\"1791\"><strong data-start=\"1755\" data-end=\"1789\">Racks und Schr\u00e4nke f\u00fcr Rechenzentren<\/strong><\/p>\n<\/li>\n<li data-start=\"1792\" data-end=\"1828\">\n<p data-start=\"1794\" data-end=\"1828\"><strong data-start=\"1794\" data-end=\"1826\">MPO-Backbone zu Switch-Ports<\/strong><\/p>\n<\/li>\n<li data-start=\"1829\" data-end=\"1869\">\n<p data-start=\"1831\" data-end=\"1869\"><strong data-start=\"1831\" data-end=\"1867\">40G \/ 100G \/ 400G Breakout-Links<\/strong><\/p>\n<\/li>\n<li data-start=\"1870\" data-end=\"1915\">\n<p data-start=\"1872\" data-end=\"1915\"><strong data-start=\"1872\" data-end=\"1913\">Cross-Connect- und Patch-Panel-Systeme<\/strong><\/p>\n<\/li>\n<li data-start=\"1916\" data-end=\"1949\">\n<p data-start=\"1918\" data-end=\"1949\"><strong data-start=\"1918\" data-end=\"1949\">Cloud- und KI-Infrastruktur<\/strong><\/p>\n<\/li>\n<\/ul>\n<hr data-start=\"1951\" data-end=\"1954\" \/>\n<h3 data-start=\"1956\" data-end=\"1998\"><strong data-start=\"1960\" data-end=\"1998\">Konzipiert f\u00fcr High-Density-Netzwerke<\/strong><\/h3>\n<p data-start=\"2000\" data-end=\"2272\">Hochgeschwindigkeitsnetze brauchen nicht nur eine schnelle Optik - sie brauchen <strong data-start=\"2060\" data-end=\"2085\">geordnete Faserverlegung<\/strong>. Die <strong data-start=\"2091\" data-end=\"2111\">MPO-LC-3M-12Kern<\/strong> h\u00e4lt die Installationen kompakt, minimiert \u00dcberlastungen und erm\u00f6glicht es Technikern, einzelne Kan\u00e4le schnell zu identifizieren und zu warten, ohne den MPO-Backbone zu ber\u00fchren.<\/p>\n<hr data-start=\"2274\" data-end=\"2277\" \/>\n<h2 data-start=\"2279\" data-end=\"2302\"><strong data-start=\"2282\" data-end=\"2302\">Fachliche Fragen und Antworten<\/strong><\/h2>\n<p data-start=\"2304\" data-end=\"2467\"><strong data-start=\"2304\" data-end=\"2353\">Q1: Sind 3 Meter f\u00fcr den Einsatz in Rechenzentren geeignet?<\/strong><br data-start=\"2353\" data-end=\"2356\" \/>Ja. 3 m ist eine der gebr\u00e4uchlichsten Patching-L\u00e4ngen, ideal f\u00fcr Rack-zu-Rack- und Schrank-zu-Schrank-Verbindungen.<\/p>\n<p data-start=\"2469\" data-end=\"2642\"><strong data-start=\"2469\" data-end=\"2520\">F2: Kann dieses Kabel 100G- und 400G-Verbindungen unterst\u00fctzen?<\/strong><br data-start=\"2520\" data-end=\"2523\" \/>Ja. In Verbindung mit den richtigen MPO- und LC-basierten Transceivern unterst\u00fctzt er <strong data-start=\"2600\" data-end=\"2641\">Parallel-optische 100G- und 400G-Netze<\/strong>.<\/p>\n<p data-start=\"2644\" data-end=\"2813\"><strong data-start=\"2644\" data-end=\"2701\">F3: Funktioniert es sowohl mit OM4- als auch mit Singlemode-Fasern?<\/strong><br data-start=\"2701\" data-end=\"2704\" \/>Ja, der MPO-LC-3M-12Core kann in folgenden Ausf\u00fchrungen geliefert werden <strong data-start=\"2749\" data-end=\"2781\">OM3, OM4 oder OS2 Single-Mode<\/strong>, je nach Anwendung.<\/p>\n<p data-start=\"2815\" data-end=\"2971\"><strong data-start=\"2815\" data-end=\"2861\">F4: Muss ich mich um die Polarit\u00e4t des MPO k\u00fcmmern?<\/strong><br data-start=\"2861\" data-end=\"2864\" \/>Ja. Die Polarit\u00e4t (Typ A, B oder C) muss ausgew\u00e4hlt werden, um sicherzustellen, dass die Sende- und Empfangsfasern korrekt ausgerichtet sind.<\/p>","protected":false},"excerpt":{"rendered":"<p data-start=\"64\" data-end=\"472\">Die f\u00fcr saubere, effiziente Rack-zu-Rack- und Tray-zu-Ger\u00e4te-Verbindungen konzipierte <strong data-start=\"143\" data-end=\"163\">MPO-LC-3M-12Kern<\/strong> ist eine <strong data-start=\"169\" data-end=\"211\">3-Meter-MPO-zu-LC-Breakout-Glasfaserkabel<\/strong> entwickelt f\u00fcr Rechenzentren und Unternehmensnetzwerke mit hoher Dichte. Mit einer einzigen <strong data-start=\"287\" data-end=\"313\">12-Faser-MPO-Anschluss<\/strong> an einem Ende und <strong data-start=\"329\" data-end=\"353\">zw\u00f6lf LC-Stecker<\/strong> Zum anderen verwandelt er kompakte Backbone-Verkabelungen in einfach zu verwendende LC-Ports, ohne dass Leistung oder Platzbedarf darunter leiden.<\/p>\n<p data-start=\"474\" data-end=\"613\">Diese L\u00e4nge ist ideal f\u00fcr <strong data-start=\"499\" data-end=\"553\">schrankinternes, Reihen-zu-Reihen- und Querverbindungs-Patching<\/strong>, So bleiben die Kabelwege sauber und die Signalintegrit\u00e4t erhalten.<\/p>","protected":false},"featured_media":569,"comment_status":"open","ping_status":"closed","template":"","meta":[],"product_brand":[],"product_cat":[42],"product_tag":[],"class_list":{"0":"post-568","1":"product","2":"type-product","3":"status-publish","4":"has-post-thumbnail","6":"product_cat-mpo-mtp-fiber-optic-patch-cord","8":"first","9":"instock","10":"shipping-taxable","11":"product-type-simple"},"_links":{"self":[{"href":"https:\/\/www.fenxifiber.com\/de\/wp-json\/wp\/v2\/product\/568","targetHints":{"allow":["GET"]}}],"collection":[{"href":"https:\/\/www.fenxifiber.com\/de\/wp-json\/wp\/v2\/product"}],"about":[{"href":"https:\/\/www.fenxifiber.com\/de\/wp-json\/wp\/v2\/types\/product"}],"replies":[{"embeddable":true,"href":"https:\/\/www.fenxifiber.com\/de\/wp-json\/wp\/v2\/comments?post=568"}],"wp:featuredmedia":[{"embeddable":true,"href":"https:\/\/www.fenxifiber.com\/de\/wp-json\/wp\/v2\/media\/569"}],"wp:attachment":[{"href":"https:\/\/www.fenxifiber.com\/de\/wp-json\/wp\/v2\/media?parent=568"}],"wp:term":[{"taxonomy":"product_brand","embeddable":true,"href":"https:\/\/www.fenxifiber.com\/de\/wp-json\/wp\/v2\/product_brand?post=568"},{"taxonomy":"product_cat","embeddable":true,"href":"https:\/\/www.fenxifiber.com\/de\/wp-json\/wp\/v2\/product_cat?post=568"},{"taxonomy":"product_tag","embeddable":true,"href":"https:\/\/www.fenxifiber.com\/de\/wp-json\/wp\/v2\/product_tag?post=568"}],"curies":[{"name":"wp","href":"https:\/\/api.w.org\/{rel}","templated":true}]}}