{"id":574,"date":"2026-02-03T02:22:15","date_gmt":"2026-02-03T02:22:15","guid":{"rendered":"https:\/\/www.fenxifiber.com\/?post_type=product&#038;p=574"},"modified":"2026-02-04T00:18:20","modified_gmt":"2026-02-04T00:18:20","slug":"sc-upc-12-ader-faser-pigtail","status":"publish","type":"product","link":"https:\/\/www.fenxifiber.com\/de\/product\/sc-upc-12-core-fiber-pigtail\/","title":{"rendered":"SC\/UPC 12-Core Glasfaser-Pigtail"},"content":{"rendered":"<h2 class=\"ds-markdown-paragraph\">Hauptmerkmale und Vorteile<\/h2>\n<ul>\n<li>\n<p class=\"ds-markdown-paragraph\"><strong>High-Density-Design:<\/strong>\u00a0Der kompakte, quadratisch geformte SC-Steckverbinder erm\u00f6glicht eine effiziente Platzausnutzung in \u00fcberf\u00fcllten Patchpanels und Netzwerkger\u00e4ten und maximiert die Portdichte.<\/p>\n<\/li>\n<li>\n<p class=\"ds-markdown-paragraph\"><strong>Hervorragende optische Leistung:<\/strong>\u00a0Dieses Pigtail ist mit Ultra Physical Contact (UPC) poliert und bietet eine niedrige Einf\u00fcged\u00e4mpfung (typischerweise 50 dB), wodurch eine optimale Signalintegrit\u00e4t f\u00fcr die digitale \u00dcbertragung gew\u00e4hrleistet wird.<\/p>\n<\/li>\n<li>\n<p class=\"ds-markdown-paragraph\"><strong>Plug-and-Play-Zuverl\u00e4ssigkeit:<\/strong>\u00a0Jede Einheit wird im Werk 100% auf Einf\u00fcgungsd\u00e4mpfung, R\u00fcckflussd\u00e4mpfung und Endfl\u00e4cheninspektion gepr\u00fcft, was eine gleichbleibende Leistung garantiert und die Bereitstellungszeit verk\u00fcrzt.<\/p>\n<\/li>\n<li>\n<p class=\"ds-markdown-paragraph\"><strong>Strukturierte Konnektivit\u00e4t:<\/strong>\u00a0Die 12-Faser-Konfiguration bietet eine saubere, organisierte L\u00f6sung f\u00fcr den Anschluss von Backbone-Kabeln an Ger\u00e4te und vereinfacht so die Kabelverwaltung und -wartung.<\/p>\n<\/li>\n<\/ul>\n<hr \/>\n<h2 class=\"ds-markdown-paragraph\">Technische Daten<\/h2>\n<div class=\"ds-scroll-area _1210dd7 c03cafe9\">\n<table>\n<thead>\n<tr>\n<th>Parameter<\/th>\n<th>Spezifikation<\/th>\n<\/tr>\n<\/thead>\n<tbody>\n<tr>\n<td><strong>Produktname<\/strong><\/td>\n<td>12-adriges Single-Mode-Glasfaser-Pigtail<\/td>\n<\/tr>\n<tr>\n<td><strong>Stecker Typ<\/strong><\/td>\n<td>SC\/UPC<\/td>\n<\/tr>\n<tr>\n<td><strong>Fasertyp \/ Standard<\/strong><\/td>\n<td>Single-Mode (SM), G.652.D<\/td>\n<\/tr>\n<tr>\n<td><strong>Farbe der Jacke<\/strong><\/td>\n<td>Gelb<\/td>\n<\/tr>\n<tr>\n<td><strong>Betriebswellenl\u00e4nge<\/strong><\/td>\n<td>1310 nm, 1490 nm, 1550 nm<\/td>\n<\/tr>\n<tr>\n<td><strong>Einf\u00fcged\u00e4mpfung<\/strong><\/td>\n<td>\u2264 0,3 dB (max)<\/td>\n<\/tr>\n<tr>\n<td><strong>R\u00fcckflussd\u00e4mpfung<\/strong><\/td>\n<td>\u2265 50 dB<\/td>\n<\/tr>\n<tr>\n<td><strong>Dauerhaftigkeit<\/strong><\/td>\n<td>\u2265 1000 Steckzyklen<\/td>\n<\/tr>\n<tr>\n<td><strong>Material der Kabel<\/strong><\/td>\n<td>LSZH (raucharm und halogenfrei)<\/td>\n<\/tr>\n<tr>\n<td><strong>Betriebstemperatur<\/strong><\/td>\n<td>-40\u00b0C bis +85\u00b0C<\/td>\n<\/tr>\n<\/tbody>\n<\/table>\n<\/div>\n<hr \/>\n<h2 class=\"ds-markdown-paragraph\">Fachliche Fragen und Antworten<\/h2>\n<p class=\"ds-markdown-paragraph\"><strong>F1: Was ist die Hauptanwendung f\u00fcr ein SC\/UPC-Pigtail im Vergleich zu einem SC\/APC?<\/strong><br \/>\n<strong>A:<\/strong>\u00a0SC\/UPC-Pigtails sind die Standardwahl f\u00fcr die meisten\u00a0<strong>digitale Daten\u00fcbertragung<\/strong>\u00a0Systeme, einschlie\u00dflich Ethernet (bis zu 100G), Verbindungen in Rechenzentren und allgemeine Telekommunikationsverbindungen, bei denen geringe Einf\u00fcgungsd\u00e4mpfung entscheidend ist. SC\/APC (gewinkelt poliert) wird speziell bevorzugt f\u00fcr\u00a0<strong>analoge RF-Video\u00fcbertragung (CATV)<\/strong>\u00a0und passive optische Netze (PON), bei denen die Minimierung der R\u00fcckreflexion absolut entscheidend ist, um Signalst\u00f6rungen zu vermeiden.<\/p>\n<p class=\"ds-markdown-paragraph\"><strong>F2: Ist der SC-Stecker im Vergleich zu den kleineren LC-Steckern noch relevant?<\/strong><br \/>\n<strong>A:<\/strong>\u00a0Unbedingt. Obwohl LC in Schalttafeln mit extrem hoher Dichte dominiert, wird der SC-Steckverbinder aufgrund seines robusten Designs, seines ausgezeichneten Verriegelungsmechanismus und seiner einfachen Handhabung nach wie vor weit verbreitet und bevorzugt. Er ist ein g\u00e4ngiger Standard in ODFs (Optical Distribution Frames), vielen OLT\/ONU-Ger\u00e4ten und \u00e4lteren oder gemischten Infrastrukturen, in denen Haltbarkeit und bew\u00e4hrte Leistung gesch\u00e4tzt werden.<\/p>\n<p class=\"ds-markdown-paragraph\"><strong>F3: Kann dieses 12-adrige Pigtail sowohl f\u00fcr Innen- als auch f\u00fcr Au\u00dfeninstallationen verwendet werden?<\/strong><br \/>\n<strong>A:<\/strong>\u00a0Der Pigtail selbst ist mit seinem LSZH-Mantel geeignet f\u00fcr\u00a0<strong>Innenbereich<\/strong>\u00a0verwenden. F\u00fcr\u00a0<strong>im Freien<\/strong>\u00a0muss es in einem versiegelten und gesch\u00fctzten Geh\u00e4use oder Patchfeld verlegt werden, um es vor Feuchtigkeit, UV-Strahlung und extremen Temperaturen zu sch\u00fctzen. F\u00fcr die direkte Verlegung im Freien wird ein separates, f\u00fcr den Au\u00dfenbereich geeignetes Verteilerkabel empfohlen.<\/p>\n<p class=\"ds-markdown-paragraph\"><strong>F4: Welche Qualit\u00e4tskontrollschritte gew\u00e4hrleisten die behauptete geringe Einf\u00fcgungsd\u00e4mpfung?<\/strong><br \/>\n<strong>A:<\/strong>\u00a0Seri\u00f6se Hersteller wenden einen mehrstufigen Prozess an: 1)\u00a0<strong>Interferometrie<\/strong>\u00a0zur \u00dcberpr\u00fcfung der perfekten UPC-Endfl\u00e4chengeometrie, 2)\u00a0<strong>IL\/RL-Pr\u00fcfung<\/strong>\u00a0auf jedem Faserkanal unter Verwendung von Tier-1-Lichtquellen und Leistungsmessern, und 3)\u00a0<strong>Visuelle Kontrolle<\/strong>\u00a0mit einem 400x-Mikroskop, um Verunreinigungen oder M\u00e4ngel vor dem Versand auszuschlie\u00dfen.<\/p>","protected":false},"excerpt":{"rendered":"<p>Dieses 12-adrige Singlemode-Glasfaser-Pigtail mit SC\/UPC-Steckern wurde f\u00fcr optische Verbindungen mit hoher Dichte und Leistung entwickelt und bietet eine zuverl\u00e4ssige und effiziente L\u00f6sung f\u00fcr kritische Netzwerkverbindungen in Rechenzentren, Telekommunikations- und Unternehmensinfrastrukturen.<\/p>","protected":false},"featured_media":637,"comment_status":"open","ping_status":"closed","template":"","meta":[],"product_brand":[],"product_cat":[43],"product_tag":[],"class_list":{"0":"post-574","1":"product","2":"type-product","3":"status-publish","4":"has-post-thumbnail","6":"product_cat-12-core-fiber-pigtail","8":"first","9":"instock","10":"shipping-taxable","11":"product-type-simple"},"_links":{"self":[{"href":"https:\/\/www.fenxifiber.com\/de\/wp-json\/wp\/v2\/product\/574","targetHints":{"allow":["GET"]}}],"collection":[{"href":"https:\/\/www.fenxifiber.com\/de\/wp-json\/wp\/v2\/product"}],"about":[{"href":"https:\/\/www.fenxifiber.com\/de\/wp-json\/wp\/v2\/types\/product"}],"replies":[{"embeddable":true,"href":"https:\/\/www.fenxifiber.com\/de\/wp-json\/wp\/v2\/comments?post=574"}],"wp:featuredmedia":[{"embeddable":true,"href":"https:\/\/www.fenxifiber.com\/de\/wp-json\/wp\/v2\/media\/637"}],"wp:attachment":[{"href":"https:\/\/www.fenxifiber.com\/de\/wp-json\/wp\/v2\/media?parent=574"}],"wp:term":[{"taxonomy":"product_brand","embeddable":true,"href":"https:\/\/www.fenxifiber.com\/de\/wp-json\/wp\/v2\/product_brand?post=574"},{"taxonomy":"product_cat","embeddable":true,"href":"https:\/\/www.fenxifiber.com\/de\/wp-json\/wp\/v2\/product_cat?post=574"},{"taxonomy":"product_tag","embeddable":true,"href":"https:\/\/www.fenxifiber.com\/de\/wp-json\/wp\/v2\/product_tag?post=574"}],"curies":[{"name":"wp","href":"https:\/\/api.w.org\/{rel}","templated":true}]}}