{"id":578,"date":"2026-02-03T02:27:56","date_gmt":"2026-02-03T02:27:56","guid":{"rendered":"https:\/\/www.fenxifiber.com\/?post_type=product&#038;p=578"},"modified":"2026-02-04T00:23:28","modified_gmt":"2026-02-04T00:23:28","slug":"lc-upc-12core-sm","status":"publish","type":"product","link":"https:\/\/www.fenxifiber.com\/de\/product\/lc-upc-12core-sm\/","title":{"rendered":"LC\/UPC 12-Kern Einmodenfaser-Pigtail"},"content":{"rendered":"<h2>Kernvorteile von LC\/UPC 12-Core SM Fiber Pigtail<\/h2>\n<h3>1. Unerreichte Reproduzierbarkeit und Stabilit\u00e4t<\/h3>\n<div>Gefertigt aus <strong>neue hochtemperaturbest\u00e4ndige, umweltfreundliche Materialien<\/strong>, Unser 12-adriges Faserpigtail ist so konstruiert, dass es sich nicht verformen, brechen oder abl\u00f6sen l\u00e4sst. Der spezielle vollautomatische, standardisierte Produktionsprozess minimiert manuelle Eingriffe und gew\u00e4hrleistet eine gleichbleibende Qualit\u00e4t bei jeder Einheit. Diese Stabilit\u00e4t garantiert eine gleichbleibende Leistung auch unter rauen Umgebungsbedingungen und ist somit ideal f\u00fcr langfristige Netzwerkeins\u00e4tze.<\/div>\n<h3>2. Geringe Einf\u00fcged\u00e4mpfung und mechanische Stabilit\u00e4t<\/h3>\n<div>Ausgestattet mit einem <strong>hochwertige Aderendh\u00fclse<\/strong>, Der LC\/UPC-Stecker zeichnet sich durch au\u00dfergew\u00f6hnliche Zuverl\u00e4ssigkeit, Konzentrizit\u00e4t und pr\u00e4zise Ma\u00dfhaltigkeit aus. Diese Eigenschaften reduzieren direkt die Einf\u00fcgungsd\u00e4mpfung (\u22640,3dB) und erhalten die Signalintegrit\u00e4t, wodurch eine minimale Signalverschlechterung im Laufe der Zeit gew\u00e4hrleistet wird. Das stabile mechanische Design widersteht auch der Abnutzung durch wiederholtes Stecken, wodurch er sich f\u00fcr stark frequentierte Netzwerkumgebungen eignet.<\/div>\n<h3>3. Hochleistungs-Single-Mode-Faserkern<\/h3>\n<div>Das Herzst\u00fcck dieses Zopfes ist ein <strong>importierter hochwertiger Singlemode-Faserkern<\/strong>. Jede Einheit wird vor der Auslieferung 100% strengen Tests unterzogen, um die Einhaltung der Leistungsrichtlinien der Branche zu gew\u00e4hrleisten. Dieser von Netzwerkingenieuren und -integratoren weltweit anerkannte Glasfaserkern bietet eine hervorragende Signal\u00fcbertragung f\u00fcr Fiber-to-the-Home- (FTTH) und Rechenzentrumsanschl\u00fcsse und ist damit die bevorzugte Wahl f\u00fcr unternehmenskritische Anwendungen.<\/div>\n<h2>Technische Daten<\/h2>\n<div>\n<div>\n<table>\n<thead>\n<tr>\n<th>Parameter<\/th>\n<th>Einzelheiten<\/th>\n<\/tr>\n<\/thead>\n<tbody>\n<tr>\n<td><strong>Produktname<\/strong><\/td>\n<td>12-adriges Faserpigtail (LC\/UPC-12core-SM)<\/td>\n<\/tr>\n<tr>\n<td><strong>Stecker Typ<\/strong><\/td>\n<td>LC\/UPC (kompatibel mit SC\/UPC, SC\/APC, FC\/UPC, FC\/APC, LC\/APC, ST\/UPC)<\/td>\n<\/tr>\n<tr>\n<td><strong>Faser-Typ<\/strong><\/td>\n<td>Einzelmodus (SM)<\/td>\n<\/tr>\n<tr>\n<td><strong>Farbkodierung<\/strong><\/td>\n<td>SM: Gelb; MM-OM3: Aqua; MM-OM4: Magenta<\/td>\n<\/tr>\n<tr>\n<td><strong>Zugfestigkeit<\/strong><\/td>\n<td>\u2265 1000N<\/td>\n<\/tr>\n<tr>\n<td><strong>Dauerhaftigkeit<\/strong><\/td>\n<td>\u2265 1000 Steckvorg\u00e4nge<\/td>\n<\/tr>\n<tr>\n<td><strong>Einf\u00fcged\u00e4mpfung<\/strong><\/td>\n<td>\u2264 0,3dB<\/td>\n<\/tr>\n<tr>\n<td><strong>R\u00fcckflussd\u00e4mpfung<\/strong><\/td>\n<td>UPC\u226530dB; APC\u226540dB<\/td>\n<\/tr>\n<tr>\n<td><strong>Bandbreite<\/strong><\/td>\n<td>\u00b140nm<\/td>\n<\/tr>\n<tr>\n<td><strong>Betriebswellenl\u00e4nge<\/strong><\/td>\n<td>1310nm-1490nm, 1550nm-850nm<\/td>\n<\/tr>\n<tr>\n<td><strong>Material<\/strong><\/td>\n<td>LSZH (raucharm und halogenfrei)<\/td>\n<\/tr>\n<\/tbody>\n<\/table>\n<\/div>\n<\/div>\n<h2>Ideale Anwendungen<\/h2>\n<div>Das LC\/UPC 12-Core Single Mode Fiber Pigtail ist f\u00fcr verschiedene Szenarien mit hohem Bedarf entwickelt worden:<\/div>\n<div><\/div>\n<ul>\n<li><strong>Fiber-to-the-Home (FTTH)<\/strong>: Erm\u00f6glicht zuverl\u00e4ssige Last-Mile-Konnektivit\u00e4t f\u00fcr Privat- und Gesch\u00e4ftskunden.<\/li>\n<li><strong>Daten-Zentren<\/strong>: Unterst\u00fctzt High-Density-Verbindungen zwischen Servern, Switches und Speichersystemen.<\/li>\n<li><strong>Unternehmensnetzwerke<\/strong>: Erm\u00f6glicht eine sichere Hochgeschwindigkeits-Daten\u00fcbertragung f\u00fcr B\u00fcrogeb\u00e4ude und Unternehmen mit mehreren Standorten.<\/li>\n<li><strong>Telekommunikationsinfrastruktur<\/strong>: Unterst\u00fctzt den Aufbau von Langstrecken- und Metronetzen f\u00fcr Dienstanbieter.<\/li>\n<\/ul>\n<h2>H\u00e4ufig gestellte Fragen (FAQ)<\/h2>\n<h3>Q1: Was ist der Hauptunterschied zwischen UPC- und APC-Steckern?<\/h3>\n<div>A: UPC-Steckverbinder (Ultra Physical Contact) verf\u00fcgen \u00fcber eine polierte Oberfl\u00e4che, die die Signalreflexion minimiert (R\u00fcckflussd\u00e4mpfung \u226530dB), was sie ideal f\u00fcr Hochgeschwindigkeitsdatennetze macht. APC-Steckverbinder (Angled Physical Contact) haben eine um 8 Grad abgewinkelte Politur, die die R\u00fcckflussd\u00e4mpfung auf \u226540 dB reduziert, was f\u00fcr analoge und Hochfrequenzanwendungen wie CATV entscheidend ist. Unsere LC\/UPC-Pigtails sind f\u00fcr die digitale Daten\u00fcbertragung in Rechenzentren und FTTH optimiert.<\/div>\n<h3>F2: Welche Vorteile bietet das 12-Kern-Design f\u00fcr mein Glasfasernetz?<\/h3>\n<div>A: Das 12-Kern-Design fasst 12 einzelne Faserstr\u00e4nge in einem einzigen kompakten Pigtail zusammen, wodurch das Kabelgewirr reduziert und die Installation in Umgebungen mit hoher Dichte, wie z. B. Rechenzentren, vereinfacht wird. Dieses Design senkt auch die Bereitstellungszeit und die Arbeitskosten, da es Verbindungen mit mehreren Fasern in einem einzigen Schritt erm\u00f6glicht.<\/div>\n<h3>F3: Welche Pr\u00fcfprotokolle gew\u00e4hrleisten die Zuverl\u00e4ssigkeit Ihrer Faserpigtails?<\/h3>\n<div>A: Jedes 12-adrige LC\/UPC-SM-Pigtail wird im Werk 100% getestet, einschlie\u00dflich Einf\u00fcged\u00e4mpfung, R\u00fcckflussd\u00e4mpfung und \u00dcberpr\u00fcfung der Zugfestigkeit. Wir halten uns an die Normen IEC 61753-1 und Telcordia GR-326 und gew\u00e4hrleisten so die Einhaltung der weltweiten Leistungs- und Haltbarkeitsstandards.<\/div>\n<h3>F4: Warum wird LSZH-Material in Ihren Faserpigtails verwendet?<\/h3>\n<div>A: LSZH-Material (Low Smoke Zero Halogen) erzeugt im Brandfall nur wenig Rauch und giftige D\u00e4mpfe, was die Sicherheit in geschlossenen R\u00e4umen wie Rechenzentren und B\u00fcrogeb\u00e4uden erh\u00f6ht. Dadurch entsprechen unsere Pigtails den strengen Brandschutzvorschriften weltweit, einschlie\u00dflich der RoHS-Richtlinie der EU.<\/div>\n<h3>F5: Wie kann ich die optimale Leistung meiner LC\/UPC-Faserpigtails erhalten?<\/h3>\n<div>A: Um eine langfristige Leistung zu gew\u00e4hrleisten:<\/div>\n<ul>\n<li>Vermeiden Sie es, das Kabel \u00fcber seinen minimalen Biegeradius hinaus zu biegen (typischerweise \u226530mm f\u00fcr Singlemode-Fasern).<\/li>\n<li>Halten Sie die Steckerenden mit fusselfreien T\u00fcchern und Isopropylalkohol sauber.<\/li>\n<li>Lagern Sie Pigtails in staubfreier Umgebung, wenn sie nicht benutzt werden.<\/li>\n<li>Verwenden Sie zum Stecken und Trennen von Glasfaserkabeln geeignete Werkzeuge, um eine Besch\u00e4digung der Ferrule zu vermeiden.<\/li>\n<\/ul>","protected":false},"excerpt":{"rendered":"<h2>Zuverl\u00e4ssig, langlebig und pr\u00e4zisionsgefertigt f\u00fcr FTTH, Rechenzentren und Telekommunikationsinfrastrukturen<\/h2>\n<div>In der sich schnell entwickelnden Landschaft der Glasfaserkommunikation ist die <strong>LC\/UPC 12-Kern Einmodenfaser-Pigtail<\/strong> ist ein Eckpfeiler f\u00fcr Hochleistungskonnektivit\u00e4t. Als Teil der <em>Faseroptisches Patchkabel<\/em> Produktfamilie und kategorisiert als <em>12-adriger Glasfaser-Pigtail<\/em>, Diese Komponente bietet eine au\u00dfergew\u00f6hnliche Wiederholbarkeit, geringe Einf\u00fcgungsd\u00e4mpfung und robuste Haltbarkeit, um kritische Netzwerkoperationen zu unterst\u00fctzen. Ob f\u00fcr Fiber-to-the-Home (FTTH)-Bereitstellungen, Rechenzentrumsverbindungen oder Erweiterungen von Unternehmensnetzwerken - sie gew\u00e4hrleistet eine nahtlose Signal\u00fcbertragung und langfristige Zuverl\u00e4ssigkeit.<\/div>","protected":false},"featured_media":635,"comment_status":"open","ping_status":"closed","template":"","meta":[],"product_brand":[],"product_cat":[43],"product_tag":[],"class_list":{"0":"post-578","1":"product","2":"type-product","3":"status-publish","4":"has-post-thumbnail","6":"product_cat-12-core-fiber-pigtail","8":"first","9":"instock","10":"shipping-taxable","11":"product-type-simple"},"_links":{"self":[{"href":"https:\/\/www.fenxifiber.com\/de\/wp-json\/wp\/v2\/product\/578","targetHints":{"allow":["GET"]}}],"collection":[{"href":"https:\/\/www.fenxifiber.com\/de\/wp-json\/wp\/v2\/product"}],"about":[{"href":"https:\/\/www.fenxifiber.com\/de\/wp-json\/wp\/v2\/types\/product"}],"replies":[{"embeddable":true,"href":"https:\/\/www.fenxifiber.com\/de\/wp-json\/wp\/v2\/comments?post=578"}],"wp:featuredmedia":[{"embeddable":true,"href":"https:\/\/www.fenxifiber.com\/de\/wp-json\/wp\/v2\/media\/635"}],"wp:attachment":[{"href":"https:\/\/www.fenxifiber.com\/de\/wp-json\/wp\/v2\/media?parent=578"}],"wp:term":[{"taxonomy":"product_brand","embeddable":true,"href":"https:\/\/www.fenxifiber.com\/de\/wp-json\/wp\/v2\/product_brand?post=578"},{"taxonomy":"product_cat","embeddable":true,"href":"https:\/\/www.fenxifiber.com\/de\/wp-json\/wp\/v2\/product_cat?post=578"},{"taxonomy":"product_tag","embeddable":true,"href":"https:\/\/www.fenxifiber.com\/de\/wp-json\/wp\/v2\/product_tag?post=578"}],"curies":[{"name":"wp","href":"https:\/\/api.w.org\/{rel}","templated":true}]}}