{"id":639,"date":"2026-02-03T05:25:41","date_gmt":"2026-02-03T05:25:41","guid":{"rendered":"https:\/\/www.fenxifiber.com\/?post_type=product&#038;p=639"},"modified":"2026-02-04T00:57:12","modified_gmt":"2026-02-04T00:57:12","slug":"12-ader-om3-fc-upc-faser-pigtail","status":"publish","type":"product","link":"https:\/\/www.fenxifiber.com\/de\/product\/12-core-om3-fc-upc-fiber-pigtail\/","title":{"rendered":"12-adriges OM3 FC\/UPC Glasfaser-Pigtail"},"content":{"rendered":"<h2 data-start=\"748\" data-end=\"781\">Hauptmerkmale und Vorteile<\/h2>\n<ul data-start=\"783\" data-end=\"1913\">\n<li data-start=\"783\" data-end=\"1029\">\n<p data-start=\"785\" data-end=\"1029\"><strong data-start=\"785\" data-end=\"819\">Hohe Stabilit\u00e4t und Reproduzierbarkeit<\/strong> - Hergestellt mit fortschrittlichen Materialien und automatischen Produktionsprozessen, um Ma\u00dfgenauigkeit, Umweltbest\u00e4ndigkeit und langfristige Leistungsstabilit\u00e4t zu gew\u00e4hrleisten.<\/p>\n<\/li>\n<li data-start=\"1030\" data-end=\"1292\">\n<p data-start=\"1032\" data-end=\"1292\"><strong data-start=\"1032\" data-end=\"1073\">Niedrige Einf\u00fcged\u00e4mpfung und hohe R\u00fcckflussd\u00e4mpfung<\/strong> - Hochwertige FC\/UPC-Keramikferrulen und eine sorgf\u00e4ltige Politur sorgen f\u00fcr eine niedrige Einf\u00fcgungsd\u00e4mpfung und eine hervorragende R\u00fcckflussd\u00e4mpfung, wodurch Signalreflexionen reduziert werden und eine hohe Verbindungsqualit\u00e4t erhalten bleibt.<\/p>\n<\/li>\n<li data-start=\"1293\" data-end=\"1523\">\n<p data-start=\"1295\" data-end=\"1523\"><strong data-start=\"1295\" data-end=\"1332\">Pr\u00e4ziser Faserkern &amp; Konnektivit\u00e4t<\/strong> - Verwendet OM3 50\/125 \u00b5m Multimode-Faser, optimiert f\u00fcr <strong data-start=\"1384\" data-end=\"1424\">10-Gigabit- und Hochgeschwindigkeitsnetze<\/strong>, und bietet eine h\u00f6here Bandbreite als herk\u00f6mmliche Multimode-Fasern.<\/p>\n<\/li>\n<li data-start=\"1524\" data-end=\"1770\">\n<p data-start=\"1526\" data-end=\"1770\"><strong data-start=\"1526\" data-end=\"1561\">Langlebige &amp; flexible Konstruktion<\/strong> - Das eng gepufferte B\u00fcndeldesign erm\u00f6glicht einfaches Abisolieren, Fan-out-Organisation und einen sicheren Splei\u00dfabschluss in Verteilerrahmen, Patchpanels oder Telekommunikationsschr\u00e4nken.<\/p>\n<\/li>\n<li data-start=\"1771\" data-end=\"1913\">\n<p data-start=\"1773\" data-end=\"1913\"><strong data-start=\"1773\" data-end=\"1806\">Farbcodiert und einfach zu installieren<\/strong> - Der Aqua-Multimode-Kabelmantel und die farbige Faserkennzeichnung vereinfachen die Installation und das Management vor Ort.<\/p>\n<\/li>\n<\/ul>\n<hr data-start=\"1915\" data-end=\"1918\" \/>\n<h2 data-start=\"1920\" data-end=\"1951\">Technische Daten<\/h2>\n<div class=\"TyagGW_tableContainer\">\n<div class=\"group TyagGW_tableWrapper flex flex-col-reverse w-fit\" tabindex=\"-1\">\n<table class=\"w-fit min-w-(--thread-content-width)\" data-start=\"1953\" data-end=\"2803\">\n<thead data-start=\"1953\" data-end=\"1990\">\n<tr data-start=\"1953\" data-end=\"1990\">\n<th class=\"\" data-start=\"1953\" data-end=\"1969\" data-col-size=\"sm\"><strong data-start=\"1955\" data-end=\"1968\">Parameter<\/strong><\/th>\n<th class=\"\" data-start=\"1969\" data-end=\"1990\" data-col-size=\"md\"><strong data-start=\"1971\" data-end=\"1988\">Spezifikation<\/strong><\/th>\n<\/tr>\n<\/thead>\n<tbody data-start=\"2029\" data-end=\"2803\">\n<tr data-start=\"2029\" data-end=\"2073\">\n<td data-start=\"2029\" data-end=\"2048\" data-col-size=\"sm\"><strong data-start=\"2031\" data-end=\"2047\">Produktname<\/strong><\/td>\n<td data-start=\"2048\" data-end=\"2073\" data-col-size=\"md\">12-adriger Glasfaser-Pigtail<\/td>\n<\/tr>\n<tr data-start=\"2074\" data-end=\"2120\">\n<td data-start=\"2074\" data-end=\"2091\" data-col-size=\"sm\"><strong data-start=\"2076\" data-end=\"2090\">Faser-Typ<\/strong><\/td>\n<td data-start=\"2091\" data-end=\"2120\" data-col-size=\"md\">OM3 Multimode (50\/125 \u00b5m)<\/td>\n<\/tr>\n<tr data-start=\"2121\" data-end=\"2152\">\n<td data-start=\"2121\" data-end=\"2142\" data-col-size=\"sm\"><strong data-start=\"2123\" data-end=\"2141\">Stecker Typ<\/strong><\/td>\n<td data-start=\"2142\" data-end=\"2152\" data-col-size=\"md\">FC\/UPC<\/td>\n<\/tr>\n<tr data-start=\"2153\" data-end=\"2254\">\n<td data-start=\"2153\" data-end=\"2184\" data-col-size=\"sm\"><strong data-start=\"2155\" data-end=\"2183\">Einf\u00fcgungsd\u00e4mpfung (typisch)<\/strong><\/td>\n<td data-start=\"2184\" data-end=\"2254\" data-col-size=\"md\">\u2264 0,2 - 0,3 dB pro Stecker<\/td>\n<\/tr>\n<tr data-start=\"2255\" data-end=\"2334\">\n<td data-start=\"2255\" data-end=\"2273\" data-col-size=\"sm\"><strong data-start=\"2257\" data-end=\"2272\">R\u00fcckflussd\u00e4mpfung<\/strong><\/td>\n<td data-start=\"2273\" data-end=\"2334\" data-col-size=\"md\">\u2265 35 dB (Multimode)<\/td>\n<\/tr>\n<tr data-start=\"2335\" data-end=\"2422\">\n<td data-start=\"2335\" data-end=\"2368\" data-col-size=\"sm\"><strong data-start=\"2337\" data-end=\"2367\">Dauerhaftigkeit (Paarungszyklen)<\/strong><\/td>\n<td data-start=\"2368\" data-end=\"2422\" data-col-size=\"md\">\u2265 1000 Mal<\/td>\n<\/tr>\n<tr data-start=\"2423\" data-end=\"2493\">\n<td data-start=\"2423\" data-end=\"2443\" data-col-size=\"sm\"><strong data-start=\"2425\" data-end=\"2442\">Reproduzierbarkeit<\/strong><\/td>\n<td data-start=\"2443\" data-end=\"2493\" data-col-size=\"md\">\u2264 0,1 dB<\/td>\n<\/tr>\n<tr data-start=\"2494\" data-end=\"2598\">\n<td data-start=\"2494\" data-end=\"2521\" data-col-size=\"sm\"><strong data-start=\"2496\" data-end=\"2520\">Betriebswellenl\u00e4nge<\/strong><\/td>\n<td data-start=\"2521\" data-end=\"2598\" data-col-size=\"md\">850 nm, 1300 nm (typisch f\u00fcr OM3)<\/td>\n<\/tr>\n<tr data-start=\"2599\" data-end=\"2654\">\n<td data-start=\"2599\" data-end=\"2621\" data-col-size=\"sm\"><strong data-start=\"2601\" data-end=\"2620\">Material der Jacke<\/strong><\/td>\n<td data-start=\"2621\" data-end=\"2654\" data-col-size=\"md\">LSZH (raucharm und halogenfrei)<\/td>\n<\/tr>\n<tr data-start=\"2655\" data-end=\"2711\">\n<td data-start=\"2655\" data-end=\"2676\" data-col-size=\"sm\"><strong data-start=\"2657\" data-end=\"2675\">Kabel-Durchmesser<\/strong><\/td>\n<td data-start=\"2676\" data-end=\"2711\" data-col-size=\"md\">Typischerweise 0,9 mm dicht gepuffert<\/td>\n<\/tr>\n<tr data-start=\"2712\" data-end=\"2803\">\n<td data-start=\"2712\" data-end=\"2740\" data-col-size=\"sm\"><strong data-start=\"2714\" data-end=\"2739\">Betriebstemperatur<\/strong><\/td>\n<td data-start=\"2740\" data-end=\"2803\" data-col-size=\"md\">-40 \u00b0C bis +75\/80 \u00b0C<\/td>\n<\/tr>\n<\/tbody>\n<\/table>\n<\/div>\n<\/div>\n<hr data-start=\"2805\" data-end=\"2808\" \/>\n<h2 data-start=\"2810\" data-end=\"2829\">Anwendungen<\/h2>\n<ul data-start=\"2831\" data-end=\"3082\">\n<li data-start=\"2831\" data-end=\"2892\">\n<p data-start=\"2833\" data-end=\"2892\">Verbindungen zwischen Rechenzentren und Glasfaser-Backbone-Verteilung<\/p>\n<\/li>\n<li data-start=\"2893\" data-end=\"2936\">\n<p data-start=\"2895\" data-end=\"2936\">LAN\/WAN und optische Unternehmensnetze<\/p>\n<\/li>\n<li data-start=\"2937\" data-end=\"2976\">\n<p data-start=\"2939\" data-end=\"2976\">Telekommunikations- und FTTH\/FTTx-Installationen<\/p>\n<\/li>\n<li data-start=\"2977\" data-end=\"3033\">\n<p data-start=\"2979\" data-end=\"3033\">Patchpanels, Glasfasergeh\u00e4use und Telekommunikationsschr\u00e4nke<\/p>\n<\/li>\n<li data-start=\"3034\" data-end=\"3082\">\n<p data-start=\"3036\" data-end=\"3082\">Optische Splei\u00df- und Verteilersysteme f\u00fcr Innenr\u00e4ume<\/p>\n<\/li>\n<\/ul>\n<hr data-start=\"3084\" data-end=\"3087\" \/>\n<h2 data-start=\"3089\" data-end=\"3112\">Fachliche Fragen und Antworten<\/h2>\n<p data-start=\"3114\" data-end=\"3431\"><strong data-start=\"3114\" data-end=\"3159\">Q1: Was bedeutet die Bezeichnung \u201cOM3\u201d?<\/strong><br data-start=\"3159\" data-end=\"3162\" \/><strong data-start=\"3162\" data-end=\"3168\">A:<\/strong> OM3 steht f\u00fcr <strong data-start=\"3184\" data-end=\"3207\">Optischer Multimode 3<\/strong>, ist eine laseroptimierte Multimode-Faser, die f\u00fcr Hochgeschwindigkeitsdaten\u00fcbertragungen (z. B. 10 Gbit\/s und mehr) ausgelegt ist. Sie hat eine Kerngr\u00f6\u00dfe von 50\/125 \u00b5m und eine aquafarbene Ummantelung zur einfachen Identifizierung.<\/p>\n<p data-start=\"3433\" data-end=\"3768\"><strong data-start=\"3433\" data-end=\"3484\">F2: Warum sollten FC\/UPC-Stecker f\u00fcr einen Pigtail gew\u00e4hlt werden?<\/strong><br data-start=\"3484\" data-end=\"3487\" \/><strong data-start=\"3487\" data-end=\"3493\">A:<\/strong> <strong data-start=\"3494\" data-end=\"3515\">FC\/UPC-Stecker<\/strong> bieten eine hervorragende mechanische Best\u00e4ndigkeit und eine stabile optische Leistung mit einem Gewindekupplungsdesign. Die Ultra-Physical Contact (UPC)-Politur reduziert die R\u00fcckreflexion und verbessert die R\u00fcckflussd\u00e4mpfung in Multimode-Systemen.<\/p>\n<p data-start=\"3770\" data-end=\"4093\"><strong data-start=\"3770\" data-end=\"3828\">F3: F\u00fcr welche Umgebungen sind diese Pigtails geeignet?<\/strong><br data-start=\"3828\" data-end=\"3831\" \/><strong data-start=\"3831\" data-end=\"3837\">A:<\/strong> Diese Pigtails sind ideal f\u00fcr Innenr\u00e4ume in der Telekommunikation, in Rechenzentren, B\u00fcrogeb\u00e4uden und Netzwerkverteilerschr\u00e4nken. Die <strong data-start=\"3967\" data-end=\"3982\">LSZH-Jacke<\/strong> gew\u00e4hrleistet die Sicherheit und die Einhaltung von raucharmen, brandsicheren Installationen.<\/p>\n<p data-start=\"4095\" data-end=\"4408\"><strong data-start=\"4095\" data-end=\"4146\">F4: Wie wirkt sich die Einf\u00fcged\u00e4mpfung auf die Leistung aus?<\/strong><br data-start=\"4146\" data-end=\"4149\" \/><strong data-start=\"4149\" data-end=\"4155\">A:<\/strong> Eine geringere Einf\u00fcgungsd\u00e4mpfung bedeutet, dass am Verbindungspunkt weniger Signalleistung verloren geht, was zu einer effizienteren Daten\u00fcbertragung f\u00fchrt - ein entscheidender Faktor in optischen Hochgeschwindigkeitsnetzen. Typische Werte f\u00fcr diese Steckverbinder sind \u2264 0,3 dB.<\/p>","protected":false},"excerpt":{"rendered":"<p>Die <strong data-start=\"313\" data-end=\"348\">FC\/UPC-12core-OM3 Faser-Pigtail<\/strong> ist ein hochwertiges Multimode-Glasfaser-Pigtail, das f\u00fcr zuverl\u00e4ssige optische Hochgeschwindigkeitsnetzwerke und pr\u00e4zise Konnektivit\u00e4tsanwendungen entwickelt wurde. Mit einem robusten, aber leichten LSZH-Mantel und hochpr\u00e4zisen FC\/UPC-Steckern bietet dieses 12-Faser-Pigtail <strong data-start=\"612\" data-end=\"672\">best\u00e4ndige Leistung, geringe Verluste und \u00fcberragende Stabilit\u00e4t<\/strong> in anspruchsvollen Kommunikationssystemen.<\/p>","protected":false},"featured_media":640,"comment_status":"open","ping_status":"closed","template":"","meta":[],"product_brand":[],"product_cat":[43],"product_tag":[],"class_list":{"0":"post-639","1":"product","2":"type-product","3":"status-publish","4":"has-post-thumbnail","6":"product_cat-12-core-fiber-pigtail","8":"first","9":"instock","10":"shipping-taxable","11":"product-type-simple"},"_links":{"self":[{"href":"https:\/\/www.fenxifiber.com\/de\/wp-json\/wp\/v2\/product\/639","targetHints":{"allow":["GET"]}}],"collection":[{"href":"https:\/\/www.fenxifiber.com\/de\/wp-json\/wp\/v2\/product"}],"about":[{"href":"https:\/\/www.fenxifiber.com\/de\/wp-json\/wp\/v2\/types\/product"}],"replies":[{"embeddable":true,"href":"https:\/\/www.fenxifiber.com\/de\/wp-json\/wp\/v2\/comments?post=639"}],"wp:featuredmedia":[{"embeddable":true,"href":"https:\/\/www.fenxifiber.com\/de\/wp-json\/wp\/v2\/media\/640"}],"wp:attachment":[{"href":"https:\/\/www.fenxifiber.com\/de\/wp-json\/wp\/v2\/media?parent=639"}],"wp:term":[{"taxonomy":"product_brand","embeddable":true,"href":"https:\/\/www.fenxifiber.com\/de\/wp-json\/wp\/v2\/product_brand?post=639"},{"taxonomy":"product_cat","embeddable":true,"href":"https:\/\/www.fenxifiber.com\/de\/wp-json\/wp\/v2\/product_cat?post=639"},{"taxonomy":"product_tag","embeddable":true,"href":"https:\/\/www.fenxifiber.com\/de\/wp-json\/wp\/v2\/product_tag?post=639"}],"curies":[{"name":"wp","href":"https:\/\/api.w.org\/{rel}","templated":true}]}}