{"id":643,"date":"2026-02-03T05:32:11","date_gmt":"2026-02-03T05:32:11","guid":{"rendered":"https:\/\/www.fenxifiber.com\/?post_type=product&#038;p=643"},"modified":"2026-02-04T00:59:40","modified_gmt":"2026-02-04T00:59:40","slug":"st-upc-12core-om3-faser-pigtail","status":"publish","type":"product","link":"https:\/\/www.fenxifiber.com\/de\/product\/st-upc-12core-om3-fiber-pigtail\/","title":{"rendered":"ST\/UPC-12core-OM3 Glasfaser-Pigtail - Robuste Feldkonnektivit\u00e4t"},"content":{"rendered":"<h2 data-start=\"2082\" data-end=\"2116\">\ud83d\udd0d <strong data-start=\"2089\" data-end=\"2116\">Hauptmerkmale und Vorteile<\/strong><\/h2>\n<ul data-start=\"2118\" data-end=\"2551\">\n<li data-start=\"2118\" data-end=\"2206\">\n<p data-start=\"2120\" data-end=\"2206\"><strong data-start=\"2120\" data-end=\"2140\">ST\/UPC-Stecker<\/strong> mit Bajonettverschluss erm\u00f6glicht eine schnelle Plug-and-Play-Installation.<\/p>\n<\/li>\n<li data-start=\"2207\" data-end=\"2308\">\n<p data-start=\"2209\" data-end=\"2308\"><strong data-start=\"2209\" data-end=\"2244\">Hochwertiger polierter Stecker<\/strong> sorgt f\u00fcr geringe Einf\u00fcgungsd\u00e4mpfung und hervorragende optische Leistung.<\/p>\n<\/li>\n<li data-start=\"2309\" data-end=\"2392\">\n<p data-start=\"2311\" data-end=\"2392\"><strong data-start=\"2311\" data-end=\"2334\">OM3 Multimode-Faser<\/strong> liefert hohe Bandbreiten \u00fcber kurze bis mittlere Entfernungen.<\/p>\n<\/li>\n<li data-start=\"2393\" data-end=\"2468\">\n<p data-start=\"2395\" data-end=\"2468\"><strong data-start=\"2395\" data-end=\"2426\">Langlebige und flexible Jacke<\/strong> mit LSZH-Material f\u00fcr mehr Sicherheit.<\/p>\n<\/li>\n<li data-start=\"2469\" data-end=\"2551\">\n<p data-start=\"2471\" data-end=\"2551\"><strong data-start=\"2471\" data-end=\"2489\">12-Kern-Design<\/strong> unterst\u00fctzt die parallele \u00dcbertragung und eine hohe Anschlussdichte.<\/p>\n<\/li>\n<\/ul>\n<hr data-start=\"2553\" data-end=\"2556\" \/>\n<h2 data-start=\"2558\" data-end=\"2609\">\ud83d\udcca <strong data-start=\"2564\" data-end=\"2609\">ST\/UPC-12core-OM3 Technische Spezifikation<\/strong><\/h2>\n<div class=\"TyagGW_tableContainer\">\n<div class=\"group TyagGW_tableWrapper flex flex-col-reverse w-fit\" tabindex=\"-1\">\n<table class=\"w-fit min-w-(--thread-content-width)\" data-start=\"2611\" data-end=\"3051\">\n<thead data-start=\"2611\" data-end=\"2648\">\n<tr data-start=\"2611\" data-end=\"2648\">\n<th class=\"\" data-start=\"2611\" data-end=\"2627\" data-col-size=\"sm\"><strong data-start=\"2613\" data-end=\"2626\">Parameter<\/strong><\/th>\n<th class=\"\" data-start=\"2627\" data-end=\"2648\" data-col-size=\"sm\"><strong data-start=\"2629\" data-end=\"2646\">Spezifikation<\/strong><\/th>\n<\/tr>\n<\/thead>\n<tbody data-start=\"2687\" data-end=\"3051\">\n<tr data-start=\"2687\" data-end=\"2734\">\n<td data-start=\"2687\" data-end=\"2702\" data-col-size=\"sm\">Produktname<\/td>\n<td data-start=\"2702\" data-end=\"2734\" data-col-size=\"sm\">ST\/UPC 12-Kern-Glasfaser-Pigtail<\/td>\n<\/tr>\n<tr data-start=\"2735\" data-end=\"2777\">\n<td data-start=\"2735\" data-end=\"2748\" data-col-size=\"sm\">Faser-Typ<\/td>\n<td data-start=\"2748\" data-end=\"2777\" data-col-size=\"sm\">Multimode OM3 (50\/125 \u00b5m)<\/td>\n<\/tr>\n<tr data-start=\"2778\" data-end=\"2805\">\n<td data-start=\"2778\" data-end=\"2795\" data-col-size=\"sm\">Stecker Typ<\/td>\n<td data-start=\"2795\" data-end=\"2805\" data-col-size=\"sm\">ST\/UPC<\/td>\n<\/tr>\n<tr data-start=\"2806\" data-end=\"2835\">\n<td data-start=\"2806\" data-end=\"2823\" data-col-size=\"sm\">Einf\u00fcged\u00e4mpfung<\/td>\n<td data-start=\"2823\" data-end=\"2835\" data-col-size=\"sm\">\u2264 0,3 dB<\/td>\n<\/tr>\n<tr data-start=\"2836\" data-end=\"2861\">\n<td data-start=\"2836\" data-end=\"2850\" data-col-size=\"sm\">R\u00fcckflussd\u00e4mpfung<\/td>\n<td data-start=\"2850\" data-end=\"2861\" data-col-size=\"sm\">\u2265 30 dB<\/td>\n<\/tr>\n<tr data-start=\"2862\" data-end=\"2899\">\n<td data-start=\"2862\" data-end=\"2875\" data-col-size=\"sm\">Dauerhaftigkeit<\/td>\n<td data-start=\"2875\" data-end=\"2899\" data-col-size=\"sm\">\u2265 1000 Steckzyklen<\/td>\n<\/tr>\n<tr data-start=\"2900\" data-end=\"2943\">\n<td data-start=\"2900\" data-end=\"2923\" data-col-size=\"sm\">Betriebswellenl\u00e4nge<\/td>\n<td data-start=\"2923\" data-end=\"2943\" data-col-size=\"sm\">850 nm &amp; 1300 nm<\/td>\n<\/tr>\n<tr data-start=\"2944\" data-end=\"2970\">\n<td data-start=\"2944\" data-end=\"2962\" data-col-size=\"sm\">Material der Jacke<\/td>\n<td data-start=\"2962\" data-end=\"2970\" data-col-size=\"sm\">LSZH<\/td>\n<\/tr>\n<tr data-start=\"2971\" data-end=\"3013\">\n<td data-start=\"2971\" data-end=\"2988\" data-col-size=\"sm\">Kabel-Durchmesser<\/td>\n<td data-start=\"2988\" data-end=\"3013\" data-col-size=\"sm\">0,9 mm dicht gepuffert<\/td>\n<\/tr>\n<tr data-start=\"3014\" data-end=\"3051\">\n<td data-start=\"3014\" data-end=\"3031\" data-col-size=\"sm\">Betriebstemperatur<\/td>\n<td data-start=\"3031\" data-end=\"3051\" data-col-size=\"sm\">-40 \u00b0C bis +80 \u00b0C<\/td>\n<\/tr>\n<\/tbody>\n<\/table>\n<\/div>\n<\/div>\n<hr data-start=\"3053\" data-end=\"3056\" \/>\n<h2 data-start=\"3058\" data-end=\"3091\">\ud83d\udccc <strong data-start=\"3064\" data-end=\"3091\">Allgemeine berufliche Fragen und Antworten<\/strong><\/h2>\n<p data-start=\"3093\" data-end=\"3324\"><strong data-start=\"3093\" data-end=\"3152\">Q1: Was ist der Unterschied zwischen LC- und ST-Steckverbindern?<\/strong><br data-start=\"3152\" data-end=\"3155\" \/><strong data-start=\"3155\" data-end=\"3161\">A:<\/strong> LC-Stecker sind kleiner und haben eine Verriegelung f\u00fcr <strong data-start=\"3211\" data-end=\"3234\">hochverdichtete Platten<\/strong>, w\u00e4hrend die ST-Steckverbinder ein <strong data-start=\"3262\" data-end=\"3284\">Bajonett-Drehverschluss<\/strong> ideal f\u00fcr alte oder industrielle Verkabelung.<\/p>\n<p data-start=\"3326\" data-end=\"3532\"><strong data-start=\"3326\" data-end=\"3385\">F2: Warum sollte man OM3 Multimode gegen\u00fcber OM1\/OM2 f\u00fcr Pigtails w\u00e4hlen?<\/strong><br data-start=\"3385\" data-end=\"3388\" \/><strong data-start=\"3388\" data-end=\"3394\">A:<\/strong> OM3 ist optimiert f\u00fcr <strong data-start=\"3416\" data-end=\"3444\">laserbasierte \u00dcbertragung<\/strong>, die h\u00f6here Geschwindigkeiten und gr\u00f6\u00dfere Entfernungen (z. B. 10 Gbit\/s+) bei besserer Bandbreite unterst\u00fctzen.<\/p>\n<p data-start=\"3534\" data-end=\"3709\"><strong data-start=\"3534\" data-end=\"3561\">F3: Was bedeutet UPC?<\/strong><br data-start=\"3561\" data-end=\"3564\" \/><strong data-start=\"3564\" data-end=\"3570\">A:<\/strong> UPC steht f\u00fcr <strong data-start=\"3586\" data-end=\"3611\">Ultra-Physik-Kontakt<\/strong> Polieren - es reduziert die R\u00fcckreflexion und verbessert die R\u00fcckflussd\u00e4mpfung f\u00fcr eine stabilere optische Leistung.<\/p>\n<p data-start=\"3711\" data-end=\"3939\"><strong data-start=\"3711\" data-end=\"3755\">F4: K\u00f6nnen diese Pigtails im Freien verwendet werden?<\/strong><br data-start=\"3755\" data-end=\"3758\" \/><strong data-start=\"3758\" data-end=\"3764\">A:<\/strong> Diese speziellen Versionen sind in der Regel f\u00fcr <strong data-start=\"3807\" data-end=\"3849\">Geh\u00e4use f\u00fcr den Innen- oder gesch\u00fctzten Au\u00dfenbereich<\/strong> (LSZH-Mantel). F\u00fcr den Einsatz im Freien werden gepanzerte oder f\u00fcr den Au\u00dfenbereich geeignete Kabelvarianten empfohlen.<\/p>","protected":false},"excerpt":{"rendered":"<p data-start=\"1792\" data-end=\"2080\">Die <strong data-start=\"1796\" data-end=\"1831\">ST\/UPC-12core-OM3 Glasfaser-Pigtail<\/strong> kombiniert traditionelle ST-Bajonettverschl\u00fcsse mit modernen OM3-Multimode-Glasfasern. Dieses Pigtail wurde f\u00fcr Installationen entwickelt, bei denen Benutzerfreundlichkeit und eine zuverl\u00e4ssige Verbindung von entscheidender Bedeutung sind, und ist ideal f\u00fcr strukturierte Verkabelungen, Campus- und Industrienetzwerke.<\/p>","protected":false},"featured_media":644,"comment_status":"open","ping_status":"closed","template":"","meta":[],"product_brand":[],"product_cat":[43],"product_tag":[],"class_list":{"0":"post-643","1":"product","2":"type-product","3":"status-publish","4":"has-post-thumbnail","6":"product_cat-12-core-fiber-pigtail","8":"first","9":"instock","10":"shipping-taxable","11":"product-type-simple"},"_links":{"self":[{"href":"https:\/\/www.fenxifiber.com\/de\/wp-json\/wp\/v2\/product\/643","targetHints":{"allow":["GET"]}}],"collection":[{"href":"https:\/\/www.fenxifiber.com\/de\/wp-json\/wp\/v2\/product"}],"about":[{"href":"https:\/\/www.fenxifiber.com\/de\/wp-json\/wp\/v2\/types\/product"}],"replies":[{"embeddable":true,"href":"https:\/\/www.fenxifiber.com\/de\/wp-json\/wp\/v2\/comments?post=643"}],"wp:featuredmedia":[{"embeddable":true,"href":"https:\/\/www.fenxifiber.com\/de\/wp-json\/wp\/v2\/media\/644"}],"wp:attachment":[{"href":"https:\/\/www.fenxifiber.com\/de\/wp-json\/wp\/v2\/media?parent=643"}],"wp:term":[{"taxonomy":"product_brand","embeddable":true,"href":"https:\/\/www.fenxifiber.com\/de\/wp-json\/wp\/v2\/product_brand?post=643"},{"taxonomy":"product_cat","embeddable":true,"href":"https:\/\/www.fenxifiber.com\/de\/wp-json\/wp\/v2\/product_cat?post=643"},{"taxonomy":"product_tag","embeddable":true,"href":"https:\/\/www.fenxifiber.com\/de\/wp-json\/wp\/v2\/product_tag?post=643"}],"curies":[{"name":"wp","href":"https:\/\/api.w.org\/{rel}","templated":true}]}}