{"id":653,"date":"2026-02-03T05:49:41","date_gmt":"2026-02-03T05:49:41","guid":{"rendered":"https:\/\/www.fenxifiber.com\/?post_type=product&#038;p=653"},"modified":"2026-02-04T01:21:32","modified_gmt":"2026-02-04T01:21:32","slug":"fc-upc-fc-upc-50-125-dx","status":"publish","type":"product","link":"https:\/\/www.fenxifiber.com\/de\/product\/fc-upc-fc-upc-50-125-dx\/","title":{"rendered":"FC\/UPC-FC\/UPC-50\/125-DX Multimode-Glasfaser-Patchkabel"},"content":{"rendered":"<h3 data-start=\"775\" data-end=\"825\"><strong data-start=\"779\" data-end=\"825\">Entwickelt f\u00fcr saubere, stabile optische Verbindungen<\/strong><\/h3>\n<p data-start=\"827\" data-end=\"1143\">Anders als Push-Pull-Steckverbinder verwenden FC-Steckverbinder eine <strong data-start=\"876\" data-end=\"907\">Pr\u00e4zisions-Anschraubkupplung<\/strong>, Dies verhindert Mikrobewegungen, die zu Signalschwankungen f\u00fchren k\u00f6nnen. Gepaart mit <strong data-start=\"991\" data-end=\"1033\">UPC-Polieren (Ultra Physical Contact)<\/strong>, Die Faserendfl\u00e4chen bilden einen engen, glatten physischen Kontakt, der R\u00fcckreflexionen und Einf\u00fcged\u00e4mpfung minimiert.<\/p>\n<p data-start=\"1145\" data-end=\"1290\">Das Ergebnis ist ein Glasfaser-Patchkabel, das <strong data-start=\"1192\" data-end=\"1226\">gleichbleibende optische Leistung<\/strong> auch in elektrisch verrauschten oder mechanisch aktiven Umgebungen.<\/p>\n<hr data-start=\"1292\" data-end=\"1295\" \/>\n<h3 data-start=\"1297\" data-end=\"1333\"><strong data-start=\"1301\" data-end=\"1333\">Wichtige technische Spezifikationen<\/strong><\/h3>\n<div class=\"TyagGW_tableContainer\">\n<div class=\"group TyagGW_tableWrapper flex flex-col-reverse w-fit\" tabindex=\"-1\">\n<table class=\"w-fit min-w-(--thread-content-width)\" data-start=\"1335\" data-end=\"1859\">\n<thead data-start=\"1335\" data-end=\"1374\">\n<tr data-start=\"1335\" data-end=\"1374\">\n<th class=\"\" data-start=\"1335\" data-end=\"1347\" data-col-size=\"sm\">Parameter<\/th>\n<th class=\"\" data-start=\"1347\" data-end=\"1374\" data-col-size=\"sm\">FC\/UPC\u2013FC\/UPC-50\/125-DX<\/th>\n<\/tr>\n<\/thead>\n<tbody data-start=\"1403\" data-end=\"1859\">\n<tr data-start=\"1403\" data-end=\"1439\">\n<td data-start=\"1403\" data-end=\"1416\" data-col-size=\"sm\">Faser-Typ<\/td>\n<td data-col-size=\"sm\" data-start=\"1416\" data-end=\"1439\">Multimode 50\/125 \u03bcm<\/td>\n<\/tr>\n<tr data-start=\"1440\" data-end=\"1477\">\n<td data-start=\"1440\" data-end=\"1453\" data-col-size=\"sm\">Faser-Modus<\/td>\n<td data-col-size=\"sm\" data-start=\"1453\" data-end=\"1477\">OM2 \/ OM3 kompatibel<\/td>\n<\/tr>\n<tr data-start=\"1478\" data-end=\"1509\">\n<td data-start=\"1478\" data-end=\"1494\" data-col-size=\"sm\">Konfiguration<\/td>\n<td data-col-size=\"sm\" data-start=\"1494\" data-end=\"1509\">Duplex (DX)<\/td>\n<\/tr>\n<tr data-start=\"1510\" data-end=\"1536\">\n<td data-start=\"1510\" data-end=\"1524\" data-col-size=\"sm\">Anschluss A<\/td>\n<td data-col-size=\"sm\" data-start=\"1524\" data-end=\"1536\">FC \/ UPC<\/td>\n<\/tr>\n<tr data-start=\"1537\" data-end=\"1563\">\n<td data-start=\"1537\" data-end=\"1551\" data-col-size=\"sm\">Anschluss B<\/td>\n<td data-col-size=\"sm\" data-start=\"1551\" data-end=\"1563\">FC \/ UPC<\/td>\n<\/tr>\n<tr data-start=\"1564\" data-end=\"1607\">\n<td data-start=\"1564\" data-end=\"1587\" data-col-size=\"sm\">Betriebswellenl\u00e4nge<\/td>\n<td data-start=\"1587\" data-end=\"1607\" data-col-size=\"sm\">850 nm \/ 1300 nm<\/td>\n<\/tr>\n<tr data-start=\"1608\" data-end=\"1638\">\n<td data-start=\"1608\" data-end=\"1625\" data-col-size=\"sm\">Einf\u00fcged\u00e4mpfung<\/td>\n<td data-col-size=\"sm\" data-start=\"1625\" data-end=\"1638\">\u2264 0,30 dB<\/td>\n<\/tr>\n<tr data-start=\"1639\" data-end=\"1670\">\n<td data-start=\"1639\" data-end=\"1653\" data-col-size=\"sm\">R\u00fcckflussd\u00e4mpfung<\/td>\n<td data-col-size=\"sm\" data-start=\"1653\" data-end=\"1670\">\u2265 30 dB (UPC)<\/td>\n<\/tr>\n<tr data-start=\"1671\" data-end=\"1701\">\n<td data-start=\"1671\" data-end=\"1686\" data-col-size=\"sm\">Kabelmantel<\/td>\n<td data-col-size=\"sm\" data-start=\"1686\" data-end=\"1701\">LSZH oder PVC<\/td>\n<\/tr>\n<tr data-start=\"1702\" data-end=\"1732\">\n<td data-start=\"1702\" data-end=\"1721\" data-col-size=\"sm\">Zugfestigkeit<\/td>\n<td data-col-size=\"sm\" data-start=\"1721\" data-end=\"1732\">\u2265 200 N<\/td>\n<\/tr>\n<tr data-start=\"1733\" data-end=\"1771\">\n<td data-start=\"1733\" data-end=\"1746\" data-col-size=\"sm\">Dauerhaftigkeit<\/td>\n<td data-col-size=\"sm\" data-start=\"1746\" data-end=\"1771\">\u2265 1.000 Steckzyklen<\/td>\n<\/tr>\n<tr data-start=\"1772\" data-end=\"1816\">\n<td data-start=\"1772\" data-end=\"1796\" data-col-size=\"sm\">Betriebstemperatur<\/td>\n<td data-col-size=\"sm\" data-start=\"1796\" data-end=\"1816\">-10 \u00b0C bis +70 \u00b0C<\/td>\n<\/tr>\n<tr data-start=\"1817\" data-end=\"1859\">\n<td data-start=\"1817\" data-end=\"1830\" data-col-size=\"sm\">Einhaltung der Vorschriften<\/td>\n<td data-col-size=\"sm\" data-start=\"1830\" data-end=\"1859\">IEC, TIA-568, RoHS, REACH<\/td>\n<\/tr>\n<\/tbody>\n<\/table>\n<\/div>\n<\/div>\n<hr data-start=\"1861\" data-end=\"1864\" \/>\n<h3 data-start=\"1866\" data-end=\"1906\"><strong data-start=\"1870\" data-end=\"1906\">Wie es sich in realen Netzwerken verh\u00e4lt<\/strong><\/h3>\n<p data-start=\"1908\" data-end=\"1977\">Unter <strong data-start=\"1911\" data-end=\"1921\">850 nm<\/strong>, 50\/125 \u03bcm Multimode-Faser unterst\u00fctzt Datenraten wie:<\/p>\n<ul data-start=\"1979\" data-end=\"2066\">\n<li data-start=\"1979\" data-end=\"2017\">\n<p data-start=\"1981\" data-end=\"2017\"><strong data-start=\"1981\" data-end=\"2015\">10G Ethernet bis zu 300 m (OM3)<\/strong><\/p>\n<\/li>\n<li data-start=\"2018\" data-end=\"2066\">\n<p data-start=\"2020\" data-end=\"2066\"><strong data-start=\"2020\" data-end=\"2066\">40G \/ 100G parallele Optiken bis zu 100-150 m<\/strong><\/p>\n<\/li>\n<\/ul>\n<p data-start=\"2068\" data-end=\"2116\">Damit ist das FC\/UPC-FC\/UPC-DX-Kabel ideal f\u00fcr:<\/p>\n<ul data-start=\"2118\" data-end=\"2255\">\n<li data-start=\"2118\" data-end=\"2146\">\n<p data-start=\"2120\" data-end=\"2146\"><strong data-start=\"2120\" data-end=\"2146\">Optische Pr\u00fcfger\u00e4te<\/strong><\/p>\n<\/li>\n<li data-start=\"2147\" data-end=\"2172\">\n<p data-start=\"2149\" data-end=\"2172\"><strong data-start=\"2149\" data-end=\"2172\">Industrielles Ethernet<\/strong><\/p>\n<\/li>\n<li data-start=\"2173\" data-end=\"2194\">\n<p data-start=\"2175\" data-end=\"2194\"><strong data-start=\"2175\" data-end=\"2194\">Campus-Netzwerke<\/strong><\/p>\n<\/li>\n<li data-start=\"2195\" data-end=\"2223\">\n<p data-start=\"2197\" data-end=\"2223\"><strong data-start=\"2197\" data-end=\"2223\">Veraltete Telekommunikationssysteme<\/strong><\/p>\n<\/li>\n<li data-start=\"2224\" data-end=\"2255\">\n<p data-start=\"2226\" data-end=\"2255\"><strong data-start=\"2226\" data-end=\"2255\">Faserverteiler<\/strong><\/p>\n<\/li>\n<\/ul>\n<hr data-start=\"2257\" data-end=\"2260\" \/>\n<h3 data-start=\"2262\" data-end=\"2309\"><strong data-start=\"2266\" data-end=\"2309\">Gebaut f\u00fcr Zuverl\u00e4ssigkeit und Reproduzierbarkeit<\/strong><\/h3>\n<p data-start=\"2311\" data-end=\"2473\">Jedes Patchkabel ist werkseitig konfektioniert und poliert mit <strong data-start=\"2368\" data-end=\"2403\">hochpr\u00e4zise Keramikh\u00fclsen<\/strong> und erf\u00e4hrt <strong data-start=\"2418\" data-end=\"2442\">100% optische Pr\u00fcfung<\/strong> vor der Verschiffung. Dies gew\u00e4hrleistet:<\/p>\n<ul data-start=\"2475\" data-end=\"2615\">\n<li data-start=\"2475\" data-end=\"2508\">\n<p data-start=\"2477\" data-end=\"2508\">Pr\u00e4zise Ausrichtung des Faserkerns<\/p>\n<\/li>\n<li data-start=\"2509\" data-end=\"2552\">\n<p data-start=\"2511\" data-end=\"2552\">Geringe Einf\u00fcgungsd\u00e4mpfung \u00fcber beide Kan\u00e4le<\/p>\n<\/li>\n<li data-start=\"2553\" data-end=\"2615\">\n<p data-start=\"2555\" data-end=\"2615\">Konsistente Leistung in Systemen mit hoher Dichte oder kritischen Systemen<\/p>\n<\/li>\n<\/ul>\n<p data-start=\"2617\" data-end=\"2731\">Die Option LSZH-Jacke unterst\u00fctzt au\u00dferdem <strong data-start=\"2654\" data-end=\"2689\">moderne Anforderungen an den Brandschutz<\/strong> in Rechenzentren und Gesch\u00e4ftsgeb\u00e4uden.<\/p>\n<hr data-start=\"2733\" data-end=\"2736\" \/>\n<h2 data-start=\"2738\" data-end=\"2761\"><strong data-start=\"2741\" data-end=\"2761\">Fachliche Fragen und Antworten<\/strong><\/h2>\n<p data-start=\"2763\" data-end=\"2975\"><strong data-start=\"2763\" data-end=\"2814\">Q1: Was bedeutet \u201c50\/125\u201d in diesem Patchkabel?<\/strong><br data-start=\"2814\" data-end=\"2817\" \/>Sie bezieht sich auf die Gr\u00f6\u00dfe des Faserkerns und der Ummantelung - <strong data-start=\"2865\" data-end=\"2899\">50 \u03bcm Kern und 125 \u03bcm Ummantelung<\/strong>, der Standard f\u00fcr Multimode-Fasern, die in LAN- und Rechenzentrumsumgebungen verwendet werden.<\/p>\n<p data-start=\"2977\" data-end=\"3169\"><strong data-start=\"2977\" data-end=\"3027\">F2: Warum sollten FC-Stecker anstelle von LC- oder SC-Steckern verwendet werden?<\/strong><br data-start=\"3027\" data-end=\"3030\" \/>FC-Steckverbinder bieten <strong data-start=\"3052\" data-end=\"3072\">Gewindesicherung<\/strong>, die Bewegung verhindert und ideal ist f\u00fcr <strong data-start=\"3115\" data-end=\"3168\">vibrationsempfindliche oder Pr\u00fcfger\u00e4teverbindungen<\/strong>.<\/p>\n<p data-start=\"3171\" data-end=\"3312\"><strong data-start=\"3171\" data-end=\"3219\">F3: Ist dieses Kabel f\u00fcr 10G-Netzwerke geeignet?<\/strong><br data-start=\"3219\" data-end=\"3222\" \/>Ja. Mit OM3-Grade 50\/125-Glasfaser unterst\u00fctzt es <strong data-start=\"3268\" data-end=\"3311\">10G Ethernet bis zu 300 Meter bei 850 nm<\/strong>.<\/p>\n<p data-start=\"3314\" data-end=\"3517\"><strong data-start=\"3314\" data-end=\"3364\">F4: Kann es in industriellen Umgebungen eingesetzt werden?<\/strong><br data-start=\"3364\" data-end=\"3367\" \/>Unbedingt. Die FC-Schraubkonstruktion bietet eine hervorragende Vibrationsfestigkeit und eignet sich daher gut f\u00fcr <strong data-start=\"3470\" data-end=\"3516\">Fabrikb\u00f6den, Labore und Au\u00dfenschr\u00e4nke<\/strong>.<\/p>","protected":false},"excerpt":{"rendered":"<p data-start=\"65\" data-end=\"499\">Die <strong data-start=\"69\" data-end=\"96\">FC\/UPC\u2013FC\/UPC-50\/125-DX<\/strong> ist ein pr\u00e4zisionsgefertigtes <strong data-start=\"118\" data-end=\"154\">Multimode-Lichtwellenleiter-Patchkabel<\/strong> entwickelt f\u00fcr stabile, verlustarme optische Verbindungen in Telekommunikationsr\u00e4umen, Labors, industriellen Netzwerken und \u00e4lteren Backbone-Systemen, die noch auf <strong data-start=\"305\" data-end=\"331\">FC-Gewindeanschl\u00fcsse<\/strong>.<br data-start=\"332\" data-end=\"335\" \/>Verwendung von <strong data-start=\"341\" data-end=\"370\">50\/125 \u03bcm Multimode-Faser<\/strong>, Dieses Duplex (DX)-Patchkabel bietet eine zuverl\u00e4ssige \u00dcbertragung \u00fcber kurze bis mittlere Entfernungen f\u00fcr <strong data-start=\"460\" data-end=\"482\">850 nm und 1300 nm<\/strong> optische Systeme.<\/p>\n<p data-start=\"501\" data-end=\"768\">FC-Steckverbinder sind weithin anerkannt f\u00fcr ihre <strong data-start=\"547\" data-end=\"606\">hervorragende Vibrationsfestigkeit und mechanische Stabilit\u00e4t<\/strong>, Dadurch ist dieses Modell besonders geeignet f\u00fcr <strong data-start=\"650\" data-end=\"728\">Pr\u00fcfger\u00e4te, optische Verteiler und industrielle Umgebungen<\/strong> wo eine sichere Faserverriegelung erforderlich ist.<\/p>","protected":false},"featured_media":655,"comment_status":"open","ping_status":"closed","template":"","meta":[],"product_brand":[],"product_cat":[44],"product_tag":[],"class_list":{"0":"post-653","1":"product","2":"type-product","3":"status-publish","4":"has-post-thumbnail","6":"product_cat-multimode-fiber-optic-patch-cord","8":"first","9":"instock","10":"shipping-taxable","11":"product-type-simple"},"_links":{"self":[{"href":"https:\/\/www.fenxifiber.com\/de\/wp-json\/wp\/v2\/product\/653","targetHints":{"allow":["GET"]}}],"collection":[{"href":"https:\/\/www.fenxifiber.com\/de\/wp-json\/wp\/v2\/product"}],"about":[{"href":"https:\/\/www.fenxifiber.com\/de\/wp-json\/wp\/v2\/types\/product"}],"replies":[{"embeddable":true,"href":"https:\/\/www.fenxifiber.com\/de\/wp-json\/wp\/v2\/comments?post=653"}],"wp:featuredmedia":[{"embeddable":true,"href":"https:\/\/www.fenxifiber.com\/de\/wp-json\/wp\/v2\/media\/655"}],"wp:attachment":[{"href":"https:\/\/www.fenxifiber.com\/de\/wp-json\/wp\/v2\/media?parent=653"}],"wp:term":[{"taxonomy":"product_brand","embeddable":true,"href":"https:\/\/www.fenxifiber.com\/de\/wp-json\/wp\/v2\/product_brand?post=653"},{"taxonomy":"product_cat","embeddable":true,"href":"https:\/\/www.fenxifiber.com\/de\/wp-json\/wp\/v2\/product_cat?post=653"},{"taxonomy":"product_tag","embeddable":true,"href":"https:\/\/www.fenxifiber.com\/de\/wp-json\/wp\/v2\/product_tag?post=653"}],"curies":[{"name":"wp","href":"https:\/\/api.w.org\/{rel}","templated":true}]}}