{"id":656,"date":"2026-02-03T05:55:05","date_gmt":"2026-02-03T05:55:05","guid":{"rendered":"https:\/\/www.fenxifiber.com\/?post_type=product&#038;p=656"},"modified":"2026-02-04T01:22:27","modified_gmt":"2026-02-04T01:22:27","slug":"fc-upc-lc-upc-50-125-dx","status":"publish","type":"product","link":"https:\/\/www.fenxifiber.com\/de\/product\/fc-upc-lc-upc-50-125-dx\/","title":{"rendered":"FC\/UPC-LC\/UPC-50\/125-DX Multimode-Glasfaser-Patchkabel"},"content":{"rendered":"<h3 data-start=\"620\" data-end=\"671\"><strong data-start=\"624\" data-end=\"671\">Eine intelligente Br\u00fccke zwischen zwei Steckerwelten<\/strong><\/h3>\n<p data-start=\"673\" data-end=\"938\">Viele optische Testger\u00e4te, OTDRs und \u00e4ltere Telekommunikationsger\u00e4te verwenden immer noch <strong data-start=\"741\" data-end=\"753\">FC-Anschl\u00fcsse<\/strong>, w\u00e4hrend moderne Switches, Patchpanels und Transceiver auf <strong data-start=\"817\" data-end=\"834\">LC-Schnittstellen<\/strong>. Dieses Kabel erm\u00f6glicht eine nahtlose Integration zwischen den beiden - ohne Adapter, ohne Signalinstabilit\u00e4t.<\/p>\n<p data-start=\"940\" data-end=\"1142\">Die <strong data-start=\"944\" data-end=\"970\">UPC polierte Endfl\u00e4chen<\/strong> sorgen f\u00fcr einen engen physischen Kontakt zwischen den Fasern und halten <strong data-start=\"1025\" data-end=\"1077\">geringe Einf\u00fcgungsd\u00e4mpfung und kontrollierte Reflexionen<\/strong>, was f\u00fcr eine genaue Signal\u00fcbertragung und Pr\u00fcfung entscheidend ist.<\/p>\n<hr data-start=\"1144\" data-end=\"1147\" \/>\n<h3 data-start=\"1149\" data-end=\"1192\"><strong data-start=\"1153\" data-end=\"1192\">\u00dcberblick \u00fcber Leistung und Konstruktion<\/strong><\/h3>\n<div class=\"TyagGW_tableContainer\">\n<div class=\"group TyagGW_tableWrapper flex flex-col-reverse w-fit\" tabindex=\"-1\">\n<table class=\"w-fit min-w-(--thread-content-width)\" data-start=\"1194\" data-end=\"1705\">\n<thead data-start=\"1194\" data-end=\"1233\">\n<tr data-start=\"1194\" data-end=\"1233\">\n<th class=\"\" data-start=\"1194\" data-end=\"1206\" data-col-size=\"sm\">Parameter<\/th>\n<th class=\"\" data-start=\"1206\" data-end=\"1233\" data-col-size=\"sm\">FC\/UPC\u2013LC\/UPC-50\/125-DX<\/th>\n<\/tr>\n<\/thead>\n<tbody data-start=\"1262\" data-end=\"1705\">\n<tr data-start=\"1262\" data-end=\"1298\">\n<td data-start=\"1262\" data-end=\"1275\" data-col-size=\"sm\">Faser-Typ<\/td>\n<td data-col-size=\"sm\" data-start=\"1275\" data-end=\"1298\">Multimode 50\/125 \u03bcm<\/td>\n<\/tr>\n<tr data-start=\"1299\" data-end=\"1330\">\n<td data-start=\"1299\" data-end=\"1306\" data-col-size=\"sm\">Modus<\/td>\n<td data-start=\"1306\" data-end=\"1330\" data-col-size=\"sm\">OM2 \/ OM3 kompatibel<\/td>\n<\/tr>\n<tr data-start=\"1331\" data-end=\"1362\">\n<td data-start=\"1331\" data-end=\"1347\" data-col-size=\"sm\">Konfiguration<\/td>\n<td data-start=\"1347\" data-end=\"1362\" data-col-size=\"sm\">Duplex (DX)<\/td>\n<\/tr>\n<tr data-start=\"1363\" data-end=\"1389\">\n<td data-start=\"1363\" data-end=\"1377\" data-col-size=\"sm\">Anschluss A<\/td>\n<td data-start=\"1377\" data-end=\"1389\" data-col-size=\"sm\">FC \/ UPC<\/td>\n<\/tr>\n<tr data-start=\"1390\" data-end=\"1416\">\n<td data-start=\"1390\" data-end=\"1404\" data-col-size=\"sm\">Anschluss B<\/td>\n<td data-start=\"1404\" data-end=\"1416\" data-col-size=\"sm\">LC \/ UPC<\/td>\n<\/tr>\n<tr data-start=\"1417\" data-end=\"1460\">\n<td data-start=\"1417\" data-end=\"1440\" data-col-size=\"sm\">Betriebswellenl\u00e4nge<\/td>\n<td data-start=\"1440\" data-end=\"1460\" data-col-size=\"sm\">850 nm \/ 1300 nm<\/td>\n<\/tr>\n<tr data-start=\"1461\" data-end=\"1491\">\n<td data-start=\"1461\" data-end=\"1478\" data-col-size=\"sm\">Einf\u00fcged\u00e4mpfung<\/td>\n<td data-col-size=\"sm\" data-start=\"1478\" data-end=\"1491\">\u2264 0,30 dB<\/td>\n<\/tr>\n<tr data-start=\"1492\" data-end=\"1517\">\n<td data-start=\"1492\" data-end=\"1506\" data-col-size=\"sm\">R\u00fcckflussd\u00e4mpfung<\/td>\n<td data-col-size=\"sm\" data-start=\"1506\" data-end=\"1517\">\u2265 30 dB<\/td>\n<\/tr>\n<tr data-start=\"1518\" data-end=\"1548\">\n<td data-start=\"1518\" data-end=\"1533\" data-col-size=\"sm\">Kabelmantel<\/td>\n<td data-col-size=\"sm\" data-start=\"1533\" data-end=\"1548\">LSZH oder PVC<\/td>\n<\/tr>\n<tr data-start=\"1549\" data-end=\"1579\">\n<td data-start=\"1549\" data-end=\"1568\" data-col-size=\"sm\">Zugfestigkeit<\/td>\n<td data-col-size=\"sm\" data-start=\"1568\" data-end=\"1579\">\u2265 200 N<\/td>\n<\/tr>\n<tr data-start=\"1580\" data-end=\"1618\">\n<td data-start=\"1580\" data-end=\"1600\" data-col-size=\"sm\">Dauerhaftigkeit der Paarung<\/td>\n<td data-col-size=\"sm\" data-start=\"1600\" data-end=\"1618\">\u2265 1.000 Zyklen<\/td>\n<\/tr>\n<tr data-start=\"1619\" data-end=\"1663\">\n<td data-start=\"1619\" data-end=\"1643\" data-col-size=\"sm\">Betriebstemperatur<\/td>\n<td data-col-size=\"sm\" data-start=\"1643\" data-end=\"1663\">-10 \u00b0C bis +70 \u00b0C<\/td>\n<\/tr>\n<tr data-start=\"1664\" data-end=\"1705\">\n<td data-start=\"1664\" data-end=\"1676\" data-col-size=\"sm\">Normen<\/td>\n<td data-col-size=\"sm\" data-start=\"1676\" data-end=\"1705\">IEC, TIA-568, RoHS, REACH<\/td>\n<\/tr>\n<\/tbody>\n<\/table>\n<\/div>\n<\/div>\n<hr data-start=\"1707\" data-end=\"1710\" \/>\n<h3 data-start=\"1712\" data-end=\"1751\"><strong data-start=\"1716\" data-end=\"1751\">Was Sie im realen Einsatz erwarten k\u00f6nnen<\/strong><\/h3>\n<p data-start=\"1753\" data-end=\"1803\">Unter <strong data-start=\"1756\" data-end=\"1766\">850 nm<\/strong>, 50\/125 \u00b5m Multimode-Faser unterst\u00fctzt:<\/p>\n<ul data-start=\"1805\" data-end=\"1896\">\n<li data-start=\"1805\" data-end=\"1841\">\n<p data-start=\"1807\" data-end=\"1841\"><strong data-start=\"1807\" data-end=\"1841\">10G Ethernet bis zu 300 m (OM3)<\/strong><\/p>\n<\/li>\n<li data-start=\"1842\" data-end=\"1896\">\n<p data-start=\"1844\" data-end=\"1896\"><strong data-start=\"1844\" data-end=\"1874\">40G \/ 100G bis zu 100-150 m<\/strong> mit parallelen Optiken<\/p>\n<\/li>\n<\/ul>\n<p data-start=\"1898\" data-end=\"1956\">Dadurch eignet sich das FC-zu-LC-Duplexkabel hervorragend f\u00fcr:<\/p>\n<ul data-start=\"1958\" data-end=\"2126\">\n<li data-start=\"1958\" data-end=\"2002\">\n<p data-start=\"1960\" data-end=\"2002\"><strong data-start=\"1960\" data-end=\"2002\">Optische Pr\u00fcf- und Messger\u00e4te<\/strong><\/p>\n<\/li>\n<li data-start=\"2003\" data-end=\"2029\">\n<p data-start=\"2005\" data-end=\"2029\"><strong data-start=\"2005\" data-end=\"2029\">Patching im Rechenzentrum<\/strong><\/p>\n<\/li>\n<li data-start=\"2030\" data-end=\"2060\">\n<p data-start=\"2032\" data-end=\"2060\"><strong data-start=\"2032\" data-end=\"2060\">Unternehmens-LAN-Backbones<\/strong><\/p>\n<\/li>\n<li data-start=\"2061\" data-end=\"2086\">\n<p data-start=\"2063\" data-end=\"2086\"><strong data-start=\"2063\" data-end=\"2086\">Industrielles Ethernet<\/strong><\/p>\n<\/li>\n<li data-start=\"2087\" data-end=\"2126\">\n<p data-start=\"2089\" data-end=\"2126\"><strong data-start=\"2089\" data-end=\"2126\">Telekommunikations- und Metrozugangsnetze<\/strong><\/p>\n<\/li>\n<\/ul>\n<hr data-start=\"2128\" data-end=\"2131\" \/>\n<h3 data-start=\"2133\" data-end=\"2166\"><strong data-start=\"2137\" data-end=\"2166\">Pr\u00e4zision, auf die Sie sich verlassen k\u00f6nnen<\/strong><\/h3>\n<p data-start=\"2168\" data-end=\"2459\">Jedes FC\/UPC-LC\/UPC-DX-Patchkabel wird aus folgenden Komponenten zusammengesetzt <strong data-start=\"2220\" data-end=\"2251\">Hochwertige Keramikh\u00fclsen<\/strong>, laserausgerichtete Kerne und vollautomatische Polier- und Pr\u00fcfverfahren. Jedes Kabel ist <strong data-start=\"2345\" data-end=\"2370\">100% optisch gepr\u00fcft<\/strong> vor der Auslieferung, um einen gleichm\u00e4\u00dfigen Verlust und eine stabile Leistung auf beiden Faserkan\u00e4len zu gew\u00e4hrleisten.<\/p>\n<p data-start=\"2461\" data-end=\"2579\">Das Ergebnis ist ein Glasfaser-Jumper, der sich am ersten Tag genauso verh\u00e4lt wie nach jahrelangem Einstecken, Abziehen und Umverlegen.<\/p>\n<hr data-start=\"2581\" data-end=\"2584\" \/>\n<h2 data-start=\"2586\" data-end=\"2609\"><strong data-start=\"2589\" data-end=\"2609\">Fachliche Fragen und Antworten<\/strong><\/h2>\n<p data-start=\"2611\" data-end=\"2822\"><strong data-start=\"2611\" data-end=\"2661\">Q1: Warum sollten FC- und LC-Stecker auf einem Kabel gemischt werden?<\/strong><br data-start=\"2661\" data-end=\"2664\" \/>Sie erm\u00f6glicht <strong data-start=\"2674\" data-end=\"2733\">direkte Verbindung zwischen Altger\u00e4ten oder Pr\u00fcfger\u00e4ten (FC)<\/strong> und <strong data-start=\"2738\" data-end=\"2778\">moderne Schalter oder Rangierfelder (LC)<\/strong> ohne Adapter, die zus\u00e4tzliche Verluste verursachen.<\/p>\n<p data-start=\"2824\" data-end=\"3006\"><strong data-start=\"2824\" data-end=\"2879\">F2: Ist dieses Kabel f\u00fcr Hochgeschwindigkeitsnetze geeignet?<\/strong><br data-start=\"2879\" data-end=\"2882\" \/>Ja. Mit OM3-Grade 50\/125-Glasfaser unterst\u00fctzt es <strong data-start=\"2928\" data-end=\"2950\">10G, 40G und 100G<\/strong> Multimode-Anwendungen innerhalb der \u00fcblichen Entfernungsgrenzen.<\/p>\n<p data-start=\"3008\" data-end=\"3186\"><strong data-start=\"3008\" data-end=\"3053\">F3: Was ist der Vorteil des UPC-Polierens?<\/strong><br data-start=\"3053\" data-end=\"3056\" \/>UPC bietet eine <strong data-start=\"3071\" data-end=\"3098\">reibungsloser K\u00f6rperkontakt<\/strong> zwischen den Fasern, wodurch die Einf\u00fcgungsd\u00e4mpfung reduziert und die R\u00fcckflussd\u00e4mpfung auf einem stabilen Niveau gehalten wird. <strong data-start=\"3175\" data-end=\"3185\">\u226530 dB<\/strong>.<\/p>\n<p data-start=\"3188\" data-end=\"3368\"><strong data-start=\"3188\" data-end=\"3227\">F4: Kann es in Rechenzentren verwendet werden?<\/strong><br data-start=\"3227\" data-end=\"3230\" \/>Auf jeden Fall. Das LC-Ende eignet sich f\u00fcr High-Density-Panels und Switches, w\u00e4hrend das FC-Ende problemlos an <strong data-start=\"3328\" data-end=\"3367\">Pr\u00fcfger\u00e4te, ODFs oder \u00e4ltere Ger\u00e4te<\/strong>.<\/p>","protected":false},"excerpt":{"rendered":"<p data-start=\"65\" data-end=\"445\">Die <strong data-start=\"69\" data-end=\"96\">FC\/UPC\u2013LC\/UPC-50\/125-DX<\/strong> ist eine <strong data-start=\"102\" data-end=\"139\">Duplex-Multimode-Glasfaser-Patchkabel<\/strong> entwickelt um zu verbinden <strong data-start=\"160\" data-end=\"189\">instrumentenf\u00e4hige FC-Anschl\u00fcsse<\/strong> mit <strong data-start=\"195\" data-end=\"225\">LC-Schnittstellen mit hoher Dichte<\/strong> in modernen Netzen. Sie kombiniert die <strong data-start=\"262\" data-end=\"312\">mechanische Stabilit\u00e4t von FC-Gewindeverbindern<\/strong> mit dem <strong data-start=\"322\" data-end=\"349\">kompakte Stellfl\u00e4che von LC<\/strong>, Dadurch ist es ideal f\u00fcr Labore, Datenzentren, Telekommunikationsr\u00e4ume und industrielle optische Systeme.<\/p>\n<p data-start=\"447\" data-end=\"613\">Aufgebaut auf <strong data-start=\"456\" data-end=\"485\">50\/125 \u00b5m Multimode-Faser<\/strong>, unterst\u00fctzt dieses Kabel die heute am h\u00e4ufigsten verwendeten <strong data-start=\"532\" data-end=\"554\">850 nm und 1300 nm<\/strong> optische Wellenl\u00e4ngen f\u00fcr die \u00dcbertragung im Nah- und Mittelbereich.<\/p>","protected":false},"featured_media":657,"comment_status":"open","ping_status":"closed","template":"","meta":[],"product_brand":[],"product_cat":[44],"product_tag":[],"class_list":{"0":"post-656","1":"product","2":"type-product","3":"status-publish","4":"has-post-thumbnail","6":"product_cat-multimode-fiber-optic-patch-cord","8":"first","9":"instock","10":"shipping-taxable","11":"product-type-simple"},"_links":{"self":[{"href":"https:\/\/www.fenxifiber.com\/de\/wp-json\/wp\/v2\/product\/656","targetHints":{"allow":["GET"]}}],"collection":[{"href":"https:\/\/www.fenxifiber.com\/de\/wp-json\/wp\/v2\/product"}],"about":[{"href":"https:\/\/www.fenxifiber.com\/de\/wp-json\/wp\/v2\/types\/product"}],"replies":[{"embeddable":true,"href":"https:\/\/www.fenxifiber.com\/de\/wp-json\/wp\/v2\/comments?post=656"}],"wp:featuredmedia":[{"embeddable":true,"href":"https:\/\/www.fenxifiber.com\/de\/wp-json\/wp\/v2\/media\/657"}],"wp:attachment":[{"href":"https:\/\/www.fenxifiber.com\/de\/wp-json\/wp\/v2\/media?parent=656"}],"wp:term":[{"taxonomy":"product_brand","embeddable":true,"href":"https:\/\/www.fenxifiber.com\/de\/wp-json\/wp\/v2\/product_brand?post=656"},{"taxonomy":"product_cat","embeddable":true,"href":"https:\/\/www.fenxifiber.com\/de\/wp-json\/wp\/v2\/product_cat?post=656"},{"taxonomy":"product_tag","embeddable":true,"href":"https:\/\/www.fenxifiber.com\/de\/wp-json\/wp\/v2\/product_tag?post=656"}],"curies":[{"name":"wp","href":"https:\/\/api.w.org\/{rel}","templated":true}]}}