{"id":658,"date":"2026-02-03T05:59:20","date_gmt":"2026-02-03T05:59:20","guid":{"rendered":"https:\/\/www.fenxifiber.com\/?post_type=product&#038;p=658"},"modified":"2026-02-04T01:23:37","modified_gmt":"2026-02-04T01:23:37","slug":"fc-upc-st-upc-50-125-dx","status":"publish","type":"product","link":"https:\/\/www.fenxifiber.com\/de\/product\/fc-upc-st-upc-50-125-dx\/","title":{"rendered":"FC\/UPC-ST\/UPC-50\/125-DX Multimode-Glasfaser-Patchkabel"},"content":{"rendered":"<h3 data-start=\"615\" data-end=\"672\"><strong data-start=\"619\" data-end=\"672\">Entwickelt f\u00fcr Stabilit\u00e4t in anspruchsvollen Installationen<\/strong><\/h3>\n<p data-start=\"674\" data-end=\"946\">Sowohl FC- als auch ST-Stecker sind bekannt f\u00fcr ihre <strong data-start=\"720\" data-end=\"751\">Formschl\u00fcssige Verriegelungen<\/strong>. Die FC-Seite verwendet eine <strong data-start=\"771\" data-end=\"792\">Gewindekupplung<\/strong> um Mikrobewegungen zu verhindern, w\u00e4hrend das ST-Ende mit einem <strong data-start=\"850\" data-end=\"877\">Dreh-Klick-Bajonett<\/strong>, Dadurch ist das Kabel widerstandsf\u00e4hig gegen Vibrationen und versehentliches Trennen der Verbindung.<\/p>\n<p data-start=\"948\" data-end=\"1144\">Mit <strong data-start=\"953\" data-end=\"970\">UPC-Polieren<\/strong> an beiden Enden stellen die Faserkerne einen reibungslosen physischen Kontakt her und halten <strong data-start=\"1035\" data-end=\"1080\">geringe Einf\u00fcged\u00e4mpfung und stabile R\u00fcckflussd\u00e4mpfung<\/strong>, was besonders f\u00fcr Pr\u00fcf- und \u00dcberwachungssysteme wichtig ist.<\/p>\n<hr data-start=\"1146\" data-end=\"1149\" \/>\n<h3 data-start=\"1151\" data-end=\"1176\"><strong data-start=\"1155\" data-end=\"1176\">Technisches Profil<\/strong><\/h3>\n<div class=\"TyagGW_tableContainer\">\n<div class=\"group TyagGW_tableWrapper flex flex-col-reverse w-fit\" tabindex=\"-1\">\n<table class=\"w-fit min-w-(--thread-content-width)\" data-start=\"1178\" data-end=\"1695\">\n<thead data-start=\"1178\" data-end=\"1217\">\n<tr data-start=\"1178\" data-end=\"1217\">\n<th class=\"\" data-start=\"1178\" data-end=\"1190\" data-col-size=\"sm\">Parameter<\/th>\n<th class=\"\" data-start=\"1190\" data-end=\"1217\" data-col-size=\"sm\">FC\/UPC\u2013ST\/UPC-50\/125-DX<\/th>\n<\/tr>\n<\/thead>\n<tbody data-start=\"1246\" data-end=\"1695\">\n<tr data-start=\"1246\" data-end=\"1282\">\n<td data-start=\"1246\" data-end=\"1259\" data-col-size=\"sm\">Faser-Typ<\/td>\n<td data-start=\"1259\" data-end=\"1282\" data-col-size=\"sm\">Multimode 50\/125 \u03bcm<\/td>\n<\/tr>\n<tr data-start=\"1283\" data-end=\"1320\">\n<td data-start=\"1283\" data-end=\"1296\" data-col-size=\"sm\">Faser-Modus<\/td>\n<td data-start=\"1296\" data-end=\"1320\" data-col-size=\"sm\">OM2 \/ OM3 kompatibel<\/td>\n<\/tr>\n<tr data-start=\"1321\" data-end=\"1352\">\n<td data-start=\"1321\" data-end=\"1337\" data-col-size=\"sm\">Konfiguration<\/td>\n<td data-start=\"1337\" data-end=\"1352\" data-col-size=\"sm\">Duplex (DX)<\/td>\n<\/tr>\n<tr data-start=\"1353\" data-end=\"1379\">\n<td data-start=\"1353\" data-end=\"1367\" data-col-size=\"sm\">Anschluss A<\/td>\n<td data-start=\"1367\" data-end=\"1379\" data-col-size=\"sm\">FC \/ UPC<\/td>\n<\/tr>\n<tr data-start=\"1380\" data-end=\"1406\">\n<td data-start=\"1380\" data-end=\"1394\" data-col-size=\"sm\">Anschluss B<\/td>\n<td data-start=\"1394\" data-end=\"1406\" data-col-size=\"sm\">ST \/ UPC<\/td>\n<\/tr>\n<tr data-start=\"1407\" data-end=\"1450\">\n<td data-start=\"1407\" data-end=\"1430\" data-col-size=\"sm\">Betriebswellenl\u00e4nge<\/td>\n<td data-start=\"1430\" data-end=\"1450\" data-col-size=\"sm\">850 nm \/ 1300 nm<\/td>\n<\/tr>\n<tr data-start=\"1451\" data-end=\"1481\">\n<td data-start=\"1451\" data-end=\"1468\" data-col-size=\"sm\">Einf\u00fcged\u00e4mpfung<\/td>\n<td data-start=\"1468\" data-end=\"1481\" data-col-size=\"sm\">\u2264 0,30 dB<\/td>\n<\/tr>\n<tr data-start=\"1482\" data-end=\"1507\">\n<td data-start=\"1482\" data-end=\"1496\" data-col-size=\"sm\">R\u00fcckflussd\u00e4mpfung<\/td>\n<td data-start=\"1496\" data-end=\"1507\" data-col-size=\"sm\">\u2265 30 dB<\/td>\n<\/tr>\n<tr data-start=\"1508\" data-end=\"1538\">\n<td data-start=\"1508\" data-end=\"1523\" data-col-size=\"sm\">Kabelmantel<\/td>\n<td data-col-size=\"sm\" data-start=\"1523\" data-end=\"1538\">LSZH oder PVC<\/td>\n<\/tr>\n<tr data-start=\"1539\" data-end=\"1569\">\n<td data-start=\"1539\" data-end=\"1558\" data-col-size=\"sm\">Zugfestigkeit<\/td>\n<td data-col-size=\"sm\" data-start=\"1558\" data-end=\"1569\">\u2265 200 N<\/td>\n<\/tr>\n<tr data-start=\"1570\" data-end=\"1608\">\n<td data-start=\"1570\" data-end=\"1583\" data-col-size=\"sm\">Dauerhaftigkeit<\/td>\n<td data-col-size=\"sm\" data-start=\"1583\" data-end=\"1608\">\u2265 1.000 Steckzyklen<\/td>\n<\/tr>\n<tr data-start=\"1609\" data-end=\"1653\">\n<td data-start=\"1609\" data-end=\"1633\" data-col-size=\"sm\">Betriebstemperatur<\/td>\n<td data-col-size=\"sm\" data-start=\"1633\" data-end=\"1653\">-10 \u00b0C bis +70 \u00b0C<\/td>\n<\/tr>\n<tr data-start=\"1654\" data-end=\"1695\">\n<td data-start=\"1654\" data-end=\"1666\" data-col-size=\"sm\">Normen<\/td>\n<td data-col-size=\"sm\" data-start=\"1666\" data-end=\"1695\">IEC, TIA-568, RoHS, REACH<\/td>\n<\/tr>\n<\/tbody>\n<\/table>\n<\/div>\n<\/div>\n<hr data-start=\"1697\" data-end=\"1700\" \/>\n<h3 data-start=\"1702\" data-end=\"1732\"><strong data-start=\"1706\" data-end=\"1732\">Leistung in der realen Welt<\/strong><\/h3>\n<p data-start=\"1734\" data-end=\"1805\">Verwendung von <strong data-start=\"1740\" data-end=\"1769\">50\/125 \u00b5m Multimode-Faser<\/strong> unter <strong data-start=\"1773\" data-end=\"1783\">850 nm<\/strong>, unterst\u00fctzt dieses Kabel:<\/p>\n<ul data-start=\"1807\" data-end=\"1894\">\n<li data-start=\"1807\" data-end=\"1843\">\n<p data-start=\"1809\" data-end=\"1843\"><strong data-start=\"1809\" data-end=\"1843\">10G Ethernet bis zu 300 m (OM3)<\/strong><\/p>\n<\/li>\n<li data-start=\"1844\" data-end=\"1894\">\n<p data-start=\"1846\" data-end=\"1894\"><strong data-start=\"1846\" data-end=\"1894\">40G und 100G Multimode-Verbindungen bis zu 100-150 m<\/strong><\/p>\n<\/li>\n<\/ul>\n<p data-start=\"1896\" data-end=\"1923\">Dies macht es geeignet f\u00fcr:<\/p>\n<ul data-start=\"1925\" data-end=\"2094\">\n<li data-start=\"1925\" data-end=\"1959\">\n<p data-start=\"1927\" data-end=\"1959\"><strong data-start=\"1927\" data-end=\"1959\">Industrielle Ethernet-Netzwerke<\/strong><\/p>\n<\/li>\n<li data-start=\"1960\" data-end=\"1995\">\n<p data-start=\"1962\" data-end=\"1995\"><strong data-start=\"1962\" data-end=\"1995\">Backbones f\u00fcr Campus und Geb\u00e4ude<\/strong><\/p>\n<\/li>\n<li data-start=\"1996\" data-end=\"2022\">\n<p data-start=\"1998\" data-end=\"2022\"><strong data-start=\"1998\" data-end=\"2022\">Faserpr\u00fcfger\u00e4te<\/strong><\/p>\n<\/li>\n<li data-start=\"2023\" data-end=\"2056\">\n<p data-start=\"2025\" data-end=\"2056\"><strong data-start=\"2025\" data-end=\"2056\">Optische Verteilerrahmen<\/strong><\/p>\n<\/li>\n<li data-start=\"2057\" data-end=\"2094\">\n<p data-start=\"2059\" data-end=\"2094\"><strong data-start=\"2059\" data-end=\"2094\">Sicherheits- und \u00dcberwachungssysteme<\/strong><\/p>\n<\/li>\n<\/ul>\n<hr data-start=\"2096\" data-end=\"2099\" \/>\n<h3 data-start=\"2101\" data-end=\"2140\"><strong data-start=\"2105\" data-end=\"2140\">Gebaut f\u00fcr Langzeitzuverl\u00e4ssigkeit<\/strong><\/h3>\n<p data-start=\"2142\" data-end=\"2442\">Jedes Patchkabel ist mit folgenden Komponenten ausgestattet <strong data-start=\"2176\" data-end=\"2211\">hochpr\u00e4zise Keramikh\u00fclsen<\/strong> und mittels automatischer Interferometrie und Einf\u00fcgungsd\u00e4mpfungstests gepr\u00fcft. Dies gew\u00e4hrleistet <strong data-start=\"2298\" data-end=\"2330\">einheitliche optische Ausrichtung<\/strong> und <strong data-start=\"2335\" data-end=\"2361\">wiederholbare Leistung<\/strong> \u00fcber Tausende von Verbindungszyklen hinweg, selbst in stark frequentierten Patching-Umgebungen.<\/p>\n<p data-start=\"2444\" data-end=\"2597\">Die <strong data-start=\"2448\" data-end=\"2470\">Option LSZH-Jacke<\/strong> unterst\u00fctzt au\u00dferdem Installationen in Rechenzentren und \u00f6ffentlichen Geb\u00e4uden, wo <strong data-start=\"2545\" data-end=\"2583\">Brandsicherheit und geringe Rauchentwicklung<\/strong> sind erforderlich.<\/p>\n<hr data-start=\"2599\" data-end=\"2602\" \/>\n<h2 data-start=\"2604\" data-end=\"2627\"><strong data-start=\"2607\" data-end=\"2627\">Fachliche Fragen und Antworten<\/strong><\/h2>\n<p data-start=\"2629\" data-end=\"2828\"><strong data-start=\"2629\" data-end=\"2693\">Q1: Was macht FC- und ST-Steckverbinder f\u00fcr den industriellen Einsatz geeignet?<\/strong><br data-start=\"2693\" data-end=\"2696\" \/>Beide verwenden <strong data-start=\"2705\" data-end=\"2727\">Verriegelungsmechanismen<\/strong> die Vibrationen und versehentlichem Ausstecken widerstehen und somit ideal f\u00fcr raue oder aktive Umgebungen sind.<\/p>\n<p data-start=\"2830\" data-end=\"2968\"><strong data-start=\"2830\" data-end=\"2878\">Q2: Ist dieses Kabel f\u00fcr 10G Ethernet geeignet?<\/strong><br data-start=\"2878\" data-end=\"2881\" \/>Ja. Mit OM3-Grade 50\/125-Glasfaser unterst\u00fctzt es <strong data-start=\"2927\" data-end=\"2957\">10G-Verbindungen bis zu 300 Meter<\/strong> bei 850 nm.<\/p>\n<p data-start=\"2970\" data-end=\"3149\"><strong data-start=\"2970\" data-end=\"3023\">F3: Kann dieses Kabel mit Pr\u00fcfger\u00e4ten verwendet werden?<\/strong><br data-start=\"3023\" data-end=\"3026\" \/>Ganz genau. FC-Verbindungen sind \u00fcblich bei <strong data-start=\"3066\" data-end=\"3100\">OTDRs und optische Leistungsmesser<\/strong>, w\u00e4hrend ST bei Verteilern weit verbreitet ist.<\/p>\n<p data-start=\"3151\" data-end=\"3342\"><strong data-start=\"3151\" data-end=\"3200\">F4: Beeintr\u00e4chtigt das Polieren von UPC die Signalqualit\u00e4t?<\/strong><br data-start=\"3200\" data-end=\"3203\" \/>Ja. UPC bietet <strong data-start=\"3221\" data-end=\"3275\">geringe Einf\u00fcged\u00e4mpfung und stabile R\u00fcckflussd\u00e4mpfung (\u226530 dB)<\/strong>, was die Messgenauigkeit und die \u00dcbertragungssicherheit verbessert.<\/p>","protected":false},"excerpt":{"rendered":"<p data-start=\"65\" data-end=\"432\">Die <strong data-start=\"69\" data-end=\"96\">FC\/UPC\u2013ST\/UPC-50\/125-DX<\/strong> ist eine robuste <strong data-start=\"109\" data-end=\"146\">Duplex-Multimode-Glasfaser-Patchkabel<\/strong> geschaffen f\u00fcr Umgebungen, in denen <strong data-start=\"178\" data-end=\"242\">sichere Verriegelung, Signalstabilit\u00e4t und mechanische Zuverl\u00e4ssigkeit<\/strong> Materie. Sie verbindet <strong data-start=\"260\" data-end=\"281\">FC-Ports mit Gewinde<\/strong> zu <strong data-start=\"285\" data-end=\"316\">ST-Bajonett-Stecker<\/strong>, und ist damit eine praktische L\u00f6sung f\u00fcr <strong data-start=\"353\" data-end=\"431\">Telekommunikationsr\u00e4ume, Industrienetzwerke, Laboratorien und Glasfasersysteme auf dem Campus<\/strong>.<\/p>\n<p data-start=\"434\" data-end=\"608\">Gebaut mit <strong data-start=\"445\" data-end=\"474\">50\/125 \u03bcm Multimode-Faser<\/strong>, Dieses Patchkabel ist optimiert f\u00fcr <strong data-start=\"509\" data-end=\"531\">850 nm und 1300 nm<\/strong> Wellenl\u00e4ngen - das R\u00fcckgrat der optischen Kommunikation \u00fcber kurze und mittlere Entfernungen.<\/p>","protected":false},"featured_media":659,"comment_status":"open","ping_status":"closed","template":"","meta":[],"product_brand":[],"product_cat":[44],"product_tag":[],"class_list":{"0":"post-658","1":"product","2":"type-product","3":"status-publish","4":"has-post-thumbnail","6":"product_cat-multimode-fiber-optic-patch-cord","8":"first","9":"instock","10":"shipping-taxable","11":"product-type-simple"},"_links":{"self":[{"href":"https:\/\/www.fenxifiber.com\/de\/wp-json\/wp\/v2\/product\/658","targetHints":{"allow":["GET"]}}],"collection":[{"href":"https:\/\/www.fenxifiber.com\/de\/wp-json\/wp\/v2\/product"}],"about":[{"href":"https:\/\/www.fenxifiber.com\/de\/wp-json\/wp\/v2\/types\/product"}],"replies":[{"embeddable":true,"href":"https:\/\/www.fenxifiber.com\/de\/wp-json\/wp\/v2\/comments?post=658"}],"wp:featuredmedia":[{"embeddable":true,"href":"https:\/\/www.fenxifiber.com\/de\/wp-json\/wp\/v2\/media\/659"}],"wp:attachment":[{"href":"https:\/\/www.fenxifiber.com\/de\/wp-json\/wp\/v2\/media?parent=658"}],"wp:term":[{"taxonomy":"product_brand","embeddable":true,"href":"https:\/\/www.fenxifiber.com\/de\/wp-json\/wp\/v2\/product_brand?post=658"},{"taxonomy":"product_cat","embeddable":true,"href":"https:\/\/www.fenxifiber.com\/de\/wp-json\/wp\/v2\/product_cat?post=658"},{"taxonomy":"product_tag","embeddable":true,"href":"https:\/\/www.fenxifiber.com\/de\/wp-json\/wp\/v2\/product_tag?post=658"}],"curies":[{"name":"wp","href":"https:\/\/api.w.org\/{rel}","templated":true}]}}